{"id":71907,"date":"2016-08-17T12:33:07","date_gmt":"2016-08-17T12:33:07","guid":{"rendered":"http:\/\/epssystem.pl\/?page_id=71907"},"modified":"2026-04-07T08:23:25","modified_gmt":"2026-04-07T08:23:25","slug":"dzial-sprzedazy-regiony","status":"publish","type":"page","link":"https:\/\/epssystem.pl\/en\/kontakt\/dzial-sprzedazy-regiony\/","title":{"rendered":"Dzia\u0142 sprzeda\u017cy"},"content":{"rendered":"<p>[vc_row type=&#8221;container&#8221;][vc_column width=&#8221;1\/2&#8243;][vc_single_image image=&#8221;74249&#8243; img_size=&#8221;97&#215;86&#8243;][\/vc_column][vc_column width=&#8221;1\/2&#8243;][vc_single_image image=&#8221;74239&#8243; img_size=&#8221;medium&#8221; alignment=&#8221;right&#8221;][\/vc_column][\/vc_row][vc_row type=&#8221;container&#8221;][vc_column][vc_column_text]<\/p>\n<p class=\"moz-quote-pre\">Szanowni Pa\u0144stwo, mi\u0142o nam poinformowa\u0107 o nawi\u0105zaniu przez EPS System sp. z o.o. strategicznej wsp\u00f3\u0142pracy ze sp\u00f3\u0142k\u0105 Energy Power Systems sp. z o.o.<\/p>\n<p class=\"moz-quote-pre\">Nasz Partner nale\u017cy do Grupy Kapita\u0142owej IMPEL skupiaj\u0105cej kilkadziesi\u0105t podmiot\u00f3w obecnych w praktycznie wszystkich sektorach gospodarki i jest jednym z najwi\u0119kszych polskich przedsi\u0119biorc\u00f3w. Nawi\u0105zana wsp\u00f3\u0142praca stanowi istotny element w dalszym rozwoju naszej dzia\u0142alno\u015bci i umo\u017cliwi wprowadzenie na rynek wielu innowacyjnych rozwi\u0105za\u0144 z zakresu zabezpiecze\u0144 energetycznych.<\/p>\n<p class=\"moz-quote-pre\">W zwi\u0105zku ze zmianami, sprzeda\u017c naszych produkt\u00f3w prowadzona jest obecnie w g\u0142\u00f3wnej mierze poprzez naszego Partnera, prosimy zatem o kontaktowanie si\u0119 w sprawach handlowych na nowe adresy e-mail naszych Przedstawicieli; ich dotychczasowe numery telefon\u00f3w s\u0105 nadal aktualne.<\/p>\n<p>[\/vc_column_text][vc_custom_heading text=&#8221;Agregaty pr\u0105dotw\u00f3rcze&#8221; font_container=&#8221;tag:h3|text_align:center&#8221; use_theme_fonts=&#8221;yes&#8221;][vc_row_inner][vc_column_inner width=&#8221;1\/3&#8243;][vc_column_text]<strong>Janusz Bochenek<\/strong><br \/>\ntel. kom. +48 668-801-886<br \/>\ne-mail: <a href=\"mail&#116;&#111;&#58;&#106;&#46;&#98;&#111;&#x63;&#x68;&#x65;&#x6e;&#x65;&#x6b;&#x40;&#x65;&#x70;s&#46;co&#109;&#46;&#112;&#108;\">&#x6a;&#x2e;&#x62;&#x6f;&#x63;&#x68;&#x65;&#x6e;&#x65;&#x6b;&#x40;&#x65;&#x70;&#x73;&#x2e;&#x63;&#x6f;&#x6d;&#x2e;&#x70;&#x6c;<\/a>[\/vc_column_text][vc_column_text]<strong>Daniel Lenzygier<\/strong><br \/>\ntel. kom. +48 668-667-692<br \/>\ne-mail: <a href=\"&#x6d;&#97;i&#x6c;&#116;o&#x3a;&#100;&#46;&#x6c;&#x65;&#110;&#x7a;&#x79;&#103;i&#x65;&#114;&#64;&#x65;&#112;s&#x2e;&#x63;&#111;&#x6d;&#x2e;&#112;l\">d&#46;l&#101;&#110;&#122;&#121;&#x67;&#x69;&#x65;&#x72;&#x40;&#x65;&#x70;s&#46;c&#111;&#109;&#46;&#112;&#108;<\/a>[\/vc_column_text][\/vc_column_inner][vc_column_inner width=&#8221;1\/3&#8243;][vc_column_text]<strong>Tadeusz Chwa\u0142a<\/strong><br \/>\ntel. kom. +48 795-556-233<br \/>\ne-mail: <a href=\"&#x6d;&#97;i&#x6c;&#116;o&#x3a;&#x74;&#46;&#x63;&#x68;&#119;a&#x6c;&#97;&#64;&#x65;&#x70;&#115;&#x2e;&#x63;&#111;m&#x2e;&#112;l\">&#x74;&#x2e;&#x63;&#x68;&#x77;&#x61;&#x6c;&#x61;&#x40;&#x65;&#x70;&#x73;&#x2e;&#x63;&#x6f;&#x6d;&#x2e;&#x70;&#x6c;<\/a>[\/vc_column_text][vc_column_text]<strong>Stanis\u0142aw Dym<\/strong><br \/>\ntel. kom. +48 606-642-200<br \/>\ne-mail: <a href=\"m&#97;&#105;&#x6c;&#x74;&#x6f;&#x3a;s&#46;&#100;&#121;&#x6d;&#x40;&#x65;ps&#46;&#99;&#x6f;&#x6d;&#x2e;pl\">&#x73;&#46;d&#x79;&#x6d;&#64;e&#x70;&#115;&#46;&#x63;&#x6f;&#109;&#46;&#x70;&#108;<\/a>[\/vc_column_text][\/vc_column_inner][vc_column_inner width=&#8221;1\/3&#8243;][vc_column_text]<strong>Krzysztof Malikiewicz<\/strong><br \/>\ntel. kom. +48 690 035 343<br \/>\ne-mail: <a class=\"moz-txt-link-freetext\" href=\"mailto:k&#46;malikiewicz&#64;eps&#46;&#99;&#111;&#109;&#46;&#112;&#108;\">&#x6b;&#x2e;&#x6d;&#x61;&#108;&#105;&#107;&#105;ewi&#x63;&#x7a;&#x40;&#x65;&#x70;&#115;&#46;&#99;om&#46;&#x70;&#x6c;<\/a>[\/vc_column_text][\/vc_column_inner][\/vc_row_inner][\/vc_column][\/vc_row][vc_row type=&#8221;container&#8221;][vc_column][vc_custom_heading text=&#8221;Zasilacze UPS&#8221; font_container=&#8221;tag:h3|text_align:center&#8221; use_theme_fonts=&#8221;yes&#8221;][vc_row_inner][vc_column_inner width=&#8221;1\/3&#8243;][\/vc_column_inner][vc_column_inner width=&#8221;1\/3&#8243;][\/vc_column_inner][\/vc_row_inner][vc_column_text][\/vc_column_text][\/vc_column][\/vc_row][vc_row type=&#8221;container&#8221;][\/vc_row]<\/p>\n","protected":false},"excerpt":{"rendered":"<p>[vc_row type=&#8221;container&#8221;][vc_column width=&#8221;1\/2&#8243;][vc_single_image image=&#8221;74249&#8243; img_size=&#8221;97&#215;86&#8243;][\/vc_column][vc_column width=&#8221;1\/2&#8243;][vc_single_image image=&#8221;74239&#8243; img_size=&#8221;medium&#8221; alignment=&#8221;right&#8221;][\/vc_column][\/vc_row][vc_row type=&#8221;container&#8221;][vc_column][vc_column_text] Szanowni Pa\u0144stwo, mi\u0142o nam poinformowa\u0107 o nawi\u0105zaniu przez EPS System sp. z o.o. strategicznej wsp\u00f3\u0142pracy ze sp\u00f3\u0142k\u0105 Energy Power Systems sp. z o.o. Nasz Partner nale\u017cy do Grupy Kapita\u0142owej IMPEL skupiaj\u0105cej kilkadziesi\u0105t podmiot\u00f3w obecnych w praktycznie wszystkich sektorach gospodarki i jest jednym z najwi\u0119kszych polskich [&hellip;]<\/p>\n","protected":false},"author":3,"featured_media":0,"parent":71086,"menu_order":2,"comment_status":"closed","ping_status":"closed","template":"","meta":[],"acf":[],"yoast_head":"<!-- This site is optimized with the Yoast SEO plugin v18.2 - https:\/\/yoast.com\/wordpress\/plugins\/seo\/ -->\n<title>Dzia\u0142 sprzeda\u017cy - EPS System<\/title>\n<meta name=\"robots\" content=\"index, follow, max-snippet:-1, max-image-preview:large, max-video-preview:-1\" \/>\n<link rel=\"canonical\" href=\"https:\/\/epssystem.pl\/kontakt\/dzial-sprzedazy-regiony\/\" \/>\n<meta property=\"og:locale\" content=\"en_GB\" \/>\n<meta property=\"og:type\" content=\"article\" \/>\n<meta property=\"og:title\" content=\"Dzia\u0142 sprzeda\u017cy - EPS System\" \/>\n<meta property=\"og:description\" content=\"[vc_row type=&#8221;container&#8221;][vc_column width=&#8221;1\/2&#8243;][vc_single_image image=&#8221;74249&#8243; img_size=&#8221;97&#215;86&#8243;][\/vc_column][vc_column width=&#8221;1\/2&#8243;][vc_single_image image=&#8221;74239&#8243; img_size=&#8221;medium&#8221; alignment=&#8221;right&#8221;][\/vc_column][\/vc_row][vc_row type=&#8221;container&#8221;][vc_column][vc_column_text] Szanowni Pa\u0144stwo, mi\u0142o nam poinformowa\u0107 o nawi\u0105zaniu przez EPS System sp. z o.o. strategicznej wsp\u00f3\u0142pracy ze sp\u00f3\u0142k\u0105 Energy Power Systems sp. z o.o. Nasz Partner nale\u017cy do Grupy Kapita\u0142owej IMPEL skupiaj\u0105cej kilkadziesi\u0105t podmiot\u00f3w obecnych w praktycznie wszystkich sektorach gospodarki i jest jednym z najwi\u0119kszych polskich [&hellip;]\" \/>\n<meta property=\"og:url\" content=\"https:\/\/epssystem.pl\/kontakt\/dzial-sprzedazy-regiony\/\" \/>\n<meta property=\"og:site_name\" content=\"EPS System\" \/>\n<meta property=\"article:modified_time\" content=\"2026-04-07T08:23:25+00:00\" \/>\n<meta name=\"twitter:card\" content=\"summary\" \/>\n<meta name=\"twitter:label1\" content=\"Est. reading time\" \/>\n\t<meta name=\"twitter:data1\" content=\"2 minutes\" \/>\n<script type=\"application\/ld+json\" class=\"yoast-schema-graph\">{\"@context\":\"https:\/\/schema.org\",\"@graph\":[{\"@type\":\"WebSite\",\"@id\":\"https:\/\/epssystem.pl\/#website\",\"url\":\"https:\/\/epssystem.pl\/\",\"name\":\"EPS System\",\"description\":\"Polski producent system\u00f3w zasilania gwarantowanego\",\"potentialAction\":[{\"@type\":\"SearchAction\",\"target\":{\"@type\":\"EntryPoint\",\"urlTemplate\":\"https:\/\/epssystem.pl\/?s={search_term_string}\"},\"query-input\":\"required name=search_term_string\"}],\"inLanguage\":\"en-GB\"},{\"@type\":\"WebPage\",\"@id\":\"https:\/\/epssystem.pl\/kontakt\/dzial-sprzedazy-regiony\/#webpage\",\"url\":\"https:\/\/epssystem.pl\/kontakt\/dzial-sprzedazy-regiony\/\",\"name\":\"Dzia\u0142 sprzeda\u017cy - EPS System\",\"isPartOf\":{\"@id\":\"https:\/\/epssystem.pl\/#website\"},\"datePublished\":\"2016-08-17T12:33:07+00:00\",\"dateModified\":\"2026-04-07T08:23:25+00:00\",\"breadcrumb\":{\"@id\":\"https:\/\/epssystem.pl\/kontakt\/dzial-sprzedazy-regiony\/#breadcrumb\"},\"inLanguage\":\"en-GB\",\"potentialAction\":[{\"@type\":\"ReadAction\",\"target\":[\"https:\/\/epssystem.pl\/kontakt\/dzial-sprzedazy-regiony\/\"]}]},{\"@type\":\"BreadcrumbList\",\"@id\":\"https:\/\/epssystem.pl\/kontakt\/dzial-sprzedazy-regiony\/#breadcrumb\",\"itemListElement\":[{\"@type\":\"ListItem\",\"position\":1,\"name\":\"Strona g\u0142\u00f3wna\",\"item\":\"https:\/\/epssystem.pl\/\"},{\"@type\":\"ListItem\",\"position\":2,\"name\":\"Kontakt\",\"item\":\"https:\/\/epssystem.pl\/kontakt\/\"},{\"@type\":\"ListItem\",\"position\":3,\"name\":\"Dzia\u0142 sprzeda\u017cy\"}]}]}<\/script>\n<!-- \/ Yoast SEO plugin. -->","yoast_head_json":{"title":"Dzia\u0142 sprzeda\u017cy - EPS System","robots":{"index":"index","follow":"follow","max-snippet":"max-snippet:-1","max-image-preview":"max-image-preview:large","max-video-preview":"max-video-preview:-1"},"canonical":"https:\/\/epssystem.pl\/kontakt\/dzial-sprzedazy-regiony\/","og_locale":"en_GB","og_type":"article","og_title":"Dzia\u0142 sprzeda\u017cy - EPS System","og_description":"[vc_row type=&#8221;container&#8221;][vc_column width=&#8221;1\/2&#8243;][vc_single_image image=&#8221;74249&#8243; img_size=&#8221;97&#215;86&#8243;][\/vc_column][vc_column width=&#8221;1\/2&#8243;][vc_single_image image=&#8221;74239&#8243; img_size=&#8221;medium&#8221; alignment=&#8221;right&#8221;][\/vc_column][\/vc_row][vc_row type=&#8221;container&#8221;][vc_column][vc_column_text] Szanowni Pa\u0144stwo, mi\u0142o nam poinformowa\u0107 o nawi\u0105zaniu przez EPS System sp. z o.o. strategicznej wsp\u00f3\u0142pracy ze sp\u00f3\u0142k\u0105 Energy Power Systems sp. z o.o. Nasz Partner nale\u017cy do Grupy Kapita\u0142owej IMPEL skupiaj\u0105cej kilkadziesi\u0105t podmiot\u00f3w obecnych w praktycznie wszystkich sektorach gospodarki i jest jednym z najwi\u0119kszych polskich [&hellip;]","og_url":"https:\/\/epssystem.pl\/kontakt\/dzial-sprzedazy-regiony\/","og_site_name":"EPS System","article_modified_time":"2026-04-07T08:23:25+00:00","twitter_card":"summary","twitter_misc":{"Est. reading time":"2 minutes"},"schema":{"@context":"https:\/\/schema.org","@graph":[{"@type":"WebSite","@id":"https:\/\/epssystem.pl\/#website","url":"https:\/\/epssystem.pl\/","name":"EPS System","description":"Polski producent system\u00f3w zasilania gwarantowanego","potentialAction":[{"@type":"SearchAction","target":{"@type":"EntryPoint","urlTemplate":"https:\/\/epssystem.pl\/?s={search_term_string}"},"query-input":"required name=search_term_string"}],"inLanguage":"en-GB"},{"@type":"WebPage","@id":"https:\/\/epssystem.pl\/kontakt\/dzial-sprzedazy-regiony\/#webpage","url":"https:\/\/epssystem.pl\/kontakt\/dzial-sprzedazy-regiony\/","name":"Dzia\u0142 sprzeda\u017cy - EPS System","isPartOf":{"@id":"https:\/\/epssystem.pl\/#website"},"datePublished":"2016-08-17T12:33:07+00:00","dateModified":"2026-04-07T08:23:25+00:00","breadcrumb":{"@id":"https:\/\/epssystem.pl\/kontakt\/dzial-sprzedazy-regiony\/#breadcrumb"},"inLanguage":"en-GB","potentialAction":[{"@type":"ReadAction","target":["https:\/\/epssystem.pl\/kontakt\/dzial-sprzedazy-regiony\/"]}]},{"@type":"BreadcrumbList","@id":"https:\/\/epssystem.pl\/kontakt\/dzial-sprzedazy-regiony\/#breadcrumb","itemListElement":[{"@type":"ListItem","position":1,"name":"Strona g\u0142\u00f3wna","item":"https:\/\/epssystem.pl\/"},{"@type":"ListItem","position":2,"name":"Kontakt","item":"https:\/\/epssystem.pl\/kontakt\/"},{"@type":"ListItem","position":3,"name":"Dzia\u0142 sprzeda\u017cy"}]}]}},"_links":{"self":[{"href":"https:\/\/epssystem.pl\/en\/wp-json\/wp\/v2\/pages\/71907"}],"collection":[{"href":"https:\/\/epssystem.pl\/en\/wp-json\/wp\/v2\/pages"}],"about":[{"href":"https:\/\/epssystem.pl\/en\/wp-json\/wp\/v2\/types\/page"}],"author":[{"embeddable":true,"href":"https:\/\/epssystem.pl\/en\/wp-json\/wp\/v2\/users\/3"}],"replies":[{"embeddable":true,"href":"https:\/\/epssystem.pl\/en\/wp-json\/wp\/v2\/comments?post=71907"}],"version-history":[{"count":51,"href":"https:\/\/epssystem.pl\/en\/wp-json\/wp\/v2\/pages\/71907\/revisions"}],"predecessor-version":[{"id":74290,"href":"https:\/\/epssystem.pl\/en\/wp-json\/wp\/v2\/pages\/71907\/revisions\/74290"}],"up":[{"embeddable":true,"href":"https:\/\/epssystem.pl\/en\/wp-json\/wp\/v2\/pages\/71086"}],"wp:attachment":[{"href":"https:\/\/epssystem.pl\/en\/wp-json\/wp\/v2\/media?parent=71907"}],"curies":[{"name":"wp","href":"https:\/\/api.w.org\/{rel}","templated":true}]}}