{"id":72779,"date":"2017-06-20T06:17:47","date_gmt":"2017-06-20T06:17:47","guid":{"rendered":"http:\/\/epssystem.pl\/?page_id=72779"},"modified":"2024-09-19T10:21:23","modified_gmt":"2024-09-19T10:21:23","slug":"dzial-kogeneracji","status":"publish","type":"page","link":"https:\/\/epssystem.pl\/en\/kontakt\/dzial-kogeneracji\/","title":{"rendered":"Dzia\u0142 kogeneracji"},"content":{"rendered":"<p>[vc_row type=&#8221;container&#8221;][vc_column][vc_empty_space][vc_custom_heading text=&#8221;Dzia\u0142 kogeneracji&#8221; use_theme_fonts=&#8221;yes&#8221;][\/vc_column][\/vc_row][vc_row type=&#8221;container&#8221;][vc_column][vc_empty_space][vc_custom_heading text=&#8221;Agregaty pr\u0105dotw\u00f3rcze gazowe i kogeneracja&#8221; font_container=&#8221;tag:h2|text_align:center&#8221; google_fonts=&#8221;font_family:Open%20Sans%3A300%2C300italic%2Cregular%2Citalic%2C600%2C600italic%2C700%2C700italic%2C800%2C800italic|font_style:400%20regular%3A400%3Anormal&#8221;][vc_column_text]<\/p>\n<p style=\"text-align: center;\"><strong>Lokalizacja klienta: ca\u0142a Polska <\/strong><\/p>\n<p>[\/vc_column_text][vc_row_inner][vc_column_inner width=&#8221;1\/3&#8243;][vc_single_image image=&#8221;72211&#8243; img_size=&#8221;full&#8221; onclick=&#8221;custom_link&#8221; link=&#8221;http:\/\/epssystem.pl\/nowa-oferta\/kogeneracja\/&#8221; el_class=&#8221;zoom&#8221;][\/vc_column_inner][vc_column_inner width=&#8221;1\/3&#8243;][vc_custom_heading text=&#8221;Oddzia\u0142 Mielec&#8221; use_theme_fonts=&#8221;yes&#8221;][vc_column_text]<strong>Zdzis\u0142aw Mizera<\/strong> Dyrektor oddzia\u0142u Mielec tel. kom. +48 690 013 383 e-mail: <a href=\"&#x6d;&#x61;&#105;&#108;t&#x6f;&#x3a;&#x7a;&#100;&#122;i&#x73;&#x6c;&#x61;&#119;&#46;m&#x69;&#x7a;&#x65;&#114;&#97;&#64;&#x65;&#x70;&#x73;&#115;ys&#x74;&#x65;&#x6d;&#46;pl\">&#x7a;&#x64;&#x7a;&#105;&#115;la&#x77;&#x2e;&#x6d;&#x69;&#122;&#101;ra&#x40;&#x65;&#x70;&#115;&#115;&#121;st&#x65;&#x6d;&#x2e;&#112;&#108;<\/a>[\/vc_column_text][\/vc_column_inner][vc_column_inner width=&#8221;1\/3&#8243;][vc_custom_heading text=&#8221;Siedziba firmy&#8221; use_theme_fonts=&#8221;yes&#8221;][vc_column_text]<strong>dr in\u017c. Andrzej Ksi\u0105dz<\/strong> Menad\u017cer ds. kogeneracji tel. kom. +48 730 807 728 e-mail: <a href=\"&#109;&#x61;&#x69;&#108;&#x74;&#x6f;:&#x61;&#x6e;d&#114;&#x7a;e&#106;&#x2e;k&#115;&#x69;a&#100;&#x7a;&#64;&#101;&#x70;&#x73;&#115;&#x79;&#x73;&#116;&#x65;&#x6d;&#46;&#x70;&#x6c;\">&#x61;&#x6e;&#x64;&#x72;&#x7a;&#x65;&#106;&#46;&#107;&#115;iadz&#x40;&#x65;&#x70;&#x73;&#x73;&#x79;&#115;&#116;&#101;&#109;&#46;pl<\/a> [\/vc_column_text][\/vc_column_inner][\/vc_row_inner][\/vc_column][\/vc_row][vc_row type=&#8221;container&#8221;][vc_column][vc_empty_space][\/vc_column][\/vc_row]<\/p>\n","protected":false},"excerpt":{"rendered":"<p>[vc_row type=&#8221;container&#8221;][vc_column][vc_empty_space][vc_custom_heading text=&#8221;Dzia\u0142 kogeneracji&#8221; use_theme_fonts=&#8221;yes&#8221;][\/vc_column][\/vc_row][vc_row type=&#8221;container&#8221;][vc_column][vc_empty_space][vc_custom_heading text=&#8221;Agregaty pr\u0105dotw\u00f3rcze gazowe i kogeneracja&#8221; font_container=&#8221;tag:h2|text_align:center&#8221; google_fonts=&#8221;font_family:Open%20Sans%3A300%2C300italic%2Cregular%2Citalic%2C600%2C600italic%2C700%2C700italic%2C800%2C800italic|font_style:400%20regular%3A400%3Anormal&#8221;][vc_column_text] Lokalizacja klienta: ca\u0142a Polska [\/vc_column_text][vc_row_inner][vc_column_inner width=&#8221;1\/3&#8243;][vc_single_image image=&#8221;72211&#8243; img_size=&#8221;full&#8221; onclick=&#8221;custom_link&#8221; link=&#8221;http:\/\/epssystem.pl\/nowa-oferta\/kogeneracja\/&#8221; el_class=&#8221;zoom&#8221;][\/vc_column_inner][vc_column_inner width=&#8221;1\/3&#8243;][vc_custom_heading text=&#8221;Oddzia\u0142 Mielec&#8221; use_theme_fonts=&#8221;yes&#8221;][vc_column_text]Zdzis\u0142aw Mizera Dyrektor oddzia\u0142u Mielec tel. kom. +48 690 013 383 e-mail: zdzislaw&#46;mizera&#64;epssyste&#109;&#46;&#112;&#108;[\/vc_column_text][\/vc_column_inner][vc_column_inner width=&#8221;1\/3&#8243;][vc_custom_heading text=&#8221;Siedziba firmy&#8221; use_theme_fonts=&#8221;yes&#8221;][vc_column_text]dr in\u017c. Andrzej Ksi\u0105dz Menad\u017cer ds. kogeneracji tel. kom. +48 730 807 [&hellip;]<\/p>\n","protected":false},"author":3,"featured_media":0,"parent":71086,"menu_order":4,"comment_status":"closed","ping_status":"closed","template":"","meta":[],"acf":[],"yoast_head":"<!-- This site is optimized with the Yoast SEO plugin v18.2 - https:\/\/yoast.com\/wordpress\/plugins\/seo\/ -->\n<title>Dzia\u0142 kogeneracji - EPS System<\/title>\n<meta name=\"robots\" content=\"index, follow, max-snippet:-1, max-image-preview:large, max-video-preview:-1\" \/>\n<link rel=\"canonical\" href=\"https:\/\/epssystem.pl\/kontakt\/dzial-kogeneracji\/\" \/>\n<meta property=\"og:locale\" content=\"en_GB\" \/>\n<meta property=\"og:type\" content=\"article\" \/>\n<meta property=\"og:title\" content=\"Dzia\u0142 kogeneracji - EPS System\" \/>\n<meta property=\"og:description\" content=\"[vc_row type=&#8221;container&#8221;][vc_column][vc_empty_space][vc_custom_heading text=&#8221;Dzia\u0142 kogeneracji&#8221; use_theme_fonts=&#8221;yes&#8221;][\/vc_column][\/vc_row][vc_row type=&#8221;container&#8221;][vc_column][vc_empty_space][vc_custom_heading text=&#8221;Agregaty pr\u0105dotw\u00f3rcze gazowe i kogeneracja&#8221; font_container=&#8221;tag:h2|text_align:center&#8221; google_fonts=&#8221;font_family:Open%20Sans%3A300%2C300italic%2Cregular%2Citalic%2C600%2C600italic%2C700%2C700italic%2C800%2C800italic|font_style:400%20regular%3A400%3Anormal&#8221;][vc_column_text] Lokalizacja klienta: ca\u0142a Polska [\/vc_column_text][vc_row_inner][vc_column_inner width=&#8221;1\/3&#8243;][vc_single_image image=&#8221;72211&#8243; img_size=&#8221;full&#8221; onclick=&#8221;custom_link&#8221; link=&#8221;http:\/\/epssystem.pl\/nowa-oferta\/kogeneracja\/&#8221; el_class=&#8221;zoom&#8221;][\/vc_column_inner][vc_column_inner width=&#8221;1\/3&#8243;][vc_custom_heading text=&#8221;Oddzia\u0142 Mielec&#8221; use_theme_fonts=&#8221;yes&#8221;][vc_column_text]Zdzis\u0142aw Mizera Dyrektor oddzia\u0142u Mielec tel. kom. +48 690 013 383 e-mail: &#x7a;&#100;z&#x69;&#x73;&#108;a&#x77;&#x2e;&#109;i&#x7a;&#x65;&#114;a&#x40;&#x65;&#112;s&#x73;&#121;&#115;t&#x65;&#109;&#046;&#x70;&#x6c;[\/vc_column_text][\/vc_column_inner][vc_column_inner width=&#8221;1\/3&#8243;][vc_custom_heading text=&#8221;Siedziba firmy&#8221; use_theme_fonts=&#8221;yes&#8221;][vc_column_text]dr in\u017c. Andrzej Ksi\u0105dz Menad\u017cer ds. kogeneracji tel. kom. +48 730 807 [&hellip;]\" \/>\n<meta property=\"og:url\" content=\"https:\/\/epssystem.pl\/kontakt\/dzial-kogeneracji\/\" \/>\n<meta property=\"og:site_name\" content=\"EPS System\" \/>\n<meta property=\"article:modified_time\" content=\"2024-09-19T10:21:23+00:00\" \/>\n<meta name=\"twitter:card\" content=\"summary\" \/>\n<meta name=\"twitter:label1\" content=\"Est. reading time\" \/>\n\t<meta name=\"twitter:data1\" content=\"1 minute\" \/>\n<script type=\"application\/ld+json\" class=\"yoast-schema-graph\">{\"@context\":\"https:\/\/schema.org\",\"@graph\":[{\"@type\":\"WebSite\",\"@id\":\"https:\/\/epssystem.pl\/#website\",\"url\":\"https:\/\/epssystem.pl\/\",\"name\":\"EPS System\",\"description\":\"Polski producent system\u00f3w zasilania gwarantowanego\",\"potentialAction\":[{\"@type\":\"SearchAction\",\"target\":{\"@type\":\"EntryPoint\",\"urlTemplate\":\"https:\/\/epssystem.pl\/?s={search_term_string}\"},\"query-input\":\"required name=search_term_string\"}],\"inLanguage\":\"en-GB\"},{\"@type\":\"WebPage\",\"@id\":\"https:\/\/epssystem.pl\/kontakt\/dzial-kogeneracji\/#webpage\",\"url\":\"https:\/\/epssystem.pl\/kontakt\/dzial-kogeneracji\/\",\"name\":\"Dzia\u0142 kogeneracji - EPS System\",\"isPartOf\":{\"@id\":\"https:\/\/epssystem.pl\/#website\"},\"datePublished\":\"2017-06-20T06:17:47+00:00\",\"dateModified\":\"2024-09-19T10:21:23+00:00\",\"breadcrumb\":{\"@id\":\"https:\/\/epssystem.pl\/kontakt\/dzial-kogeneracji\/#breadcrumb\"},\"inLanguage\":\"en-GB\",\"potentialAction\":[{\"@type\":\"ReadAction\",\"target\":[\"https:\/\/epssystem.pl\/kontakt\/dzial-kogeneracji\/\"]}]},{\"@type\":\"BreadcrumbList\",\"@id\":\"https:\/\/epssystem.pl\/kontakt\/dzial-kogeneracji\/#breadcrumb\",\"itemListElement\":[{\"@type\":\"ListItem\",\"position\":1,\"name\":\"Strona g\u0142\u00f3wna\",\"item\":\"https:\/\/epssystem.pl\/\"},{\"@type\":\"ListItem\",\"position\":2,\"name\":\"Kontakt\",\"item\":\"https:\/\/epssystem.pl\/kontakt\/\"},{\"@type\":\"ListItem\",\"position\":3,\"name\":\"Dzia\u0142 kogeneracji\"}]}]}<\/script>\n<!-- \/ Yoast SEO plugin. -->","yoast_head_json":{"title":"Dzia\u0142 kogeneracji - EPS System","robots":{"index":"index","follow":"follow","max-snippet":"max-snippet:-1","max-image-preview":"max-image-preview:large","max-video-preview":"max-video-preview:-1"},"canonical":"https:\/\/epssystem.pl\/kontakt\/dzial-kogeneracji\/","og_locale":"en_GB","og_type":"article","og_title":"Dzia\u0142 kogeneracji - EPS System","og_description":"[vc_row type=&#8221;container&#8221;][vc_column][vc_empty_space][vc_custom_heading text=&#8221;Dzia\u0142 kogeneracji&#8221; use_theme_fonts=&#8221;yes&#8221;][\/vc_column][\/vc_row][vc_row type=&#8221;container&#8221;][vc_column][vc_empty_space][vc_custom_heading text=&#8221;Agregaty pr\u0105dotw\u00f3rcze gazowe i kogeneracja&#8221; font_container=&#8221;tag:h2|text_align:center&#8221; google_fonts=&#8221;font_family:Open%20Sans%3A300%2C300italic%2Cregular%2Citalic%2C600%2C600italic%2C700%2C700italic%2C800%2C800italic|font_style:400%20regular%3A400%3Anormal&#8221;][vc_column_text] Lokalizacja klienta: ca\u0142a Polska [\/vc_column_text][vc_row_inner][vc_column_inner width=&#8221;1\/3&#8243;][vc_single_image image=&#8221;72211&#8243; img_size=&#8221;full&#8221; onclick=&#8221;custom_link&#8221; link=&#8221;http:\/\/epssystem.pl\/nowa-oferta\/kogeneracja\/&#8221; el_class=&#8221;zoom&#8221;][\/vc_column_inner][vc_column_inner width=&#8221;1\/3&#8243;][vc_custom_heading text=&#8221;Oddzia\u0142 Mielec&#8221; use_theme_fonts=&#8221;yes&#8221;][vc_column_text]Zdzis\u0142aw Mizera Dyrektor oddzia\u0142u Mielec tel. kom. +48 690 013 383 e-mail: &#x7a;&#100;z&#x69;&#x73;&#108;a&#x77;&#x2e;&#109;i&#x7a;&#x65;&#114;a&#x40;&#x65;&#112;s&#x73;&#121;&#115;t&#x65;&#109;&#46;&#x70;&#x6c;[\/vc_column_text][\/vc_column_inner][vc_column_inner width=&#8221;1\/3&#8243;][vc_custom_heading text=&#8221;Siedziba firmy&#8221; use_theme_fonts=&#8221;yes&#8221;][vc_column_text]dr in\u017c. Andrzej Ksi\u0105dz Menad\u017cer ds. kogeneracji tel. kom. +48 730 807 [&hellip;]","og_url":"https:\/\/epssystem.pl\/kontakt\/dzial-kogeneracji\/","og_site_name":"EPS System","article_modified_time":"2024-09-19T10:21:23+00:00","twitter_card":"summary","twitter_misc":{"Est. reading time":"1 minute"},"schema":{"@context":"https:\/\/schema.org","@graph":[{"@type":"WebSite","@id":"https:\/\/epssystem.pl\/#website","url":"https:\/\/epssystem.pl\/","name":"EPS System","description":"Polski producent system\u00f3w zasilania gwarantowanego","potentialAction":[{"@type":"SearchAction","target":{"@type":"EntryPoint","urlTemplate":"https:\/\/epssystem.pl\/?s={search_term_string}"},"query-input":"required name=search_term_string"}],"inLanguage":"en-GB"},{"@type":"WebPage","@id":"https:\/\/epssystem.pl\/kontakt\/dzial-kogeneracji\/#webpage","url":"https:\/\/epssystem.pl\/kontakt\/dzial-kogeneracji\/","name":"Dzia\u0142 kogeneracji - EPS System","isPartOf":{"@id":"https:\/\/epssystem.pl\/#website"},"datePublished":"2017-06-20T06:17:47+00:00","dateModified":"2024-09-19T10:21:23+00:00","breadcrumb":{"@id":"https:\/\/epssystem.pl\/kontakt\/dzial-kogeneracji\/#breadcrumb"},"inLanguage":"en-GB","potentialAction":[{"@type":"ReadAction","target":["https:\/\/epssystem.pl\/kontakt\/dzial-kogeneracji\/"]}]},{"@type":"BreadcrumbList","@id":"https:\/\/epssystem.pl\/kontakt\/dzial-kogeneracji\/#breadcrumb","itemListElement":[{"@type":"ListItem","position":1,"name":"Strona g\u0142\u00f3wna","item":"https:\/\/epssystem.pl\/"},{"@type":"ListItem","position":2,"name":"Kontakt","item":"https:\/\/epssystem.pl\/kontakt\/"},{"@type":"ListItem","position":3,"name":"Dzia\u0142 kogeneracji"}]}]}},"_links":{"self":[{"href":"https:\/\/epssystem.pl\/en\/wp-json\/wp\/v2\/pages\/72779"}],"collection":[{"href":"https:\/\/epssystem.pl\/en\/wp-json\/wp\/v2\/pages"}],"about":[{"href":"https:\/\/epssystem.pl\/en\/wp-json\/wp\/v2\/types\/page"}],"author":[{"embeddable":true,"href":"https:\/\/epssystem.pl\/en\/wp-json\/wp\/v2\/users\/3"}],"replies":[{"embeddable":true,"href":"https:\/\/epssystem.pl\/en\/wp-json\/wp\/v2\/comments?post=72779"}],"version-history":[{"count":10,"href":"https:\/\/epssystem.pl\/en\/wp-json\/wp\/v2\/pages\/72779\/revisions"}],"predecessor-version":[{"id":74164,"href":"https:\/\/epssystem.pl\/en\/wp-json\/wp\/v2\/pages\/72779\/revisions\/74164"}],"up":[{"embeddable":true,"href":"https:\/\/epssystem.pl\/en\/wp-json\/wp\/v2\/pages\/71086"}],"wp:attachment":[{"href":"https:\/\/epssystem.pl\/en\/wp-json\/wp\/v2\/media?parent=72779"}],"curies":[{"name":"wp","href":"https:\/\/api.w.org\/{rel}","templated":true}]}}