{"id":71053,"date":"2016-07-11T11:59:50","date_gmt":"2016-07-11T11:59:50","guid":{"rendered":"http:\/\/epssystem.pl\/?page_id=71053"},"modified":"2022-09-13T08:45:24","modified_gmt":"2022-09-13T08:45:24","slug":"agregaty-pradotworcze","status":"publish","type":"page","link":"https:\/\/epssystem.pl\/uk\/nowa-oferta\/agregaty-pradotworcze\/","title":{"rendered":"E\u043b\u0435\u043a\u0442\u0440\u043e\u0433\u0435\u043d\u0435\u0440\u0430\u0442\u043e\u0440\u0456\u0432"},"content":{"rendered":"<p>[vc_row type=&#8221;container&#8221;][vc_column][vc_column_text]<\/p>\n<h2><span style=\"color: #003070;\">E\u043b\u0435\u043a\u0442\u0440\u043e\u0433\u0435\u043d\u0435\u0440\u0430\u0442\u043e\u0440\u0456\u0432<\/span><\/h2>\n<p>[\/vc_column_text][\/vc_column][\/vc_row][vc_row type=&#8221;container&#8221;][vc_column][vc_masonry_media_grid element_width=&#8221;3&#8243; initial_loading_animation=&#8221;fadeIn&#8221; grid_id=&#8221;vc_gid:1483953859809-f2e13417-a518-5&#8243; include=&#8221;71378,71379,71380,71388,71381,71391,71392,71394,71389,71396,71397,71399,71400&#8243;][\/vc_column][\/vc_row][vc_row type=&#8221;container&#8221;][vc_column][vc_column_text]\u042f\u043a \u043a\u043e\u043c\u043f\u0430\u043d\u0456\u044f \u0437 \u0431\u0430\u0433\u0430\u0442\u043e\u0440\u0456\u0447\u043d\u0438\u043c \u0434\u043e\u0441\u0432\u0456\u0434\u043e\u043c, \u043c\u0438 \u043c\u043e\u0436\u0435\u043c\u043e \u0437\u0443\u0441\u0442\u0440\u0456\u0442\u0438\u0441\u044f \u0437 \u0431\u0443\u0434\u044c-\u044f\u043a\u0438\u043c \u0437\u0430\u0432\u0434\u0430\u043d\u043d\u044f\u043c. \u041c\u0438 \u0432\u0438\u0440\u043e\u0431\u043b\u044f\u0454\u043c\u043e \u0435\u043b\u0435\u043a\u0442\u0440\u043e\u0433\u0435\u043d\u0435\u0440\u0430\u0442\u043e\u0440\u0438 \u043e\u0434\u043d\u0430\u043a\u043e\u0432\u043e \u044f\u043a \u0434\u043b\u044f \u0431\u0435\u0437\u043f\u0435\u0440\u0435\u0440\u0432\u043d\u043e\u0457 po\u0431\u043e\u0442\u0438 \u0442\u0430\u043a \u0456 \u0430\u0432\u0430\u0440\u0456\u0439\u043d\u043e\u0457, \u0440\u0435\u0430\u043b\u0456\u0437\u043e\u0432\u0443\u0454\u043c\u043e \u0456 \u0433\u043e\u0442\u0443\u0454\u043c\u043e \u0430\u0433\u0440\u0435\u0433\u0430\u0442\u0438 \u0434\u043e \u043f\u0430\u0440\u0430\u043b\u0435\u043b\u044c\u043d\u043e\u0457 \u0440\u043e\u0431\u043e\u0442\u0438 \u0430\u0431\u043e \u0432 \u0442\u0438\u043f\u0456 \u0442\u0430\u043d\u0434\u0435\u043c \u043f\u0440\u0438 \u0441\u043f\u0456\u0432\u043f\u0440\u0430\u0446\u0456 \u0437 \u0436\u0438\u0432\u0438\u043b\u044c\u043d\u0438\u043a\u0430\u043c\u0438 \u0414\u0411\u0416.[\/vc_column_text][vc_column_text]<\/p>\n<h2>\u0414\u0432\u0438\u0433\u0443\u043d\u0438 \u0456 \u0433\u0435\u043d\u0435\u0440\u0430\u0442\u043e\u0440\u0438, \u044f\u043a\u0456 \u0432\u0438\u043a\u043e\u0440\u0438\u0441\u0442\u043e\u0432\u0443\u044e\u0442\u044c\u0441\u044f \u0432 \u0430\u0433\u0440\u0435\u0433\u0430\u0442ax EPS System.<\/h2>\n<p>[\/vc_column_text][vc_column_text]<strong>\u041a\u043e\u0436\u0435\u043d \u0432\u0438\u0440\u043e\u0431\u043b\u0435\u043d\u0438\u0439 \u043d\u0430\u0448 \u0430\u0433\u0440\u0435\u0433\u0430\u0442 \u043e\u0431\u043b\u0430\u0434\u043d\u0430\u043d\u0438\u0439 \u0432\u0438\u0441\u043e\u043a\u043e\u044f\u043a\u0456\u0441\u043d\u0438\u043c\u0438 \u043a\u043e\u043c\u043f\u043e\u043d\u0435\u043d\u0442\u0430\u043c\u0438, \u0442\u0430\u043a\u0438\u043c\u0438 \u044f\u043a \u0434\u0432\u0438\u0433\u0443\u043d \u0430\u0431\u043e \u0435\u043b\u0435\u043a\u0442\u0440\u043e\u0433\u0435\u043d\u0435\u0440\u0430\u0442\u043e\u0440. \u041f\u0435\u0440\u0435\u0434\u0443\u0441\u0456\u043c, \u0446\u0435 \u0432\u0456\u0434 \u043d\u0438\u0445 \u0437\u0430\u043b\u0435\u0436\u0438\u0442\u044c \u044f\u043ai\u0441\u0442\u044c \u043e\u0431\u043b\u0430\u0434\u043d\u0430\u043d\u043d\u044f. \u0414\u043b\u044f \u043a\u043e\u0436\u043d\u043e\u0433\u043e \u043f\u0440\u043e\u0435\u043a\u0442\u0443 \u043c\u0438 \u0440\u043e\u0431\u0438\u043c\u043e \u0443\u0441\u0435 \u043c\u043e\u0436\u043b\u0438\u0432\u0435, \u0449\u043e\u0431 \u043d\u0430\u0448\u0435 \u043e\u0431\u043b\u0430\u0434\u043d\u0430\u043d\u043d\u044f \u0431\u0443\u043b\u043e \u043d\u0430\u0434\u0456\u0439\u043d\u0438\u043c i \u0432\u0456\u0434\u043f\u043e\u0432\u0456\u0434\u0430\u043b\u043e \u043d\u0430\u0439\u0432\u0438\u0449\u0438\u043c \u0441\u0442\u0430\u043d\u0434\u0430\u0440\u0442\u0430\u043c a \u0442\u0430\u043a\u043e\u0436 \u043f\u043e\u0432\u043d\u0456\u0441\u0442\u044e \u0432\u0430\u0441 \u0437\u0430\u0434\u043e\u0432\u043e\u043b\u044c\u043d\u0438\u043b\u043e.<\/strong>[\/vc_column_text][vc_column_text]\u041d\u0430\u0448\u0456 \u0433\u0435\u043d\u0435\u0440\u0430\u0442\u043e\u0440\u0438 \u043e\u0431\u043b\u0430\u0434\u043d\u0430\u043d\u0456 \u0434\u0432\u0438\u0433\u0443\u043d\u0430\u043c\u0438 \u0432\u0438\u0440\u043e\u0431\u043d\u0438\u043a\u0456\u0432 \u0441\u0432\u0456\u0442\u043e\u0432\u043e\u0433\u043e \u043a\u043b\u0430\u0441\u0443. \u041e\u0441\u044c \u043d\u0430\u0448\u0456 \u043f\u0430\u0440\u0442\u043d\u0435\u0440\u0438[\/vc_column_text][\/vc_column][\/vc_row][vc_row type=&#8221;container&#8221;][vc_column width=&#8221;1\/6&#8243;][vc_single_image image=&#8221;71137&#8243; img_size=&#8221;full&#8221; onclick=&#8221;custom_link&#8221; link=&#8221;http:\/\/epssystem.pl\/oferta\/agregaty-pradotworcze\/iveco-motors\/&#8221; el_class=&#8221;zoom&#8221;][\/vc_column][vc_column width=&#8221;1\/6&#8243;][vc_single_image image=&#8221;71156&#8243; img_size=&#8221;full&#8221; onclick=&#8221;custom_link&#8221; link=&#8221;http:\/\/epssystem.pl\/oferta\/agregaty-pradotworcze\/volvo\/&#8221; el_class=&#8221;zoom&#8221;][\/vc_column][vc_column width=&#8221;1\/6&#8243;][vc_single_image image=&#8221;71168&#8243; img_size=&#8221;full&#8221; onclick=&#8221;custom_link&#8221; link=&#8221;http:\/\/epssystem.pl\/nowa-oferta\/agregaty-pradotworcze\/getor-gs-scania-410-778\/&#8221; el_class=&#8221;zoom&#8221;][\/vc_column][vc_column width=&#8221;1\/6&#8243;][vc_single_image image=&#8221;71163&#8243; img_size=&#8221;full&#8221; onclick=&#8221;custom_link&#8221; link=&#8221;http:\/\/epssystem.pl\/oferta\/agregaty-pradotworcze\/perkins\/&#8221; el_class=&#8221;zoom&#8221;][\/vc_column][vc_column width=&#8221;1\/6&#8243;][vc_single_image image=&#8221;71173&#8243; img_size=&#8221;full&#8221; onclick=&#8221;custom_link&#8221; link=&#8221;http:\/\/epssystem.pl\/oferta\/agregaty-pradotworcze\/mtu\/&#8221; el_class=&#8221;zoom&#8221;][\/vc_column][vc_column width=&#8221;1\/6&#8243;][vc_single_image image=&#8221;71176&#8243; img_size=&#8221;full&#8221; onclick=&#8221;custom_link&#8221; link=&#8221;http:\/\/epssystem.pl\/oferta\/agregaty-pradotworcze\/doosan\/&#8221; el_class=&#8221;zoom&#8221;][\/vc_column][\/vc_row][vc_row type=&#8221;container&#8221;][vc_column][vc_column_text]\u041a\u043e\u0436\u043d\u0438\u0439 \u0430\u0433\u0440\u0435\u0433\u0430\u0442 \u0432\u0438\u043a\u043e\u0440\u0438\u0441\u0442\u043e\u0432\u0443\u0454 \u0433\u0435\u043d\u0435\u0440\u0430\u0442\u043e\u0440\u0438. \u0422\u0443\u0442, \u0442\u0430\u043a\u043e\u0436, \u043c\u0438 \u043c\u043e\u0436\u0435\u043c\u043e \u043f\u043e\u0445\u0432\u0430\u043b\u0438\u0442\u0438\u0441\u044f \u0432\u0438\u0440\u043e\u0431\u043d\u0438\u043aa\u043c\u0438 \u0433\u0435\u043d\u0435\u0440\u0430\u0442\u043e\u0440\u0456\u0432 \u0441\u0432\u0456\u0442\u043e\u0432\u043e\u0433\u043e \u043a\u043b\u0430\u0441\u0443, \u044f\u043a\u0456 \u043f\u0440\u043e\u0442\u044f\u0433\u043e\u043c \u0431\u0430\u0433\u0430\u0442\u044c\u043e\u0445 \u0440\u043e\u043a\u0456\u0432 \u0437\u0430\u043b\u0438\u0448\u0430\u044e\u0442\u044c\u0441\u044f \u043d\u0430\u0448\u0438\u043c\u0438 \u043f\u0430\u0440\u0442\u043d\u0435\u0440\u0430\u043c\u0438[\/vc_column_text][\/vc_column][\/vc_row][vc_row type=&#8221;container&#8221;][vc_column width=&#8221;1\/6&#8243;][vc_single_image image=&#8221;71458&#8243; img_size=&#8221;full&#8221;][\/vc_column][vc_column width=&#8221;1\/6&#8243;][vc_single_image image=&#8221;71459&#8243; img_size=&#8221;full&#8221;][\/vc_column][vc_column width=&#8221;1\/6&#8243;][vc_single_image image=&#8221;71460&#8243; img_size=&#8221;full&#8221;][\/vc_column][vc_column width=&#8221;1\/6&#8243;][vc_single_image image=&#8221;71457&#8243; img_size=&#8221;full&#8221;][\/vc_column][vc_column width=&#8221;1\/6&#8243;][vc_single_image image=&#8221;71461&#8243; img_size=&#8221;full&#8221; css=&#8221;.vc_custom_1470143651415{padding-top: 10px !important;}&#8221;][\/vc_column][vc_column width=&#8221;1\/6&#8243;][\/vc_column][\/vc_row][vc_row type=&#8221;container&#8221;][vc_column][\/vc_column][\/vc_row]<\/p>\n","protected":false},"excerpt":{"rendered":"<p>[vc_row type=&#8221;container&#8221;][vc_column][vc_column_text] E\u043b\u0435\u043a\u0442\u0440\u043e\u0433\u0435\u043d\u0435\u0440\u0430\u0442\u043e\u0440\u0456\u0432 [\/vc_column_text][\/vc_column][\/vc_row][vc_row type=&#8221;container&#8221;][vc_column][vc_masonry_media_grid element_width=&#8221;3&#8243; initial_loading_animation=&#8221;fadeIn&#8221; grid_id=&#8221;vc_gid:1483953859809-f2e13417-a518-5&#8243; include=&#8221;71378,71379,71380,71388,71381,71391,71392,71394,71389,71396,71397,71399,71400&#8243;][\/vc_column][\/vc_row][vc_row type=&#8221;container&#8221;][vc_column][vc_column_text]\u042f\u043a \u043a\u043e\u043c\u043f\u0430\u043d\u0456\u044f \u0437 \u0431\u0430\u0433\u0430\u0442\u043e\u0440\u0456\u0447\u043d\u0438\u043c \u0434\u043e\u0441\u0432\u0456\u0434\u043e\u043c, \u043c\u0438 \u043c\u043e\u0436\u0435\u043c\u043e \u0437\u0443\u0441\u0442\u0440\u0456\u0442\u0438\u0441\u044f \u0437 \u0431\u0443\u0434\u044c-\u044f\u043a\u0438\u043c \u0437\u0430\u0432\u0434\u0430\u043d\u043d\u044f\u043c. \u041c\u0438 \u0432\u0438\u0440\u043e\u0431\u043b\u044f\u0454\u043c\u043e \u0435\u043b\u0435\u043a\u0442\u0440\u043e\u0433\u0435\u043d\u0435\u0440\u0430\u0442\u043e\u0440\u0438 \u043e\u0434\u043d\u0430\u043a\u043e\u0432\u043e \u044f\u043a \u0434\u043b\u044f \u0431\u0435\u0437\u043f\u0435\u0440\u0435\u0440\u0432\u043d\u043e\u0457 po\u0431\u043e\u0442\u0438 \u0442\u0430\u043a \u0456 \u0430\u0432\u0430\u0440\u0456\u0439\u043d\u043e\u0457, \u0440\u0435\u0430\u043b\u0456\u0437\u043e\u0432\u0443\u0454\u043c\u043e \u0456 \u0433\u043e\u0442\u0443\u0454\u043c\u043e \u0430\u0433\u0440\u0435\u0433\u0430\u0442\u0438 \u0434\u043e \u043f\u0430\u0440\u0430\u043b\u0435\u043b\u044c\u043d\u043e\u0457 \u0440\u043e\u0431\u043e\u0442\u0438 \u0430\u0431\u043e \u0432 \u0442\u0438\u043f\u0456 \u0442\u0430\u043d\u0434\u0435\u043c \u043f\u0440\u0438 \u0441\u043f\u0456\u0432\u043f\u0440\u0430\u0446\u0456 \u0437 \u0436\u0438\u0432\u0438\u043b\u044c\u043d\u0438\u043a\u0430\u043c\u0438 \u0414\u0411\u0416.[\/vc_column_text][vc_column_text] \u0414\u0432\u0438\u0433\u0443\u043d\u0438 \u0456 \u0433\u0435\u043d\u0435\u0440\u0430\u0442\u043e\u0440\u0438, \u044f\u043a\u0456 \u0432\u0438\u043a\u043e\u0440\u0438\u0441\u0442\u043e\u0432\u0443\u044e\u0442\u044c\u0441\u044f \u0432 \u0430\u0433\u0440\u0435\u0433\u0430\u0442ax EPS [&hellip;]<\/p>\n","protected":false},"author":3,"featured_media":0,"parent":71026,"menu_order":0,"comment_status":"closed","ping_status":"closed","template":"","meta":[],"acf":[],"yoast_head":"<!-- This site is optimized with the Yoast SEO plugin v18.2 - https:\/\/yoast.com\/wordpress\/plugins\/seo\/ -->\n<title>Agregaty Pr\u0105dotw\u00f3rcze - Generatory Pr\u0105du EPS System - Nowa jako\u015b\u0107. Niezawodno\u015b\u0107<\/title>\n<meta name=\"description\" content=\"Wytwarzamy, dostarczamy i montujemy agregaty pr\u0105dotw\u00f3rcze do pracy ci\u0105g\u0142ej, awaryjnej i r\u00f3wnoleg\u0142ej. Mamy w ofercie urz\u0105dzenia stacjonarne, do zabudowy, kontenerowe oraz pracuj\u0105ce na samochodach ci\u0119\u017carowych i dostawczych lub przyczepach jedno- i dwuosiowych. Stosujemy najlepsze, niezawodne silniki i pr\u0105dnice.\" \/>\n<meta name=\"robots\" content=\"index, follow, max-snippet:-1, max-image-preview:large, max-video-preview:-1\" \/>\n<link rel=\"canonical\" href=\"https:\/\/epssystem.pl\/nowa-oferta\/agregaty-pradotworcze\/\" \/>\n<meta property=\"og:locale\" content=\"uk_UA\" \/>\n<meta property=\"og:type\" content=\"article\" \/>\n<meta property=\"og:title\" content=\"Agregaty Pr\u0105dotw\u00f3rcze - Generatory Pr\u0105du EPS System - Nowa jako\u015b\u0107. Niezawodno\u015b\u0107\" \/>\n<meta property=\"og:description\" content=\"Wytwarzamy, dostarczamy i montujemy agregaty pr\u0105dotw\u00f3rcze do pracy ci\u0105g\u0142ej, awaryjnej i r\u00f3wnoleg\u0142ej. Mamy w ofercie urz\u0105dzenia stacjonarne, do zabudowy, kontenerowe oraz pracuj\u0105ce na samochodach ci\u0119\u017carowych i dostawczych lub przyczepach jedno- i dwuosiowych. Stosujemy najlepsze, niezawodne silniki i pr\u0105dnice.\" \/>\n<meta property=\"og:url\" content=\"https:\/\/epssystem.pl\/nowa-oferta\/agregaty-pradotworcze\/\" \/>\n<meta property=\"og:site_name\" content=\"EPS System\" \/>\n<meta property=\"article:modified_time\" content=\"2022-09-13T08:45:24+00:00\" \/>\n<meta name=\"twitter:card\" content=\"summary\" \/>\n<meta name=\"twitter:label1\" content=\"Est. reading time\" \/>\n\t<meta name=\"twitter:data1\" content=\"3 minutes\" \/>\n<script type=\"application\/ld+json\" class=\"yoast-schema-graph\">{\"@context\":\"https:\/\/schema.org\",\"@graph\":[{\"@type\":\"WebSite\",\"@id\":\"https:\/\/epssystem.pl\/#website\",\"url\":\"https:\/\/epssystem.pl\/\",\"name\":\"EPS System\",\"description\":\"Polski producent system\u00f3w zasilania gwarantowanego\",\"potentialAction\":[{\"@type\":\"SearchAction\",\"target\":{\"@type\":\"EntryPoint\",\"urlTemplate\":\"https:\/\/epssystem.pl\/?s={search_term_string}\"},\"query-input\":\"required name=search_term_string\"}],\"inLanguage\":\"uk\"},{\"@type\":\"WebPage\",\"@id\":\"https:\/\/epssystem.pl\/nowa-oferta\/agregaty-pradotworcze\/#webpage\",\"url\":\"https:\/\/epssystem.pl\/nowa-oferta\/agregaty-pradotworcze\/\",\"name\":\"Agregaty Pr\u0105dotw\u00f3rcze - Generatory Pr\u0105du EPS System - Nowa jako\u015b\u0107. Niezawodno\u015b\u0107\",\"isPartOf\":{\"@id\":\"https:\/\/epssystem.pl\/#website\"},\"datePublished\":\"2016-07-11T11:59:50+00:00\",\"dateModified\":\"2022-09-13T08:45:24+00:00\",\"description\":\"Wytwarzamy, dostarczamy i montujemy agregaty pr\u0105dotw\u00f3rcze do pracy ci\u0105g\u0142ej, awaryjnej i r\u00f3wnoleg\u0142ej. Mamy w ofercie urz\u0105dzenia stacjonarne, do zabudowy, kontenerowe oraz pracuj\u0105ce na samochodach ci\u0119\u017carowych i dostawczych lub przyczepach jedno- i dwuosiowych. Stosujemy najlepsze, niezawodne silniki i pr\u0105dnice.\",\"breadcrumb\":{\"@id\":\"https:\/\/epssystem.pl\/nowa-oferta\/agregaty-pradotworcze\/#breadcrumb\"},\"inLanguage\":\"uk\",\"potentialAction\":[{\"@type\":\"ReadAction\",\"target\":[\"https:\/\/epssystem.pl\/nowa-oferta\/agregaty-pradotworcze\/\"]}]},{\"@type\":\"BreadcrumbList\",\"@id\":\"https:\/\/epssystem.pl\/nowa-oferta\/agregaty-pradotworcze\/#breadcrumb\",\"itemListElement\":[{\"@type\":\"ListItem\",\"position\":1,\"name\":\"Strona g\u0142\u00f3wna\",\"item\":\"https:\/\/epssystem.pl\/\"},{\"@type\":\"ListItem\",\"position\":2,\"name\":\"Oferta\",\"item\":\"https:\/\/epssystem.pl\/nowa-oferta\/\"},{\"@type\":\"ListItem\",\"position\":3,\"name\":\"Agregaty pr\u0105dotw\u00f3rcze\"}]}]}<\/script>\n<!-- \/ Yoast SEO plugin. -->","yoast_head_json":{"title":"Agregaty Pr\u0105dotw\u00f3rcze - Generatory Pr\u0105du EPS System - Nowa jako\u015b\u0107. Niezawodno\u015b\u0107","description":"Wytwarzamy, dostarczamy i montujemy agregaty pr\u0105dotw\u00f3rcze do pracy ci\u0105g\u0142ej, awaryjnej i r\u00f3wnoleg\u0142ej. Mamy w ofercie urz\u0105dzenia stacjonarne, do zabudowy, kontenerowe oraz pracuj\u0105ce na samochodach ci\u0119\u017carowych i dostawczych lub przyczepach jedno- i dwuosiowych. Stosujemy najlepsze, niezawodne silniki i pr\u0105dnice.","robots":{"index":"index","follow":"follow","max-snippet":"max-snippet:-1","max-image-preview":"max-image-preview:large","max-video-preview":"max-video-preview:-1"},"canonical":"https:\/\/epssystem.pl\/nowa-oferta\/agregaty-pradotworcze\/","og_locale":"uk_UA","og_type":"article","og_title":"Agregaty Pr\u0105dotw\u00f3rcze - Generatory Pr\u0105du EPS System - Nowa jako\u015b\u0107. Niezawodno\u015b\u0107","og_description":"Wytwarzamy, dostarczamy i montujemy agregaty pr\u0105dotw\u00f3rcze do pracy ci\u0105g\u0142ej, awaryjnej i r\u00f3wnoleg\u0142ej. Mamy w ofercie urz\u0105dzenia stacjonarne, do zabudowy, kontenerowe oraz pracuj\u0105ce na samochodach ci\u0119\u017carowych i dostawczych lub przyczepach jedno- i dwuosiowych. Stosujemy najlepsze, niezawodne silniki i pr\u0105dnice.","og_url":"https:\/\/epssystem.pl\/nowa-oferta\/agregaty-pradotworcze\/","og_site_name":"EPS System","article_modified_time":"2022-09-13T08:45:24+00:00","twitter_card":"summary","twitter_misc":{"Est. reading time":"3 minutes"},"schema":{"@context":"https:\/\/schema.org","@graph":[{"@type":"WebSite","@id":"https:\/\/epssystem.pl\/#website","url":"https:\/\/epssystem.pl\/","name":"EPS System","description":"Polski producent system\u00f3w zasilania gwarantowanego","potentialAction":[{"@type":"SearchAction","target":{"@type":"EntryPoint","urlTemplate":"https:\/\/epssystem.pl\/?s={search_term_string}"},"query-input":"required name=search_term_string"}],"inLanguage":"uk"},{"@type":"WebPage","@id":"https:\/\/epssystem.pl\/nowa-oferta\/agregaty-pradotworcze\/#webpage","url":"https:\/\/epssystem.pl\/nowa-oferta\/agregaty-pradotworcze\/","name":"Agregaty Pr\u0105dotw\u00f3rcze - Generatory Pr\u0105du EPS System - Nowa jako\u015b\u0107. Niezawodno\u015b\u0107","isPartOf":{"@id":"https:\/\/epssystem.pl\/#website"},"datePublished":"2016-07-11T11:59:50+00:00","dateModified":"2022-09-13T08:45:24+00:00","description":"Wytwarzamy, dostarczamy i montujemy agregaty pr\u0105dotw\u00f3rcze do pracy ci\u0105g\u0142ej, awaryjnej i r\u00f3wnoleg\u0142ej. Mamy w ofercie urz\u0105dzenia stacjonarne, do zabudowy, kontenerowe oraz pracuj\u0105ce na samochodach ci\u0119\u017carowych i dostawczych lub przyczepach jedno- i dwuosiowych. Stosujemy najlepsze, niezawodne silniki i pr\u0105dnice.","breadcrumb":{"@id":"https:\/\/epssystem.pl\/nowa-oferta\/agregaty-pradotworcze\/#breadcrumb"},"inLanguage":"uk","potentialAction":[{"@type":"ReadAction","target":["https:\/\/epssystem.pl\/nowa-oferta\/agregaty-pradotworcze\/"]}]},{"@type":"BreadcrumbList","@id":"https:\/\/epssystem.pl\/nowa-oferta\/agregaty-pradotworcze\/#breadcrumb","itemListElement":[{"@type":"ListItem","position":1,"name":"Strona g\u0142\u00f3wna","item":"https:\/\/epssystem.pl\/"},{"@type":"ListItem","position":2,"name":"Oferta","item":"https:\/\/epssystem.pl\/nowa-oferta\/"},{"@type":"ListItem","position":3,"name":"Agregaty pr\u0105dotw\u00f3rcze"}]}]}},"_links":{"self":[{"href":"https:\/\/epssystem.pl\/uk\/wp-json\/wp\/v2\/pages\/71053"}],"collection":[{"href":"https:\/\/epssystem.pl\/uk\/wp-json\/wp\/v2\/pages"}],"about":[{"href":"https:\/\/epssystem.pl\/uk\/wp-json\/wp\/v2\/types\/page"}],"author":[{"embeddable":true,"href":"https:\/\/epssystem.pl\/uk\/wp-json\/wp\/v2\/users\/3"}],"replies":[{"embeddable":true,"href":"https:\/\/epssystem.pl\/uk\/wp-json\/wp\/v2\/comments?post=71053"}],"version-history":[{"count":5,"href":"https:\/\/epssystem.pl\/uk\/wp-json\/wp\/v2\/pages\/71053\/revisions"}],"predecessor-version":[{"id":73962,"href":"https:\/\/epssystem.pl\/uk\/wp-json\/wp\/v2\/pages\/71053\/revisions\/73962"}],"up":[{"embeddable":true,"href":"https:\/\/epssystem.pl\/uk\/wp-json\/wp\/v2\/pages\/71026"}],"wp:attachment":[{"href":"https:\/\/epssystem.pl\/uk\/wp-json\/wp\/v2\/media?parent=71053"}],"curies":[{"name":"wp","href":"https:\/\/api.w.org\/{rel}","templated":true}]}}