{"id":71080,"date":"2016-07-12T05:48:04","date_gmt":"2016-07-12T05:48:04","guid":{"rendered":"http:\/\/epssystem.pl\/?page_id=71080"},"modified":"2020-11-20T08:11:49","modified_gmt":"2020-11-20T08:11:49","slug":"o-firmie-eps-system","status":"publish","type":"page","link":"https:\/\/epssystem.pl\/uk\/o-firmie-eps-system\/","title":{"rendered":"\u041f\u0440\u043e \u043a\u0430\u043c\u043f\u0430\u043d\u0456\u044e"},"content":{"rendered":"<div class=\"wpb_column vc_column_container vc_col-sm-4\"><\/div>\n<div class=\"wpb_column vc_column_container vc_col-sm-8\">\n<div class=\"vc_column-inner \">\n<div class=\"wpb_wrapper\">\n<div class=\"wpb_text_column wpb_content_element \">\n<div class=\"wpb_wrapper\">\n<p>\u041c\u0438 \u0454 \u043f\u043e\u043b\u044c\u0441\u044c\u043a\u0438\u043c \u0432\u0438\u0440\u043e\u0431\u043d\u0438\u043a\u043e\u043c \u0433\u0435\u043d\u0435\u0440\u0430\u0442\u043e\u0440\u0456\u0432.<\/p>\n<p>\u041f\u0440\u043e\u0442\u044f\u0433\u043e\u043c \u0431\u0456\u043b\u044c\u0448\u0435 15 \u0440\u043e\u043a\u0456\u0432 \u043c\u0438 \u043f\u0440\u043e\u043f\u043e\u043d\u0443\u0435\u043c\u043e \u0440\u0456\u0448\u0435\u043d\u043d\u044f \u0434\u043b\u044f \u0441\u0438\u0441\u0442\u0435\u043c \u0431\u0435\u0437\u043f\u0435\u0440\u0435\u0431\u0456\u0439\u043d\u043e\u0433\u043e \u0436\u0438\u0432\u043b\u0435\u043d\u043d\u044f:<\/p>\n<p>\u041c\u0438 \u043f\u0440\u043e\u043f\u043e\u043d\u0443\u0454\u043c\u043e \u0448\u0438\u0440\u043e\u043a\u0438\u0439 \u0430\u0441\u043e\u0440\u0442\u0438\u043c\u0435\u043d\u0442 \u043f\u0440\u043e\u0434\u0443\u043a\u0446\u0456\u0457: \u0433\u0435\u043d\u0435\u0440\u0430\u0442\u043e\u0440\u0438 \u043d\u0430 \u043e\u0441\u043d\u043e\u0432\u0456 \u0434\u0438\u0437\u0435\u043b\u044c\u043do\u0433o \u0434\u0432\u0438\u0433\u0443\u043d\u0430 \u0437 \u043f\u043e\u0442\u0443\u0436\u043d\u0456\u0441\u0442\u044e 10 \u043a\u0412\u0410 \u0434\u043e 3300 \u043a\u0412\u0410 \u0456 \u0440\u0456\u0437\u043d\u0438\u0445 \u0442\u0438\u043f\u0456\u0432 \u043a\u043e\u0440\u043f\u0443\u0441a: \u0437\u0430\u0448\u0438\u0442\u0456 \u0456 \u043d\u0435\u0437\u0430\u0448\u0438\u0442i, \u043a\u043e\u043d\u0442\u0435\u0439\u043d\u0435\u0440\u043d\u0456, \u0430 \u0442\u0430\u043a\u043e\u0436 \u043d\u0430 \u043f\u0435\u0440\u0435\u0441\u0443\u0432\u043d\u043e\u043c\u0443 \u0448\u0430\u0441\u0456 \u0434\u0436\u0435\u0440\u0435\u043b\u0430 \u0431\u0435\u0437\u043f\u0435\u0440\u0435\u0431\u0456\u0439\u043d\u043e\u0433\u043e \u0436\u0438\u0432\u043b\u0435\u043d\u043d\u044f (\u0414\u0411\u0416), \u0441\u0442\u0430\u0442\u0438\u0447\u043d\u0456 \u043a\u043e\u043c\u043f\u0430\u043d\u0456\u0457i \u00a0Astrid \/ Borri, \u0434\u0456\u043d\u0430\u043c\u0456\u0447\u043d\u0456 \u043a\u043e\u043c\u043f\u0430\u043d\u0456\u0457 Piller.<\/p>\n<p>\u0413\u0430\u0437\u043e\u0432i \u0442a \u043a\u043e\u0433\u0435\u043d\u0435\u0440\u0430\u0446\u0456\u0457\u043di a\u0433\u0440\u0435\u0433\u0430\u0442\u0438\u0442\u0438, \u0449\u043e \u043f\u0440\u0430\u0446\u044e\u044e\u0442\u044c \u043d\u0430 \u043f\u0440\u0438\u0440\u043e\u0434\u043d\u043e\u043c\u0443 \u0433\u0430\u0437\u0456, \u0431\u0456\u043e\u0433\u0430\u0437\u0456 \u0456 \u0433\u0430\u0437\u043e\u0432\u0438\u0445 \u0442\u043e\u043f\u043b\u0438\u0432a\u0445 \u0440\u0456\u0437\u043d\u043e\u0433\u043e \u043f\u043e\u0445\u043e\u0434\u0436\u0435\u043d\u043d\u044f.<\/p>\n<\/div>\n<\/div>\n<\/div>\n<\/div>\n<\/div>\n","protected":false},"excerpt":{"rendered":"<p>\u041c\u0438 \u0454 \u043f\u043e\u043b\u044c\u0441\u044c\u043a\u0438\u043c \u0432\u0438\u0440\u043e\u0431\u043d\u0438\u043a\u043e\u043c \u0433\u0435\u043d\u0435\u0440\u0430\u0442\u043e\u0440\u0456\u0432. \u041f\u0440\u043e\u0442\u044f\u0433\u043e\u043c \u0431\u0456\u043b\u044c\u0448\u0435 15 \u0440\u043e\u043a\u0456\u0432 \u043c\u0438 \u043f\u0440\u043e\u043f\u043e\u043d\u0443\u0435\u043c\u043e \u0440\u0456\u0448\u0435\u043d\u043d\u044f \u0434\u043b\u044f \u0441\u0438\u0441\u0442\u0435\u043c \u0431\u0435\u0437\u043f\u0435\u0440\u0435\u0431\u0456\u0439\u043d\u043e\u0433\u043e \u0436\u0438\u0432\u043b\u0435\u043d\u043d\u044f: \u041c\u0438 \u043f\u0440\u043e\u043f\u043e\u043d\u0443\u0454\u043c\u043e \u0448\u0438\u0440\u043e\u043a\u0438\u0439 \u0430\u0441\u043e\u0440\u0442\u0438\u043c\u0435\u043d\u0442 \u043f\u0440\u043e\u0434\u0443\u043a\u0446\u0456\u0457: \u0433\u0435\u043d\u0435\u0440\u0430\u0442\u043e\u0440\u0438 \u043d\u0430 \u043e\u0441\u043d\u043e\u0432\u0456 \u0434\u0438\u0437\u0435\u043b\u044c\u043do\u0433o \u0434\u0432\u0438\u0433\u0443\u043d\u0430 \u0437 \u043f\u043e\u0442\u0443\u0436\u043d\u0456\u0441\u0442\u044e 10 \u043a\u0412\u0410 \u0434\u043e 3300 \u043a\u0412\u0410 \u0456 \u0440\u0456\u0437\u043d\u0438\u0445 \u0442\u0438\u043f\u0456\u0432 \u043a\u043e\u0440\u043f\u0443\u0441a: \u0437\u0430\u0448\u0438\u0442\u0456 \u0456 \u043d\u0435\u0437\u0430\u0448\u0438\u0442i, \u043a\u043e\u043d\u0442\u0435\u0439\u043d\u0435\u0440\u043d\u0456, \u0430 \u0442\u0430\u043a\u043e\u0436 \u043d\u0430 \u043f\u0435\u0440\u0435\u0441\u0443\u0432\u043d\u043e\u043c\u0443 \u0448\u0430\u0441\u0456 \u0434\u0436\u0435\u0440\u0435\u043b\u0430 \u0431\u0435\u0437\u043f\u0435\u0440\u0435\u0431\u0456\u0439\u043d\u043e\u0433\u043e \u0436\u0438\u0432\u043b\u0435\u043d\u043d\u044f (\u0414\u0411\u0416), \u0441\u0442\u0430\u0442\u0438\u0447\u043d\u0456 \u043a\u043e\u043c\u043f\u0430\u043d\u0456\u0457i \u00a0Astrid \/ Borri, [&hellip;]<\/p>\n","protected":false},"author":3,"featured_media":0,"parent":0,"menu_order":0,"comment_status":"closed","ping_status":"closed","template":"","meta":[],"acf":[],"yoast_head":"<!-- This site is optimized with the Yoast SEO plugin v18.2 - https:\/\/yoast.com\/wordpress\/plugins\/seo\/ -->\n<title>O firmie - EPS System<\/title>\n<meta name=\"description\" content=\"EPS System to polska firma produkuj\u0105ca agregaty pr\u0105dotw\u00f3rcze oraz kogeneracjiei zasilacze awaryjne UPS r\u00f3\u017cnej wielko\u015bci i mocy. Moc b\u0119dzie z Wami!\" \/>\n<meta name=\"robots\" content=\"index, follow, max-snippet:-1, max-image-preview:large, max-video-preview:-1\" \/>\n<link rel=\"canonical\" href=\"https:\/\/epssystem.pl\/o-firmie-eps-system\/\" \/>\n<meta property=\"og:locale\" content=\"uk_UA\" \/>\n<meta property=\"og:type\" content=\"article\" \/>\n<meta property=\"og:title\" content=\"O firmie - EPS System\" \/>\n<meta property=\"og:description\" content=\"EPS System to polska firma produkuj\u0105ca agregaty pr\u0105dotw\u00f3rcze oraz kogeneracjiei zasilacze awaryjne UPS r\u00f3\u017cnej wielko\u015bci i mocy. Moc b\u0119dzie z Wami!\" \/>\n<meta property=\"og:url\" content=\"https:\/\/epssystem.pl\/o-firmie-eps-system\/\" \/>\n<meta property=\"og:site_name\" content=\"EPS System\" \/>\n<meta property=\"article:modified_time\" content=\"2020-11-20T08:11:49+00:00\" \/>\n<meta name=\"twitter:card\" content=\"summary\" \/>\n<meta name=\"twitter:label1\" content=\"Est. reading time\" \/>\n\t<meta name=\"twitter:data1\" content=\"1 minute\" \/>\n<script type=\"application\/ld+json\" class=\"yoast-schema-graph\">{\"@context\":\"https:\/\/schema.org\",\"@graph\":[{\"@type\":\"WebSite\",\"@id\":\"https:\/\/epssystem.pl\/#website\",\"url\":\"https:\/\/epssystem.pl\/\",\"name\":\"EPS System\",\"description\":\"Polski producent system\u00f3w zasilania gwarantowanego\",\"potentialAction\":[{\"@type\":\"SearchAction\",\"target\":{\"@type\":\"EntryPoint\",\"urlTemplate\":\"https:\/\/epssystem.pl\/?s={search_term_string}\"},\"query-input\":\"required name=search_term_string\"}],\"inLanguage\":\"uk\"},{\"@type\":\"WebPage\",\"@id\":\"https:\/\/epssystem.pl\/o-firmie-eps-system\/#webpage\",\"url\":\"https:\/\/epssystem.pl\/o-firmie-eps-system\/\",\"name\":\"O firmie - EPS System\",\"isPartOf\":{\"@id\":\"https:\/\/epssystem.pl\/#website\"},\"datePublished\":\"2016-07-12T05:48:04+00:00\",\"dateModified\":\"2020-11-20T08:11:49+00:00\",\"description\":\"EPS System to polska firma produkuj\u0105ca agregaty pr\u0105dotw\u00f3rcze oraz kogeneracjiei zasilacze awaryjne UPS r\u00f3\u017cnej wielko\u015bci i mocy. Moc b\u0119dzie z Wami!\",\"breadcrumb\":{\"@id\":\"https:\/\/epssystem.pl\/o-firmie-eps-system\/#breadcrumb\"},\"inLanguage\":\"uk\",\"potentialAction\":[{\"@type\":\"ReadAction\",\"target\":[\"https:\/\/epssystem.pl\/o-firmie-eps-system\/\"]}]},{\"@type\":\"BreadcrumbList\",\"@id\":\"https:\/\/epssystem.pl\/o-firmie-eps-system\/#breadcrumb\",\"itemListElement\":[{\"@type\":\"ListItem\",\"position\":1,\"name\":\"Strona g\u0142\u00f3wna\",\"item\":\"https:\/\/epssystem.pl\/\"},{\"@type\":\"ListItem\",\"position\":2,\"name\":\"O firmie\"}]}]}<\/script>\n<!-- \/ Yoast SEO plugin. -->","yoast_head_json":{"title":"O firmie - EPS System","description":"EPS System to polska firma produkuj\u0105ca agregaty pr\u0105dotw\u00f3rcze oraz kogeneracjiei zasilacze awaryjne UPS r\u00f3\u017cnej wielko\u015bci i mocy. Moc b\u0119dzie z Wami!","robots":{"index":"index","follow":"follow","max-snippet":"max-snippet:-1","max-image-preview":"max-image-preview:large","max-video-preview":"max-video-preview:-1"},"canonical":"https:\/\/epssystem.pl\/o-firmie-eps-system\/","og_locale":"uk_UA","og_type":"article","og_title":"O firmie - EPS System","og_description":"EPS System to polska firma produkuj\u0105ca agregaty pr\u0105dotw\u00f3rcze oraz kogeneracjiei zasilacze awaryjne UPS r\u00f3\u017cnej wielko\u015bci i mocy. Moc b\u0119dzie z Wami!","og_url":"https:\/\/epssystem.pl\/o-firmie-eps-system\/","og_site_name":"EPS System","article_modified_time":"2020-11-20T08:11:49+00:00","twitter_card":"summary","twitter_misc":{"Est. reading time":"1 minute"},"schema":{"@context":"https:\/\/schema.org","@graph":[{"@type":"WebSite","@id":"https:\/\/epssystem.pl\/#website","url":"https:\/\/epssystem.pl\/","name":"EPS System","description":"Polski producent system\u00f3w zasilania gwarantowanego","potentialAction":[{"@type":"SearchAction","target":{"@type":"EntryPoint","urlTemplate":"https:\/\/epssystem.pl\/?s={search_term_string}"},"query-input":"required name=search_term_string"}],"inLanguage":"uk"},{"@type":"WebPage","@id":"https:\/\/epssystem.pl\/o-firmie-eps-system\/#webpage","url":"https:\/\/epssystem.pl\/o-firmie-eps-system\/","name":"O firmie - EPS System","isPartOf":{"@id":"https:\/\/epssystem.pl\/#website"},"datePublished":"2016-07-12T05:48:04+00:00","dateModified":"2020-11-20T08:11:49+00:00","description":"EPS System to polska firma produkuj\u0105ca agregaty pr\u0105dotw\u00f3rcze oraz kogeneracjiei zasilacze awaryjne UPS r\u00f3\u017cnej wielko\u015bci i mocy. Moc b\u0119dzie z Wami!","breadcrumb":{"@id":"https:\/\/epssystem.pl\/o-firmie-eps-system\/#breadcrumb"},"inLanguage":"uk","potentialAction":[{"@type":"ReadAction","target":["https:\/\/epssystem.pl\/o-firmie-eps-system\/"]}]},{"@type":"BreadcrumbList","@id":"https:\/\/epssystem.pl\/o-firmie-eps-system\/#breadcrumb","itemListElement":[{"@type":"ListItem","position":1,"name":"Strona g\u0142\u00f3wna","item":"https:\/\/epssystem.pl\/"},{"@type":"ListItem","position":2,"name":"O firmie"}]}]}},"_links":{"self":[{"href":"https:\/\/epssystem.pl\/uk\/wp-json\/wp\/v2\/pages\/71080"}],"collection":[{"href":"https:\/\/epssystem.pl\/uk\/wp-json\/wp\/v2\/pages"}],"about":[{"href":"https:\/\/epssystem.pl\/uk\/wp-json\/wp\/v2\/types\/page"}],"author":[{"embeddable":true,"href":"https:\/\/epssystem.pl\/uk\/wp-json\/wp\/v2\/users\/3"}],"replies":[{"embeddable":true,"href":"https:\/\/epssystem.pl\/uk\/wp-json\/wp\/v2\/comments?post=71080"}],"version-history":[{"count":1,"href":"https:\/\/epssystem.pl\/uk\/wp-json\/wp\/v2\/pages\/71080\/revisions"}],"predecessor-version":[{"id":73518,"href":"https:\/\/epssystem.pl\/uk\/wp-json\/wp\/v2\/pages\/71080\/revisions\/73518"}],"wp:attachment":[{"href":"https:\/\/epssystem.pl\/uk\/wp-json\/wp\/v2\/media?parent=71080"}],"curies":[{"name":"wp","href":"https:\/\/api.w.org\/{rel}","templated":true}]}}