{"id":71086,"date":"2016-07-12T05:53:01","date_gmt":"2016-07-12T05:53:01","guid":{"rendered":"http:\/\/epssystem.pl\/?page_id=71086"},"modified":"2026-04-01T13:06:54","modified_gmt":"2026-04-01T13:06:54","slug":"kontakt","status":"publish","type":"page","link":"https:\/\/epssystem.pl\/uk\/kontakt\/","title":{"rendered":"\u041a\u043e\u043d\u0442\u0430\u043a\u0442"},"content":{"rendered":"<p>[vc_row type=&#8221;container&#8221;][vc_column width=&#8221;2\/3&#8243;][vc_gmaps link=&#8221;#E-8_JTNDaWZyYW1lJTIwc3JjJTNEJTIyaHR0cHMlM0ElMkYlMkZ3d3cuZ29vZ2xlLmNvbSUyRm1hcHMlMkZlbWJlZCUzRnBiJTNEJTIxMW0xOCUyMTFtMTIlMjExbTMlMjExZDEwMjI0LjE1ODEwMDk2MTUwNCUyMTJkMTkuNDU1NDM2ODA3OTIxNTA1JTIxM2Q1MC4xNjAzOTc0MTg2NTA5NDUlMjEybTMlMjExZjAlMjEyZjAlMjEzZjAlMjEzbTIlMjExaTEwMjQlMjEyaTc2OCUyMTRmMTMuMSUyMTNtMyUyMTFtMiUyMTFzMHg0NzE2ZWVlMjk1MzI1NTA5JTI1M0EweDdiYjJiZjdmYzgwNzJhZDYlMjEyc0VQUyUyQlN5c3RlbS4lMkJTeXN0ZW15LiUyQkFncmVnYXR5JTJCcHIlMjVDNCUyNTg1ZG90dyUyNUMzJTI1QjNyY3plJTI1MkMlMkJ6YXNpbGFuaWUlMkJVUFMlMjUyQyUyQnN5c3RlbXklMkJiYXRlcnlqbmUlMjE1ZTAlMjEzbTIlMjExc3BsJTIxMnNwbCUyMTR2MTQ2ODQwMTQ0MjA2OCUyMiUyMHdpZHRoJTNEJTIyNjAwJTIyJTIwaGVpZ2h0JTNEJTIyNDUwJTIyJTIwZnJhbWVib3JkZXIlM0QlMjIwJTIyJTIwc3R5bGUlM0QlMjJib3JkZXIlM0EwJTIyJTIwYWxsb3dmdWxsc2NyZWVuJTNFJTNDJTJGaWZyYW1lJTNF&#8221;][\/vc_column][vc_column width=&#8221;1\/3&#8243;][vc_custom_heading text=&#8221;\u0412\u0456\u0434\u0434\u0456\u043b \u0435\u043a\u0441\u043f\u043e\u0440\u0442\u0443&#8221; google_fonts=&#8221;font_family:Open%20Sans%3A300%2C300italic%2Cregular%2Citalic%2C600%2C600italic%2C700%2C700italic%2C800%2C800italic|font_style:400%20regular%3A400%3Anormal&#8221;][vc_column_text]<strong>Janusz Bochenek<\/strong> +48 668-667-684 e-mail: <a href=\"mail&#116;&#111;&#58;&#106;&#97;&#x6e;&#x75;&#x73;&#x7a;&#x2e;&#x62;&#x6f;chen&#101;&#107;&#64;&#101;&#112;&#x73;&#x73;&#x79;&#x73;&#x74;&#x65;&#x6d;&#x2e;pl\">&#106;a&#x6e;u&#x73;&#122;&#x2e;&#98;&#x6f;&#99;h&#x65;n&#x65;&#107;&#x40;&#101;&#x70;&#115;&#x73;&#121;s&#x74;e&#x6d;&#46;&#x70;&#108;<\/a>[\/vc_column_text][vc_column_text]<strong>EPS System<\/strong>\u00a0<strong>Sp. z o. o.<\/strong> 32-540 Trzebinia ul. Harcerska 16[\/vc_column_text][vc_column_text]tel. +48 32 623 66 88 tel.\/fax. +48 32 623 69 53[\/vc_column_text][vc_column_text]e-mail: <a href=\"&#x6d;&#97;&#x69;&#x6c;&#116;&#x6f;&#x3a;&#111;&#x66;&#x66;&#105;&#x63;&#x65;&#64;&#x65;&#x70;s&#x73;&#121;s&#x74;&#101;m&#x2e;&#112;l\">&#111;&#x66;&#x66;i&#99;&#x65;&#64;&#101;&#x70;&#x73;&#115;&#x79;&#x73;t&#101;&#x6d;&#46;&#112;&#x6c;<\/a> <strong>\u0413\u043e\u0434\u0438\u043d\u0438 \u0440\u043e\u0431\u043e\u0442\u0438:<\/strong>\u00a0 7:30 &#8211; 15:30[\/vc_column_text][\/vc_column][\/vc_row][vc_row type=&#8221;container&#8221;][vc_column][vc_empty_space][vc_row_inner][vc_column_inner width=&#8221;1\/3&#8243;][\/vc_column_inner][vc_column_inner width=&#8221;1\/3&#8243;][\/vc_column_inner][vc_column_inner width=&#8221;1\/3&#8243;][\/vc_column_inner][\/vc_row_inner][\/vc_column][\/vc_row]<\/p>\n","protected":false},"excerpt":{"rendered":"<p>[vc_row type=&#8221;container&#8221;][vc_column width=&#8221;2\/3&#8243;][vc_gmaps link=&#8221;#E-8_JTNDaWZyYW1lJTIwc3JjJTNEJTIyaHR0cHMlM0ElMkYlMkZ3d3cuZ29vZ2xlLmNvbSUyRm1hcHMlMkZlbWJlZCUzRnBiJTNEJTIxMW0xOCUyMTFtMTIlMjExbTMlMjExZDEwMjI0LjE1ODEwMDk2MTUwNCUyMTJkMTkuNDU1NDM2ODA3OTIxNTA1JTIxM2Q1MC4xNjAzOTc0MTg2NTA5NDUlMjEybTMlMjExZjAlMjEyZjAlMjEzZjAlMjEzbTIlMjExaTEwMjQlMjEyaTc2OCUyMTRmMTMuMSUyMTNtMyUyMTFtMiUyMTFzMHg0NzE2ZWVlMjk1MzI1NTA5JTI1M0EweDdiYjJiZjdmYzgwNzJhZDYlMjEyc0VQUyUyQlN5c3RlbS4lMkJTeXN0ZW15LiUyQkFncmVnYXR5JTJCcHIlMjVDNCUyNTg1ZG90dyUyNUMzJTI1QjNyY3plJTI1MkMlMkJ6YXNpbGFuaWUlMkJVUFMlMjUyQyUyQnN5c3RlbXklMkJiYXRlcnlqbmUlMjE1ZTAlMjEzbTIlMjExc3BsJTIxMnNwbCUyMTR2MTQ2ODQwMTQ0MjA2OCUyMiUyMHdpZHRoJTNEJTIyNjAwJTIyJTIwaGVpZ2h0JTNEJTIyNDUwJTIyJTIwZnJhbWVib3JkZXIlM0QlMjIwJTIyJTIwc3R5bGUlM0QlMjJib3JkZXIlM0EwJTIyJTIwYWxsb3dmdWxsc2NyZWVuJTNFJTNDJTJGaWZyYW1lJTNF&#8221;][\/vc_column][vc_column width=&#8221;1\/3&#8243;][vc_custom_heading text=&#8221;\u0412\u0456\u0434\u0434\u0456\u043b \u0435\u043a\u0441\u043f\u043e\u0440\u0442\u0443&#8221; google_fonts=&#8221;font_family:Open%20Sans%3A300%2C300italic%2Cregular%2Citalic%2C600%2C600italic%2C700%2C700italic%2C800%2C800italic|font_style:400%20regular%3A400%3Anormal&#8221;][vc_column_text]Janusz Bochenek +48 668-667-684 e-mail: &#106;&#x61;n&#117;&#x73;z&#46;&#x62;o&#99;&#x68;e&#110;&#x65;k&#64;&#x65;p&#115;&#x73;y&#115;&#x74;e&#109;&#x2e;p&#108;[\/vc_column_text][vc_column_text]EPS System\u00a0Sp. z o. o. 32-540 Trzebinia ul. Harcerska 16[\/vc_column_text][vc_column_text]tel. +48 32 623 66 88 tel.\/fax. +48 32 623 69 53[\/vc_column_text][vc_column_text]e-mail: &#x6f;&#102;f&#x69;&#x63;&#101;&#64;&#x65;&#x70;&#115;s&#x79;&#115;t&#x65;&#x6d;&#46;p&#x6c; \u0413\u043e\u0434\u0438\u043d\u0438 \u0440\u043e\u0431\u043e\u0442\u0438:\u00a0 7:30 &#8211; 15:30[\/vc_column_text][\/vc_column][\/vc_row][vc_row type=&#8221;container&#8221;][vc_column][vc_empty_space][vc_row_inner][vc_column_inner width=&#8221;1\/3&#8243;][\/vc_column_inner][vc_column_inner width=&#8221;1\/3&#8243;][\/vc_column_inner][vc_column_inner width=&#8221;1\/3&#8243;][\/vc_column_inner][\/vc_row_inner][\/vc_column][\/vc_row]<\/p>\n","protected":false},"author":3,"featured_media":0,"parent":0,"menu_order":0,"comment_status":"closed","ping_status":"closed","template":"","meta":[],"acf":[],"yoast_head":"<!-- This site is optimized with the Yoast SEO plugin v18.2 - https:\/\/yoast.com\/wordpress\/plugins\/seo\/ -->\n<title>Kontakt - EPS System<\/title>\n<meta name=\"description\" content=\"EPS System Robert Lipnicki Sp. z o.o. Polski producent agregat\u00f3w pr\u0105dotw\u00f3rczych. Ul. Harcerska 16, 32-540 Trzebinia. Godziny otwarcia 7:30 - 15:30. Zapraszamy\" \/>\n<meta name=\"robots\" content=\"index, follow, max-snippet:-1, max-image-preview:large, max-video-preview:-1\" \/>\n<link rel=\"canonical\" href=\"https:\/\/epssystem.pl\/kontakt\/\" \/>\n<meta property=\"og:locale\" content=\"uk_UA\" \/>\n<meta property=\"og:type\" content=\"article\" \/>\n<meta property=\"og:title\" content=\"Kontakt - EPS System\" \/>\n<meta property=\"og:description\" content=\"EPS System Robert Lipnicki Sp. z o.o. Polski producent agregat\u00f3w pr\u0105dotw\u00f3rczych. Ul. Harcerska 16, 32-540 Trzebinia. Godziny otwarcia 7:30 - 15:30. Zapraszamy\" \/>\n<meta property=\"og:url\" content=\"https:\/\/epssystem.pl\/kontakt\/\" \/>\n<meta property=\"og:site_name\" content=\"EPS System\" \/>\n<meta property=\"article:modified_time\" content=\"2026-04-01T13:06:54+00:00\" \/>\n<meta name=\"twitter:card\" content=\"summary\" \/>\n<meta name=\"twitter:label1\" content=\"Est. reading time\" \/>\n\t<meta name=\"twitter:data1\" content=\"1 minute\" \/>\n<script type=\"application\/ld+json\" class=\"yoast-schema-graph\">{\"@context\":\"https:\/\/schema.org\",\"@graph\":[{\"@type\":\"WebSite\",\"@id\":\"https:\/\/epssystem.pl\/#website\",\"url\":\"https:\/\/epssystem.pl\/\",\"name\":\"EPS System\",\"description\":\"Polski producent system\u00f3w zasilania gwarantowanego\",\"potentialAction\":[{\"@type\":\"SearchAction\",\"target\":{\"@type\":\"EntryPoint\",\"urlTemplate\":\"https:\/\/epssystem.pl\/?s={search_term_string}\"},\"query-input\":\"required name=search_term_string\"}],\"inLanguage\":\"uk\"},{\"@type\":\"WebPage\",\"@id\":\"https:\/\/epssystem.pl\/kontakt\/#webpage\",\"url\":\"https:\/\/epssystem.pl\/kontakt\/\",\"name\":\"Kontakt - EPS System\",\"isPartOf\":{\"@id\":\"https:\/\/epssystem.pl\/#website\"},\"datePublished\":\"2016-07-12T05:53:01+00:00\",\"dateModified\":\"2026-04-01T13:06:54+00:00\",\"description\":\"EPS System Robert Lipnicki Sp. z o.o. Polski producent agregat\u00f3w pr\u0105dotw\u00f3rczych. Ul. Harcerska 16, 32-540 Trzebinia. Godziny otwarcia 7:30 - 15:30. Zapraszamy\",\"breadcrumb\":{\"@id\":\"https:\/\/epssystem.pl\/kontakt\/#breadcrumb\"},\"inLanguage\":\"uk\",\"potentialAction\":[{\"@type\":\"ReadAction\",\"target\":[\"https:\/\/epssystem.pl\/kontakt\/\"]}]},{\"@type\":\"BreadcrumbList\",\"@id\":\"https:\/\/epssystem.pl\/kontakt\/#breadcrumb\",\"itemListElement\":[{\"@type\":\"ListItem\",\"position\":1,\"name\":\"Strona g\u0142\u00f3wna\",\"item\":\"https:\/\/epssystem.pl\/\"},{\"@type\":\"ListItem\",\"position\":2,\"name\":\"Kontakt\"}]}]}<\/script>\n<!-- \/ Yoast SEO plugin. -->","yoast_head_json":{"title":"Kontakt - EPS System","description":"EPS System Robert Lipnicki Sp. z o.o. Polski producent agregat\u00f3w pr\u0105dotw\u00f3rczych. Ul. Harcerska 16, 32-540 Trzebinia. Godziny otwarcia 7:30 - 15:30. Zapraszamy","robots":{"index":"index","follow":"follow","max-snippet":"max-snippet:-1","max-image-preview":"max-image-preview:large","max-video-preview":"max-video-preview:-1"},"canonical":"https:\/\/epssystem.pl\/kontakt\/","og_locale":"uk_UA","og_type":"article","og_title":"Kontakt - EPS System","og_description":"EPS System Robert Lipnicki Sp. z o.o. Polski producent agregat\u00f3w pr\u0105dotw\u00f3rczych. Ul. Harcerska 16, 32-540 Trzebinia. Godziny otwarcia 7:30 - 15:30. Zapraszamy","og_url":"https:\/\/epssystem.pl\/kontakt\/","og_site_name":"EPS System","article_modified_time":"2026-04-01T13:06:54+00:00","twitter_card":"summary","twitter_misc":{"Est. reading time":"1 minute"},"schema":{"@context":"https:\/\/schema.org","@graph":[{"@type":"WebSite","@id":"https:\/\/epssystem.pl\/#website","url":"https:\/\/epssystem.pl\/","name":"EPS System","description":"Polski producent system\u00f3w zasilania gwarantowanego","potentialAction":[{"@type":"SearchAction","target":{"@type":"EntryPoint","urlTemplate":"https:\/\/epssystem.pl\/?s={search_term_string}"},"query-input":"required name=search_term_string"}],"inLanguage":"uk"},{"@type":"WebPage","@id":"https:\/\/epssystem.pl\/kontakt\/#webpage","url":"https:\/\/epssystem.pl\/kontakt\/","name":"Kontakt - EPS System","isPartOf":{"@id":"https:\/\/epssystem.pl\/#website"},"datePublished":"2016-07-12T05:53:01+00:00","dateModified":"2026-04-01T13:06:54+00:00","description":"EPS System Robert Lipnicki Sp. z o.o. Polski producent agregat\u00f3w pr\u0105dotw\u00f3rczych. Ul. Harcerska 16, 32-540 Trzebinia. Godziny otwarcia 7:30 - 15:30. Zapraszamy","breadcrumb":{"@id":"https:\/\/epssystem.pl\/kontakt\/#breadcrumb"},"inLanguage":"uk","potentialAction":[{"@type":"ReadAction","target":["https:\/\/epssystem.pl\/kontakt\/"]}]},{"@type":"BreadcrumbList","@id":"https:\/\/epssystem.pl\/kontakt\/#breadcrumb","itemListElement":[{"@type":"ListItem","position":1,"name":"Strona g\u0142\u00f3wna","item":"https:\/\/epssystem.pl\/"},{"@type":"ListItem","position":2,"name":"Kontakt"}]}]}},"_links":{"self":[{"href":"https:\/\/epssystem.pl\/uk\/wp-json\/wp\/v2\/pages\/71086"}],"collection":[{"href":"https:\/\/epssystem.pl\/uk\/wp-json\/wp\/v2\/pages"}],"about":[{"href":"https:\/\/epssystem.pl\/uk\/wp-json\/wp\/v2\/types\/page"}],"author":[{"embeddable":true,"href":"https:\/\/epssystem.pl\/uk\/wp-json\/wp\/v2\/users\/3"}],"replies":[{"embeddable":true,"href":"https:\/\/epssystem.pl\/uk\/wp-json\/wp\/v2\/comments?post=71086"}],"version-history":[{"count":32,"href":"https:\/\/epssystem.pl\/uk\/wp-json\/wp\/v2\/pages\/71086\/revisions"}],"predecessor-version":[{"id":74289,"href":"https:\/\/epssystem.pl\/uk\/wp-json\/wp\/v2\/pages\/71086\/revisions\/74289"}],"wp:attachment":[{"href":"https:\/\/epssystem.pl\/uk\/wp-json\/wp\/v2\/media?parent=71086"}],"curies":[{"name":"wp","href":"https:\/\/api.w.org\/{rel}","templated":true}]}}