{"id":71093,"date":"2016-07-12T06:55:22","date_gmt":"2016-07-12T06:55:22","guid":{"rendered":"http:\/\/epssystem.pl\/?page_id=71093"},"modified":"2023-10-20T11:59:53","modified_gmt":"2023-10-20T11:59:53","slug":"getor-gi-iveco-motors","status":"publish","type":"page","link":"https:\/\/epssystem.pl\/uk\/nowa-oferta\/agregaty-pradotworcze\/getor-gi-iveco-motors\/","title":{"rendered":"GETOR GI (25 - 542 \u043a\u0412\u0410)"},"content":{"rendered":"<p>[vc_row type=&#8221;container&#8221;][vc_column width=&#8221;1\/3&#8243;][vc_single_image image=&#8221;72120&#8243; img_size=&#8221;full&#8221;][\/vc_column][vc_column width=&#8221;1\/3&#8243;][vc_empty_space height=&#8221;100px&#8221;][\/vc_column][vc_column width=&#8221;1\/3&#8243;][vc_raw_html css=&#8221;.vc_custom_1470304479702{margin-bottom: -40px !important;padding-bottom: -40px !important;padding-left: 80px !important;}&#8221;]JTNDcCUyMHN0eWxlJTNEJTIyY29sb3IlM0ElMjNCQkIlMjIlM0UlM0NiJTNFcG93ZXJlZCUyMGJ5JTNDJTJGYiUzRSUzQyUyRnAlM0U=[\/vc_raw_html][vc_single_image image=&#8221;71137&#8243; img_size=&#8221;medium&#8221;][\/vc_column][\/vc_row][vc_row type=&#8221;container&#8221;][vc_column width=&#8221;1\/3&#8243;][vc_single_image image=&#8221;71845&#8243; img_size=&#8221;full&#8221;][\/vc_column][vc_column width=&#8221;1\/3&#8243;][vc_single_image image=&#8221;71846&#8243; img_size=&#8221;full&#8221;][\/vc_column][vc_column width=&#8221;1\/3&#8243;][vc_single_image image=&#8221;71847&#8243; img_size=&#8221;full&#8221;][\/vc_column][\/vc_row][vc_row type=&#8221;container&#8221; css=&#8221;.vc_custom_1471341523761{margin-top: 0px !important;margin-right: 0px !important;margin-bottom: 0px !important;margin-left: 0px !important;border-top-width: 0px !important;border-right-width: 0px !important;border-bottom-width: 0px !important;border-left-width: 0px !important;padding-top: 0px !important;padding-right: 0px !important;padding-bottom: 0px !important;padding-left: 0px !important;}&#8221;][vc_column][vc_column_text css=&#8221;.vc_custom_1484916105179{margin-top: 0px !important;margin-right: 0px !important;margin-bottom: 0px !important;margin-left: 0px !important;border-top-width: 0px !important;border-right-width: 0px !important;border-bottom-width: 0px !important;border-left-width: 0px !important;padding-top: 0px !important;padding-right: 0px !important;padding-bottom: 0px !important;padding-left: 0px !important;}&#8221;]\u0421\u0435\u0440\u0456\u044f a\u0433\u0440\u0435\u0433\u0430\u0442i\u0432, \u043e\u0431\u043b\u0430\u0434\u043d\u0430\u043da\u043da \u0434\u0432\u0438\u0433\u0443\u043d\u043e\u043c \u0432 \u043a\u043e\u043d\u0441\u0442\u0440\u0443\u043a\u0446\u0456\u0457 \u044f\u043a\u043e\u0433o \u0432\u0438\u043a\u043e\u0440\u0438\u0441\u0442a\u043di \u0441\u0443\u0447\u0430\u0441\u043d\u0456 \u0442\u0435\u0445\u043d\u043e\u043b\u043e\u0433\u0456\u0457: \u0456\u043d\u043d\u043e\u0432\u0430\u0446\u0456\u0439\u043d\u0430 \u0430\u0440\u0445\u0456\u0442\u0435\u043a\u0442\u0443\u0440\u0430, \u0431\u0430\u0433\u0430\u0442\u043e\u043a\u043b\u0430\u043f\u0430\u043d\u043da \u0433\u043e\u043b\u0456\u0432\u043a\u0430, \u0442\u0443\u0440\u0431\u043e\u043d\u0430\u0434\u0434\u0443\u0432, \u0441\u0438\u0441\u0442\u0435\u043c\u0438 \u0432\u043f\u0440\u0438\u0441\u043a\u0443\u0432\u0430\u043d\u043d\u044f \u043f\u0430\u043b\u0438\u0432\u0430 \u043f\u0456\u0434 \u0432\u0438\u0441\u043e\u043a\u0438\u043c \u0442\u0438\u0441\u043a\u043e\u043c \u0437 \u0435\u043b\u0435\u043a\u0442\u0440\u043e\u043d\u043d\u0438\u043c \u0443\u043f\u0440\u0430\u0432\u043b\u0456\u043d\u043d\u044f\u043c. \u0422\u0430\u043a\u0438\u043c \u0447\u0438\u043d\u043e\u043c \u0437\u0430\u043f\u0440e\u043a\u0442\u043e\u0432\u0430\u043di \u0434\u0432\u0438\u0433\u0443\u043d\u0438 \u0445\u0430\u0440\u0430\u043a\u0442\u0435\u0440\u0438\u0437\u0443\u044e\u0442\u044c\u0441\u044f: \u0432\u0438\u0441\u043e\u043a\u043e\u044e \u043d\u0430\u0434\u0456\u0439\u043d\u0456\u0441\u0442\u044e, \u043d\u0438\u0437\u044c\u043a\u0438\u043c\u0438 \u0435\u043a\u0441\u043f\u043b\u0443\u0430\u0442\u0430\u0446\u0456\u0439\u043d\u0438\u043c\u0438 \u0432\u0438\u0442\u0440\u0430\u0442\u0430\u043c\u0438, \u043f\u043e\u0434\u043e\u0432\u0436\u0435\u043d\u0438\u043c \u043f\u0435\u0440i\u043e\u0434o\u043c \u0440\u043e\u0431\u043e\u0442\u0438 \u043c\u0456\u0436 \u0442\u0435\u0445\u043d\u0456\u0447\u043d\u0438\u043c\u0438 \u043e\u0433\u043b\u044f\u0434\u0430\u043c\u0438, \u0432\u0456\u0434\u043f\u043e\u0432\u0456\u0434\u0430\u044e\u0442\u044c \u0432\u0438\u043c\u043e\u0433\u0430\u043c \u0449\u043e\u0434\u043e \u0437\u0430\u0445\u0438\u0441\u0442\u0443 \u043d\u0430\u0432\u043a\u043e\u043b\u0438\u0448\u043d\u044c\u043e\u0433\u043e \u0441\u0435\u0440\u0435\u0434\u043e\u0432\u0438\u0449\u0430. \u0414\u0432\u0438\u0433\u0443\u043d\u0438 \u0434\u043e\u0441\u0442\u0443\u043f\u043d\u0456 \u0437 \u043c\u0435\u0445\u0430\u043d\u0456\u0447\u043d\u0438\u043c \u0430\u0431\u043e \u0437 \u0435\u043b\u0435\u043a\u0442\u0440\u043e\u043d\u043d\u0438\u043c \u0443\u043f\u0440\u0430\u0432\u043b\u0456\u043d\u043d\u044f\u043c \u0441\u0438\u0441\u0442\u0435\u043c\u043e\u044e \u0432\u043f\u0440\u0438\u0441\u043a\u0443\u0432\u0430\u043d\u043d\u044f \u043f\u0430\u043b\u0438\u0432\u0430.A\u0433\u0440\u0435\u0433\u0430\u0442\u044b, \u0434\u043e\u0441\u0442\u0443\u043f\u043di \u0432 \u0441\u0442\u0430\u043d\u0434\u0430\u0440\u0442i \u0437 \u0434\u0432\u0438\u0433\u0443\u043d\u0430\u043c\u0438 \u0432\u0438\u043a\u043e\u043da\u043d\u0438\u043c\u0438 \u0432 \u0432\u0435\u0440\u0441\u0438\u0438 no-emission, Stage 1 \u0438 2 &#8211;\u00a0 \u0434\u043b\u044f \u0441\u0442\u0430\u0446\u0456\u043e\u043d\u0430\u0440\u043d\u0438\u0445 \u043c\u0430\u0448\u0438\u043d. \u0414\u043b\u044f \u043c\u043e\u0431\u0456\u043b\u044c\u043d\u0438\u0445 \u0434\u043e\u0434\u0430\u0442\u043a\u0456\u0432 \u0434\u043e\u0441\u0442\u0443\u043f\u043d\u0456 \u0432\u0435\u0440\u0441\u0456\u0457, \u044f\u043a\u0456 \u0432\u0456\u0434\u043f\u043e\u0432\u0456\u0434\u0430\u044e\u0442\u044c \u0432\u0438\u043c\u043e\u0433\u0430\u043c \u0435\u043c\u0456\u0441\u0456\u0457 \u0432\u0438\u0445\u043b\u043e\u043f\u043d\u0438\u0445 \u0433\u0430\u0437\u0456\u0432 Stage 3A.[\/vc_column_text][\/vc_column][\/vc_row][vc_row type=&#8221;container&#8221; css=&#8221;.vc_custom_1471341523761{margin-top: 0px !important;margin-right: 0px !important;margin-bottom: 0px !important;margin-left: 0px !important;border-top-width: 0px !important;border-right-width: 0px !important;border-bottom-width: 0px !important;border-left-width: 0px !important;padding-top: 0px !important;padding-right: 0px !important;padding-bottom: 0px !important;padding-left: 0px !important;}&#8221;][vc_column][vc_column_text css=&#8221;.vc_custom_1484916762638{margin-top: 0px !important;margin-right: 0px !important;margin-bottom: 0px !important;margin-left: 0px !important;border-top-width: 0px !important;border-right-width: 0px !important;border-bottom-width: 0px !important;border-left-width: 0px !important;padding-top: 0px !important;padding-right: 0px !important;padding-bottom: 0px !important;padding-left: 0px !important;}&#8221;]<\/p>\n<p style=\"text-align: center;\"><a href=\"http:\/\/epssystem.pl\/get-a-quote\/\"><i class=\" glyphicon glyphicon-envelope \" style=\"color:#bb1a12; font-size:24px;\"><\/i> \u041b\u0438\u0441\u0442<\/a><\/p>\n<p>[\/vc_column_text][vc_empty_space][vc_column_text css=&#8221;.vc_custom_1484916169837{margin-top: 0px !important;margin-right: 0px !important;margin-bottom: 0px !important;margin-left: 0px !important;border-top-width: 0px !important;border-right-width: 0px !important;border-bottom-width: 0px !important;border-left-width: 0px !important;padding-top: 0px !important;padding-right: 0px !important;padding-bottom: 0px !important;padding-left: 0px !important;}&#8221;]<strong>\u0422\u0430\u0431\u043b\u0438\u0446\u044f \u0441\u0435\u0440\u0456\u0457 GETOR GI<\/strong>[\/vc_column_text][\/vc_column][\/vc_row][vc_row type=&#8221;container&#8221;][vc_column][vc_column_text]<div class=\"table-responsive\"><table width=\"100%\" class=\"table \" style=\"table-bordered\"> <thead><tr> <th>T\u0438\u043f \u043d\u0435\u0437\u0430\u0448\u0438\u0442\u0438\u0439<\/th> <th>\u0422\u0438\u043f \u0437\u0430\u0448\u0438\u0442\u0438\u0439 <\/th> <th>\u041f\u043e\u0442\u0443\u0436\u043d\u0456\u0441\u0442\u044c \u0410\u0432\u0430\u0440\u0456\u0439\u043da [\u043a\u0412\u0410 \/ \u043a\u0412\u0442]<\/th> <th>\u0411\u0435\u0437\u043f\u0435\u0440\u0435\u0440\u0432\u043d\u0430 \u043f\u043e\u0442\u0443\u0436\u043d\u0456\u0441\u0442\u044c\u00a0 [\u043a\u0412\u0410 \/ \u043a\u0412\u0442] <\/th> <th>\u0412\u0438\u0442\u0440\u0430\u0442\u0430 \u043f\u0430\u043b\u0438\u0432\u0430<\/th> <th>\u041b\u0438\u0441\u0442<\/th> <\/tr><\/thead> <tbody> <tr> <td>GI 22 N<\/td> <td>GI 22 S<\/td> <td>25,3\/ 20,2<\/td> <td>23,0 \/18,4 <\/td> <td>8,3 <\/td> <td><a href=\"http:\/\/epssystem.pl\/karty_katalogowe\/GETOR\/GETOR GI\/GETOR GI 22_.pdf\"><i class=\" glyphicon glyphicon-save \" style=\"color:#bb1a12; font-size:24px;\"><\/i> PDF<\/a><\/td> <\/tr> <tr> <td>GI 33 N<\/td> <td>GI 33 S<\/td> <td>34,8\/ 27,8<\/td> <td>31,5 \/25,2 <\/td> <td>8,3 <\/td> <td><a href=\"http:\/\/epssystem.pl\/karty_katalogowe\/GETOR\/GETOR GI\/GETOR GI 33_.pdf\"><i class=\" glyphicon glyphicon-save \" style=\"color:#bb1a12; font-size:24px;\"><\/i> PDF<\/a><\/td> <\/tr> <tr> <td>GI 44 N<\/td> <td>GI 44 S<\/td> <td>35,9\/ 36,7<\/td> <td>41,7 \/33,4 <\/td> <td>10,6 <\/td> <td><a href=\"http:\/\/epssystem.pl\/karty_katalogowe\/GETOR\/GETOR GI\/GETOR GI 44.pdf\"><i class=\" glyphicon glyphicon-save \" style=\"color:#bb1a12; font-size:24px;\"><\/i> PDF<\/a><\/td> <\/tr> <tr> <td>GI 55 N<\/td> <td>GI 55 S<\/td> <td>55,0\/ 44,0<\/td> <td>49,9 \/39,9 <\/td> <td>11,6 <\/td> <td><a href=\"http:\/\/epssystem.pl\/karty_katalogowe\/GETOR\/GETOR GI\/GETOR GI 55.pdf\"><i class=\" glyphicon glyphicon-save \" style=\"color:#bb1a12; font-size:24px;\"><\/i> PDF<\/a><\/td> <\/tr> <tr> <td>GI 67 N<\/td> <td>GI 67 S<\/td> <td>66,2\/ 53,0<\/td> <td>60,0 \/48,0 <\/td> <td>13,7 <\/td> <td><a href=\"http:\/\/epssystem.pl\/karty_katalogowe\/GETOR\/GETOR GI\/GETOR GI 67.pdf\"><i class=\" glyphicon glyphicon-save \" style=\"color:#bb1a12; font-size:24px;\"><\/i> PDF<\/a><\/td> <\/tr> <tr> <td>GI 82 N<\/td> <td>GI 82 S<\/td> <td>82,2\/ 65,8<\/td> <td>74,8 \/59,8 <\/td> <td>17,1 <\/td> <td><a href=\"http:\/\/epssystem.pl\/karty_katalogowe\/GETOR\/GETOR GI\/GETOR GI 82.pdf\"><i class=\" glyphicon glyphicon-save \" style=\"color:#bb1a12; font-size:24px;\"><\/i> PDF<\/a><\/td> <\/tr> <tr> <td>GI 94 N<\/td> <td>GI 94 S<\/td> <td>92,1\/ 73,3<\/td> <td>83,4 \/66,7 <\/td> <td>19,4 <\/td> <td><a href=\"http:\/\/epssystem.pl\/karty_katalogowe\/GETOR\/GETOR GI\/GETOR GI 94.pdf\"><i class=\" glyphicon glyphicon-save \" style=\"color:#bb1a12; font-size:24px;\"><\/i> PDF<\/a><\/td> <\/tr> <tr> <td>GI 110 N<\/td> <td>GI 110 S<\/td> <td>110,4\/ 88,3<\/td> <td>100,4 \/80,3 <\/td> <td>22,0<\/td> <td><a href=\"http:\/\/epssystem.pl\/karty_katalogowe\/GETOR\/GETOR GI\/GETOR GI 110.pdf\"><i class=\" glyphicon glyphicon-save \" style=\"color:#bb1a12; font-size:24px;\"><\/i> PDF<\/a><\/td> <\/tr> <tr> <td>GI 143 N<\/td> <td>GI 143 S<\/td> <td>139,5\/ 111,6<\/td> <td>126,8\/101,4 <\/td> <td>29,3 <\/td> <td><a href=\"http:\/\/epssystem.pl\/karty_katalogowe\/GETOR\/GETOR GI\/GETOR GI 143.pdf\"><i class=\" glyphicon glyphicon-save \" style=\"color:#bb1a12; font-size:24px;\"><\/i> PDF<\/a><\/td> <\/tr> <tr> <td>GI 143+ N<\/td> <td>GI 143+ S<\/td> <td>145,2\/ 116,2<\/td> <td>131,6\/101,4 <\/td> <td>29,3 <\/td> <td><a href=\"http:\/\/epssystem.pl\/karty_katalogowe\/GETOR\/GETOR GI\/GETOR GI 143+.pdf\"><i class=\" glyphicon glyphicon-save \" style=\"color:#bb1a12; font-size:24px;\"><\/i> PDF<\/a><\/td> <\/tr> <tr> <td>GI 176 N<\/td> <td>GI 176 S<\/td> <td>191,8\/ 153,5<\/td> <td>174,0\/139,2 <\/td> <td>36,6 <\/td> <td><a href=\"http:\/\/epssystem.pl\/karty_katalogowe\/GETOR\/GETOR GI\/GETOR GI 176.pdf\"><i class=\" glyphicon glyphicon-save \" style=\"color:#bb1a12; font-size:24px;\"><\/i> PDF<\/a><\/td> <\/tr> <tr> <td>GI 220 N<\/td> <td>GI 220 S<\/td> <td>226,0\/ 180,8<\/td> <td>205,6\/164,5 <\/td> <td>42,1 <\/td> <td><a href=\"http:\/\/epssystem.pl\/karty_katalogowe\/GETOR\/GETOR GI\/GETOR GI 220.pdf\"><i class=\" glyphicon glyphicon-save \" style=\"color:#bb1a12; font-size:24px;\"><\/i> PDF<\/a><\/td> <\/tr> <tr> <td>GI 275 N<\/td> <td>GI 275 S<\/td> <td>275,0\/ 220,0<\/td> <td>250,0\/200,0 <\/td> <td>55,3<\/td> <td><a href=\"http:\/\/epssystem.pl\/karty_katalogowe\/GETOR\/GETOR GI\/GETOR GI 275.pdf\"><i class=\" glyphicon glyphicon-save \" style=\"color:#bb1a12; font-size:24px;\"><\/i> PDF<\/a><\/td> <\/tr> <tr> <td>GI 275+ N<\/td> <td>GI 275+ S<\/td> <td>289,8\/ 231,8<\/td> <td>266,5,0\/213,2 <\/td> <td>55,3<\/td> <td><a href=\"http:\/\/epssystem.pl\/karty_katalogowe\/GETOR\/GETOR GI\/GETOR GI 275+.pdf\"><i class=\" glyphicon glyphicon-save \" style=\"color:#bb1a12; font-size:24px;\"><\/i> PDF<\/a><\/td> <\/tr> <tr> <td>GI 330 N<\/td> <td>GI 350 S<\/td> <td>330,0\/ 264,0<\/td> <td>300,0\/ 240,0 <\/td> <td>66,6<\/td> <td><a href=\"http:\/\/epssystem.pl\/karty_katalogowe\/GETOR\/GETOR GI\/GETOR GI 330.pdf\"><i class=\" glyphicon glyphicon-save \" style=\"color:#bb1a12; font-size:24px;\"><\/i> PDF<\/a><\/td> <\/tr> <tr> <td>GI 330+ N<\/td> <td>GI 330+ S<\/td> <td>349,1\/ 279,3<\/td> <td>321,1\/256,9<\/td> <td>66,5<\/td> <td><a href=\"http:\/\/epssystem.pl\/karty_katalogowe\/GETOR\/GETOR GI\/GETOR GI 330+.pdf\"><i class=\" glyphicon glyphicon-save \" style=\"color:#bb1a12; font-size:24px;\"><\/i> PDF<\/a><\/td> <\/tr> <tr> <td>GI 385 N<\/td> <td>GI 385 S<\/td> <td>385,0\/ 308,0<\/td> <td>350,0\/280,0<\/td> <td>70,0<\/td> <td><a href=\"http:\/\/epssystem.pl\/karty_katalogowe\/GETOR\/GETOR GI\/GETOR GI 385.pdf\"><i class=\" glyphicon glyphicon-save \" style=\"color:#bb1a12; font-size:24px;\"><\/i> PDF<\/a><\/td> <\/tr> <tr> <td>GI 440+ N<\/td> <td>GI 440+ S<\/td> <td>451,0\/ 360,8<\/td> <td>410,0\/328,0<\/td> <td>87,5<\/td> <td><a href=\"http:\/\/epssystem.pl\/karty_katalogowe\/GETOR\/GETOR GI\/GETOR GI 440+.pdf\"><i class=\" glyphicon glyphicon-save \" style=\"color:#bb1a12; font-size:24px;\"><\/i> PDF<\/a><\/td> <\/tr> <tr> <td>GI 500 N<\/td> <td>GI 500 S<\/td> <td>542,8\/ 434,2<\/td> <td>490,7\/ 392,6<\/td> <td>100,6<\/td> <td><a href=\"http:\/\/epssystem.pl\/karty_katalogowe\/GETOR\/GETOR GI\/GETOR GI 500.pdf\"><i class=\" glyphicon glyphicon-save \" style=\"color:#bb1a12; font-size:24px;\"><\/i> PDF<\/a><\/td> <\/tr> <\/tbody> <\/table><\/div>[\/vc_column_text][\/vc_column][\/vc_row]<\/p>\n","protected":false},"excerpt":{"rendered":"<p>[vc_row type=&#8221;container&#8221;][vc_column width=&#8221;1\/3&#8243;][vc_single_image image=&#8221;72120&#8243; img_size=&#8221;full&#8221;][\/vc_column][vc_column width=&#8221;1\/3&#8243;][vc_empty_space height=&#8221;100px&#8221;][\/vc_column][vc_column width=&#8221;1\/3&#8243;][vc_raw_html css=&#8221;.vc_custom_1470304479702{margin-bottom: -40px !important;padding-bottom: -40px !important;padding-left: 80px !important;}&#8221;]JTNDcCUyMHN0eWxlJTNEJTIyY29sb3IlM0ElMjNCQkIlMjIlM0UlM0NiJTNFcG93ZXJlZCUyMGJ5JTNDJTJGYiUzRSUzQyUyRnAlM0U=[\/vc_raw_html][vc_single_image image=&#8221;71137&#8243; img_size=&#8221;medium&#8221;][\/vc_column][\/vc_row][vc_row type=&#8221;container&#8221;][vc_column width=&#8221;1\/3&#8243;][vc_single_image image=&#8221;71845&#8243; img_size=&#8221;full&#8221;][\/vc_column][vc_column width=&#8221;1\/3&#8243;][vc_single_image image=&#8221;71846&#8243; img_size=&#8221;full&#8221;][\/vc_column][vc_column width=&#8221;1\/3&#8243;][vc_single_image image=&#8221;71847&#8243; img_size=&#8221;full&#8221;][\/vc_column][\/vc_row][vc_row type=&#8221;container&#8221; css=&#8221;.vc_custom_1471341523761{margin-top: 0px !important;margin-right: 0px !important;margin-bottom: 0px !important;margin-left: 0px !important;border-top-width: 0px !important;border-right-width: 0px !important;border-bottom-width: 0px !important;border-left-width: 0px !important;padding-top: 0px !important;padding-right: 0px !important;padding-bottom: 0px !important;padding-left: 0px !important;}&#8221;][vc_column][vc_column_text css=&#8221;.vc_custom_1484916105179{margin-top: 0px [&hellip;]<\/p>\n","protected":false},"author":3,"featured_media":71845,"parent":71053,"menu_order":0,"comment_status":"closed","ping_status":"closed","template":"","meta":[],"acf":[],"yoast_head":"<!-- This site is optimized with the Yoast SEO plugin v18.2 - https:\/\/yoast.com\/wordpress\/plugins\/seo\/ -->\n<title>Agregaty pr\u0105dotw\u00f3rcze 25 - 542 kVA z silnikiami Iveco Motors GETOR GI | EPS System<\/title>\n<meta name=\"description\" content=\"Polskie agregaty pr\u0105dotw\u00f3rcze z silnikami Iveco Morots 25 \u2013 542 kWA w wersji nieobudowanej, obudowanej i kontenerowej. Niezawodno\u015b\u0107 gwarantowana!\" \/>\n<meta name=\"robots\" content=\"index, follow, max-snippet:-1, max-image-preview:large, max-video-preview:-1\" \/>\n<link rel=\"canonical\" href=\"https:\/\/epssystem.pl\/nowa-oferta\/agregaty-pradotworcze\/getor-gi-iveco-motors\/\" \/>\n<meta property=\"og:locale\" content=\"uk_UA\" \/>\n<meta property=\"og:type\" content=\"article\" \/>\n<meta property=\"og:title\" content=\"Agregaty pr\u0105dotw\u00f3rcze 25 - 542 kVA z silnikiami Iveco Motors GETOR GI | EPS System\" \/>\n<meta property=\"og:description\" content=\"Polskie agregaty pr\u0105dotw\u00f3rcze z silnikami Iveco Morots 25 \u2013 542 kWA w wersji nieobudowanej, obudowanej i kontenerowej. Niezawodno\u015b\u0107 gwarantowana!\" \/>\n<meta property=\"og:url\" content=\"https:\/\/epssystem.pl\/nowa-oferta\/agregaty-pradotworcze\/getor-gi-iveco-motors\/\" \/>\n<meta property=\"og:site_name\" content=\"EPS System\" \/>\n<meta property=\"article:modified_time\" content=\"2023-10-20T11:59:53+00:00\" \/>\n<meta property=\"og:image\" content=\"https:\/\/epssystem.pl\/wp-content\/uploads\/2016\/07\/GETOR-GI-44.png\" \/>\n\t<meta property=\"og:image:width\" content=\"199\" \/>\n\t<meta property=\"og:image:height\" content=\"231\" \/>\n\t<meta property=\"og:image:type\" content=\"image\/png\" \/>\n<meta name=\"twitter:card\" content=\"summary\" \/>\n<meta name=\"twitter:label1\" content=\"Est. reading time\" \/>\n\t<meta name=\"twitter:data1\" content=\"6 minutes\" \/>\n<script type=\"application\/ld+json\" class=\"yoast-schema-graph\">{\"@context\":\"https:\/\/schema.org\",\"@graph\":[{\"@type\":\"WebSite\",\"@id\":\"https:\/\/epssystem.pl\/#website\",\"url\":\"https:\/\/epssystem.pl\/\",\"name\":\"EPS System\",\"description\":\"Polski producent system\u00f3w zasilania gwarantowanego\",\"potentialAction\":[{\"@type\":\"SearchAction\",\"target\":{\"@type\":\"EntryPoint\",\"urlTemplate\":\"https:\/\/epssystem.pl\/?s={search_term_string}\"},\"query-input\":\"required name=search_term_string\"}],\"inLanguage\":\"uk\"},{\"@type\":\"ImageObject\",\"@id\":\"https:\/\/epssystem.pl\/nowa-oferta\/agregaty-pradotworcze\/getor-gi-iveco-motors\/#primaryimage\",\"inLanguage\":\"uk\",\"url\":\"https:\/\/epssystem.pl\/wp-content\/uploads\/2016\/07\/GETOR-GI-44.png\",\"contentUrl\":\"https:\/\/epssystem.pl\/wp-content\/uploads\/2016\/07\/GETOR-GI-44.png\",\"width\":199,\"height\":231,\"caption\":\"25 kw Agregat\"},{\"@type\":\"WebPage\",\"@id\":\"https:\/\/epssystem.pl\/nowa-oferta\/agregaty-pradotworcze\/getor-gi-iveco-motors\/#webpage\",\"url\":\"https:\/\/epssystem.pl\/nowa-oferta\/agregaty-pradotworcze\/getor-gi-iveco-motors\/\",\"name\":\"Agregaty pr\u0105dotw\u00f3rcze 25 - 542 kVA z silnikiami Iveco Motors GETOR GI | EPS System\",\"isPartOf\":{\"@id\":\"https:\/\/epssystem.pl\/#website\"},\"primaryImageOfPage\":{\"@id\":\"https:\/\/epssystem.pl\/nowa-oferta\/agregaty-pradotworcze\/getor-gi-iveco-motors\/#primaryimage\"},\"datePublished\":\"2016-07-12T06:55:22+00:00\",\"dateModified\":\"2023-10-20T11:59:53+00:00\",\"description\":\"Polskie agregaty pr\u0105dotw\u00f3rcze z silnikami Iveco Morots 25 \u2013 542 kWA w wersji nieobudowanej, obudowanej i kontenerowej. Niezawodno\u015b\u0107 gwarantowana!\",\"breadcrumb\":{\"@id\":\"https:\/\/epssystem.pl\/nowa-oferta\/agregaty-pradotworcze\/getor-gi-iveco-motors\/#breadcrumb\"},\"inLanguage\":\"uk\",\"potentialAction\":[{\"@type\":\"ReadAction\",\"target\":[\"https:\/\/epssystem.pl\/nowa-oferta\/agregaty-pradotworcze\/getor-gi-iveco-motors\/\"]}]},{\"@type\":\"BreadcrumbList\",\"@id\":\"https:\/\/epssystem.pl\/nowa-oferta\/agregaty-pradotworcze\/getor-gi-iveco-motors\/#breadcrumb\",\"itemListElement\":[{\"@type\":\"ListItem\",\"position\":1,\"name\":\"Strona g\u0142\u00f3wna\",\"item\":\"https:\/\/epssystem.pl\/\"},{\"@type\":\"ListItem\",\"position\":2,\"name\":\"Oferta\",\"item\":\"https:\/\/epssystem.pl\/nowa-oferta\/\"},{\"@type\":\"ListItem\",\"position\":3,\"name\":\"Agregaty pr\u0105dotw\u00f3rcze\",\"item\":\"https:\/\/epssystem.pl\/nowa-oferta\/agregaty-pradotworcze\/\"},{\"@type\":\"ListItem\",\"position\":4,\"name\":\"Agregaty pr\u0105dotw\u00f3rcze Iveco GETOR GI (25 - 542 kVA)\"}]}]}<\/script>\n<!-- \/ Yoast SEO plugin. -->","yoast_head_json":{"title":"Agregaty pr\u0105dotw\u00f3rcze 25 - 542 kVA z silnikiami Iveco Motors GETOR GI | EPS System","description":"Polskie agregaty pr\u0105dotw\u00f3rcze z silnikami Iveco Morots 25 \u2013 542 kWA w wersji nieobudowanej, obudowanej i kontenerowej. Niezawodno\u015b\u0107 gwarantowana!","robots":{"index":"index","follow":"follow","max-snippet":"max-snippet:-1","max-image-preview":"max-image-preview:large","max-video-preview":"max-video-preview:-1"},"canonical":"https:\/\/epssystem.pl\/nowa-oferta\/agregaty-pradotworcze\/getor-gi-iveco-motors\/","og_locale":"uk_UA","og_type":"article","og_title":"Agregaty pr\u0105dotw\u00f3rcze 25 - 542 kVA z silnikiami Iveco Motors GETOR GI | EPS System","og_description":"Polskie agregaty pr\u0105dotw\u00f3rcze z silnikami Iveco Morots 25 \u2013 542 kWA w wersji nieobudowanej, obudowanej i kontenerowej. Niezawodno\u015b\u0107 gwarantowana!","og_url":"https:\/\/epssystem.pl\/nowa-oferta\/agregaty-pradotworcze\/getor-gi-iveco-motors\/","og_site_name":"EPS System","article_modified_time":"2023-10-20T11:59:53+00:00","og_image":[{"width":199,"height":231,"url":"https:\/\/epssystem.pl\/wp-content\/uploads\/2016\/07\/GETOR-GI-44.png","type":"image\/png"}],"twitter_card":"summary","twitter_misc":{"Est. reading time":"6 minutes"},"schema":{"@context":"https:\/\/schema.org","@graph":[{"@type":"WebSite","@id":"https:\/\/epssystem.pl\/#website","url":"https:\/\/epssystem.pl\/","name":"EPS System","description":"Polski producent system\u00f3w zasilania gwarantowanego","potentialAction":[{"@type":"SearchAction","target":{"@type":"EntryPoint","urlTemplate":"https:\/\/epssystem.pl\/?s={search_term_string}"},"query-input":"required name=search_term_string"}],"inLanguage":"uk"},{"@type":"ImageObject","@id":"https:\/\/epssystem.pl\/nowa-oferta\/agregaty-pradotworcze\/getor-gi-iveco-motors\/#primaryimage","inLanguage":"uk","url":"https:\/\/epssystem.pl\/wp-content\/uploads\/2016\/07\/GETOR-GI-44.png","contentUrl":"https:\/\/epssystem.pl\/wp-content\/uploads\/2016\/07\/GETOR-GI-44.png","width":199,"height":231,"caption":"25 kw Agregat"},{"@type":"WebPage","@id":"https:\/\/epssystem.pl\/nowa-oferta\/agregaty-pradotworcze\/getor-gi-iveco-motors\/#webpage","url":"https:\/\/epssystem.pl\/nowa-oferta\/agregaty-pradotworcze\/getor-gi-iveco-motors\/","name":"Agregaty pr\u0105dotw\u00f3rcze 25 - 542 kVA z silnikiami Iveco Motors GETOR GI | EPS System","isPartOf":{"@id":"https:\/\/epssystem.pl\/#website"},"primaryImageOfPage":{"@id":"https:\/\/epssystem.pl\/nowa-oferta\/agregaty-pradotworcze\/getor-gi-iveco-motors\/#primaryimage"},"datePublished":"2016-07-12T06:55:22+00:00","dateModified":"2023-10-20T11:59:53+00:00","description":"Polskie agregaty pr\u0105dotw\u00f3rcze z silnikami Iveco Morots 25 \u2013 542 kWA w wersji nieobudowanej, obudowanej i kontenerowej. Niezawodno\u015b\u0107 gwarantowana!","breadcrumb":{"@id":"https:\/\/epssystem.pl\/nowa-oferta\/agregaty-pradotworcze\/getor-gi-iveco-motors\/#breadcrumb"},"inLanguage":"uk","potentialAction":[{"@type":"ReadAction","target":["https:\/\/epssystem.pl\/nowa-oferta\/agregaty-pradotworcze\/getor-gi-iveco-motors\/"]}]},{"@type":"BreadcrumbList","@id":"https:\/\/epssystem.pl\/nowa-oferta\/agregaty-pradotworcze\/getor-gi-iveco-motors\/#breadcrumb","itemListElement":[{"@type":"ListItem","position":1,"name":"Strona g\u0142\u00f3wna","item":"https:\/\/epssystem.pl\/"},{"@type":"ListItem","position":2,"name":"Oferta","item":"https:\/\/epssystem.pl\/nowa-oferta\/"},{"@type":"ListItem","position":3,"name":"Agregaty pr\u0105dotw\u00f3rcze","item":"https:\/\/epssystem.pl\/nowa-oferta\/agregaty-pradotworcze\/"},{"@type":"ListItem","position":4,"name":"Agregaty pr\u0105dotw\u00f3rcze Iveco GETOR GI (25 - 542 kVA)"}]}]}},"_links":{"self":[{"href":"https:\/\/epssystem.pl\/uk\/wp-json\/wp\/v2\/pages\/71093"}],"collection":[{"href":"https:\/\/epssystem.pl\/uk\/wp-json\/wp\/v2\/pages"}],"about":[{"href":"https:\/\/epssystem.pl\/uk\/wp-json\/wp\/v2\/types\/page"}],"author":[{"embeddable":true,"href":"https:\/\/epssystem.pl\/uk\/wp-json\/wp\/v2\/users\/3"}],"replies":[{"embeddable":true,"href":"https:\/\/epssystem.pl\/uk\/wp-json\/wp\/v2\/comments?post=71093"}],"version-history":[{"count":5,"href":"https:\/\/epssystem.pl\/uk\/wp-json\/wp\/v2\/pages\/71093\/revisions"}],"predecessor-version":[{"id":74122,"href":"https:\/\/epssystem.pl\/uk\/wp-json\/wp\/v2\/pages\/71093\/revisions\/74122"}],"up":[{"embeddable":true,"href":"https:\/\/epssystem.pl\/uk\/wp-json\/wp\/v2\/pages\/71053"}],"wp:featuredmedia":[{"embeddable":true,"href":"https:\/\/epssystem.pl\/uk\/wp-json\/wp\/v2\/media\/71845"}],"wp:attachment":[{"href":"https:\/\/epssystem.pl\/uk\/wp-json\/wp\/v2\/media?parent=71093"}],"curies":[{"name":"wp","href":"https:\/\/api.w.org\/{rel}","templated":true}]}}