{"id":71095,"date":"2016-07-12T06:57:12","date_gmt":"2016-07-12T06:57:12","guid":{"rendered":"http:\/\/epssystem.pl\/?page_id=71095"},"modified":"2022-11-16T10:45:25","modified_gmt":"2022-11-16T10:45:25","slug":"getor-gv-volvo","status":"publish","type":"page","link":"https:\/\/epssystem.pl\/uk\/nowa-oferta\/agregaty-pradotworcze\/getor-gv-volvo\/","title":{"rendered":"GETOR GV  (94 - 705 \u043a\u0412\u0410)"},"content":{"rendered":"<p>[vc_row type=&#8221;container&#8221;][vc_column width=&#8221;1\/3&#8243;][vc_single_image image=&#8221;72118&#8243; img_size=&#8221;full&#8221;][\/vc_column][vc_column width=&#8221;1\/3&#8243;][vc_empty_space height=&#8221;100px&#8221;][\/vc_column][vc_column width=&#8221;1\/3&#8243;][vc_single_image image=&#8221;71879&#8243; img_size=&#8221;medium&#8221;][\/vc_column][\/vc_row][vc_row type=&#8221;container&#8221;][vc_column width=&#8221;1\/3&#8243;][vc_single_image image=&#8221;71875&#8243; img_size=&#8221;full&#8221;][\/vc_column][vc_column width=&#8221;1\/3&#8243;][vc_single_image image=&#8221;71876&#8243; img_size=&#8221;full&#8221;][\/vc_column][vc_column width=&#8221;1\/3&#8243;][vc_single_image image=&#8221;71877&#8243; img_size=&#8221;full&#8221;][\/vc_column][\/vc_row][vc_row type=&#8221;container&#8221; css=&#8221;.vc_custom_1471341523761{margin-top: 0px !important;margin-right: 0px !important;margin-bottom: 0px !important;margin-left: 0px !important;border-top-width: 0px !important;border-right-width: 0px !important;border-bottom-width: 0px !important;border-left-width: 0px !important;padding-top: 0px !important;padding-right: 0px !important;padding-bottom: 0px !important;padding-left: 0px !important;}&#8221;][vc_column][vc_column_text css=&#8221;.vc_custom_1484919648865{margin-top: 0px !important;margin-right: 0px !important;margin-bottom: 0px !important;margin-left: 0px !important;border-top-width: 0px !important;border-right-width: 0px !important;border-bottom-width: 0px !important;border-left-width: 0px !important;padding-top: 0px !important;padding-right: 0px !important;padding-bottom: 0px !important;padding-left: 0px !important;}&#8221;]\u0412\u0438\u0441\u043e\u043a\u0430 \u0435\u0444\u0435\u043a\u0442\u0438\u0432\u043d\u0456\u0441\u0442\u044c, \u043e\u043f\u0442\u0438\u043c\u0456\u0437\u043e\u0432\u0430\u043d\u0456 \u0434\u043b\u044f \u0434\u043e\u0441\u044f\u0433\u043d\u0435\u043d\u043d\u044f \u043c\u0430\u043a\u0441\u0438\u043c\u0430\u043b\u044c\u043d\u043e\u0457 \u0442\u0440\u0438\u0432\u0430\u043b\u043e\u0441\u0442\u0456 \u043f\u0435\u0440\u0456\u043e\u0434\u0443 \u044d\u043a\u0441\u043f\u043b\u043e\u0430\u0442\u0430\u0446i\u0457 \u0434\u0432\u0438\u0433\u0443\u043d\u0430, \u043d\u0438\u0437\u044c\u043a\u0456 \u0435\u043a\u0441\u043f\u043b\u0443\u0430\u0442\u0430\u0446\u0456\u0439\u043d\u0456 \u0432\u0438\u0442\u0440\u0430\u0442\u0438, \u0432\u0438\u0439\u043d\u044f\u0442\u043a\u043e\u0432\u0430 \u043d\u0430\u0434\u0456\u0439\u043d\u0456\u0441\u0442\u044c &#8211; \u0437\u0430\u0433\u0430\u043b\u044c\u043d\u0456 \u043e\u0441\u043e\u0431\u043b\u0438\u0432\u043e\u0441\u0442\u0456 \u0434\u0432\u0438\u0433\u0443\u043d\u0456\u0432 Volvo Penta. \u041f\u0440\u043e\u0441\u0442\u043e\u0442\u0430 \u0443\u0441\u0442\u0430\u043d\u043e\u0432\u043a\u0438 \u0456 \u043e\u0431\u0441\u043b\u0443\u0433\u043e\u0432\u0443\u0432\u0430\u043d\u043d\u044f \u0443 \u0432\u0441\u044c\u043e\u043c\u0443 \u0441\u0432\u0456\u0442\u0456 \u0454 \u043f\u0440\u0438\u0447\u0438\u043d\u043e\u044e \u0442\u043e\u0433\u043e, \u0447\u043e\u043c\u0443 \u043f\u0440\u043e\u0432\u0456\u0434\u043d\u0456 \u0432\u0438\u0440\u043e\u0431\u043d\u0438\u043a\u0438 \u0432\u0438\u0431\u0438\u0440\u0430\u044e\u0442\u044c Volvo Penta. \u0414\u0432\u0438\u0433\u0443\u043d\u0438, \u0437\u0430\u043f\u0440\u043e\u0435\u043a\u0442\u043e\u0432\u0430\u043d\u0456 \u0434\u043b\u044f \u043d\u0430\u0439\u0431\u0456\u043b\u044c\u0448 \u0432\u0438\u043c\u043e\u0433\u043b\u0438\u0432\u043e\u0433o \u043f\u0440\u0438\u0437\u043d\u0430\u0447\u0435\u043d\u043d\u043d\u044f: \u043f\u0440\u0438\u0432\u0456\u0434 \u0432\u0430\u043d\u0442\u0430\u0436\u043d\u0438\u0445 \u0430\u0432\u0442\u043e\u043c\u043e\u0431\u0456\u043b\u0456\u0432, \u0443\u0441\u0456 \u0442\u0438\u043f\u0438 \u0441\u0443\u0434\u0456\u0432 \u0443 \u0432\u0456\u0434\u043a\u0440\u0438\u0442\u043e\u043c\u0443 \u043c\u043e\u0440\u0456, \u0456 \u0437\u0432\u0438\u0447\u0430\u0439\u043d\u043e \u0433\u0435\u043d\u0435\u0440\u0430\u0442\u043e\u0440\u043di \u0443\u0441\u0442\u0430\u043d\u043e\u0432\u043a\u0438.<\/p>\n<p>\u0422\u0440\u0438\u0432\u0430\u043b\u0456 \u043f\u0435\u0440\u0456\u043e\u0434\u0438 \u043c\u0456\u0436 \u0442\u0435\u0445\u043d\u0456\u0447\u043d\u0438\u043c \u043e\u0431\u0441\u043b\u0443\u0433\u043e\u0432\u0443\u0432\u0430\u043d\u043d\u044f\u043c, \u043b\u0435\u0433\u043au\u0439 \u0456 \u043d\u0435 \u0434\u043e\u0440\u043e\u0433\u0438\u0439 \u0441\u0435\u0440\u0432\u0456\u0441 &#8211; \u0441\u0442\u0430\u0432\u0438\u0442\u044c Volvo Penta \u043f\u043e\u043f\u0435\u0440\u0435\u0434\u0443 \u0441\u0435\u0440\u0435\u0434 \u043f\u0440\u043e\u0432\u0456\u0434\u043d\u0438\u0445 \u0441\u0432\u0456\u0442\u043e\u0432\u0438\u0445 \u0432\u0438\u0440\u043e\u0431\u043d\u0438\u043a\u0456\u0432 \u0434\u0438\u0437\u0435\u043b\u044c\u043d\u0438\u0445 \u0434\u0432\u0438\u0433\u0443\u043d\u0456\u0432. \u0412\u0441\u0456 \u0431\u043b\u043e\u043a\u0438 \u0436\u0438\u0432\u043b\u0435\u043d\u043d\u044f \u0432\u0456\u0434 Volvo Penta \u043e\u0431\u043b\u0430\u0434\u043d\u0430\u043d\u0456 \u0435\u043b\u0435\u043a\u0442\u0440\u043e\u043d\u043d\u0438\u043c\u0438 \u0440\u0435\u0433\u0443\u043b\u044f\u0442\u043e\u0440a\u043c\u0438 \u0447\u0430\u0441\u0442\u043e\u0442\u0438 \u2013 \u0448\u0432\u0438\u0434\u043ao\u0441\u0442i \u043e\u0431\u0435\u0440\u0442\u0430\u043d\u043d\u044f \u0434\u0432\u0438\u0433\u0443\u043d\u0430. B\u0430\u0436\u043b\u0438\u0432\u0438\u043c \u0432 \u0441\u0432\u0456\u0442\u0456 \u0454 \u0434\u043e\u0441\u0442\u0443\u043f\u043d\u0456\u0441\u0442\u044c \u0434\u0436\u0435\u0440\u0435\u043b \u0435\u043b\u0435\u043a\u0442\u0440\u0438\u0447\u043d\u043e\u0457 \u0435\u043d\u0435\u0440\u0433\u0456\u0457 &#8211; \u043e\u0441\u043d\u043e\u0432\u043d\u0438x \u0430\u0431\u043e \u0440\u0435\u0437\u0435\u0440\u0432\u043d\u0438x.[\/vc_column_text][\/vc_column][\/vc_row][vc_row type=&#8221;container&#8221; css=&#8221;.vc_custom_1471341523761{margin-top: 0px !important;margin-right: 0px !important;margin-bottom: 0px !important;margin-left: 0px !important;border-top-width: 0px !important;border-right-width: 0px !important;border-bottom-width: 0px !important;border-left-width: 0px !important;padding-top: 0px !important;padding-right: 0px !important;padding-bottom: 0px !important;padding-left: 0px !important;}&#8221;][vc_column][vc_column_text css=&#8221;.vc_custom_1484919451145{margin-top: 0px !important;margin-right: 0px !important;margin-bottom: 0px !important;margin-left: 0px !important;border-top-width: 0px !important;border-right-width: 0px !important;border-bottom-width: 0px !important;border-left-width: 0px !important;padding-top: 0px !important;padding-right: 0px !important;padding-bottom: 0px !important;padding-left: 0px !important;}&#8221;]<\/p>\n<p style=\"text-align: center;\"><a href=\"http:\/\/epssystem.pl\/get-a-quote\/\"><i class=\" glyphicon glyphicon-envelope \" style=\"color:#bb1a12; font-size:24px;\"><\/i> \u0417\u0430\u043f\u0438\u0442<br \/>\n<\/a><\/p>\n<p>[\/vc_column_text][vc_empty_space][\/vc_column][\/vc_row][vc_row type=&#8221;container&#8221;][vc_column][vc_column_text]<div class=\"table-responsive\"><table width=\"100%\" class=\"table \" style=\"table-bordered\"><\/p>\n<p><thead><tr>\n<th>T\u0438\u043f \u043d\u0435\u0437\u0430\u0448\u0438\u0442\u0438\u0439<\/th>\n<th>\u0422\u0438\u043f \u0437\u0430\u0448\u0438\u0442\u0438\u0439 <\/th>\n<th>\u041f\u043e\u0442\u0443\u0436\u043d\u0456\u0441\u0442\u044c \u0410\u0432\u0430\u0440\u0456\u0439\u043da [\u043a\u0412\u0410 \/ \u043a\u0412\u0442]<\/th>\n<th>\u0411\u0435\u0437\u043f\u0435\u0440\u0435\u0440\u0432\u043d\u0430 \u043f\u043e\u0442\u0443\u0436\u043d\u0456\u0441\u0442\u044c\u00a0 [\u043a\u0412\u0410 \/ \u043a\u0412\u0442] <\/th>\n<th>\u0412\u0438\u0442\u0440\u0430\u0442\u0430 \u043f\u0430\u043b\u0438\u0432\u0430<\/th>\n<th>\u041b\u0438\u0441\u0442<\/th>\n<\/tr><\/thead>\n<tbody>\n<tr>\n<td>GV 94 N<\/td>\n<td>GV 94 N<\/td>\n<td>93,5\/74,8<\/td>\n<td>85,0 \/68,0 <\/td>\n<td>19,8 <\/td>\n<td><a href=\"http:\/\/epssystem.pl\/karty_katalogowe\/GETOR\/GETOR GV\/GETOR GV 94.pdf\"><i class=\" glyphicon glyphicon-save \" style=\"color:#bb1a12; font-size:24px;\"><\/i> PDF<\/a><\/td>\n<\/tr><\/p>\n<tr>\n<td>GV 112 N<\/td>\n<td>GV 112 S<\/td>\n<td>112,5\/90,0<\/td>\n<td>101,0 \/80,8 <\/td>\n<td>23,9 <\/td>\n<td><a href=\"http:\/\/epssystem.pl\/karty_katalogowe\/GETOR\/GETOR GV\/GETOR GV 112.pdf\"><i class=\" glyphicon glyphicon-save \" style=\"color:#bb1a12; font-size:24px;\"><\/i> PDF<\/a><\/td>\n<\/tr>\n<tr>\n<td>GV 144 N<\/td>\n<td>GV 144 S<\/td>\n<td>144,1\/ 115,3<\/td>\n<td>129,1\/103,3 <\/td>\n<td>29,6 <\/td>\n<td><a href=\"http:\/\/epssystem.pl\/karty_katalogowe\/GETOR\/GETOR GV\/GETOR GV 144.pdf\"><i class=\" glyphicon glyphicon-save \" style=\"color:#bb1a12; font-size:24px;\"><\/i> PDF<\/a><\/td>\n<\/tr>\n<tr>\n<td>GV 167 N<\/td>\n<td>GV 167 S<\/td>\n<td>171,9\/ 137,5<\/td>\n<td>154,4 \/123,6 <\/td>\n<td>35,3 <\/td>\n<td><a href=\"http:\/\/epssystem.pl\/karty_katalogowe\/GETOR\/GETOR GV\/GETOR GV 167.pdf\"><i class=\" glyphicon glyphicon-save \" style=\"color:#bb1a12; font-size:24px;\"><\/i> PDF<\/a><\/td>\n<\/tr>\n<tr>\n<td>GV 205 N<\/td>\n<td>GV 205 S<\/td>\n<td>203,5\/ 162,8<\/td>\n<td>183,7 \/146,9 <\/td>\n<td>41,8 <\/td>\n<td><a href=\"http:\/\/epssystem.pl\/karty_katalogowe\/GETOR\/GETOR GV\/GETOR GV 205.pdf\"><i class=\" glyphicon glyphicon-save \" style=\"color:#bb1a12; font-size:24px;\"><\/i> PDF<\/a><\/td>\n<\/tr>\n<tr>\n<td>GV 226 N<\/td>\n<td>GV 226 S<\/td>\n<td>227,2\/ 181,7<\/td>\n<td>203,9 \/163,1 <\/td>\n<td>46,5 <\/td>\n<td><a href=\"http:\/\/epssystem.pl\/karty_katalogowe\/GETOR\/GETOR GV\/GETOR GV 226.pdf\"><i class=\" glyphicon glyphicon-save \" style=\"color:#bb1a12; font-size:24px;\"><\/i> PDF<\/a><\/td>\n<\/tr>\n<tr>\n<td>GV 275 N<\/td>\n<td>GV 275 S<\/td>\n<td>275,0\/ 220,0<\/td>\n<td>248,7 \/198,9 <\/td>\n<td>54,6<\/td>\n<td><a href=\"http:\/\/epssystem.pl\/karty_katalogowe\/GETOR\/GETOR GV\/GETOR GV 275.pdf\"><i class=\" glyphicon glyphicon-save \" style=\"color:#bb1a12; font-size:24px;\"><\/i> PDF<\/a><\/td>\n<\/tr>\n<tr>\n<td>GV 330 N<\/td>\n<td>GV330 S<\/td>\n<td>330,0\/ 264,0<\/td>\n<td>300,0\/240,0 <\/td>\n<td>63,9<\/td>\n<td><a href=\"http:\/\/epssystem.pl\/karty_katalogowe\/GETOR\/GETOR GV\/GETOR GV 330.pdf\"><i class=\" glyphicon glyphicon-save \" style=\"color:#bb1a12; font-size:24px;\"><\/i> PDF<\/a><\/td>\n<\/tr>\n<tr>\n<td>GV 385 N<\/td>\n<td>GV 385 S<\/td>\n<td>385,0\/ 308,0<\/td>\n<td>350,0\/280,0<\/td>\n<td>71,2 <\/td>\n<td><a href=\"http:\/\/epssystem.pl\/karty_katalogowe\/GETOR\/GETOR GV\/GETOR GV 385.pdf\"><i class=\" glyphicon glyphicon-save \" style=\"color:#bb1a12; font-size:24px;\"><\/i> PDF<\/a><\/td>\n<\/tr>\n<tr>\n<td>GV 412 N<\/td>\n<td>GV 412 S<\/td>\n<td>417\/ 333,6<\/td>\n<td>380,7\/304,5 <\/td>\n<td>76,6 <\/td>\n<td><a href=\"http:\/\/epssystem.pl\/karty_katalogowe\/GETOR\/GETOR GV\/GETOR GV 412.pdf\"><i class=\" glyphicon glyphicon-save \" style=\"color:#bb1a12; font-size:24px;\"><\/i> PDF<\/a><\/td>\n<\/tr>\n<tr>\n<td>GV 440+N<\/td>\n<td>GV 440+ S<\/td>\n<td>451,0\/ 360,8<\/td>\n<td>410,0\/328,0 <\/td>\n<td>84,1<\/td>\n<td><a href=\"http:\/\/epssystem.pl\/karty_katalogowe\/GETOR\/GETOR GV\/GETOR GV 440+.pdf\"><i class=\" glyphicon glyphicon-save \" style=\"color:#bb1a12; font-size:24px;\"><\/i> PDF<\/a><\/td>\n<\/tr>\n<tr>\n<td>GV 500 N<\/td>\n<td>GV 500 S<\/td>\n<td>506,4\/ 405,1<\/td>\n<td>455,9\/364,7 <\/td>\n<td>92,9<\/td>\n<td><a href=\"http:\/\/epssystem.pl\/karty_katalogowe\/GETOR\/GETOR GV\/GETOR GV 500.pdf\"><i class=\" glyphicon glyphicon-save \" style=\"color:#bb1a12; font-size:24px;\"><\/i> PDF<\/a><\/td>\n<\/tr>\n<tr>\n<td>GV 559 N<\/td>\n<td>GV 559 S<\/td>\n<td>555,8\/ 444,6<\/td>\n<td>505,3\/404,2 <\/td>\n<td>104,5<\/td>\n<td><a href=\"http:\/\/epssystem.pl\/karty_katalogowe\/GETOR\/GETOR GV\/GETOR GV 559.pdf\"><i class=\" glyphicon glyphicon-save \" style=\"color:#bb1a12; font-size:24px;\"><\/i> PDF<\/a><\/td>\n<\/tr>\n<tr>\n<td>GV 630 N<\/td>\n<td>GV630 S<\/td>\n<td>655,8\/ 524,6<\/td>\n<td>595,4\/ 476,3 <\/td>\n<td>118,7<\/td>\n<td><a href=\"http:\/\/epssystem.pl\/karty_katalogowe\/GETOR\/GETOR GV\/GETOR GV 630.pdf\"><i class=\" glyphicon glyphicon-save \" style=\"color:#bb1a12; font-size:24px;\"><\/i> PDF<\/a><\/td>\n<\/tr>\n<tr>\n<td>GV 700 N<\/td>\n<td>GV 700 S<\/td>\n<td>705,5\/ 564,4<\/td>\n<td>634,5\/507,6<\/td>\n<td>131,0<\/td>\n<td><a href=\"http:\/\/epssystem.pl\/karty_katalogowe\/GETOR\/GETOR GV\/GETOR GV 700.pdf\"><i class=\" glyphicon glyphicon-save \" style=\"color:#bb1a12; font-size:24px;\"><\/i> PDF<\/a><\/td>\n<\/tr>\n<p><\/tbody>\n<\/table><\/div>[\/vc_column_text][vc_column_text]Agregaty GETOR GV &#8211; nowa jako\u015b\u0107 agregat\u00f3w[\/vc_column_text][\/vc_column][\/vc_row]<\/p>\n","protected":false},"excerpt":{"rendered":"<p>[vc_row type=&#8221;container&#8221;][vc_column width=&#8221;1\/3&#8243;][vc_single_image image=&#8221;72118&#8243; img_size=&#8221;full&#8221;][\/vc_column][vc_column width=&#8221;1\/3&#8243;][vc_empty_space height=&#8221;100px&#8221;][\/vc_column][vc_column width=&#8221;1\/3&#8243;][vc_single_image image=&#8221;71879&#8243; img_size=&#8221;medium&#8221;][\/vc_column][\/vc_row][vc_row type=&#8221;container&#8221;][vc_column width=&#8221;1\/3&#8243;][vc_single_image image=&#8221;71875&#8243; img_size=&#8221;full&#8221;][\/vc_column][vc_column width=&#8221;1\/3&#8243;][vc_single_image image=&#8221;71876&#8243; img_size=&#8221;full&#8221;][\/vc_column][vc_column width=&#8221;1\/3&#8243;][vc_single_image image=&#8221;71877&#8243; img_size=&#8221;full&#8221;][\/vc_column][\/vc_row][vc_row type=&#8221;container&#8221; css=&#8221;.vc_custom_1471341523761{margin-top: 0px !important;margin-right: 0px !important;margin-bottom: 0px !important;margin-left: 0px !important;border-top-width: 0px !important;border-right-width: 0px !important;border-bottom-width: 0px !important;border-left-width: 0px !important;padding-top: 0px !important;padding-right: 0px !important;padding-bottom: 0px !important;padding-left: 0px !important;}&#8221;][vc_column][vc_column_text css=&#8221;.vc_custom_1484919648865{margin-top: 0px !important;margin-right: 0px !important;margin-bottom: 0px !important;margin-left: 0px !important;border-top-width: [&hellip;]<\/p>\n","protected":false},"author":3,"featured_media":71875,"parent":71053,"menu_order":0,"comment_status":"closed","ping_status":"closed","template":"","meta":[],"acf":[],"yoast_head":"<!-- This site is optimized with the Yoast SEO plugin v18.2 - https:\/\/yoast.com\/wordpress\/plugins\/seo\/ -->\n<title>Agregat wyposa\u017cony w silnik Volvo Penta GETOR GV (94-705 kVA) |EPS System<\/title>\n<meta name=\"description\" content=\"Polskie agregaty pr\u0105dotw\u00f3rcze z silnikami Volvo Penta i pr\u0105dnicami Marelli Motori zapewniaj\u0105 niezawodne zasilanie awaryjne w ka\u017cdych warunkach.\" \/>\n<meta name=\"robots\" content=\"index, follow, max-snippet:-1, max-image-preview:large, max-video-preview:-1\" \/>\n<link rel=\"canonical\" href=\"https:\/\/epssystem.pl\/nowa-oferta\/agregaty-pradotworcze\/getor-gv-volvo\/\" \/>\n<meta property=\"og:locale\" content=\"uk_UA\" \/>\n<meta property=\"og:type\" content=\"article\" \/>\n<meta property=\"og:title\" content=\"Agregat wyposa\u017cony w silnik Volvo Penta GETOR GV (94-705 kVA) |EPS System\" \/>\n<meta property=\"og:description\" content=\"Polskie agregaty pr\u0105dotw\u00f3rcze z silnikami Volvo Penta i pr\u0105dnicami Marelli Motori zapewniaj\u0105 niezawodne zasilanie awaryjne w ka\u017cdych warunkach.\" \/>\n<meta property=\"og:url\" content=\"https:\/\/epssystem.pl\/nowa-oferta\/agregaty-pradotworcze\/getor-gv-volvo\/\" \/>\n<meta property=\"og:site_name\" content=\"EPS System\" \/>\n<meta property=\"article:modified_time\" content=\"2022-11-16T10:45:25+00:00\" \/>\n<meta property=\"og:image\" content=\"https:\/\/epssystem.pl\/wp-content\/uploads\/2016\/07\/GETOR-GV-94.png\" \/>\n\t<meta property=\"og:image:width\" content=\"221\" \/>\n\t<meta property=\"og:image:height\" content=\"231\" \/>\n\t<meta property=\"og:image:type\" content=\"image\/png\" \/>\n<meta name=\"twitter:card\" content=\"summary\" \/>\n<meta name=\"twitter:label1\" content=\"Est. reading time\" \/>\n\t<meta name=\"twitter:data1\" content=\"5 minutes\" \/>\n<script type=\"application\/ld+json\" class=\"yoast-schema-graph\">{\"@context\":\"https:\/\/schema.org\",\"@graph\":[{\"@type\":\"WebSite\",\"@id\":\"https:\/\/epssystem.pl\/#website\",\"url\":\"https:\/\/epssystem.pl\/\",\"name\":\"EPS System\",\"description\":\"Polski producent system\u00f3w zasilania gwarantowanego\",\"potentialAction\":[{\"@type\":\"SearchAction\",\"target\":{\"@type\":\"EntryPoint\",\"urlTemplate\":\"https:\/\/epssystem.pl\/?s={search_term_string}\"},\"query-input\":\"required name=search_term_string\"}],\"inLanguage\":\"uk\"},{\"@type\":\"ImageObject\",\"@id\":\"https:\/\/epssystem.pl\/nowa-oferta\/agregaty-pradotworcze\/getor-gv-volvo\/#primaryimage\",\"inLanguage\":\"uk\",\"url\":\"https:\/\/epssystem.pl\/wp-content\/uploads\/2016\/07\/GETOR-GV-94.png\",\"contentUrl\":\"https:\/\/epssystem.pl\/wp-content\/uploads\/2016\/07\/GETOR-GV-94.png\",\"width\":221,\"height\":231,\"caption\":\"agregat pr\u0105dotw\u00f3rczy 100 kw VOLVO GETOR GV 94\"},{\"@type\":\"WebPage\",\"@id\":\"https:\/\/epssystem.pl\/nowa-oferta\/agregaty-pradotworcze\/getor-gv-volvo\/#webpage\",\"url\":\"https:\/\/epssystem.pl\/nowa-oferta\/agregaty-pradotworcze\/getor-gv-volvo\/\",\"name\":\"Agregat wyposa\u017cony w silnik Volvo Penta GETOR GV (94-705 kVA) |EPS System\",\"isPartOf\":{\"@id\":\"https:\/\/epssystem.pl\/#website\"},\"primaryImageOfPage\":{\"@id\":\"https:\/\/epssystem.pl\/nowa-oferta\/agregaty-pradotworcze\/getor-gv-volvo\/#primaryimage\"},\"datePublished\":\"2016-07-12T06:57:12+00:00\",\"dateModified\":\"2022-11-16T10:45:25+00:00\",\"description\":\"Polskie agregaty pr\u0105dotw\u00f3rcze z silnikami Volvo Penta i pr\u0105dnicami Marelli Motori zapewniaj\u0105 niezawodne zasilanie awaryjne w ka\u017cdych warunkach.\",\"breadcrumb\":{\"@id\":\"https:\/\/epssystem.pl\/nowa-oferta\/agregaty-pradotworcze\/getor-gv-volvo\/#breadcrumb\"},\"inLanguage\":\"uk\",\"potentialAction\":[{\"@type\":\"ReadAction\",\"target\":[\"https:\/\/epssystem.pl\/nowa-oferta\/agregaty-pradotworcze\/getor-gv-volvo\/\"]}]},{\"@type\":\"BreadcrumbList\",\"@id\":\"https:\/\/epssystem.pl\/nowa-oferta\/agregaty-pradotworcze\/getor-gv-volvo\/#breadcrumb\",\"itemListElement\":[{\"@type\":\"ListItem\",\"position\":1,\"name\":\"Strona g\u0142\u00f3wna\",\"item\":\"https:\/\/epssystem.pl\/\"},{\"@type\":\"ListItem\",\"position\":2,\"name\":\"Oferta\",\"item\":\"https:\/\/epssystem.pl\/nowa-oferta\/\"},{\"@type\":\"ListItem\",\"position\":3,\"name\":\"Agregaty pr\u0105dotw\u00f3rcze\",\"item\":\"https:\/\/epssystem.pl\/nowa-oferta\/agregaty-pradotworcze\/\"},{\"@type\":\"ListItem\",\"position\":4,\"name\":\"GETOR GV (94 - 705 kVA) Generator Volvo Penta\"}]}]}<\/script>\n<!-- \/ Yoast SEO plugin. -->","yoast_head_json":{"title":"Agregat wyposa\u017cony w silnik Volvo Penta GETOR GV (94-705 kVA) |EPS System","description":"Polskie agregaty pr\u0105dotw\u00f3rcze z silnikami Volvo Penta i pr\u0105dnicami Marelli Motori zapewniaj\u0105 niezawodne zasilanie awaryjne w ka\u017cdych warunkach.","robots":{"index":"index","follow":"follow","max-snippet":"max-snippet:-1","max-image-preview":"max-image-preview:large","max-video-preview":"max-video-preview:-1"},"canonical":"https:\/\/epssystem.pl\/nowa-oferta\/agregaty-pradotworcze\/getor-gv-volvo\/","og_locale":"uk_UA","og_type":"article","og_title":"Agregat wyposa\u017cony w silnik Volvo Penta GETOR GV (94-705 kVA) |EPS System","og_description":"Polskie agregaty pr\u0105dotw\u00f3rcze z silnikami Volvo Penta i pr\u0105dnicami Marelli Motori zapewniaj\u0105 niezawodne zasilanie awaryjne w ka\u017cdych warunkach.","og_url":"https:\/\/epssystem.pl\/nowa-oferta\/agregaty-pradotworcze\/getor-gv-volvo\/","og_site_name":"EPS System","article_modified_time":"2022-11-16T10:45:25+00:00","og_image":[{"width":221,"height":231,"url":"https:\/\/epssystem.pl\/wp-content\/uploads\/2016\/07\/GETOR-GV-94.png","type":"image\/png"}],"twitter_card":"summary","twitter_misc":{"Est. reading time":"5 minutes"},"schema":{"@context":"https:\/\/schema.org","@graph":[{"@type":"WebSite","@id":"https:\/\/epssystem.pl\/#website","url":"https:\/\/epssystem.pl\/","name":"EPS System","description":"Polski producent system\u00f3w zasilania gwarantowanego","potentialAction":[{"@type":"SearchAction","target":{"@type":"EntryPoint","urlTemplate":"https:\/\/epssystem.pl\/?s={search_term_string}"},"query-input":"required name=search_term_string"}],"inLanguage":"uk"},{"@type":"ImageObject","@id":"https:\/\/epssystem.pl\/nowa-oferta\/agregaty-pradotworcze\/getor-gv-volvo\/#primaryimage","inLanguage":"uk","url":"https:\/\/epssystem.pl\/wp-content\/uploads\/2016\/07\/GETOR-GV-94.png","contentUrl":"https:\/\/epssystem.pl\/wp-content\/uploads\/2016\/07\/GETOR-GV-94.png","width":221,"height":231,"caption":"agregat pr\u0105dotw\u00f3rczy 100 kw VOLVO GETOR GV 94"},{"@type":"WebPage","@id":"https:\/\/epssystem.pl\/nowa-oferta\/agregaty-pradotworcze\/getor-gv-volvo\/#webpage","url":"https:\/\/epssystem.pl\/nowa-oferta\/agregaty-pradotworcze\/getor-gv-volvo\/","name":"Agregat wyposa\u017cony w silnik Volvo Penta GETOR GV (94-705 kVA) |EPS System","isPartOf":{"@id":"https:\/\/epssystem.pl\/#website"},"primaryImageOfPage":{"@id":"https:\/\/epssystem.pl\/nowa-oferta\/agregaty-pradotworcze\/getor-gv-volvo\/#primaryimage"},"datePublished":"2016-07-12T06:57:12+00:00","dateModified":"2022-11-16T10:45:25+00:00","description":"Polskie agregaty pr\u0105dotw\u00f3rcze z silnikami Volvo Penta i pr\u0105dnicami Marelli Motori zapewniaj\u0105 niezawodne zasilanie awaryjne w ka\u017cdych warunkach.","breadcrumb":{"@id":"https:\/\/epssystem.pl\/nowa-oferta\/agregaty-pradotworcze\/getor-gv-volvo\/#breadcrumb"},"inLanguage":"uk","potentialAction":[{"@type":"ReadAction","target":["https:\/\/epssystem.pl\/nowa-oferta\/agregaty-pradotworcze\/getor-gv-volvo\/"]}]},{"@type":"BreadcrumbList","@id":"https:\/\/epssystem.pl\/nowa-oferta\/agregaty-pradotworcze\/getor-gv-volvo\/#breadcrumb","itemListElement":[{"@type":"ListItem","position":1,"name":"Strona g\u0142\u00f3wna","item":"https:\/\/epssystem.pl\/"},{"@type":"ListItem","position":2,"name":"Oferta","item":"https:\/\/epssystem.pl\/nowa-oferta\/"},{"@type":"ListItem","position":3,"name":"Agregaty pr\u0105dotw\u00f3rcze","item":"https:\/\/epssystem.pl\/nowa-oferta\/agregaty-pradotworcze\/"},{"@type":"ListItem","position":4,"name":"GETOR GV (94 - 705 kVA) Generator Volvo Penta"}]}]}},"_links":{"self":[{"href":"https:\/\/epssystem.pl\/uk\/wp-json\/wp\/v2\/pages\/71095"}],"collection":[{"href":"https:\/\/epssystem.pl\/uk\/wp-json\/wp\/v2\/pages"}],"about":[{"href":"https:\/\/epssystem.pl\/uk\/wp-json\/wp\/v2\/types\/page"}],"author":[{"embeddable":true,"href":"https:\/\/epssystem.pl\/uk\/wp-json\/wp\/v2\/users\/3"}],"replies":[{"embeddable":true,"href":"https:\/\/epssystem.pl\/uk\/wp-json\/wp\/v2\/comments?post=71095"}],"version-history":[{"count":4,"href":"https:\/\/epssystem.pl\/uk\/wp-json\/wp\/v2\/pages\/71095\/revisions"}],"predecessor-version":[{"id":73985,"href":"https:\/\/epssystem.pl\/uk\/wp-json\/wp\/v2\/pages\/71095\/revisions\/73985"}],"up":[{"embeddable":true,"href":"https:\/\/epssystem.pl\/uk\/wp-json\/wp\/v2\/pages\/71053"}],"wp:featuredmedia":[{"embeddable":true,"href":"https:\/\/epssystem.pl\/uk\/wp-json\/wp\/v2\/media\/71875"}],"wp:attachment":[{"href":"https:\/\/epssystem.pl\/uk\/wp-json\/wp\/v2\/media?parent=71095"}],"curies":[{"name":"wp","href":"https:\/\/api.w.org\/{rel}","templated":true}]}}