{"id":71097,"date":"2016-07-12T06:57:27","date_gmt":"2016-07-12T06:57:27","guid":{"rendered":"http:\/\/epssystem.pl\/?page_id=71097"},"modified":"2020-11-20T10:33:07","modified_gmt":"2020-11-20T10:33:07","slug":"getor-gp-perkins-668-2200-kva","status":"publish","type":"page","link":"https:\/\/epssystem.pl\/uk\/nowa-oferta\/agregaty-pradotworcze\/getor-gp-perkins-668-2200-kva\/","title":{"rendered":"GETOR GP (668 -  2200 kBA)"},"content":{"rendered":"<p>[vc_row type=&#8221;container&#8221;][vc_column width=&#8221;1\/3&#8243;][vc_single_image image=&#8221;72118&#8243; img_size=&#8221;full&#8221;][\/vc_column][vc_column width=&#8221;1\/3&#8243;][vc_empty_space height=&#8221;100px&#8221;][\/vc_column][vc_column width=&#8221;1\/3&#8243;][vc_raw_html css=&#8221;.vc_custom_1470304479702{margin-bottom: -40px !important;padding-bottom: -40px !important;padding-left: 80px !important;}&#8221;]JTNDcCUyMHN0eWxlJTNEJTIyY29sb3IlM0ElMjNCQkIlMjIlM0UlM0NiJTNFcG93ZXJlZCUyMGJ5JTNDJTJGYiUzRSUzQyUyRnAlM0U=[\/vc_raw_html][vc_single_image image=&#8221;71163&#8243; img_size=&#8221;medium&#8221;][\/vc_column][\/vc_row][vc_row type=&#8221;container&#8221;][vc_column width=&#8221;1\/3&#8243;][vc_single_image image=&#8221;71901&#8243; img_size=&#8221;full&#8221;][\/vc_column][vc_column width=&#8221;1\/3&#8243;][\/vc_column][vc_column width=&#8221;1\/3&#8243;][vc_single_image image=&#8221;71895&#8243; img_size=&#8221;full&#8221;][\/vc_column][\/vc_row][vc_row type=&#8221;container&#8221; css=&#8221;.vc_custom_1471341523761{margin-top: 0px !important;margin-right: 0px !important;margin-bottom: 0px !important;margin-left: 0px !important;border-top-width: 0px !important;border-right-width: 0px !important;border-bottom-width: 0px !important;border-left-width: 0px !important;padding-top: 0px !important;padding-right: 0px !important;padding-bottom: 0px !important;padding-left: 0px !important;}&#8221;][vc_column][vc_column_text css=&#8221;.vc_custom_1484921705061{margin-top: 0px !important;margin-right: 0px !important;margin-bottom: 0px !important;margin-left: 0px !important;border-top-width: 0px !important;border-right-width: 0px !important;border-bottom-width: 0px !important;border-left-width: 0px !important;padding-top: 0px !important;padding-right: 0px !important;padding-bottom: 0px !important;padding-left: 0px !important;}&#8221;]\u041f\u0440\u043e\u0442\u044f\u0433\u043e\u043c \u0431\u0456\u043b\u044c\u0448\u0435 80 \u0440\u043e\u043a\u0456\u0432, \u043a\u043e\u043c\u043f\u0430\u043di\u044f Perkins \u0454 \u043f\u0440\u043e\u0432\u0456\u0434\u043d\u0438\u043c \u0432\u0438\u0440\u043e\u0431\u043d\u0438\u043a\u043e\u043c \u0456 \u0440\u043e\u0437\u0440\u043e\u0431\u043d\u0438\u043a\u043e\u043c \u0432 \u0433\u0430\u043b\u0443\u0437\u0456 \u0434\u0438\u0437\u0435\u043b\u044c\u043d\u0438\u0445 \u0434\u0432\u0438\u0433\u0443\u043d\u0456\u0432 \u0437 \u043f\u043e\u0442\u0443\u0436\u043d\u0456\u0441\u0442\u044e \u043a\u0412\u0442. \u041f\u0440\u043e\u043f\u043e\u043d\u0443\u0454 \u0434\u0432\u0438\u0433\u0443\u043d\u0438 \u0434\u043b\u044f \u0432\u0438\u043a\u043e\u0440\u0438\u0441\u0442\u0430\u043d\u043d\u044f \u0432 \u043f\u0440\u043e\u043c\u0438\u0441\u043b\u043e\u0432\u043e\u0441\u0442\u0456, \u0431\u0443\u0434\u0456\u0432\u043d\u0438\u0446\u0442\u0432\u0456, \u0441\u0456\u043b\u044c\u0441\u044c\u043a\u043e\u043c\u0443 \u0433\u043e\u0441\u043f\u043e\u0434\u0430\u0440\u0441\u0442\u0432\u0456, \u0433\u0456\u0440\u043d\u0438\u0447\u043e\u0434\u043e\u0431\u0443\u0432\u043d\u043e\u0457 \u0442\u0430 \u0441\u0443\u0434\u043e\u0432\u043d\u043e\u0457 \u043f\u0440\u043e\u043c\u0438\u0441\u043b\u043e\u0432\u043e\u0441\u0442\u0456.<br \/>\n\u0417\u0430\u0432\u0434\u044f\u043a\u0438 \u043f\u043e\u0441\u0442\u0456\u0439\u043d\u043e\u043c\u0443 \u0440\u043e\u0437\u0432\u0438\u0442\u043a\u0443 Perkins \u0437\u0434\u0430\u0442\u043d\u0438\u0439 \u0437\u0430\u043f\u0440\u043e\u043f\u043e\u043d\u0443\u0432\u0430\u0442\u0438 \u0432\u0441\u0435 \u043d\u043e\u0432\u0456 \u0456 \u043d\u043e\u0432\u0456 \u0434\u0432\u0438\u0433\u0443\u043d\u0438, \u044f\u043a\u0456 \u0432\u0438\u043a\u043e\u0440\u0438\u0441\u0442\u043e\u0432\u0443\u044e\u0442\u044c\u0441\u044f \u0432 \u0431\u0456\u043b\u044c\u0448 \u043d\u0456\u0436 668 \u00a0\u0433\u0430\u043b\u0443\u0437\u044f\u0445. \u0411\u0456\u043b\u044c\u0448e 1000 \u043a\u043e\u043c\u043f\u0430\u043d\u0456\u0439, \u0449\u043e \u0432\u0438\u0440\u043e\u0431\u043b\u044f\u044e\u0442\u044c \u043e\u0431\u043b\u0430\u0434\u043d\u0430\u043d\u043d\u044f, \u0433\u0435\u043d\u0435\u0440\u0430\u0442\u043e\u0440\u0438, \u043a\u0440\u0430\u043d\u0438, \u043e\u0431\u043b\u0430\u0434\u043d\u0430\u043d\u043d\u044f \u0434\u043b\u044f \u0433\u0456\u0440\u043d\u0438\u0447\u043e\u0434\u043e\u0431\u0443\u0432\u043d\u043e\u0457 \u043f\u0440\u043e\u043c\u0438\u0441\u043b\u043e\u0432\u043e\u0441\u0442\u0456, \u0441\u0456\u043b\u044c\u0441\u044c\u043a\u043e\u0433\u043e \u0433\u043e\u0441\u043f\u043e\u0434\u0430\u0440\u0441\u0442\u0432\u0430 \u0456 \u043f\u0440\u043e\u043c\u0438\u0441\u043b\u043e\u0432\u043e\u0441\u0442\u0456 \u043e\u0441\u043d\u0430\u0449\u0443\u0454 \u0441\u0432\u043e\u0457 \u043c\u0430\u0448\u0438\u043d\u0438 \u0432 \u043f\u0440\u043e\u0434\u0443\u043a\u0446\u0456\u044e PERKINS.\u00a0 \u0410\u0433\u0440\u0435\u0433\u0430\u0442\u0438 \u0432\u0438\u0440\u043e\u0431\u043b\u044f\u044e\u0442\u044c\u0441\u044f \u0432 \u0441\u0442\u0430\u043d\u0434\u0430\u0440\u0442\u043d\u0456\u0439 \u043a\u043e\u043c\u043f\u043b\u0435\u043a\u0442\u0430\u0446\u0456\u0457 \u0437 \u043f\u043e\u0442\u0443\u0436\u043d\u0456\u0441\u0442\u044e 668- 2200. \u041c\u0435\u043d\u044c\u0448\u0456 \u0434\u043e\u0441\u0442\u0443\u043f\u043d\u0456 \u043f\u0456\u0434 \u0437\u0430\u043c\u043e\u0432\u043b\u0435\u043d\u043d\u044f, \u0430 \u0441\u0430\u043ci \u0432\u0435\u043b\u0438\u043ai \u0441\u043a\u043e\u043c\u043b\u0435\u043a\u0442\u043e\u0432\u0430\u043di \u0432\u0456\u0434\u043f\u043e\u0432\u0456\u0434\u043d\u043e \u0434\u043e \u0456\u043d\u0434\u0438\u0432\u0456\u0434\u0443\u0430\u043b\u044c\u043d\u0438\u0445 \u0432\u0438\u043c\u043e\u0433 \u0456\u043d\u0432\u0435\u0441\u0442\u043e\u0440\u0430.<\/p>\n<p>\u0412\u0441\u044f \u0441\u0435\u0440\u0456\u044f \u0434\u043e\u0441\u0442\u0443\u043f\u043d\u0430 \u0432 \u0441\u0442\u0430\u043d\u0434\u0430\u0440\u0442\u043d\u0456\u0439 \u043a\u043e\u043c\u043f\u043b\u0435\u043a\u0442\u0430\u0446\u0456\u0457 \u0437 \u0435\u043b\u0435\u043a\u0442\u0440\u043e\u043d\u043d\u043e\u044e \u0440\u0435\u0433\u0443\u043b\u044f\u0446i\u044d\u044e \u0447\u0430\u0441\u0442\u043e\u0442.[\/vc_column_text][\/vc_column][\/vc_row][vc_row type=&#8221;container&#8221; css=&#8221;.vc_custom_1471341523761{margin-top: 0px !important;margin-right: 0px !important;margin-bottom: 0px !important;margin-left: 0px !important;border-top-width: 0px !important;border-right-width: 0px !important;border-bottom-width: 0px !important;border-left-width: 0px !important;padding-top: 0px !important;padding-right: 0px !important;padding-bottom: 0px !important;padding-left: 0px !important;}&#8221;][vc_column][vc_column_text css=&#8221;.vc_custom_1484921721068{margin-top: 0px !important;margin-right: 0px !important;margin-bottom: 0px !important;margin-left: 0px !important;border-top-width: 0px !important;border-right-width: 0px !important;border-bottom-width: 0px !important;border-left-width: 0px !important;padding-top: 0px !important;padding-right: 0px !important;padding-bottom: 0px !important;padding-left: 0px !important;}&#8221;]<\/p>\n<p style=\"text-align: center;\"><a href=\"#\"><i class=\" glyphicon glyphicon-envelope \" style=\"color:#bb1a12; font-size:24px;\"><\/i> \u0417\u0430\u043f\u0438\u0442<br \/>\n<\/a><\/p>\n<p>[\/vc_column_text][\/vc_column][\/vc_row][vc_row type=&#8221;container&#8221;][vc_column][vc_column_text]<div class=\"table-responsive\"><table width=\"100%\" class=\"table \" style=\"table-bordered\"><br \/>\n<thead><tr>\n<th>T\u0438\u043f \u043d\u0435\u0437\u0430\u0448\u0438\u0442\u0438\u0439<\/th>\n<th>\u0422\u0438\u043f \u0437\u0430\u0448\u0438\u0442\u0438\u0439 <\/th>\n<th>\u041f\u043e\u0442\u0443\u0436\u043d\u0456\u0441\u0442\u044c \u0410\u0432\u0430\u0440\u0456\u0439\u043da [\u043a\u0412\u0410 \/ \u043a\u0412\u0442]<\/th>\n<th>\u0411\u0435\u0437\u043f\u0435\u0440\u0435\u0440\u0432\u043d\u0430 \u043f\u043e\u0442\u0443\u0436\u043d\u0456\u0441\u0442\u044c\u00a0 [\u043a\u0412\u0410 \/ \u043a\u0412\u0442] <\/th>\n<th>\u0412\u0438\u0442\u0440\u0430\u0442\u0430 \u043f\u0430\u043b\u0438\u0432\u0430<\/th>\n<th>\u041b\u0438\u0441\u0442<\/th>\n<\/tr><\/thead>\n<tbody>\n<tr>\n<td>GP 670 N<\/td>\n<td>GP 670 S<\/td>\n<td>668,8\/ 535,1<\/td>\n<td>608,4 \/486,8 <\/td>\n<td>129,0 <\/td>\n<td><a href=\"http:\/\/epssystem.pl\/karty_katalogowe\/GETOR\/GETOR GP\/GETOR GP 670.pdf\"><i class=\" glyphicon glyphicon-save \" style=\"color:#bb1a12; font-size:24px;\"><\/i> PDF<\/a><\/td>\n<\/tr><\/p>\n<tr>\n<td>GP 720 N<\/td>\n<td>GP 720 S<\/td>\n<td>720,9\/ 576,7<\/td>\n<td>668,8 \/535,1 <\/td>\n<td>132,0 <\/td>\n<td><a href=\"http:\/\/epssystem.pl\/karty_katalogowe\/GETOR\/GETOR GP\/GETOR GP 720.pdf\"><i class=\" glyphicon glyphicon-save \" style=\"color:#bb1a12; font-size:24px;\"><\/i> PDF<\/a><\/td>\n<\/tr>\n<tr>\n<td>GP 825 N<\/td>\n<td>GP 825 S<\/td>\n<td>825,3\/ 660,3<\/td>\n<td>750,5 \/600,4 <\/td>\n<td>161,0 <\/td>\n<td><a href=\"http:\/\/epssystem.pl\/karty_katalogowe\/GETOR\/GETOR GP\/GETOR GP 825.pdf\"><i class=\" glyphicon glyphicon-save \" style=\"color:#bb1a12; font-size:24px;\"><\/i> PDF<\/a><\/td>\n<\/tr>\n<tr>\n<td>GP 880 N<\/td>\n<td>GP 880 S<\/td>\n<td>880,0\/ 704,0<\/td>\n<td>800,0\/640,0 <\/td>\n<td>172,0 <\/td>\n<td><a href=\"http:\/\/epssystem.pl\/karty_katalogowe\/GETOR\/GETOR GP\/GETOR GP 880.pdf\"><i class=\" glyphicon glyphicon-save \" style=\"color:#bb1a12; font-size:24px;\"><\/i> PDF<\/a><\/td>\n<\/tr>\n<tr>\n<td>GP 880+ N<\/td>\n<td>GP 880+ S<\/td>\n<td>904,4\/ 723,5<\/td>\n<td>808,0 \/646,4 <\/td>\n<td>172,0 <\/td>\n<td><a href=\"http:\/\/epssystem.pl\/karty_katalogowe\/GETOR\/GETOR GP\/GETOR GP 880+.pdf\"><i class=\" glyphicon glyphicon-save \" style=\"color:#bb1a12; font-size:24px;\"><\/i> PDF<\/a><\/td>\n<\/tr>\n<tr>\n<td>GP 1000 N<\/td>\n<td>GP 1000 S<\/td>\n<td>1004,4\/ 803,5<\/td>\n<td>912,7\/730,2 <\/td>\n<td>195,0 <\/td>\n<td><a href=\"http:\/\/epssystem.pl\/karty_katalogowe\/GETOR\/GETOR GP\/GETOR GP 1000.pdf\"><i class=\" glyphicon glyphicon-save \" style=\"color:#bb1a12; font-size:24px;\"><\/i> PDF<\/a><\/td>\n<\/tr>\n<tr>\n<td>GP 1100 N<\/td>\n<td>GP 1100 S<\/td>\n<td>1128,1\/ 902,5<\/td>\n<td>1025,7 \/820,5 <\/td>\n<td>220,0 <\/td>\n<td><a href=\"http:\/\/epssystem.pl\/karty_katalogowe\/GETOR\/GETOR GP\/GETOR GP 1100.pdf\"><i class=\" glyphicon glyphicon-save \" style=\"color:#bb1a12; font-size:24px;\"><\/i> PDF<\/a><\/td>\n<\/tr>\n<tr>\n<td>GP 1396 N<\/td>\n<td>GP 1396 S<\/td>\n<td>1396,2\/ 1117,0<\/td>\n<td>1263,4 \/1010,7 <\/td>\n<td>259,0<\/td>\n<td><a href=\"http:\/\/epssystem.pl\/karty_katalogowe\/GETOR\/GETOR GP\/GETOR GP 1396.pdf\"><i class=\" glyphicon glyphicon-save \" style=\"color:#bb1a12; font-size:24px;\"><\/i> PDF<\/a><\/td>\n<\/tr>\n<tr>\n<td>GP 1650 N<\/td>\n<td>GP 1650 S<\/td>\n<td>1650,0\/ 1320,0<\/td>\n<td>1500,0\/1200,0 <\/td>\n<td>301,0 <\/td>\n<td><a href=\"http:\/\/epssystem.pl\/karty_katalogowe\/GETOR\/GETOR GP\/GETOR GP 1650.pdf\"><i class=\" glyphicon glyphicon-save \" style=\"color:#bb1a12; font-size:24px;\"><\/i> PDF<\/a><\/td>\n<\/tr>\n<tr>\n<td>GP 1900 N<\/td>\n<td>GP 1900 S<\/td>\n<td>1903,6\/ 1522,8<\/td>\n<td>1731,6\/1385,3 <\/td>\n<td>370,0 <\/td>\n<td><a href=\"http:\/\/epssystem.pl\/karty_katalogowe\/GETOR\/GETOR GP\/GETOR GP 1900.pdf\"><i class=\" glyphicon glyphicon-save \" style=\"color:#bb1a12; font-size:24px;\"><\/i> PDF<\/a><\/td>\n<\/tr>\n<tr>\n<td>GP 2000 N<\/td>\n<td>GP 2000 S<\/td>\n<td>2032,2\/ 1625,8<\/td>\n<td>1848,2\/1478,6 <\/td>\n<td>383,0 <\/td>\n<td><a href=\"http:\/\/epssystem.pl\/karty_katalogowe\/GETOR\/GETOR GP\/GETOR GP 2000.pdf\"><i class=\" glyphicon glyphicon-save \" style=\"color:#bb1a12; font-size:24px;\"><\/i> PDF<\/a><\/td>\n<\/tr>\n<tr>\n<td>GP 2200 N<\/td>\n<td>GP 2200 S<\/td>\n<td>2200,0\/ 1760,0<\/td>\n<td>2000,0\/1600,0 <\/td>\n<td>434,0 <\/td>\n<td><a href=\"http:\/\/epssystem.pl\/karty_katalogowe\/GETOR\/GETOR GP\/GETOR GP 2200.pdf\"><i class=\" glyphicon glyphicon-save \" style=\"color:#bb1a12; font-size:24px;\"><\/i> PDF<\/a><\/td>\n<\/tr>\n<p><\/tbody>\n<\/table><\/div>[\/vc_column_text][\/vc_column][\/vc_row]<\/p>\n","protected":false},"excerpt":{"rendered":"<p>[vc_row type=&#8221;container&#8221;][vc_column width=&#8221;1\/3&#8243;][vc_single_image image=&#8221;72118&#8243; img_size=&#8221;full&#8221;][\/vc_column][vc_column width=&#8221;1\/3&#8243;][vc_empty_space height=&#8221;100px&#8221;][\/vc_column][vc_column width=&#8221;1\/3&#8243;][vc_raw_html css=&#8221;.vc_custom_1470304479702{margin-bottom: -40px !important;padding-bottom: -40px !important;padding-left: 80px !important;}&#8221;]JTNDcCUyMHN0eWxlJTNEJTIyY29sb3IlM0ElMjNCQkIlMjIlM0UlM0NiJTNFcG93ZXJlZCUyMGJ5JTNDJTJGYiUzRSUzQyUyRnAlM0U=[\/vc_raw_html][vc_single_image image=&#8221;71163&#8243; img_size=&#8221;medium&#8221;][\/vc_column][\/vc_row][vc_row type=&#8221;container&#8221;][vc_column width=&#8221;1\/3&#8243;][vc_single_image image=&#8221;71901&#8243; img_size=&#8221;full&#8221;][\/vc_column][vc_column width=&#8221;1\/3&#8243;][\/vc_column][vc_column width=&#8221;1\/3&#8243;][vc_single_image image=&#8221;71895&#8243; img_size=&#8221;full&#8221;][\/vc_column][\/vc_row][vc_row type=&#8221;container&#8221; css=&#8221;.vc_custom_1471341523761{margin-top: 0px !important;margin-right: 0px !important;margin-bottom: 0px !important;margin-left: 0px !important;border-top-width: 0px !important;border-right-width: 0px !important;border-bottom-width: 0px !important;border-left-width: 0px !important;padding-top: 0px !important;padding-right: 0px !important;padding-bottom: 0px !important;padding-left: 0px !important;}&#8221;][vc_column][vc_column_text css=&#8221;.vc_custom_1484921705061{margin-top: 0px !important;margin-right: 0px [&hellip;]<\/p>\n","protected":false},"author":3,"featured_media":71901,"parent":71053,"menu_order":4,"comment_status":"closed","ping_status":"closed","template":"","meta":[],"acf":[],"yoast_head":"<!-- This site is optimized with the Yoast SEO plugin v18.2 - https:\/\/yoast.com\/wordpress\/plugins\/seo\/ -->\n<title>GETOR GP agregat pr\u0105dotw\u00f3rczy | silnik Perkins (668 - 2200 kVA) | EPS System<\/title>\n<meta name=\"description\" content=\"Produkowane w Polsce przemys\u0142owe agregaty pr\u0105dotw\u00f3rcze GETOR GP w wersji standardowej (na ramie), obudowanej lub kontenerowej. Moc od 668 do 2200 kVA.\" \/>\n<meta name=\"robots\" content=\"index, follow, max-snippet:-1, max-image-preview:large, max-video-preview:-1\" \/>\n<link rel=\"canonical\" href=\"https:\/\/epssystem.pl\/en\/nowa-oferta\/agregaty-pradotworcze\/getor-gp-perkins-668-2200-kva\/\" \/>\n<meta property=\"og:locale\" content=\"uk_UA\" \/>\n<meta property=\"og:type\" content=\"article\" \/>\n<meta property=\"og:title\" content=\"GETOR GP agregat pr\u0105dotw\u00f3rczy | silnik Perkins (668 - 2200 kVA) | EPS System\" \/>\n<meta property=\"og:description\" content=\"Produkowane w Polsce przemys\u0142owe agregaty pr\u0105dotw\u00f3rcze GETOR GP w wersji standardowej (na ramie), obudowanej lub kontenerowej. Moc od 668 do 2200 kVA.\" \/>\n<meta property=\"og:url\" content=\"https:\/\/epssystem.pl\/en\/nowa-oferta\/agregaty-pradotworcze\/getor-gp-perkins-668-2200-kva\/\" \/>\n<meta property=\"og:site_name\" content=\"EPS System\" \/>\n<meta property=\"article:modified_time\" content=\"2020-11-20T10:33:07+00:00\" \/>\n<meta property=\"og:image\" content=\"https:\/\/epssystem.pl\/wp-content\/uploads\/2016\/07\/GETOR-GP-670.png\" \/>\n\t<meta property=\"og:image:width\" content=\"300\" \/>\n\t<meta property=\"og:image:height\" content=\"218\" \/>\n\t<meta property=\"og:image:type\" content=\"image\/png\" \/>\n<meta name=\"twitter:card\" content=\"summary\" \/>\n<meta name=\"twitter:label1\" content=\"Est. reading time\" \/>\n\t<meta name=\"twitter:data1\" content=\"6 minutes\" \/>\n<script type=\"application\/ld+json\" class=\"yoast-schema-graph\">{\"@context\":\"https:\/\/schema.org\",\"@graph\":[{\"@type\":\"WebSite\",\"@id\":\"https:\/\/epssystem.pl\/#website\",\"url\":\"https:\/\/epssystem.pl\/\",\"name\":\"EPS System\",\"description\":\"Polski producent system\u00f3w zasilania gwarantowanego\",\"potentialAction\":[{\"@type\":\"SearchAction\",\"target\":{\"@type\":\"EntryPoint\",\"urlTemplate\":\"https:\/\/epssystem.pl\/?s={search_term_string}\"},\"query-input\":\"required name=search_term_string\"}],\"inLanguage\":\"uk\"},{\"@type\":\"ImageObject\",\"@id\":\"https:\/\/epssystem.pl\/en\/nowa-oferta\/agregaty-pradotworcze\/getor-gp-perkins-668-2200-kva\/#primaryimage\",\"inLanguage\":\"uk\",\"url\":\"https:\/\/epssystem.pl\/wp-content\/uploads\/2016\/07\/GETOR-GP-670.png\",\"contentUrl\":\"https:\/\/epssystem.pl\/wp-content\/uploads\/2016\/07\/GETOR-GP-670.png\",\"width\":300,\"height\":218,\"caption\":\"agregat pr\u0105dotw\u00f3rczy du\u017cej mocy z silnikiem Perkins\"},{\"@type\":\"WebPage\",\"@id\":\"https:\/\/epssystem.pl\/en\/nowa-oferta\/agregaty-pradotworcze\/getor-gp-perkins-668-2200-kva\/#webpage\",\"url\":\"https:\/\/epssystem.pl\/en\/nowa-oferta\/agregaty-pradotworcze\/getor-gp-perkins-668-2200-kva\/\",\"name\":\"GETOR GP agregat pr\u0105dotw\u00f3rczy | silnik Perkins (668 - 2200 kVA) | EPS System\",\"isPartOf\":{\"@id\":\"https:\/\/epssystem.pl\/#website\"},\"primaryImageOfPage\":{\"@id\":\"https:\/\/epssystem.pl\/en\/nowa-oferta\/agregaty-pradotworcze\/getor-gp-perkins-668-2200-kva\/#primaryimage\"},\"datePublished\":\"2016-07-12T06:57:27+00:00\",\"dateModified\":\"2020-11-20T10:33:07+00:00\",\"description\":\"Produkowane w Polsce przemys\u0142owe agregaty pr\u0105dotw\u00f3rcze GETOR GP w wersji standardowej (na ramie), obudowanej lub kontenerowej. Moc od 668 do 2200 kVA.\",\"breadcrumb\":{\"@id\":\"https:\/\/epssystem.pl\/en\/nowa-oferta\/agregaty-pradotworcze\/getor-gp-perkins-668-2200-kva\/#breadcrumb\"},\"inLanguage\":\"uk\",\"potentialAction\":[{\"@type\":\"ReadAction\",\"target\":[\"https:\/\/epssystem.pl\/en\/nowa-oferta\/agregaty-pradotworcze\/getor-gp-perkins-668-2200-kva\/\"]}]},{\"@type\":\"BreadcrumbList\",\"@id\":\"https:\/\/epssystem.pl\/en\/nowa-oferta\/agregaty-pradotworcze\/getor-gp-perkins-668-2200-kva\/#breadcrumb\",\"itemListElement\":[{\"@type\":\"ListItem\",\"position\":1,\"name\":\"Strona g\u0142\u00f3wna\",\"item\":\"https:\/\/epssystem.pl\/\"},{\"@type\":\"ListItem\",\"position\":2,\"name\":\"Oferta\",\"item\":\"https:\/\/epssystem.pl\/nowa-oferta\/\"},{\"@type\":\"ListItem\",\"position\":3,\"name\":\"Agregaty pr\u0105dotw\u00f3rcze\",\"item\":\"https:\/\/epssystem.pl\/nowa-oferta\/agregaty-pradotworcze\/\"},{\"@type\":\"ListItem\",\"position\":4,\"name\":\"GETOR GP (668 - 2200 kVA)\"}]}]}<\/script>\n<!-- \/ Yoast SEO plugin. -->","yoast_head_json":{"title":"GETOR GP agregat pr\u0105dotw\u00f3rczy | silnik Perkins (668 - 2200 kVA) | EPS System","description":"Produkowane w Polsce przemys\u0142owe agregaty pr\u0105dotw\u00f3rcze GETOR GP w wersji standardowej (na ramie), obudowanej lub kontenerowej. Moc od 668 do 2200 kVA.","robots":{"index":"index","follow":"follow","max-snippet":"max-snippet:-1","max-image-preview":"max-image-preview:large","max-video-preview":"max-video-preview:-1"},"canonical":"https:\/\/epssystem.pl\/en\/nowa-oferta\/agregaty-pradotworcze\/getor-gp-perkins-668-2200-kva\/","og_locale":"uk_UA","og_type":"article","og_title":"GETOR GP agregat pr\u0105dotw\u00f3rczy | silnik Perkins (668 - 2200 kVA) | EPS System","og_description":"Produkowane w Polsce przemys\u0142owe agregaty pr\u0105dotw\u00f3rcze GETOR GP w wersji standardowej (na ramie), obudowanej lub kontenerowej. Moc od 668 do 2200 kVA.","og_url":"https:\/\/epssystem.pl\/en\/nowa-oferta\/agregaty-pradotworcze\/getor-gp-perkins-668-2200-kva\/","og_site_name":"EPS System","article_modified_time":"2020-11-20T10:33:07+00:00","og_image":[{"width":300,"height":218,"url":"https:\/\/epssystem.pl\/wp-content\/uploads\/2016\/07\/GETOR-GP-670.png","type":"image\/png"}],"twitter_card":"summary","twitter_misc":{"Est. reading time":"6 minutes"},"schema":{"@context":"https:\/\/schema.org","@graph":[{"@type":"WebSite","@id":"https:\/\/epssystem.pl\/#website","url":"https:\/\/epssystem.pl\/","name":"EPS System","description":"Polski producent system\u00f3w zasilania gwarantowanego","potentialAction":[{"@type":"SearchAction","target":{"@type":"EntryPoint","urlTemplate":"https:\/\/epssystem.pl\/?s={search_term_string}"},"query-input":"required name=search_term_string"}],"inLanguage":"uk"},{"@type":"ImageObject","@id":"https:\/\/epssystem.pl\/en\/nowa-oferta\/agregaty-pradotworcze\/getor-gp-perkins-668-2200-kva\/#primaryimage","inLanguage":"uk","url":"https:\/\/epssystem.pl\/wp-content\/uploads\/2016\/07\/GETOR-GP-670.png","contentUrl":"https:\/\/epssystem.pl\/wp-content\/uploads\/2016\/07\/GETOR-GP-670.png","width":300,"height":218,"caption":"agregat pr\u0105dotw\u00f3rczy du\u017cej mocy z silnikiem Perkins"},{"@type":"WebPage","@id":"https:\/\/epssystem.pl\/en\/nowa-oferta\/agregaty-pradotworcze\/getor-gp-perkins-668-2200-kva\/#webpage","url":"https:\/\/epssystem.pl\/en\/nowa-oferta\/agregaty-pradotworcze\/getor-gp-perkins-668-2200-kva\/","name":"GETOR GP agregat pr\u0105dotw\u00f3rczy | silnik Perkins (668 - 2200 kVA) | EPS System","isPartOf":{"@id":"https:\/\/epssystem.pl\/#website"},"primaryImageOfPage":{"@id":"https:\/\/epssystem.pl\/en\/nowa-oferta\/agregaty-pradotworcze\/getor-gp-perkins-668-2200-kva\/#primaryimage"},"datePublished":"2016-07-12T06:57:27+00:00","dateModified":"2020-11-20T10:33:07+00:00","description":"Produkowane w Polsce przemys\u0142owe agregaty pr\u0105dotw\u00f3rcze GETOR GP w wersji standardowej (na ramie), obudowanej lub kontenerowej. Moc od 668 do 2200 kVA.","breadcrumb":{"@id":"https:\/\/epssystem.pl\/en\/nowa-oferta\/agregaty-pradotworcze\/getor-gp-perkins-668-2200-kva\/#breadcrumb"},"inLanguage":"uk","potentialAction":[{"@type":"ReadAction","target":["https:\/\/epssystem.pl\/en\/nowa-oferta\/agregaty-pradotworcze\/getor-gp-perkins-668-2200-kva\/"]}]},{"@type":"BreadcrumbList","@id":"https:\/\/epssystem.pl\/en\/nowa-oferta\/agregaty-pradotworcze\/getor-gp-perkins-668-2200-kva\/#breadcrumb","itemListElement":[{"@type":"ListItem","position":1,"name":"Strona g\u0142\u00f3wna","item":"https:\/\/epssystem.pl\/"},{"@type":"ListItem","position":2,"name":"Oferta","item":"https:\/\/epssystem.pl\/nowa-oferta\/"},{"@type":"ListItem","position":3,"name":"Agregaty pr\u0105dotw\u00f3rcze","item":"https:\/\/epssystem.pl\/nowa-oferta\/agregaty-pradotworcze\/"},{"@type":"ListItem","position":4,"name":"GETOR GP (668 - 2200 kVA)"}]}]}},"_links":{"self":[{"href":"https:\/\/epssystem.pl\/uk\/wp-json\/wp\/v2\/pages\/71097"}],"collection":[{"href":"https:\/\/epssystem.pl\/uk\/wp-json\/wp\/v2\/pages"}],"about":[{"href":"https:\/\/epssystem.pl\/uk\/wp-json\/wp\/v2\/types\/page"}],"author":[{"embeddable":true,"href":"https:\/\/epssystem.pl\/uk\/wp-json\/wp\/v2\/users\/3"}],"replies":[{"embeddable":true,"href":"https:\/\/epssystem.pl\/uk\/wp-json\/wp\/v2\/comments?post=71097"}],"version-history":[{"count":2,"href":"https:\/\/epssystem.pl\/uk\/wp-json\/wp\/v2\/pages\/71097\/revisions"}],"predecessor-version":[{"id":73547,"href":"https:\/\/epssystem.pl\/uk\/wp-json\/wp\/v2\/pages\/71097\/revisions\/73547"}],"up":[{"embeddable":true,"href":"https:\/\/epssystem.pl\/uk\/wp-json\/wp\/v2\/pages\/71053"}],"wp:featuredmedia":[{"embeddable":true,"href":"https:\/\/epssystem.pl\/uk\/wp-json\/wp\/v2\/media\/71901"}],"wp:attachment":[{"href":"https:\/\/epssystem.pl\/uk\/wp-json\/wp\/v2\/media?parent=71097"}],"curies":[{"name":"wp","href":"https:\/\/api.w.org\/{rel}","templated":true}]}}