{"id":71099,"date":"2016-07-12T06:57:51","date_gmt":"2016-07-12T06:57:51","guid":{"rendered":"http:\/\/epssystem.pl\/?page_id=71099"},"modified":"2020-11-20T10:21:27","modified_gmt":"2020-11-20T10:21:27","slug":"getor-gs-scania-410-778","status":"publish","type":"page","link":"https:\/\/epssystem.pl\/uk\/nowa-oferta\/agregaty-pradotworcze\/getor-gs-scania-410-778\/","title":{"rendered":"GETOR GS (410 - 778 \u043a\u0412\u0410)"},"content":{"rendered":"<p>[vc_row type=&#8221;container&#8221;][vc_column width=&#8221;1\/3&#8243;][vc_single_image image=&#8221;72118&#8243; img_size=&#8221;full&#8221;][\/vc_column][vc_column width=&#8221;1\/3&#8243;][vc_empty_space height=&#8221;100px&#8221;][\/vc_column][vc_column width=&#8221;1\/3&#8243;][vc_single_image image=&#8221;71889&#8243; img_size=&#8221;medium&#8221;][\/vc_column][\/vc_row][vc_row type=&#8221;container&#8221;][vc_column width=&#8221;1\/3&#8243;][\/vc_column][vc_column width=&#8221;1\/3&#8243;][vc_single_image image=&#8221;72113&#8243; img_size=&#8221;full&#8221;][\/vc_column][vc_column width=&#8221;1\/3&#8243;][\/vc_column][\/vc_row][vc_row type=&#8221;container&#8221; css=&#8221;.vc_custom_1471341523761{margin-top: 0px !important;margin-right: 0px !important;margin-bottom: 0px !important;margin-left: 0px !important;border-top-width: 0px !important;border-right-width: 0px !important;border-bottom-width: 0px !important;border-left-width: 0px !important;padding-top: 0px !important;padding-right: 0px !important;padding-bottom: 0px !important;padding-left: 0px !important;}&#8221;][vc_column][vc_column_text css=&#8221;.vc_custom_1484919125362{margin-top: 0px !important;margin-right: 0px !important;margin-bottom: 0px !important;margin-left: 0px !important;border-top-width: 0px !important;border-right-width: 0px !important;border-bottom-width: 0px !important;border-left-width: 0px !important;padding-top: 0px !important;padding-right: 0px !important;padding-bottom: 0px !important;padding-left: 0px !important;}&#8221;]\u041f\u0440\u0438 \u043f\u0440\u043e\u0435\u043a\u0442\u0443\u0432\u0430\u043d\u043d\u0456 \u0433\u0435\u043d\u0435\u0440\u0430\u0442\u043e\u0440\u043d\u043e\u0457 \u0443\u0441\u0442\u0430\u043d\u043e\u0432\u043a\u0438, \u043d\u0435\u0437\u0430\u043b\u0435\u0436\u043d\u043e \u0432\u0456\u0434 \u0439\u043e\u0433\u043e \u0432\u0438\u043a\u043e\u0440\u0438\u0441\u0442\u0430\u043d\u043d\u044f \u0437\u0430\u0432\u0436\u0434\u0438 \u0437\u0432\u0435\u0440\u0442\u0430e\u043co \u0443\u0432\u0430\u0433\u0443 \u043d\u0430 \u043c\u0456\u0446\u043d\u0456\u0441\u0442\u044c, \u0434\u043e\u0432\u0433\u043e\u0432\u0456\u0447\u043d\u0456\u0441\u0442\u044c \u0456 \u043d\u0430\u0434\u0456\u0439\u043d\u0456\u0441\u0442\u044c \u0432\u0443\u0437\u043b\u0430 \u043f\u0440\u0438\u0432\u043e\u0434\u0443, a \u0442\u0430\u043a\u043e\u0436 \u043da \u043d\u0435\u0432\u0435\u043b\u0438\u0432i \u0432\u0438\u043c\u043e\u0433\u0438 \u0449o \u0434\u043e \u0442\u0435\u0445\u043d\u0456\u0447\u043d\u043e\u0433\u043e \u043e\u0431\u0441\u043b\u0443\u0433\u043e\u0432\u0443\u0432\u0430\u043d\u043d\u044f.<br \/>\nB\u0441\u0435 \u0446\u0435 \u0432 \u043d\u0430\u0439\u043a\u0440\u0430\u0449\u043e\u043c\u0443 \u0432\u0438\u0434\u0456 \u043f\u0440\u043e\u043f\u043e\u043d\u0443\u044e\u0442\u044c \u0434\u0432\u0438\u0433\u0443\u043d\u0438 Scania, \u0437\u0430\u043f\u0435\u0432\u043d\u044f\u044e\u0447\u0438 \u0441\u0442\u0430\u0431\u0438\u043b\u044c\u043di \u0440\u043e\u0431\u043e\u0447i \u0445\u0430\u0440\u0430\u043a\u0442\u0435\u0440\u0438\u0441\u0442\u0438\u043ai \u043f\u0440\u0438 \u043c\u043e\u0436\u043b\u0438\u0432\u043e \u043d\u0438\u0437\u044c\u043a\u0438\u0445 \u0437\u0430\u0442\u0440\u0430\u0442a\u0445 \u0435\u043a\u0441\u043f\u043b\u0443\u0430\u0442\u0430\u0446\u0456\u0457.\u0412\u0435\u043b\u0438\u043a\u0438\u0439 \u0432\u0438\u0431\u0456\u0440 \u0434\u0432\u0438\u0433\u0443\u043d\u0456\u0432 \u0449\u043e \u0431\u0430\u0437\u0443\u044e\u0442\u044c \u043d\u0430 \u0441\u0443\u0447\u0430\u0441\u043d\u0456\u0439 \u043f\u043b\u0430\u0442\u0444\u043e\u0440\u043c\u0456, \u044f\u043a\u0456 \u0437\u0430\u0434\u043e\u0432\u043e\u043b\u044c\u043d\u044f\u044e\u0442\u044c \u043f\u043e\u0442\u0440\u0435\u0431\u0438 \u0443 \u0441\u0444\u0435\u0440\u0456 \u0435\u043b\u0435\u043a\u0442\u0440\u0438\u0447\u043d\u043e\u0433\u043e \u0436\u0438\u0432\u043b\u0435\u043d\u043d\u044f \u043f\u043e\u0442\u0443\u0436\u043di\u0441\u0442\u044e 777 \u043a\u0412\u0410. \u041f\u0440\u0438\u0439\u043d\u044f\u0442\u0430 \u043a\u0430\u043c\u043f\u0430\u043d\u0456\u0454\u044e Scania \u0443\u043d\u0456\u043a\u0430\u043b\u044c\u043d\u0430 \u043a\u043e\u043d\u0446\u0435\u043f\u0446\u0456\u044f \u043c\u043e\u0434\u0443\u043b\u044c\u043d\u043e\u0433\u043e \u0431\u0443\u0434\u0456\u0432\u043d\u0438\u0446\u0442\u0432\u0430 \u0434\u0432\u0438\u0433\u0443\u043d\u0456\u0432 \u043e\u0437\u043d\u0430\u0447a\u044d \u0432\u0435\u043b\u0438\u043a\u0443 \u0434\u043e\u0441\u0442\u0443\u043f\u043d\u0456\u0441\u0442\u044c \u0437\u0430\u043f\u0447\u0430\u0441\u0442\u0438\u043d, \u0435\u043a\u043e\u043d\u043e\u043c\u0456\u044e \u0441\u0438\u0440\u043e\u0432\u0438\u043d\u0438 \u0456 \u043c\u043e\u0436\u043b\u0438\u0432\u0456\u0441\u0442\u044c \u0442\u0435\u0445\u043d\u0456\u0447\u043d\u043e\u0433\u043e \u043e\u0431\u0441\u043b\u0443\u0433\u043e\u0432\u0443\u0432\u0430\u043d\u043d\u044f \u043f\u0440\u043e\u0434\u0443\u043a\u0442\u0443 o\u0434\u043d\u0438\u043c \u043ce\u0445\u0430\u043di\u043ao\u043c.<\/p>\n<p>\u0414\u043e\u0432\u0433\u0438\u0439 \u043f\u0435\u0440\u0456\u043e\u0434 \u043c\u0456\u0436 \u0442\u0435\u0445\u043d\u0456\u0447\u043d\u0438\u043c \u043e\u0433\u043b\u044f\u0434\u043e\u043c \u0456 \u043d\u0430\u0434\u0456\u0439\u043d\u0456\u0441\u0442\u044c, \u043f\u0456\u0434\u0442\u0432\u0435\u0440\u0434\u0436\u0435\u043d\u0430 \u043d\u0430 \u043f\u0440\u0430\u043a\u0442\u0438\u0446\u0456 \u0432\u043f\u043b\u0438\u0432\u0430\u0454 \u043da \u0431\u0456\u043b\u044c\u0448 \u0432\u0438\u0441\u043e\u043a\u0438\u0439 \u0440\u0456\u0432\u0435\u043d\u044c \u0434\u043e\u0441\u0442\u0443\u043f\u043d\u043e\u0441\u0442\u0456 \u0456 \u043d\u0438\u0437\u044c\u043a\u0443 \u0432\u0430\u0440\u0442\u0456\u0441\u0442\u044c \u0432 \u0443\u0441\u044c\u043e\u043c\u0443 \u0435\u043a\u0441\u043f\u043b\u0443\u0430\u0442\u0430\u0446\u0456\u0439\u043d\u043e\u043c\u0443 \u0446\u0438\u043a\u043b\u0456, \u0430 \u0449\u043e \u0437\u0430 \u0446\u0438\u043c \u0439\u0434\u0435 &#8211; \u0432\u0438\u0441\u043e\u043a\u0430 \u0440\u0435\u043d\u0442\u0430\u0431\u0435\u043b\u044c\u043d\u0456\u0441\u0442\u044c. \u0417\u0430\u0432\u0434\u044f\u043a\u0438 \u043a\u043e\u043c\u043f\u0430\u043a\u0442\u043do\u043c\u0443 \u043a\u043e\u0440\u043f\u0443\u0441\u0443 \u0456 \u043d\u0430\u0434\u0437\u0432\u0438\u0447\u0430\u0439\u043d\u043e \u0441\u043f\u0440\u0438\u044f\u0442\u043b\u0438\u0432\u043e\u043c\u0443 \u0441\u043f\u0456\u0432\u0432\u0456\u0434\u043d\u043e\u0448\u0435\u043d\u043d\u044e \u043f\u043e\u0442\u0443\u0436\u043d\u043e\u0441\u0442\u0456 \u0434\u043e \u0432\u043b\u0430\u0441\u043d\u043e\u0457 \u0432\u0430\u0433\u0438, \u0434\u0432\u0438\u0433\u0443\u043d\u0438 \u043b\u0435\u0433k\u0456 \u0432 \u0437\u0430\u0431\u0443\u0434\u043e\u0432\u0456 &#8211; \u0432\u0435\u043b\u0438\u043a\u0430 \u043f\u0435\u0440\u0435\u0432\u0430\u0433\u0430 \u0432 \u0441\u0442\u0430\u0446\u0456\u043e\u043d\u0430\u0440\u043d\u0438\u0445 \u0441\u043f\u043e\u0440\u0442\u0438\u0432\u043d\u0438\u0445 \u0437\u0430\u043b\u0430\u0445 \u0456 \u043d\u0430\u0432\u0456\u0442\u044c \u0431\u0456\u043b\u044c\u0448\u0435 \u0432 \u0440\u0430\u0437\u0456 \u0437\u0430\u043a\u0440\u0438\u0442\u0438\u0445 \u0433\u0435\u043d\u0435\u0440\u0430\u0442\u043e\u0440\u0456\u0432.<br \/>\n\u0414\u0432\u0438\u0433\u0443\u043d\u0438 \u0445\u0430\u0440\u0430\u043a\u0442\u0435\u0440\u0438\u0437\u0443\u044e\u0442\u044c\u0441\u044f \u0432\u0438\u0441\u043e\u043a\u043e\u044e \u0435\u0444\u0435\u043a\u0442\u0438\u0432\u043d\u0456\u0441\u0442\u044e \u0440\u0435\u0430\u043a\u0446\u0456\u0457 \u043d\u0430 \u0440\u0456\u0437\u043d\u0438\u0446\u044e \u043d\u0430\u0432\u0430\u043d\u0442\u0430\u0436\u0435\u043d\u043d\u044f, \u0443 \u043a\u043e\u0440\u043e\u0442\u043a\u0438\u0439 \u0447\u0430\u0441 \u0441\u0442\u0430\u0431\u0456\u043b\u044c\u043d\u043e\u0441\u0442\u0456.<br \/>\n\u0412\u0441\u0456 \u0430\u0433\u0440\u0435\u0433\u0430\u0442\u0438 \u043e\u0431\u043b\u0430\u0434\u043d\u0430\u043d\u0456 \u0435\u043b\u0435\u043a\u0442\u0440\u043e\u043d\u043d\u0438\u043c\u0438 \u0440\u0435\u0433\u0443\u043b\u044f\u0442\u043e\u0440a\u043c\u0438 \u0447\u0430\u0441\u0442\u043e\u0442\u0438 \u2013 \u0448\u0432\u0438\u0434\u043ao\u0441\u0442i \u043e\u0431o\u0440o\u0442i\u0432 \u0434\u0432\u0438\u0433\u0443\u043d\u0430.[\/vc_column_text][\/vc_column][\/vc_row][vc_row type=&#8221;container&#8221; css=&#8221;.vc_custom_1471341523761{margin-top: 0px !important;margin-right: 0px !important;margin-bottom: 0px !important;margin-left: 0px !important;border-top-width: 0px !important;border-right-width: 0px !important;border-bottom-width: 0px !important;border-left-width: 0px !important;padding-top: 0px !important;padding-right: 0px !important;padding-bottom: 0px !important;padding-left: 0px !important;}&#8221;][vc_column][vc_column_text css=&#8221;.vc_custom_1484919150105{margin-top: 0px !important;margin-right: 0px !important;margin-bottom: 0px !important;margin-left: 0px !important;border-top-width: 0px !important;border-right-width: 0px !important;border-bottom-width: 0px !important;border-left-width: 0px !important;padding-top: 0px !important;padding-right: 0px !important;padding-bottom: 0px !important;padding-left: 0px !important;}&#8221;]<\/p>\n<p style=\"text-align: center;\"><a href=\"http:\/\/epssystem.pl\/get-a-quote\/\"><i class=\" glyphicon glyphicon-envelope \" style=\"color:#bb1a12; font-size:24px;\"><\/i> \u0417\u0430\u043f\u0438\u0442<\/a><\/p>\n<p>[\/vc_column_text][vc_empty_space][\/vc_column][\/vc_row][vc_row type=&#8221;container&#8221;][vc_column][vc_column_text]<div class=\"table-responsive\"><table width=\"100%\" class=\"table \" style=\"table-bordered\"><\/p>\n<p><thead><tr>\n<th>T\u0438\u043f \u043d\u0435\u0437\u0430\u0448\u0438\u0442\u0438\u0439<\/th>\n<th>\u0422\u0438\u043f \u0437\u0430\u0448\u0438\u0442\u0438\u0439 <\/th>\n<th>\u041f\u043e\u0442\u0443\u0436\u043d\u0456\u0441\u0442\u044c \u0410\u0432\u0430\u0440\u0456\u0439\u043da [\u043a\u0412\u0410 \/ \u043a\u0412\u0442]<\/th>\n<th>\u0411\u0435\u0437\u043f\u0435\u0440\u0435\u0440\u0432\u043d\u0430 \u043f\u043e\u0442\u0443\u0436\u043d\u0456\u0441\u0442\u044c\u00a0 [\u043a\u0412\u0410 \/ \u043a\u0412\u0442] <\/th>\n<th>\u0412\u0438\u0442\u0440\u0430\u0442\u0430 \u043f\u0430\u043b\u0438\u0432\u0430<\/th>\n<th>\u041b\u0438\u0441\u0442<\/th>\n<\/tr><\/thead>\n<tbody>\n<tr>\n<td>GS 410 N<\/td>\n<td>GS 410 S<\/td>\n<td>409,9\/ 328,0<\/td>\n<td>374,0 \/299,2 <\/td>\n<td>b\/d <\/td>\n<td><a href=\"http:\/\/epssystem.pl\/karty_katalogowe\/GETOR\/GETOR GS\/GETOR GS 410.pdf\"><i class=\" glyphicon glyphicon-save \" style=\"color:#bb1a12; font-size:24px;\"><\/i> PDF<\/a><\/td>\n<\/tr><\/p>\n<tr>\n<td>GS 460 N<\/td>\n<td>GS 460 S<\/td>\n<td>461,8\/ 369,4<\/td>\n<td>417,1 \/333,7 <\/td>\n<td>b\/d<\/td>\n<td><a href=\"http:\/\/epssystem.pl\/karty_katalogowe\/GETOR\/GETOR GS\/GETOR GS 460.pdf\"><i class=\" glyphicon glyphicon-save \" style=\"color:#bb1a12; font-size:24px;\"><\/i> PDF<\/a><\/td>\n<\/tr>\n<tr>\n<td>GS 500 N<\/td>\n<td>GS 500 S<\/td>\n<td>502,9\/ 402,3<\/td>\n<td>461,8 \/369,4 <\/td>\n<td>b\/d <\/td>\n<td><a href=\"http:\/\/epssystem.pl\/karty_katalogowe\/GETOR\/GETOR GS\/GETOR GS 500.pdf\"><i class=\" glyphicon glyphicon-save \" style=\"color:#bb1a12; font-size:24px;\"><\/i> PDF<\/a><\/td>\n<\/tr>\n<tr>\n<td>GS 550 N<\/td>\n<td>GS 550 S<\/td>\n<td>552,3\/ 441,8<\/td>\n<td>502,9\/402,3 <\/td>\n<td>101,4 <\/td>\n<td><a href=\"http:\/\/epssystem.pl\/karty_katalogowe\/GETOR\/GETOR GS\/GETOR GS 550.pdf\"><i class=\" glyphicon glyphicon-save \" style=\"color:#bb1a12; font-size:24px;\"><\/i> PDF<\/a><\/td>\n<\/tr>\n<tr>\n<td>GS 660 N<\/td>\n<td>GS 660 S<\/td>\n<td>665,3\/ 532,2<\/td>\n<td>604,9 \/483,9<\/td>\n<td>122,5 <\/td>\n<td><a href=\"http:\/\/epssystem.pl\/karty_katalogowe\/GETOR\/GETOR GS\/GETOR GS 660.pdf\"><i class=\" glyphicon glyphicon-save \" style=\"color:#bb1a12; font-size:24px;\"><\/i> PDF<\/a><\/td>\n<\/tr>\n<tr>\n<td>GS 715 N<\/td>\n<td>GS 715 S<\/td>\n<td>720,9\/ 576,7<\/td>\n<td>654,6 \/523,7 <\/td>\n<td>132,0 <\/td>\n<td><a href=\"http:\/\/epssystem.pl\/karty_katalogowe\/GETOR\/GETOR GS\/GETOR GS 715.pdf\"><i class=\" glyphicon glyphicon-save \" style=\"color:#bb1a12; font-size:24px;\"><\/i> PDF<\/a><\/td>\n<\/tr>\n<tr>\n<td>GS 770 N<\/td>\n<td>GS 770 S<\/td>\n<td>777,8\/622,3<\/td>\n<td>707,8\/566,2 <\/td>\n<td>141,2 <\/td>\n<td><a href=\"http:\/\/epssystem.pl\/karty_katalogowe\/GETOR\/GETOR GS\/GETOR GS 770.pdf\"><i class=\" glyphicon glyphicon-save \" style=\"color:#bb1a12; font-size:24px;\"><\/i> PDF<\/a><\/td>\n<\/tr>\n<p><\/tbody>\n<\/table><\/div>[\/vc_column_text][\/vc_column][\/vc_row]<\/p>\n","protected":false},"excerpt":{"rendered":"<p>[vc_row type=&#8221;container&#8221;][vc_column width=&#8221;1\/3&#8243;][vc_single_image image=&#8221;72118&#8243; img_size=&#8221;full&#8221;][\/vc_column][vc_column width=&#8221;1\/3&#8243;][vc_empty_space height=&#8221;100px&#8221;][\/vc_column][vc_column width=&#8221;1\/3&#8243;][vc_single_image image=&#8221;71889&#8243; img_size=&#8221;medium&#8221;][\/vc_column][\/vc_row][vc_row type=&#8221;container&#8221;][vc_column width=&#8221;1\/3&#8243;][\/vc_column][vc_column width=&#8221;1\/3&#8243;][vc_single_image image=&#8221;72113&#8243; img_size=&#8221;full&#8221;][\/vc_column][vc_column width=&#8221;1\/3&#8243;][\/vc_column][\/vc_row][vc_row type=&#8221;container&#8221; css=&#8221;.vc_custom_1471341523761{margin-top: 0px !important;margin-right: 0px !important;margin-bottom: 0px !important;margin-left: 0px !important;border-top-width: 0px !important;border-right-width: 0px !important;border-bottom-width: 0px !important;border-left-width: 0px !important;padding-top: 0px !important;padding-right: 0px !important;padding-bottom: 0px !important;padding-left: 0px !important;}&#8221;][vc_column][vc_column_text css=&#8221;.vc_custom_1484919125362{margin-top: 0px !important;margin-right: 0px !important;margin-bottom: 0px !important;margin-left: 0px !important;border-top-width: 0px !important;border-right-width: 0px !important;border-bottom-width: [&hellip;]<\/p>\n","protected":false},"author":3,"featured_media":72113,"parent":71053,"menu_order":0,"comment_status":"closed","ping_status":"closed","template":"","meta":[],"acf":[],"yoast_head":"<!-- This site is optimized with the Yoast SEO plugin v18.2 - https:\/\/yoast.com\/wordpress\/plugins\/seo\/ -->\n<title>Generatory Scania - Agregaty GETOR GS (410 - 778 kVA) - Eps system<\/title>\n<meta name=\"description\" content=\"Wysokiej jako\u015bci agregaty pr\u0105dotw\u00f3rcze serii GETOR GS wyposa\u017cone w silnik SCANIA, niezawodna jako\u015b\u0107, wysoka wydajno\u015b\u0107, produkowane w Polsce - Sprawd\u017a\" \/>\n<meta name=\"robots\" content=\"index, follow, max-snippet:-1, max-image-preview:large, max-video-preview:-1\" \/>\n<link rel=\"canonical\" href=\"https:\/\/epssystem.pl\/en\/nowa-oferta\/agregaty-pradotworcze\/getor-gs-scania-410-778\/\" \/>\n<meta property=\"og:locale\" content=\"uk_UA\" \/>\n<meta property=\"og:type\" content=\"article\" \/>\n<meta property=\"og:title\" content=\"Generatory Scania - Agregaty GETOR GS (410 - 778 kVA) - Eps system\" \/>\n<meta property=\"og:description\" content=\"Wysokiej jako\u015bci agregaty pr\u0105dotw\u00f3rcze serii GETOR GS wyposa\u017cone w silnik SCANIA, niezawodna jako\u015b\u0107, wysoka wydajno\u015b\u0107, produkowane w Polsce - Sprawd\u017a\" \/>\n<meta property=\"og:url\" content=\"https:\/\/epssystem.pl\/en\/nowa-oferta\/agregaty-pradotworcze\/getor-gs-scania-410-778\/\" \/>\n<meta property=\"og:site_name\" content=\"EPS System\" \/>\n<meta property=\"article:modified_time\" content=\"2020-11-20T10:21:27+00:00\" \/>\n<meta property=\"og:image\" content=\"https:\/\/epssystem.pl\/wp-content\/uploads\/2016\/08\/GETOR-GS-Scania-1.png\" \/>\n\t<meta property=\"og:image:width\" content=\"351\" \/>\n\t<meta property=\"og:image:height\" content=\"350\" \/>\n\t<meta property=\"og:image:type\" content=\"image\/png\" \/>\n<meta name=\"twitter:card\" content=\"summary\" \/>\n<meta name=\"twitter:label1\" content=\"Est. reading time\" \/>\n\t<meta name=\"twitter:data1\" content=\"5 minutes\" \/>\n<script type=\"application\/ld+json\" class=\"yoast-schema-graph\">{\"@context\":\"https:\/\/schema.org\",\"@graph\":[{\"@type\":\"WebSite\",\"@id\":\"https:\/\/epssystem.pl\/#website\",\"url\":\"https:\/\/epssystem.pl\/\",\"name\":\"EPS System\",\"description\":\"Polski producent system\u00f3w zasilania gwarantowanego\",\"potentialAction\":[{\"@type\":\"SearchAction\",\"target\":{\"@type\":\"EntryPoint\",\"urlTemplate\":\"https:\/\/epssystem.pl\/?s={search_term_string}\"},\"query-input\":\"required name=search_term_string\"}],\"inLanguage\":\"uk\"},{\"@type\":\"ImageObject\",\"@id\":\"https:\/\/epssystem.pl\/en\/nowa-oferta\/agregaty-pradotworcze\/getor-gs-scania-410-778\/#primaryimage\",\"inLanguage\":\"uk\",\"url\":\"https:\/\/epssystem.pl\/wp-content\/uploads\/2016\/08\/GETOR-GS-Scania-1.png\",\"contentUrl\":\"https:\/\/epssystem.pl\/wp-content\/uploads\/2016\/08\/GETOR-GS-Scania-1.png\",\"width\":351,\"height\":350,\"caption\":\"Agregat pr\u0105dotw\u00f3rczy GETOR - EPS SYSTEM\"},{\"@type\":\"WebPage\",\"@id\":\"https:\/\/epssystem.pl\/en\/nowa-oferta\/agregaty-pradotworcze\/getor-gs-scania-410-778\/#webpage\",\"url\":\"https:\/\/epssystem.pl\/en\/nowa-oferta\/agregaty-pradotworcze\/getor-gs-scania-410-778\/\",\"name\":\"Generatory Scania - Agregaty GETOR GS (410 - 778 kVA) - Eps system\",\"isPartOf\":{\"@id\":\"https:\/\/epssystem.pl\/#website\"},\"primaryImageOfPage\":{\"@id\":\"https:\/\/epssystem.pl\/en\/nowa-oferta\/agregaty-pradotworcze\/getor-gs-scania-410-778\/#primaryimage\"},\"datePublished\":\"2016-07-12T06:57:51+00:00\",\"dateModified\":\"2020-11-20T10:21:27+00:00\",\"description\":\"Wysokiej jako\u015bci agregaty pr\u0105dotw\u00f3rcze serii GETOR GS wyposa\u017cone w silnik SCANIA, niezawodna jako\u015b\u0107, wysoka wydajno\u015b\u0107, produkowane w Polsce - Sprawd\u017a\",\"breadcrumb\":{\"@id\":\"https:\/\/epssystem.pl\/en\/nowa-oferta\/agregaty-pradotworcze\/getor-gs-scania-410-778\/#breadcrumb\"},\"inLanguage\":\"uk\",\"potentialAction\":[{\"@type\":\"ReadAction\",\"target\":[\"https:\/\/epssystem.pl\/en\/nowa-oferta\/agregaty-pradotworcze\/getor-gs-scania-410-778\/\"]}]},{\"@type\":\"BreadcrumbList\",\"@id\":\"https:\/\/epssystem.pl\/en\/nowa-oferta\/agregaty-pradotworcze\/getor-gs-scania-410-778\/#breadcrumb\",\"itemListElement\":[{\"@type\":\"ListItem\",\"position\":1,\"name\":\"Strona g\u0142\u00f3wna\",\"item\":\"https:\/\/epssystem.pl\/\"},{\"@type\":\"ListItem\",\"position\":2,\"name\":\"Oferta\",\"item\":\"https:\/\/epssystem.pl\/nowa-oferta\/\"},{\"@type\":\"ListItem\",\"position\":3,\"name\":\"Agregaty pr\u0105dotw\u00f3rcze\",\"item\":\"https:\/\/epssystem.pl\/nowa-oferta\/agregaty-pradotworcze\/\"},{\"@type\":\"ListItem\",\"position\":4,\"name\":\"GETOR GS (410 - 778 kVA)\"}]}]}<\/script>\n<!-- \/ Yoast SEO plugin. -->","yoast_head_json":{"title":"Generatory Scania - Agregaty GETOR GS (410 - 778 kVA) - Eps system","description":"Wysokiej jako\u015bci agregaty pr\u0105dotw\u00f3rcze serii GETOR GS wyposa\u017cone w silnik SCANIA, niezawodna jako\u015b\u0107, wysoka wydajno\u015b\u0107, produkowane w Polsce - Sprawd\u017a","robots":{"index":"index","follow":"follow","max-snippet":"max-snippet:-1","max-image-preview":"max-image-preview:large","max-video-preview":"max-video-preview:-1"},"canonical":"https:\/\/epssystem.pl\/en\/nowa-oferta\/agregaty-pradotworcze\/getor-gs-scania-410-778\/","og_locale":"uk_UA","og_type":"article","og_title":"Generatory Scania - Agregaty GETOR GS (410 - 778 kVA) - Eps system","og_description":"Wysokiej jako\u015bci agregaty pr\u0105dotw\u00f3rcze serii GETOR GS wyposa\u017cone w silnik SCANIA, niezawodna jako\u015b\u0107, wysoka wydajno\u015b\u0107, produkowane w Polsce - Sprawd\u017a","og_url":"https:\/\/epssystem.pl\/en\/nowa-oferta\/agregaty-pradotworcze\/getor-gs-scania-410-778\/","og_site_name":"EPS System","article_modified_time":"2020-11-20T10:21:27+00:00","og_image":[{"width":351,"height":350,"url":"https:\/\/epssystem.pl\/wp-content\/uploads\/2016\/08\/GETOR-GS-Scania-1.png","type":"image\/png"}],"twitter_card":"summary","twitter_misc":{"Est. reading time":"5 minutes"},"schema":{"@context":"https:\/\/schema.org","@graph":[{"@type":"WebSite","@id":"https:\/\/epssystem.pl\/#website","url":"https:\/\/epssystem.pl\/","name":"EPS System","description":"Polski producent system\u00f3w zasilania gwarantowanego","potentialAction":[{"@type":"SearchAction","target":{"@type":"EntryPoint","urlTemplate":"https:\/\/epssystem.pl\/?s={search_term_string}"},"query-input":"required name=search_term_string"}],"inLanguage":"uk"},{"@type":"ImageObject","@id":"https:\/\/epssystem.pl\/en\/nowa-oferta\/agregaty-pradotworcze\/getor-gs-scania-410-778\/#primaryimage","inLanguage":"uk","url":"https:\/\/epssystem.pl\/wp-content\/uploads\/2016\/08\/GETOR-GS-Scania-1.png","contentUrl":"https:\/\/epssystem.pl\/wp-content\/uploads\/2016\/08\/GETOR-GS-Scania-1.png","width":351,"height":350,"caption":"Agregat pr\u0105dotw\u00f3rczy GETOR - EPS SYSTEM"},{"@type":"WebPage","@id":"https:\/\/epssystem.pl\/en\/nowa-oferta\/agregaty-pradotworcze\/getor-gs-scania-410-778\/#webpage","url":"https:\/\/epssystem.pl\/en\/nowa-oferta\/agregaty-pradotworcze\/getor-gs-scania-410-778\/","name":"Generatory Scania - Agregaty GETOR GS (410 - 778 kVA) - Eps system","isPartOf":{"@id":"https:\/\/epssystem.pl\/#website"},"primaryImageOfPage":{"@id":"https:\/\/epssystem.pl\/en\/nowa-oferta\/agregaty-pradotworcze\/getor-gs-scania-410-778\/#primaryimage"},"datePublished":"2016-07-12T06:57:51+00:00","dateModified":"2020-11-20T10:21:27+00:00","description":"Wysokiej jako\u015bci agregaty pr\u0105dotw\u00f3rcze serii GETOR GS wyposa\u017cone w silnik SCANIA, niezawodna jako\u015b\u0107, wysoka wydajno\u015b\u0107, produkowane w Polsce - Sprawd\u017a","breadcrumb":{"@id":"https:\/\/epssystem.pl\/en\/nowa-oferta\/agregaty-pradotworcze\/getor-gs-scania-410-778\/#breadcrumb"},"inLanguage":"uk","potentialAction":[{"@type":"ReadAction","target":["https:\/\/epssystem.pl\/en\/nowa-oferta\/agregaty-pradotworcze\/getor-gs-scania-410-778\/"]}]},{"@type":"BreadcrumbList","@id":"https:\/\/epssystem.pl\/en\/nowa-oferta\/agregaty-pradotworcze\/getor-gs-scania-410-778\/#breadcrumb","itemListElement":[{"@type":"ListItem","position":1,"name":"Strona g\u0142\u00f3wna","item":"https:\/\/epssystem.pl\/"},{"@type":"ListItem","position":2,"name":"Oferta","item":"https:\/\/epssystem.pl\/nowa-oferta\/"},{"@type":"ListItem","position":3,"name":"Agregaty pr\u0105dotw\u00f3rcze","item":"https:\/\/epssystem.pl\/nowa-oferta\/agregaty-pradotworcze\/"},{"@type":"ListItem","position":4,"name":"GETOR GS (410 - 778 kVA)"}]}]}},"_links":{"self":[{"href":"https:\/\/epssystem.pl\/uk\/wp-json\/wp\/v2\/pages\/71099"}],"collection":[{"href":"https:\/\/epssystem.pl\/uk\/wp-json\/wp\/v2\/pages"}],"about":[{"href":"https:\/\/epssystem.pl\/uk\/wp-json\/wp\/v2\/types\/page"}],"author":[{"embeddable":true,"href":"https:\/\/epssystem.pl\/uk\/wp-json\/wp\/v2\/users\/3"}],"replies":[{"embeddable":true,"href":"https:\/\/epssystem.pl\/uk\/wp-json\/wp\/v2\/comments?post=71099"}],"version-history":[{"count":1,"href":"https:\/\/epssystem.pl\/uk\/wp-json\/wp\/v2\/pages\/71099\/revisions"}],"predecessor-version":[{"id":73544,"href":"https:\/\/epssystem.pl\/uk\/wp-json\/wp\/v2\/pages\/71099\/revisions\/73544"}],"up":[{"embeddable":true,"href":"https:\/\/epssystem.pl\/uk\/wp-json\/wp\/v2\/pages\/71053"}],"wp:featuredmedia":[{"embeddable":true,"href":"https:\/\/epssystem.pl\/uk\/wp-json\/wp\/v2\/media\/72113"}],"wp:attachment":[{"href":"https:\/\/epssystem.pl\/uk\/wp-json\/wp\/v2\/media?parent=71099"}],"curies":[{"name":"wp","href":"https:\/\/api.w.org\/{rel}","templated":true}]}}