{"id":71101,"date":"2016-07-12T06:58:26","date_gmt":"2016-07-12T06:58:26","guid":{"rendered":"http:\/\/epssystem.pl\/?page_id=71101"},"modified":"2022-11-16T10:28:27","modified_gmt":"2022-11-16T10:28:27","slug":"getor-gmt-mtu","status":"publish","type":"page","link":"https:\/\/epssystem.pl\/uk\/nowa-oferta\/agregaty-pradotworcze\/getor-gmt-mtu\/","title":{"rendered":"GETOR GMT (306 - 3300 \u043a\u0412\u0410)"},"content":{"rendered":"<p>[vc_row type=&#8221;container&#8221;][vc_column width=&#8221;1\/3&#8243;][vc_single_image image=&#8221;72118&#8243; img_size=&#8221;medium&#8221;][\/vc_column][vc_column width=&#8221;1\/3&#8243;][vc_empty_space height=&#8221;100px&#8221;][\/vc_column][vc_column width=&#8221;1\/3&#8243;][vc_raw_html css=&#8221;.vc_custom_1470304479702{margin-bottom: -40px !important;padding-bottom: -40px !important;padding-left: 80px !important;}&#8221;]JTNDcCUyMHN0eWxlJTNEJTIyY29sb3IlM0ElMjNCQkIlMjIlM0UlM0NiJTNFcG93ZXJlZCUyMGJ5JTNDJTJGYiUzRSUzQyUyRnAlM0U=[\/vc_raw_html][vc_single_image image=&#8221;71173&#8243; img_size=&#8221;medium&#8221;][\/vc_column][\/vc_row][vc_row type=&#8221;container&#8221;][vc_column width=&#8221;1\/3&#8243;][vc_single_image image=&#8221;72027&#8243; img_size=&#8221;full&#8221;][\/vc_column][vc_column width=&#8221;1\/3&#8243;][\/vc_column][vc_column width=&#8221;1\/3&#8243;][vc_single_image image=&#8221;72028&#8243; img_size=&#8221;full&#8221;][\/vc_column][\/vc_row][vc_row type=&#8221;container&#8221; css=&#8221;.vc_custom_1471341523761{margin-top: 0px !important;margin-right: 0px !important;margin-bottom: 0px !important;margin-left: 0px !important;border-top-width: 0px !important;border-right-width: 0px !important;border-bottom-width: 0px !important;border-left-width: 0px !important;padding-top: 0px !important;padding-right: 0px !important;padding-bottom: 0px !important;padding-left: 0px !important;}&#8221;][vc_column][vc_column_text css=&#8221;.vc_custom_1484919815916{margin-top: 0px !important;margin-right: 0px !important;margin-bottom: 0px !important;margin-left: 0px !important;border-top-width: 0px !important;border-right-width: 0px !important;border-bottom-width: 0px !important;border-left-width: 0px !important;padding-top: 0px !important;padding-right: 0px !important;padding-bottom: 0px !important;padding-left: 0px !important;}&#8221;]\u0406\u0441\u0442\u043e\u0440\u0456\u044f \u043f\u043e\u0447\u0430\u043b\u0430\u0441\u044f \u0432 1900 \u0440\u043e\u0446\u0456 \u0432\u0456\u0434 \u043f\u0435\u0440\u0448\u043e\u0433\u043e \u0432 \u0441\u0432\u0456\u0442\u0456 \u043f\u043e\u043b\u044c\u043e\u0442\u0443 \u043f\u043e\u0432\u0456\u0442\u0440\u044f\u043d\u043e\u0433\u043e \u043a\u043e\u0440\u0430\u0431\u043b\u044f, \u0441\u043a\u043e\u043d\u0441\u0442\u0440\u0443\u0439\u043e\u0432\u0430\u043d\u043e\u0433\u043e \u0424\u0435\u0440\u0434\u0438\u043d\u0430\u043d\u0434o\u043c von \u0414\u0438\u0440\u0438\u0436\u0430\u0431\u043b\u0435\u043c, \u043e\u0431\u043b\u0430\u0434\u043d\u0430\u043d\u043e\u0433\u043e \u0434\u0432\u0438\u0433\u0443\u043d\u0430\u043c\u0438 \u043a\u043e\u043d\u0441\u0442\u0440\u0443\u043a\u0446\u0456\u0457 \u0413\u043e\u0442\u043b\u0438\u0431\u0430 \u0414\u0430\u0439\u043c\u043b\u0435\u0440\u0430, \u044f\u043a\u0438\u0439 \u043a\u043e\u043d\u0442\u0440\u043e\u043b\u044e\u0432\u0430\u0432 \u0443\u0441\u0442\u0430\u043d\u043e\u0432\u043a\u0443 \u0412\u0456\u043b\u044c\u0433\u0435\u043b\u044c\u043c\u0430 \u041c\u0430\u0439\u0431\u0430\u0445\u0430. \u0417 \u0441\u0430\u043c\u043e\u0433\u043e \u043f\u043e\u0447\u0430\u0442\u043a\u0443 \u043a\u043e\u043c\u043f\u0430\u043d\u0456\u044f \u043e\u0440\u0456\u0454\u043d\u0442\u043e\u0432\u0430\u043d\u0430 \u043d\u0430 \u0440\u043e\u0437\u0432\u0438\u0442\u043e\u043a \u0434\u0438\u0437\u0435\u043b\u044c\u043d\u0438\u0445 \u0442\u0435\u0445\u043d\u043e\u043b\u043e\u0433\u0456\u0439.<br \/>\n\u0426\u0435\u0439 \u0434\u043e\u0441\u0432\u0456\u0434 \u043f\u0440\u0438\u0432\u0456\u0432 \u043a\u043e\u043c\u043f\u0430\u043d\u0456\u044e MTU \u043d\u0430 \u043f\u0440\u043e\u0432\u0456\u0434\u043d\u0443 \u043f\u043e\u0437\u0438\u0446\u0456\u044e \u0441\u0435\u0440\u0435\u0434 \u0432\u0438\u0440\u043e\u0431\u043d\u0438\u043a\u0456\u0432 \u0430\u0433\u0440\u0435\u0433\u0430\u0442\u0456\u0432, \u044f\u043a\u0456 \u0437\u0430\u0441\u0442\u043e\u0441\u043e\u0432\u0443\u044e\u0442\u044c\u0441\u044f \u043d\u0430 \u0441\u0443\u0448i \u0456 \u043c\u043e\u0440i. \u0412 \u0456\u0441\u0442\u043e\u0440\u0456\u0457 MTU \u0437\u2019\u044f\u0432\u0438\u0432\u0441\u044f \u043d\u0430\u0439\u0432\u0430\u0436\u043b\u0438\u0432\u0456\u0448\u0438\u0439 \u0431\u0440\u0435\u043d\u0434, \u043f\u043e\u0432\u2019\u044f\u0437\u0430\u043d\u0438\u0439 \u0437 \u0432\u0438\u0440\u043e\u0431\u043d\u0438\u0446\u0442\u0432\u043e\u043c \u0434\u0432\u0438\u0433\u0443\u043d\u0456\u0432 \u0434\u043b\u044f \u043f\u0440\u0438\u0432\u0435\u0434\u0435\u043d\u043d\u044f \u0432 \u0440\u0443\u0445 \u0442\u0440\u0430\u043d\u0441\u043f\u043e\u0440\u0442\u043d\u0438\u0445 \u0437\u0430\u0441\u043e\u0431\u0456\u0432 \u0456 \u0443\u0441\u0442\u0430\u0442\u043a\u0443\u0432\u0430\u043d\u043d\u044f, \u0432 \u0442\u043e\u043c\u0443 \u0447\u0438\u0441\u043b\u0456 MTU-\u0441\u0435\u0440\u0456\u044f \u0434\u0432\u0438\u0433\u0443\u043d\u0456\u0432 3 \u041a\u043e\u043d\u0444\u0456\u0433\u0443\u0440\u0430\u0446\u0456\u044f \u0446\u0438\u043b\u0456\u043d\u0434\u0440\u0456\u0432 \u0432i\u0434 6-\u0440\u044f\u0434\u043do\u0433o \u0434\u043e k\u043b\u0438\u043d\u043e\u0432\u0438\u0434\u043do\u0433o V20 \u2013 \u0432\u0435\u043b\u0438\u0447\u0435\u0437\u043d\u0438\u0439 \u0430\u0441\u043e\u0440\u0442\u0438\u043c\u0435\u043d\u0442 \u0441\u0438\u043b\u043e\u0432\u0438\u0445 \u0430\u0433\u0440\u0435\u0433\u0430\u0442\u0456\u0432 \u0434\u043e\u0437\u0432\u043e\u043b\u044f\u0454 \u0431\u0443\u0434\u0443\u0432\u0430\u0442\u0438 \u0432\u0456\u0434 200 \u043a\u0412\u0442 \u0434\u043e \u0431\u0456\u043b\u044c\u0448 2,5 \u041c\u0412\u0442.<br \/>\n\u0414\u0432\u0438\u0433\u0443\u043d\u0438 \u0445\u0430\u0440\u0430\u043a\u0442\u0435\u0440\u0438\u0437\u0443\u044e\u0442\u044c\u0441\u044f \u0432 \u043f\u0435\u0440\u0448\u0443 \u0447\u0435\u0440\u0433\u0443 \u043d\u0430\u0434\u0456\u0439\u043d\u0456\u0441\u0442\u044e, \u0432\u0438\u0441\u043e\u043ao\u044e \u043a\u0443\u043b\u044c\u0442\u0443\u0440o\u044e \u0440\u043e\u0431\u043e\u0442\u0438 \u0456 \u0432\u0438\u0441\u043e\u043ao\u044e \u044f\u043a\u0456\u0441\u0442\u044e. \u0417\u0430\u0432\u0434\u044f\u043a\u0438 \u043d\u043e\u0432\u0456\u0442\u043d\u0456\u0439 \u0442\u0435\u0445\u043d\u043e\u043b\u043e\u0433\u0456\u0457, \u0445\u0430\u0440\u0430\u043a\u0442\u0435\u0440\u0438\u0437\u0443\u044e\u0442\u044c\u0441\u044f \u0432\u0438\u0441\u043e\u043a\u043e\u044e \u0448\u0432\u0438\u0434\u043a\u0456\u0441\u0442\u044e \u043f\u0440\u0438\u0439\u043e\u043c\u0443 \u043e\u0434\u0438\u043d\u0438\u0447\u043d\u043e\u0433\u043e \u043d\u0430\u0432\u0430\u043d\u0442\u0430\u0436\u0435\u043d\u043d\u044f.<br \/>\n\u0410\u0433\u0440\u0435\u0433\u0430\u0442\u0438 GETOR GMT \u0432\u0438\u043f\u0443\u0441\u043a\u0430\u044e\u0442\u044c\u0441\u044f \u0432 \u0442\u0440\u044c\u043e\u0445 \u043e\u043f\u0442\u0438\u043c\u0430\u043b\u044c\u043d\u0438\u0445 \u0432\u0430\u0440\u0456\u0430\u043d\u0442\u0430\u0445: \u0434\u043e\u0441\u0442\u0443\u043f\u043d\u0456 \u0432 \u0437\u0430\u043b\u0435\u0436\u043d\u043e\u0441\u0442\u0456 \u0432\u0456\u0434 \u043f\u043e\u0442\u0443\u0436\u043d\u043e\u0441\u0442\u0456. \u0412\u0441\u044f \u0441\u0435\u0440\u0456\u044f \u043e\u0431\u043b\u0430\u0434\u043d\u0430\u043da \u0435\u043b\u0435\u043a\u0442\u0440\u043e\u043d\u043d\u0438\u043c \u0440\u0435\u0433\u0443\u043b\u044f\u0442\u043e\u0440\u043e\u043c \u0447\u0430\u0441\u0442\u043e\u0442. \u0417\u0432\u0438\u0447\u0430\u0439\u043do \u0454 \u0431\u0456\u043b\u044c\u0448\u0435 \u043c\u043e\u0436\u043b\u0438\u0432\u043e\u0441\u0442e\u0439 \u0456\u043d\u0434\u0438\u0432\u0456\u0434\u0443\u0430\u043b\u044c\u043d\u043e\u0457 \u043a\u043e\u043d\u0444\u0456\u0433\u0443\u0440\u0430\u0446\u0456\u0457 \u0437 \u0443\u0440\u0430\u0445\u0443\u0432\u0430\u043d\u043d\u044f\u043c \u0432\u0438\u043c\u043e\u0433 \u0456\u043d\u0432\u0435\u0441\u0442\u043e\u0440\u0430.<\/p>\n<p>[\/vc_column_text][\/vc_column][\/vc_row][vc_row type=&#8221;container&#8221; css=&#8221;.vc_custom_1471341523761{margin-top: 0px !important;margin-right: 0px !important;margin-bottom: 0px !important;margin-left: 0px !important;border-top-width: 0px !important;border-right-width: 0px !important;border-bottom-width: 0px !important;border-left-width: 0px !important;padding-top: 0px !important;padding-right: 0px !important;padding-bottom: 0px !important;padding-left: 0px !important;}&#8221;][vc_column][vc_column_text css=&#8221;.vc_custom_1484919836091{margin-top: 0px !important;margin-right: 0px !important;margin-bottom: 0px !important;margin-left: 0px !important;border-top-width: 0px !important;border-right-width: 0px !important;border-bottom-width: 0px !important;border-left-width: 0px !important;padding-top: 0px !important;padding-right: 0px !important;padding-bottom: 0px !important;padding-left: 0px !important;}&#8221;]<\/p>\n<p style=\"text-align: center;\"><a href=\"http:\/\/epssystem.pl\/get-a-quote\/\"><i class=\" glyphicon glyphicon-envelope \" style=\"color:#bb1a12; font-size:24px;\"><\/i> \u0417\u0430\u043f\u0438\u0442<br \/>\n<\/a><\/p>\n<p>[\/vc_column_text][\/vc_column][\/vc_row][vc_row type=&#8221;container&#8221;][vc_column][vc_column_text]<div class=\"table-responsive\"><table width=\"100%\" class=\"table \" style=\"table-bordered\"><\/p>\n<p><thead><tr>\n<th>T\u0438\u043f \u043d\u0435\u0437\u0430\u0448\u0438\u0442\u0438\u0439<\/th>\n<th>\u0422\u0438\u043f \u0437\u0430\u0448\u0438\u0442\u0438\u0439 <\/th>\n<th>\u041f\u043e\u0442\u0443\u0436\u043d\u0456\u0441\u0442\u044c \u0410\u0432\u0430\u0440\u0456\u0439\u043da [\u043a\u0412\u0410 \/ \u043a\u0412\u0442]<\/th>\n<th>\u0411\u0435\u0437\u043f\u0435\u0440\u0435\u0440\u0432\u043d\u0430 \u043f\u043e\u0442\u0443\u0436\u043d\u0456\u0441\u0442\u044c\u00a0 [\u043a\u0412\u0410 \/ \u043a\u0412\u0442] <\/th>\n<th>\u0412\u0438\u0442\u0440\u0430\u0442\u0430 \u043f\u0430\u043b\u0438\u0432\u0430<\/th>\n<th>\u041b\u0438\u0441\u0442<\/th>\n<\/tr><\/thead>\n<tbody>\n<tr>\n<td>GMT 310 N<\/td>\n<td>GMT 310 S<\/td>\n<td>305,9\/ 244,8<\/td>\n<td>278,1 \/222,5 <\/td>\n<td>60,8 <\/td>\n<td><a href=\"http:\/\/epssystem.pl\/karty_katalogowe\/GETOR\/GETOR GMT\/GETOR GMT 310.pdf\"><i class=\" glyphicon glyphicon-save \" style=\"color:#bb1a12; font-size:24px;\"><\/i> PDF<\/a><\/td>\n<\/tr><\/p>\n<tr>\n<td>GMT 330 N<\/td>\n<td>GMT 330 S<\/td>\n<td>330,0\/ 264,0<\/td>\n<td>300, \/240,0 <\/td>\n<td>64,4 <\/td>\n<td><a href=\"http:\/\/epssystem.pl\/karty_katalogowe\/GETOR\/GETOR GMT\/GETOR GMT 330.pdf\"><i class=\" glyphicon glyphicon-save \" style=\"color:#bb1a12; font-size:24px;\"><\/i> PDF<\/a><\/td>\n<\/tr>\n<tr>\n<td>GMT 385 N<\/td>\n<td>GMT 385 S<\/td>\n<td>385,0\/ 308,0<\/td>\n<td>350,0\/280,0 <\/td>\n<td>81,3 <\/td>\n<td><a href=\"http:\/\/epssystem.pl\/karty_katalogowe\/GETOR\/GETOR GMT\/GETOR GMT 385.pdf\"><i class=\" glyphicon glyphicon-save \" style=\"color:#bb1a12; font-size:24px;\"><\/i> PDF<\/a><\/td>\n<\/tr>\n<tr>\n<td>GMT 440 N<\/td>\n<td>GMT 440 S<\/td>\n<td>441,9\/ 353,5<\/td>\n<td>401,7 \/321,4<\/td>\n<td>88,6 <\/td>\n<td><a href=\"http:\/\/epssystem.pl\/karty_katalogowe\/GETOR\/GETOR GMT\/GETOR GMT 440.pdf\"><i class=\" glyphicon glyphicon-save \" style=\"color:#bb1a12; font-size:24px;\"><\/i> PDF<\/a><\/td>\n<\/tr>\n<tr>\n<td>GMT 510 N<\/td>\n<td>GMT 510 S<\/td>\n<td>495,0\/396,0<\/td>\n<td>450,0 \/360,0 <\/td>\n<td>104,2 <\/td>\n<td><a href=\"http:\/\/epssystem.pl\/karty_katalogowe\/GETOR\/GETOR GMT\/GETOR GMT 510.pdf\"><i class=\" glyphicon glyphicon-save \" style=\"color:#bb1a12; font-size:24px;\"><\/i> PDF<\/a><\/td>\n<\/tr>\n<tr>\n<td>GMT 550 N<\/td>\n<td>GMT 550 S<\/td>\n<td>559,7\/ 447,7<\/td>\n<td>508,8 \/407,0<\/td>\n<td>111,5 <\/td>\n<td><a href=\"http:\/\/epssystem.pl\/karty_katalogowe\/GETOR\/GETOR GMT\/GETOR GMT 550.pdf\"><i class=\" glyphicon glyphicon-save \" style=\"color:#bb1a12; font-size:24px;\"><\/i> PDF<\/a><\/td>\n<\/tr>\n<tr>\n<td>GMT 660 N<\/td>\n<td>GMT 660 S<\/td>\n<td>660,2\/ 528,1<\/td>\n<td>600,2 \/480,1 <\/td>\n<td>119,7 <\/td>\n<td><a href=\"http:\/\/epssystem.pl\/karty_katalogowe\/GETOR\/GETOR GMT\/GETOR GMT 660.pdf\"><i class=\" glyphicon glyphicon-save \" style=\"color:#bb1a12; font-size:24px;\"><\/i> PDF<\/a><\/td>\n<\/tr>\n<tr>\n<td>GMT 720 N<\/td>\n<td>GMT 720 S<\/td>\n<td>727,9\/582,3<\/td>\n<td>661,7 \/529,4 <\/td>\n<td>142,6<\/td>\n<td><a href=\"http:\/\/epssystem.pl\/karty_katalogowe\/GETOR\/GETOR GMT\/GETOR GMT 720.pdf\"><i class=\" glyphicon glyphicon-save \" style=\"color:#bb1a12; font-size:24px;\"><\/i> PDF<\/a><\/td>\n<\/tr>\n<tr>\n<td>GMT 860 N<\/td>\n<td>GMT 860 S<\/td>\n<td>858,2\/ 686,6<\/td>\n<td>780,2\/624,2 <\/td>\n<td>166,4 <\/td>\n<td><a href=\"http:\/\/epssystem.pl\/karty_katalogowe\/GETOR\/GETOR GMT\/GETOR GMT 860.pdf\"><i class=\" glyphicon glyphicon-save \" style=\"color:#bb1a12; font-size:24px;\"><\/i> PDF<\/a><\/td>\n<\/tr>\n<tr>\n<td>GMT 880 N<\/td>\n<td>GMT 880 S<\/td>\n<td>880,0\/ 704,0<\/td>\n<td>800,0\/640,0 <\/td>\n<td>188,8 <\/td>\n<td><a href=\"http:\/\/epssystem.pl\/karty_katalogowe\/GETOR\/GETOR GMT\/GETOR GMT 880.pdf\"><i class=\" glyphicon glyphicon-save \" style=\"color:#bb1a12; font-size:24px;\"><\/i> PDF<\/a><\/td>\n<\/tr>\n<tr>\n<td>GMT 1000 N<\/td>\n<td>GMT 1000 S<\/td>\n<td>1002,7\/ 802,2<\/td>\n<td>911,5\/729,2 <\/td>\n<td>188,8 <\/td>\n<td><a href=\"http:\/\/epssystem.pl\/karty_katalogowe\/GETOR\/GETOR GMT\/GETOR GMT 1000.pdf\"><i class=\" glyphicon glyphicon-save \" style=\"color:#bb1a12; font-size:24px;\"><\/i> PDF<\/a><\/td>\n<\/tr>\n<tr>\n<td>GMT 1100 N<\/td>\n<td>GMT 1100 S<\/td>\n<td>1108,6\/886,9<\/td>\n<td>1007,8\/806,3 <\/td>\n<td>207,88<\/td>\n<td><a href=\"http:\/\/epssystem.pl\/karty_katalogowe\/GETOR\/GETOR GMT\/GETOR GMT 1100.pdf\"><i class=\" glyphicon glyphicon-save \" style=\"color:#bb1a12; font-size:24px;\"><\/i> PDF<\/a><\/td>\n<\/tr>\n<tr>\n<td>GMT 1250 N<\/td>\n<td>GMT 1250 S<\/td>\n<td>1251,4\/ 1001,1<\/td>\n<td>1137,6\/910,1 <\/td>\n<td>238,0<\/td>\n<td><a href=\"http:\/\/epssystem.pl\/karty_katalogowe\/GETOR\/GETOR GMT\/GETOR GMT 1250.pdf\"><i class=\" glyphicon glyphicon-save \" style=\"color:#bb1a12; font-size:24px;\"><\/i> PDF<\/a><\/td>\n<\/tr>\n<p><\/tbody>\n<\/table><\/div>[\/vc_column_text][vc_column_text]GETOR GMT[\/vc_column_text][\/vc_column][\/vc_row]<\/p>\n","protected":false},"excerpt":{"rendered":"<p>[vc_row type=&#8221;container&#8221;][vc_column width=&#8221;1\/3&#8243;][vc_single_image image=&#8221;72118&#8243; img_size=&#8221;medium&#8221;][\/vc_column][vc_column width=&#8221;1\/3&#8243;][vc_empty_space height=&#8221;100px&#8221;][\/vc_column][vc_column width=&#8221;1\/3&#8243;][vc_raw_html css=&#8221;.vc_custom_1470304479702{margin-bottom: -40px !important;padding-bottom: -40px !important;padding-left: 80px !important;}&#8221;]JTNDcCUyMHN0eWxlJTNEJTIyY29sb3IlM0ElMjNCQkIlMjIlM0UlM0NiJTNFcG93ZXJlZCUyMGJ5JTNDJTJGYiUzRSUzQyUyRnAlM0U=[\/vc_raw_html][vc_single_image image=&#8221;71173&#8243; img_size=&#8221;medium&#8221;][\/vc_column][\/vc_row][vc_row type=&#8221;container&#8221;][vc_column width=&#8221;1\/3&#8243;][vc_single_image image=&#8221;72027&#8243; img_size=&#8221;full&#8221;][\/vc_column][vc_column width=&#8221;1\/3&#8243;][\/vc_column][vc_column width=&#8221;1\/3&#8243;][vc_single_image image=&#8221;72028&#8243; img_size=&#8221;full&#8221;][\/vc_column][\/vc_row][vc_row type=&#8221;container&#8221; css=&#8221;.vc_custom_1471341523761{margin-top: 0px !important;margin-right: 0px !important;margin-bottom: 0px !important;margin-left: 0px !important;border-top-width: 0px !important;border-right-width: 0px !important;border-bottom-width: 0px !important;border-left-width: 0px !important;padding-top: 0px !important;padding-right: 0px !important;padding-bottom: 0px !important;padding-left: 0px !important;}&#8221;][vc_column][vc_column_text css=&#8221;.vc_custom_1484919815916{margin-top: 0px !important;margin-right: 0px [&hellip;]<\/p>\n","protected":false},"author":3,"featured_media":72027,"parent":71053,"menu_order":5,"comment_status":"closed","ping_status":"closed","template":"","meta":[],"acf":[],"yoast_head":"<!-- This site is optimized with the Yoast SEO plugin v18.2 - https:\/\/yoast.com\/wordpress\/plugins\/seo\/ -->\n<title>Agregat wyposa\u017cony w silnik MTU - GETOR GMT 306 - 3300 kVA | EPS System<\/title>\n<meta name=\"description\" content=\"Agregaty pr\u0105dotw\u00f3rcze o mocy 306 \u2013 1252 kVA z silnikami niemieckiej firmy MTU to najnowsza technologia i najwy\u017csza jako\u015b\u0107 generator\u00f3w przystosowanych do du\u017cych obci\u0105\u017ce\u0144. Mog\u0105 dostarcza\u0107 pr\u0105d w spos\u00f3b ci\u0105\u0142y lub w sytuacjach awaryjnych. Posiadaj\u0105 elektroniczn\u0105 regulacj\u0119 obrot\u00f3w i du\u017ce zbiorniki podstawowe.\" \/>\n<meta name=\"robots\" content=\"index, follow, max-snippet:-1, max-image-preview:large, max-video-preview:-1\" \/>\n<link rel=\"canonical\" href=\"https:\/\/epssystem.pl\/nowa-oferta\/agregaty-pradotworcze\/getor-gmt-mtu\/\" \/>\n<meta property=\"og:locale\" content=\"uk_UA\" \/>\n<meta property=\"og:type\" content=\"article\" \/>\n<meta property=\"og:title\" content=\"Agregat wyposa\u017cony w silnik MTU - GETOR GMT 306 - 3300 kVA | EPS System\" \/>\n<meta property=\"og:description\" content=\"Agregaty pr\u0105dotw\u00f3rcze o mocy 306 \u2013 1252 kVA z silnikami niemieckiej firmy MTU to najnowsza technologia i najwy\u017csza jako\u015b\u0107 generator\u00f3w przystosowanych do du\u017cych obci\u0105\u017ce\u0144. Mog\u0105 dostarcza\u0107 pr\u0105d w spos\u00f3b ci\u0105\u0142y lub w sytuacjach awaryjnych. Posiadaj\u0105 elektroniczn\u0105 regulacj\u0119 obrot\u00f3w i du\u017ce zbiorniki podstawowe.\" \/>\n<meta property=\"og:url\" content=\"https:\/\/epssystem.pl\/nowa-oferta\/agregaty-pradotworcze\/getor-gmt-mtu\/\" \/>\n<meta property=\"og:site_name\" content=\"EPS System\" \/>\n<meta property=\"article:modified_time\" content=\"2022-11-16T10:28:27+00:00\" \/>\n<meta property=\"og:image\" content=\"https:\/\/epssystem.pl\/wp-content\/uploads\/2016\/07\/mtu-maly_web.png\" \/>\n\t<meta property=\"og:image:width\" content=\"300\" \/>\n\t<meta property=\"og:image:height\" content=\"184\" \/>\n\t<meta property=\"og:image:type\" content=\"image\/png\" \/>\n<meta name=\"twitter:card\" content=\"summary\" \/>\n<meta name=\"twitter:label1\" content=\"Est. reading time\" \/>\n\t<meta name=\"twitter:data1\" content=\"6 minutes\" \/>\n<script type=\"application\/ld+json\" class=\"yoast-schema-graph\">{\"@context\":\"https:\/\/schema.org\",\"@graph\":[{\"@type\":\"WebSite\",\"@id\":\"https:\/\/epssystem.pl\/#website\",\"url\":\"https:\/\/epssystem.pl\/\",\"name\":\"EPS System\",\"description\":\"Polski producent system\u00f3w zasilania gwarantowanego\",\"potentialAction\":[{\"@type\":\"SearchAction\",\"target\":{\"@type\":\"EntryPoint\",\"urlTemplate\":\"https:\/\/epssystem.pl\/?s={search_term_string}\"},\"query-input\":\"required name=search_term_string\"}],\"inLanguage\":\"uk\"},{\"@type\":\"ImageObject\",\"@id\":\"https:\/\/epssystem.pl\/nowa-oferta\/agregaty-pradotworcze\/getor-gmt-mtu\/#primaryimage\",\"inLanguage\":\"uk\",\"url\":\"https:\/\/epssystem.pl\/wp-content\/uploads\/2016\/07\/mtu-maly_web.png\",\"contentUrl\":\"https:\/\/epssystem.pl\/wp-content\/uploads\/2016\/07\/mtu-maly_web.png\",\"width\":300,\"height\":184,\"caption\":\"getor gmt\"},{\"@type\":\"WebPage\",\"@id\":\"https:\/\/epssystem.pl\/nowa-oferta\/agregaty-pradotworcze\/getor-gmt-mtu\/#webpage\",\"url\":\"https:\/\/epssystem.pl\/nowa-oferta\/agregaty-pradotworcze\/getor-gmt-mtu\/\",\"name\":\"Agregat wyposa\u017cony w silnik MTU - GETOR GMT 306 - 3300 kVA | EPS System\",\"isPartOf\":{\"@id\":\"https:\/\/epssystem.pl\/#website\"},\"primaryImageOfPage\":{\"@id\":\"https:\/\/epssystem.pl\/nowa-oferta\/agregaty-pradotworcze\/getor-gmt-mtu\/#primaryimage\"},\"datePublished\":\"2016-07-12T06:58:26+00:00\",\"dateModified\":\"2022-11-16T10:28:27+00:00\",\"description\":\"Agregaty pr\u0105dotw\u00f3rcze o mocy 306 \u2013 1252 kVA z silnikami niemieckiej firmy MTU to najnowsza technologia i najwy\u017csza jako\u015b\u0107 generator\u00f3w przystosowanych do du\u017cych obci\u0105\u017ce\u0144. Mog\u0105 dostarcza\u0107 pr\u0105d w spos\u00f3b ci\u0105\u0142y lub w sytuacjach awaryjnych. Posiadaj\u0105 elektroniczn\u0105 regulacj\u0119 obrot\u00f3w i du\u017ce zbiorniki podstawowe.\",\"breadcrumb\":{\"@id\":\"https:\/\/epssystem.pl\/nowa-oferta\/agregaty-pradotworcze\/getor-gmt-mtu\/#breadcrumb\"},\"inLanguage\":\"uk\",\"potentialAction\":[{\"@type\":\"ReadAction\",\"target\":[\"https:\/\/epssystem.pl\/nowa-oferta\/agregaty-pradotworcze\/getor-gmt-mtu\/\"]}]},{\"@type\":\"BreadcrumbList\",\"@id\":\"https:\/\/epssystem.pl\/nowa-oferta\/agregaty-pradotworcze\/getor-gmt-mtu\/#breadcrumb\",\"itemListElement\":[{\"@type\":\"ListItem\",\"position\":1,\"name\":\"Strona g\u0142\u00f3wna\",\"item\":\"https:\/\/epssystem.pl\/\"},{\"@type\":\"ListItem\",\"position\":2,\"name\":\"Oferta\",\"item\":\"https:\/\/epssystem.pl\/nowa-oferta\/\"},{\"@type\":\"ListItem\",\"position\":3,\"name\":\"Agregaty pr\u0105dotw\u00f3rcze\",\"item\":\"https:\/\/epssystem.pl\/nowa-oferta\/agregaty-pradotworcze\/\"},{\"@type\":\"ListItem\",\"position\":4,\"name\":\"GETOR GMT (306 - 3300 kVA)\"}]}]}<\/script>\n<!-- \/ Yoast SEO plugin. -->","yoast_head_json":{"title":"Agregat wyposa\u017cony w silnik MTU - GETOR GMT 306 - 3300 kVA | EPS System","description":"Agregaty pr\u0105dotw\u00f3rcze o mocy 306 \u2013 1252 kVA z silnikami niemieckiej firmy MTU to najnowsza technologia i najwy\u017csza jako\u015b\u0107 generator\u00f3w przystosowanych do du\u017cych obci\u0105\u017ce\u0144. Mog\u0105 dostarcza\u0107 pr\u0105d w spos\u00f3b ci\u0105\u0142y lub w sytuacjach awaryjnych. Posiadaj\u0105 elektroniczn\u0105 regulacj\u0119 obrot\u00f3w i du\u017ce zbiorniki podstawowe.","robots":{"index":"index","follow":"follow","max-snippet":"max-snippet:-1","max-image-preview":"max-image-preview:large","max-video-preview":"max-video-preview:-1"},"canonical":"https:\/\/epssystem.pl\/nowa-oferta\/agregaty-pradotworcze\/getor-gmt-mtu\/","og_locale":"uk_UA","og_type":"article","og_title":"Agregat wyposa\u017cony w silnik MTU - GETOR GMT 306 - 3300 kVA | EPS System","og_description":"Agregaty pr\u0105dotw\u00f3rcze o mocy 306 \u2013 1252 kVA z silnikami niemieckiej firmy MTU to najnowsza technologia i najwy\u017csza jako\u015b\u0107 generator\u00f3w przystosowanych do du\u017cych obci\u0105\u017ce\u0144. Mog\u0105 dostarcza\u0107 pr\u0105d w spos\u00f3b ci\u0105\u0142y lub w sytuacjach awaryjnych. Posiadaj\u0105 elektroniczn\u0105 regulacj\u0119 obrot\u00f3w i du\u017ce zbiorniki podstawowe.","og_url":"https:\/\/epssystem.pl\/nowa-oferta\/agregaty-pradotworcze\/getor-gmt-mtu\/","og_site_name":"EPS System","article_modified_time":"2022-11-16T10:28:27+00:00","og_image":[{"width":300,"height":184,"url":"https:\/\/epssystem.pl\/wp-content\/uploads\/2016\/07\/mtu-maly_web.png","type":"image\/png"}],"twitter_card":"summary","twitter_misc":{"Est. reading time":"6 minutes"},"schema":{"@context":"https:\/\/schema.org","@graph":[{"@type":"WebSite","@id":"https:\/\/epssystem.pl\/#website","url":"https:\/\/epssystem.pl\/","name":"EPS System","description":"Polski producent system\u00f3w zasilania gwarantowanego","potentialAction":[{"@type":"SearchAction","target":{"@type":"EntryPoint","urlTemplate":"https:\/\/epssystem.pl\/?s={search_term_string}"},"query-input":"required name=search_term_string"}],"inLanguage":"uk"},{"@type":"ImageObject","@id":"https:\/\/epssystem.pl\/nowa-oferta\/agregaty-pradotworcze\/getor-gmt-mtu\/#primaryimage","inLanguage":"uk","url":"https:\/\/epssystem.pl\/wp-content\/uploads\/2016\/07\/mtu-maly_web.png","contentUrl":"https:\/\/epssystem.pl\/wp-content\/uploads\/2016\/07\/mtu-maly_web.png","width":300,"height":184,"caption":"getor gmt"},{"@type":"WebPage","@id":"https:\/\/epssystem.pl\/nowa-oferta\/agregaty-pradotworcze\/getor-gmt-mtu\/#webpage","url":"https:\/\/epssystem.pl\/nowa-oferta\/agregaty-pradotworcze\/getor-gmt-mtu\/","name":"Agregat wyposa\u017cony w silnik MTU - GETOR GMT 306 - 3300 kVA | EPS System","isPartOf":{"@id":"https:\/\/epssystem.pl\/#website"},"primaryImageOfPage":{"@id":"https:\/\/epssystem.pl\/nowa-oferta\/agregaty-pradotworcze\/getor-gmt-mtu\/#primaryimage"},"datePublished":"2016-07-12T06:58:26+00:00","dateModified":"2022-11-16T10:28:27+00:00","description":"Agregaty pr\u0105dotw\u00f3rcze o mocy 306 \u2013 1252 kVA z silnikami niemieckiej firmy MTU to najnowsza technologia i najwy\u017csza jako\u015b\u0107 generator\u00f3w przystosowanych do du\u017cych obci\u0105\u017ce\u0144. Mog\u0105 dostarcza\u0107 pr\u0105d w spos\u00f3b ci\u0105\u0142y lub w sytuacjach awaryjnych. Posiadaj\u0105 elektroniczn\u0105 regulacj\u0119 obrot\u00f3w i du\u017ce zbiorniki podstawowe.","breadcrumb":{"@id":"https:\/\/epssystem.pl\/nowa-oferta\/agregaty-pradotworcze\/getor-gmt-mtu\/#breadcrumb"},"inLanguage":"uk","potentialAction":[{"@type":"ReadAction","target":["https:\/\/epssystem.pl\/nowa-oferta\/agregaty-pradotworcze\/getor-gmt-mtu\/"]}]},{"@type":"BreadcrumbList","@id":"https:\/\/epssystem.pl\/nowa-oferta\/agregaty-pradotworcze\/getor-gmt-mtu\/#breadcrumb","itemListElement":[{"@type":"ListItem","position":1,"name":"Strona g\u0142\u00f3wna","item":"https:\/\/epssystem.pl\/"},{"@type":"ListItem","position":2,"name":"Oferta","item":"https:\/\/epssystem.pl\/nowa-oferta\/"},{"@type":"ListItem","position":3,"name":"Agregaty pr\u0105dotw\u00f3rcze","item":"https:\/\/epssystem.pl\/nowa-oferta\/agregaty-pradotworcze\/"},{"@type":"ListItem","position":4,"name":"GETOR GMT (306 - 3300 kVA)"}]}]}},"_links":{"self":[{"href":"https:\/\/epssystem.pl\/uk\/wp-json\/wp\/v2\/pages\/71101"}],"collection":[{"href":"https:\/\/epssystem.pl\/uk\/wp-json\/wp\/v2\/pages"}],"about":[{"href":"https:\/\/epssystem.pl\/uk\/wp-json\/wp\/v2\/types\/page"}],"author":[{"embeddable":true,"href":"https:\/\/epssystem.pl\/uk\/wp-json\/wp\/v2\/users\/3"}],"replies":[{"embeddable":true,"href":"https:\/\/epssystem.pl\/uk\/wp-json\/wp\/v2\/comments?post=71101"}],"version-history":[{"count":2,"href":"https:\/\/epssystem.pl\/uk\/wp-json\/wp\/v2\/pages\/71101\/revisions"}],"predecessor-version":[{"id":73984,"href":"https:\/\/epssystem.pl\/uk\/wp-json\/wp\/v2\/pages\/71101\/revisions\/73984"}],"up":[{"embeddable":true,"href":"https:\/\/epssystem.pl\/uk\/wp-json\/wp\/v2\/pages\/71053"}],"wp:featuredmedia":[{"embeddable":true,"href":"https:\/\/epssystem.pl\/uk\/wp-json\/wp\/v2\/media\/72027"}],"wp:attachment":[{"href":"https:\/\/epssystem.pl\/uk\/wp-json\/wp\/v2\/media?parent=71101"}],"curies":[{"name":"wp","href":"https:\/\/api.w.org\/{rel}","templated":true}]}}