{"id":71103,"date":"2016-07-12T06:59:42","date_gmt":"2016-07-12T06:59:42","guid":{"rendered":"http:\/\/epssystem.pl\/?page_id=71103"},"modified":"2025-01-15T11:22:16","modified_gmt":"2025-01-15T11:22:16","slug":"getor-gd-doosan","status":"publish","type":"page","link":"https:\/\/epssystem.pl\/uk\/nowa-oferta\/agregaty-pradotworcze\/getor-gd-doosan\/","title":{"rendered":"GETOR GD (131 - 830 \u043a\u0412\u0410)"},"content":{"rendered":"<p>[vc_row type=&#8221;container&#8221;][vc_column width=&#8221;1\/3&#8243;][vc_single_image image=&#8221;72118&#8243; img_size=&#8221;full&#8221;][\/vc_column][vc_column width=&#8221;1\/3&#8243;][vc_empty_space height=&#8221;100px&#8221;][\/vc_column][vc_column width=&#8221;1\/3&#8243;][vc_raw_html css=&#8221;.vc_custom_1470304479702{margin-bottom: -40px !important;padding-bottom: -40px !important;padding-left: 80px !important;}&#8221;]JTNDcCUyMHN0eWxlJTNEJTIyY29sb3IlM0ElMjNCQkIlMjIlM0UlM0NiJTNFcG93ZXJlZCUyMGJ5JTNDJTJGYiUzRSUzQyUyRnAlM0U=[\/vc_raw_html][vc_single_image image=&#8221;71176&#8243; img_size=&#8221;medium&#8221;][\/vc_column][\/vc_row][vc_row type=&#8221;container&#8221;][vc_column width=&#8221;1\/3&#8243;][\/vc_column][vc_column width=&#8221;1\/3&#8243;][vc_single_image image=&#8221;72054&#8243; img_size=&#8221;full&#8221;][\/vc_column][vc_column width=&#8221;1\/3&#8243;][\/vc_column][\/vc_row][vc_row type=&#8221;container&#8221; css=&#8221;.vc_custom_1471341523761{margin-top: 0px !important;margin-right: 0px !important;margin-bottom: 0px !important;margin-left: 0px !important;border-top-width: 0px !important;border-right-width: 0px !important;border-bottom-width: 0px !important;border-left-width: 0px !important;padding-top: 0px !important;padding-right: 0px !important;padding-bottom: 0px !important;padding-left: 0px !important;}&#8221;][vc_column][vc_column_text css=&#8221;.vc_custom_1484918781081{margin-top: 0px !important;margin-right: 0px !important;margin-bottom: 0px !important;margin-left: 0px !important;border-top-width: 0px !important;border-right-width: 0px !important;border-bottom-width: 0px !important;border-left-width: 0px !important;padding-top: 0px !important;padding-right: 0px !important;padding-bottom: 0px !important;padding-left: 0px !important;}&#8221;]\u0412\u0432\u0435\u0434\u0435\u043d\u043d\u044f \u0434\u0432\u0438\u0433\u0443\u043d\u0456\u0432 \u043a\u043e\u0440\u0435\u0439\u0441\u044c\u043a\u043e\u0457 \u043a\u0430\u043c\u043f\u0430\u043dii Doosan \u043f\u0440\u043e\u0434\u0438\u043a\u0442\u043e\u0432\u0430\u043d\u0438\u0439 \u0431\u0443\u0432 \u0432\u0435\u043b\u0438\u043ai\u043c \u043f\u043e\u043f\u0438\u0442o\u043c \u043d\u0430 \u0430\u0433\u0440\u0435\u0433\u0430\u0442\u0438 \u0432 \u0441\u043f\u0440\u0438\u044f\u0442\u043b\u0438\u0432\u0456\u0439 \u0446\u0456\u043d\u0456 \u043f\u043e\u043a\u0443\u043f\u043a\u0438 \u043f\u0440\u0438 \u0437\u0431\u0435\u0440\u0435\u0436\u0435\u043d\u043d\u0456 \u043f\u0430\u0440\u0430\u043c\u0435\u0442\u0440\u0456\u0432 \u044f\u043a\u043e\u0441\u0442\u0456 \u0449\u043e \u0432\u0456\u0434\u043f\u043e\u0432\u0456\u0434\u0430\u044e\u0442\u044c \u043e\u0431\u043e\u0432&#8217;\u044f\u0437\u043a\u043e\u0432\u0438\u043c \u0432\u0438\u043c\u043e\u0433\u0430\u043c.<br \/>\n\u0426\u0456 \u0434\u0432\u0438\u0433\u0443\u043d\u0438 \u0445\u0430\u0440\u0430\u043a\u0442\u0435\u0440\u0438\u0437\u0443\u044e\u0442\u044c\u0441\u044f \u043f\u0440\u043e\u0441\u0442\u043e\u044e \u0441\u0442\u0440\u0443\u043a\u0442\u0443\u0440\u043e\u044e \u0456, \u0442\u0430\u043a\u0438\u043c \u0447\u0438\u043d\u043e\u043c, \u0432\u0438\u0441\u043e\u043a\u043e\u044e \u0441\u0442\u0456\u0439\u043a\u0456\u0441\u0442\u044e \u0434\u043e \u044f\u043a\u043e\u0441\u0442\u0456 \u043f\u0430\u043b\u0438\u0432\u0430..<br \/>\n\u041c\u0430\u0440\u043a\u0430 DOOSAN \u043e\u0441\u0442\u0430\u043d\u043d\u0456 \u0440\u043e\u043a\u0438 \u0437\u0430\u0432\u043e\u044e\u0432\u0430\u043b\u0430 \u0434\u043e\u0432\u0456\u0440\u0443 \u043a\u043b\u0456\u0454\u043d\u0442\u0456\u0432 \u0432 \u0443\u0441\u044c\u043e\u043c\u0443 \u0441\u0432\u0456\u0442i. \u0421\u043f\u043e\u0447\u0430\u0442\u043a\u0443, \u0431\u0443\u043b\u0438 \u043f\u043e\u0432&#8217;\u044f\u0437\u0430\u043d\u0456 \u0437 \u0441\u0435\u0433\u043c\u0435\u043d\u0442\u043e\u043c \u0431\u0443\u0434\u0456\u0432\u0435\u043b\u044c\u043d\u043e\u0457 \u0442\u0435\u0445\u043d\u0456\u043a\u0438, \u043d\u0430 \u0441\u044c\u043e\u0433\u043e\u0434\u043di\u0448\u0438\u0439 \u0434\u0435\u043d\u044c \u0432\u0445\u043e\u0434\u0438\u0442\u044c \u0432 \u0447\u0438\u0441\u043b\u043e \u043f\u0440\u043e\u0432\u0456\u0434\u043d\u0438\u0445 \u0441\u0432\u0456\u0442\u043e\u0432\u0438\u0445 \u0432\u0438\u0440\u043e\u0431\u043d\u0438\u043a\u0456\u0432 \u043f\u0440\u043e\u043c\u0438\u0441\u043b\u043e\u0432\u0438\u0445 \u0434\u0432\u0438\u0433\u0443\u043d\u0456\u0432 &#8211; \u0432 \u0442\u043e\u043c\u0443 \u0447\u0438\u0441\u043b\u0456 \u0456 \u0434\u0432\u0438\u0433\u0443\u043d\u0456\u0432 \u0434\u043b\u044f \u0433\u0435\u043d\u0435\u0440\u0430\u0442\u043e\u0440\u0456\u0432.<br \/>\n\u0410\u0441\u043e\u0440\u0442\u0438\u043c\u0435\u043d\u0442 \u043f\u0440\u043e\u0434\u0443\u043a\u0446\u0456\u0457 \u0432\u043a\u043b\u044e\u0447\u0430\u0454 \u0432 \u0441\u0435\u0431\u0435 \u0448\u0438\u0440\u043e\u043a\u0438\u0439 \u0434\u0456\u0430\u043f\u0430\u0437\u043e\u043d \u0432\u0438\u0445\u0456\u0434\u043d\u043e\u0457 \u043f\u043e\u0442\u0443\u0436\u043d\u043e\u0441\u0442\u0456 \u0434\u043b\u044f \u0437\u0430\u0434\u043e\u0432\u043e\u043b\u0435\u043d\u043d\u044f \u0440\u0456\u0437\u043d\u043e\u043c\u0430\u043d\u0456\u0442\u043d\u0438\u0445 \u043f\u043e\u0442\u0440\u0435\u0431 \u043a\u043b\u0456\u0454\u043d\u0442\u0456\u0432 \u043f\u043e \u0432\u0441\u044c\u043e\u043c\u0443 \u0441\u0432\u0456\u0442\u0443. \u0412\u0438\u043a\u043e\u043d\u0430\u043d\u0456 \u043f\u0440\u0438\u0441\u0442\u0440\u043e\u0457 \u0434\u043e\u0441\u0442\u0443\u043f\u043d\u0456 \u0432 \u0441\u0442\u0430\u043d\u0434\u0430\u0440\u0442\u043d\u0438\u0445 \u0434\u0432\u0438\u0433\u0443\u043d\u0430\u0445, \u0432\u0456\u0434\u043f\u043e\u0432\u0456\u0434\u0430\u044e\u0442\u044c \u0432\u0438\u043c\u043e\u0433\u0430\u043c \u0434\u043b\u044f \u0441\u0442\u0430\u0446\u0456\u043e\u043d\u0430\u0440\u043d\u0438\u0445 \u043c\u0430\u0448\u0438\u043d.[\/vc_column_text][\/vc_column][\/vc_row][vc_row type=&#8221;container&#8221; css=&#8221;.vc_custom_1471341523761{margin-top: 0px !important;margin-right: 0px !important;margin-bottom: 0px !important;margin-left: 0px !important;border-top-width: 0px !important;border-right-width: 0px !important;border-bottom-width: 0px !important;border-left-width: 0px !important;padding-top: 0px !important;padding-right: 0px !important;padding-bottom: 0px !important;padding-left: 0px !important;}&#8221;][vc_column][vc_column_text css=&#8221;.vc_custom_1484918954747{margin-top: 0px !important;margin-right: 0px !important;margin-bottom: 0px !important;margin-left: 0px !important;border-top-width: 0px !important;border-right-width: 0px !important;border-bottom-width: 0px !important;border-left-width: 0px !important;padding-top: 0px !important;padding-right: 0px !important;padding-bottom: 0px !important;padding-left: 0px !important;}&#8221;]<\/p>\n<p style=\"text-align: center;\"><a href=\"http:\/\/epssystem.pl\/get-a-quote\/\"><i class=\" glyphicon glyphicon-envelope \" style=\"color:#bb1a12; font-size:24px;\"><\/i> \u0417\u0430\u043f\u0438\u0442<\/a><\/p>\n<p>[\/vc_column_text][vc_empty_space][\/vc_column][\/vc_row][vc_row type=&#8221;container&#8221;][vc_column][vc_column_text]<div class=\"table-responsive\"><table width=\"100%\" class=\"table \" style=\"table-bordered\"><\/p>\n<p><thead><tr>\n<th>T\u0438\u043f \u043d\u0435\u0437\u0430\u0448\u0438\u0442\u0438\u0439<\/th>\n<th>\u0422\u0438\u043f \u0437\u0430\u0448\u0438\u0442\u0438\u0439 <\/th>\n<th>\u041f\u043e\u0442\u0443\u0436\u043d\u0456\u0441\u0442\u044c \u0410\u0432\u0430\u0440\u0456\u0439\u043da [\u043a\u0412\u0410 \/ \u043a\u0412\u0442]<\/th>\n<th>\u0411\u0435\u0437\u043f\u0435\u0440\u0435\u0440\u0432\u043d\u0430 \u043f\u043e\u0442\u0443\u0436\u043d\u0456\u0441\u0442\u044c\u00a0 [\u043a\u0412\u0410 \/ \u043a\u0412\u0442] <\/th>\n<th>\u0412\u0438\u0442\u0440\u0430\u0442\u0430 \u043f\u0430\u043b\u0438\u0432\u0430<\/th>\n<th>\u041b\u0438\u0441\u0442<\/th>\n<\/tr><\/thead>\n<tbody>\n<tr>\n<td>GD 130 N<\/td>\n<td>GD 130 S<\/td>\n<td>131,4\/105,1<\/td>\n<td>118,7 \/95,0 <\/td>\n<td>25,9 <\/td>\n<td><a href=\"http:\/\/epssystem.pl\/karty_katalogowe\/GETOR\/GETOR GD\/GETOR GD 130.pdf\"><i class=\" glyphicon glyphicon-save \" style=\"color:#bb1a12; font-size:24px;\"><\/i> PDF<\/a><\/td>\n<\/tr><\/p>\n<tr>\n<td>GD 220 N<\/td>\n<td>GD 220 S<\/td>\n<td>203,5,0\/ 162,8<\/td>\n<td>185,0 \/148,0 <\/td>\n<td>43,1 <\/td>\n<td><a href=\"http:\/\/epssystem.pl\/karty_katalogowe\/GETOR\/GETOR GD\/GETOR GD 220.pdf\"><i class=\" glyphicon glyphicon-save \" style=\"color:#bb1a12; font-size:24px;\"><\/i> PDF<\/a><\/td>\n<\/tr>\n<tr>\n<td>GD 220+ N<\/td>\n<td>GD 220+ S<\/td>\n<td>226,0\/ 180,8<\/td>\n<td>200,4\/160,3 <\/td>\n<td>43,1 <\/td>\n<td><a href=\"http:\/\/epssystem.pl\/karty_katalogowe\/GETOR\/GETOR GD\/GETOR GD 220+.pdf\"><i class=\" glyphicon glyphicon-save \" style=\"color:#bb1a12; font-size:24px;\"><\/i> PDF<\/a><\/td>\n<\/tr>\n<tr>\n<td>GD 250+ N<\/td>\n<td>GD 250+ S<\/td>\n<td>255,7\/ 204,5<\/td>\n<td>228,8 \/183,1<\/td>\n<td>48,7 <\/td>\n<td><a href=\"http:\/\/epssystem.pl\/karty_katalogowe\/GETOR\/GETOR GD\/GETOR GD 250+.pdf\"><i class=\" glyphicon glyphicon-save \" style=\"color:#bb1a12; font-size:24px;\"><\/i> PDF<\/a><\/td>\n<\/tr>\n<tr>\n<td>GD 300 N<\/td>\n<td>GD 300 S<\/td>\n<td>308,4\/246,7<\/td>\n<td>272,3 \/217,9 <\/td>\n<td>58,1 <\/td>\n<td><a href=\"http:\/\/epssystem.pl\/karty_katalogowe\/GETOR\/GETOR GD\/GETOR GD 300.pdf\"><i class=\" glyphicon glyphicon-save \" style=\"color:#bb1a12; font-size:24px;\"><\/i> PDF<\/a><\/td>\n<\/tr>\n<tr>\n<td>GD 330 N<\/td>\n<td>GD 330 S<\/td>\n<td>330,0\/ 264,0<\/td>\n<td>300,0 \/240,0<\/td>\n<td>63,1 <\/td>\n<td><a href=\"http:\/\/epssystem.pl\/karty_katalogowe\/GETOR\/GETOR GD\/GETOR GD 330.pdf\"><i class=\" glyphicon glyphicon-save \" style=\"color:#bb1a12; font-size:24px;\"><\/i> PDF<\/a><\/td>\n<\/tr>\n<tr>\n<td>GD 440 N<\/td>\n<td>GD 440 S<\/td>\n<td>451,0\/ 360,8<\/td>\n<td>408,8 \/327,0 <\/td>\n<td>89,3 <\/td>\n<td><a href=\"http:\/\/epssystem.pl\/karty_katalogowe\/GETOR\/GETOR GD\/GETOR GD 440.pdf\"><i class=\" glyphicon glyphicon-save \" style=\"color:#bb1a12; font-size:24px;\"><\/i> PDF<\/a><\/td>\n<\/tr>\n<tr>\n<td>GD 440+ N<\/td>\n<td>GD 440+ S<\/td>\n<td>470,0\/376,0<\/td>\n<td>410,1 \/328,1 <\/td>\n<td>89,3<\/td>\n<td><a href=\"http:\/\/epssystem.pl\/karty_katalogowe\/GETOR\/GETOR GD\/GETOR GD 440+.pdf\"><i class=\" glyphicon glyphicon-save \" style=\"color:#bb1a12; font-size:24px;\"><\/i> PDF<\/a><\/td>\n<\/tr>\n<tr>\n<td>GD 501 N<\/td>\n<td>GD 501 S<\/td>\n<td>495,0\/ 396,0<\/td>\n<td>450,0\/360,0 <\/td>\n<td>99,6 <\/td>\n<td><a href=\"http:\/\/epssystem.pl\/karty_katalogowe\/GETOR\/GETOR GD\/GETOR GD 501.pdf\"><i class=\" glyphicon glyphicon-save \" style=\"color:#bb1a12; font-size:24px;\"><\/i> PDF<\/a><\/td>\n<\/tr>\n<tr>\n<td>GD 560 N<\/td>\n<td>GD 560 S<\/td>\n<td>561,0\/ 448,8<\/td>\n<td>510,0\/408,0 <\/td>\n<td>115,1 <\/td>\n<td><a href=\"http:\/\/epssystem.pl\/karty_katalogowe\/GETOR\/GETOR GD\/GETOR GD 560.pdf\"><i class=\" glyphicon glyphicon-save \" style=\"color:#bb1a12; font-size:24px;\"><\/i> PDF<\/a><\/td>\n<\/tr>\n<tr>\n<td>GD 560+ N<\/td>\n<td>GD 560+ S<\/td>\n<td>584,2\/ 467,3<\/td>\n<td>529,8\/423,8 <\/td>\n<td>115,1 <\/td>\n<td><a href=\"http:\/\/epssystem.pl\/karty_katalogowe\/GETOR\/GETOR GD\/GETOR GD 560+.pdf\"><i class=\" glyphicon glyphicon-save \" style=\"color:#bb1a12; font-size:24px;\"><\/i> PDF<\/a><\/td>\n<\/tr>\n<tr>\n<td>GD 630 N<\/td>\n<td>GD 630 S<\/td>\n<td>627,0\/ 501,6<\/td>\n<td>570,0\/456,0 <\/td>\n<td>123,6 <\/td>\n<td><a href=\"http:\/\/epssystem.pl\/karty_katalogowe\/GETOR\/GETOR GD\/GETOR GD 630.pdf\"><i class=\" glyphicon glyphicon-save \" style=\"color:#bb1a12; font-size:24px;\"><\/i> PDF<\/a><\/td>\n<\/tr>\n<tr>\n<td>GD 705 N<\/td>\n<td>GD 705 S<\/td>\n<td>705,5\/ 564,4<\/td>\n<td>639,2\/511,4 <\/td>\n<td>136,4 <\/td>\n<td><a href=\"http:\/\/epssystem.pl\/karty_katalogowe\/GETOR\/GETOR GD\/GETOR GD 705.pdf\"><i class=\" glyphicon glyphicon-save \" style=\"color:#bb1a12; font-size:24px;\"><\/i> PDF<\/a><\/td>\n<\/tr>\n<tr>\n<td>GD825 N<\/td>\n<td>GD 825 S<\/td>\n<td>830,1\/ 664,1<\/td>\n<td>751,7\/601,4 <\/td>\n<td>161,0<\/td>\n<td><a href=\"http:\/\/epssystem.pl\/karty_katalogowe\/GETOR\/GETOR GD\/GETOR GD 825.pdf\"><i class=\" glyphicon glyphicon-save \" style=\"color:#bb1a12; font-size:24px;\"><\/i> PDF<\/a><\/td>\n<\/tr>\n<p><\/tbody>\n<\/table><\/div>[\/vc_column_text][\/vc_column][\/vc_row]<\/p>\n","protected":false},"excerpt":{"rendered":"<p>[vc_row type=&#8221;container&#8221;][vc_column width=&#8221;1\/3&#8243;][vc_single_image image=&#8221;72118&#8243; img_size=&#8221;full&#8221;][\/vc_column][vc_column width=&#8221;1\/3&#8243;][vc_empty_space height=&#8221;100px&#8221;][\/vc_column][vc_column width=&#8221;1\/3&#8243;][vc_raw_html css=&#8221;.vc_custom_1470304479702{margin-bottom: -40px !important;padding-bottom: -40px !important;padding-left: 80px !important;}&#8221;]JTNDcCUyMHN0eWxlJTNEJTIyY29sb3IlM0ElMjNCQkIlMjIlM0UlM0NiJTNFcG93ZXJlZCUyMGJ5JTNDJTJGYiUzRSUzQyUyRnAlM0U=[\/vc_raw_html][vc_single_image image=&#8221;71176&#8243; img_size=&#8221;medium&#8221;][\/vc_column][\/vc_row][vc_row type=&#8221;container&#8221;][vc_column width=&#8221;1\/3&#8243;][\/vc_column][vc_column width=&#8221;1\/3&#8243;][vc_single_image image=&#8221;72054&#8243; img_size=&#8221;full&#8221;][\/vc_column][vc_column width=&#8221;1\/3&#8243;][\/vc_column][\/vc_row][vc_row type=&#8221;container&#8221; css=&#8221;.vc_custom_1471341523761{margin-top: 0px !important;margin-right: 0px !important;margin-bottom: 0px !important;margin-left: 0px !important;border-top-width: 0px !important;border-right-width: 0px !important;border-bottom-width: 0px !important;border-left-width: 0px !important;padding-top: 0px !important;padding-right: 0px !important;padding-bottom: 0px !important;padding-left: 0px !important;}&#8221;][vc_column][vc_column_text css=&#8221;.vc_custom_1484918781081{margin-top: 0px !important;margin-right: 0px !important;margin-bottom: 0px [&hellip;]<\/p>\n","protected":false},"author":3,"featured_media":72054,"parent":71053,"menu_order":6,"comment_status":"closed","ping_status":"closed","template":"","meta":[],"acf":[],"yoast_head":"<!-- This site is optimized with the Yoast SEO plugin v18.2 - https:\/\/yoast.com\/wordpress\/plugins\/seo\/ -->\n<title>Agregaty z silnikiem Doosan - GETOR GD (131 - 830 kVA) | EPS System<\/title>\n<meta name=\"description\" content=\"Wysokiej jako\u015bci agregaty pr\u0105dotw\u00f3rcze serii GETOR GD wyposa\u017cone w silnik DOOSAN, niezawodna jako\u015b\u0107, wysoka wydajno\u015b\u0107, produkowane w Polsce - Sprawd\u017a\" \/>\n<meta name=\"robots\" content=\"index, follow, max-snippet:-1, max-image-preview:large, max-video-preview:-1\" \/>\n<link rel=\"canonical\" href=\"https:\/\/epssystem.pl\/nowa-oferta\/agregaty-pradotworcze\/getor-gd-doosan\/\" \/>\n<meta property=\"og:locale\" content=\"uk_UA\" \/>\n<meta property=\"og:type\" content=\"article\" \/>\n<meta property=\"og:title\" content=\"Agregaty z silnikiem Doosan - GETOR GD (131 - 830 kVA) | EPS System\" \/>\n<meta property=\"og:description\" content=\"Wysokiej jako\u015bci agregaty pr\u0105dotw\u00f3rcze serii GETOR GD wyposa\u017cone w silnik DOOSAN, niezawodna jako\u015b\u0107, wysoka wydajno\u015b\u0107, produkowane w Polsce - Sprawd\u017a\" \/>\n<meta property=\"og:url\" content=\"https:\/\/epssystem.pl\/nowa-oferta\/agregaty-pradotworcze\/getor-gd-doosan\/\" \/>\n<meta property=\"og:site_name\" content=\"EPS System\" \/>\n<meta property=\"article:modified_time\" content=\"2025-01-15T11:22:16+00:00\" \/>\n<meta property=\"og:image\" content=\"https:\/\/epssystem.pl\/wp-content\/uploads\/2016\/07\/GD560-otwarty.png\" \/>\n\t<meta property=\"og:image:width\" content=\"279\" \/>\n\t<meta property=\"og:image:height\" content=\"182\" \/>\n\t<meta property=\"og:image:type\" content=\"image\/png\" \/>\n<meta name=\"twitter:card\" content=\"summary\" \/>\n<meta name=\"twitter:label1\" content=\"Est. reading time\" \/>\n\t<meta name=\"twitter:data1\" content=\"5 minutes\" \/>\n<script type=\"application\/ld+json\" class=\"yoast-schema-graph\">{\"@context\":\"https:\/\/schema.org\",\"@graph\":[{\"@type\":\"WebSite\",\"@id\":\"https:\/\/epssystem.pl\/#website\",\"url\":\"https:\/\/epssystem.pl\/\",\"name\":\"EPS System\",\"description\":\"Polski producent system\u00f3w zasilania gwarantowanego\",\"potentialAction\":[{\"@type\":\"SearchAction\",\"target\":{\"@type\":\"EntryPoint\",\"urlTemplate\":\"https:\/\/epssystem.pl\/?s={search_term_string}\"},\"query-input\":\"required name=search_term_string\"}],\"inLanguage\":\"uk\"},{\"@type\":\"ImageObject\",\"@id\":\"https:\/\/epssystem.pl\/nowa-oferta\/agregaty-pradotworcze\/getor-gd-doosan\/#primaryimage\",\"inLanguage\":\"uk\",\"url\":\"https:\/\/epssystem.pl\/wp-content\/uploads\/2016\/07\/GD560-otwarty.png\",\"contentUrl\":\"https:\/\/epssystem.pl\/wp-content\/uploads\/2016\/07\/GD560-otwarty.png\",\"width\":279,\"height\":182,\"caption\":\"DOOSAN - Agregat pr\u0105dotw\u00f3rczy 200kW i nawet szerszy przedzia\u0142 mocy (131 - 830) - EPS SYSTEM\"},{\"@type\":\"WebPage\",\"@id\":\"https:\/\/epssystem.pl\/nowa-oferta\/agregaty-pradotworcze\/getor-gd-doosan\/#webpage\",\"url\":\"https:\/\/epssystem.pl\/nowa-oferta\/agregaty-pradotworcze\/getor-gd-doosan\/\",\"name\":\"Agregaty z silnikiem Doosan - GETOR GD (131 - 830 kVA) | EPS System\",\"isPartOf\":{\"@id\":\"https:\/\/epssystem.pl\/#website\"},\"primaryImageOfPage\":{\"@id\":\"https:\/\/epssystem.pl\/nowa-oferta\/agregaty-pradotworcze\/getor-gd-doosan\/#primaryimage\"},\"datePublished\":\"2016-07-12T06:59:42+00:00\",\"dateModified\":\"2025-01-15T11:22:16+00:00\",\"description\":\"Wysokiej jako\u015bci agregaty pr\u0105dotw\u00f3rcze serii GETOR GD wyposa\u017cone w silnik DOOSAN, niezawodna jako\u015b\u0107, wysoka wydajno\u015b\u0107, produkowane w Polsce - Sprawd\u017a\",\"breadcrumb\":{\"@id\":\"https:\/\/epssystem.pl\/nowa-oferta\/agregaty-pradotworcze\/getor-gd-doosan\/#breadcrumb\"},\"inLanguage\":\"uk\",\"potentialAction\":[{\"@type\":\"ReadAction\",\"target\":[\"https:\/\/epssystem.pl\/nowa-oferta\/agregaty-pradotworcze\/getor-gd-doosan\/\"]}]},{\"@type\":\"BreadcrumbList\",\"@id\":\"https:\/\/epssystem.pl\/nowa-oferta\/agregaty-pradotworcze\/getor-gd-doosan\/#breadcrumb\",\"itemListElement\":[{\"@type\":\"ListItem\",\"position\":1,\"name\":\"Strona g\u0142\u00f3wna\",\"item\":\"https:\/\/epssystem.pl\/\"},{\"@type\":\"ListItem\",\"position\":2,\"name\":\"Oferta\",\"item\":\"https:\/\/epssystem.pl\/nowa-oferta\/\"},{\"@type\":\"ListItem\",\"position\":3,\"name\":\"Agregaty pr\u0105dotw\u00f3rcze\",\"item\":\"https:\/\/epssystem.pl\/nowa-oferta\/agregaty-pradotworcze\/\"},{\"@type\":\"ListItem\",\"position\":4,\"name\":\"GETOR GD (131 - 830 kVA)\"}]}]}<\/script>\n<!-- \/ Yoast SEO plugin. -->","yoast_head_json":{"title":"Agregaty z silnikiem Doosan - GETOR GD (131 - 830 kVA) | EPS System","description":"Wysokiej jako\u015bci agregaty pr\u0105dotw\u00f3rcze serii GETOR GD wyposa\u017cone w silnik DOOSAN, niezawodna jako\u015b\u0107, wysoka wydajno\u015b\u0107, produkowane w Polsce - Sprawd\u017a","robots":{"index":"index","follow":"follow","max-snippet":"max-snippet:-1","max-image-preview":"max-image-preview:large","max-video-preview":"max-video-preview:-1"},"canonical":"https:\/\/epssystem.pl\/nowa-oferta\/agregaty-pradotworcze\/getor-gd-doosan\/","og_locale":"uk_UA","og_type":"article","og_title":"Agregaty z silnikiem Doosan - GETOR GD (131 - 830 kVA) | EPS System","og_description":"Wysokiej jako\u015bci agregaty pr\u0105dotw\u00f3rcze serii GETOR GD wyposa\u017cone w silnik DOOSAN, niezawodna jako\u015b\u0107, wysoka wydajno\u015b\u0107, produkowane w Polsce - Sprawd\u017a","og_url":"https:\/\/epssystem.pl\/nowa-oferta\/agregaty-pradotworcze\/getor-gd-doosan\/","og_site_name":"EPS System","article_modified_time":"2025-01-15T11:22:16+00:00","og_image":[{"width":279,"height":182,"url":"https:\/\/epssystem.pl\/wp-content\/uploads\/2016\/07\/GD560-otwarty.png","type":"image\/png"}],"twitter_card":"summary","twitter_misc":{"Est. reading time":"5 minutes"},"schema":{"@context":"https:\/\/schema.org","@graph":[{"@type":"WebSite","@id":"https:\/\/epssystem.pl\/#website","url":"https:\/\/epssystem.pl\/","name":"EPS System","description":"Polski producent system\u00f3w zasilania gwarantowanego","potentialAction":[{"@type":"SearchAction","target":{"@type":"EntryPoint","urlTemplate":"https:\/\/epssystem.pl\/?s={search_term_string}"},"query-input":"required name=search_term_string"}],"inLanguage":"uk"},{"@type":"ImageObject","@id":"https:\/\/epssystem.pl\/nowa-oferta\/agregaty-pradotworcze\/getor-gd-doosan\/#primaryimage","inLanguage":"uk","url":"https:\/\/epssystem.pl\/wp-content\/uploads\/2016\/07\/GD560-otwarty.png","contentUrl":"https:\/\/epssystem.pl\/wp-content\/uploads\/2016\/07\/GD560-otwarty.png","width":279,"height":182,"caption":"DOOSAN - Agregat pr\u0105dotw\u00f3rczy 200kW i nawet szerszy przedzia\u0142 mocy (131 - 830) - EPS SYSTEM"},{"@type":"WebPage","@id":"https:\/\/epssystem.pl\/nowa-oferta\/agregaty-pradotworcze\/getor-gd-doosan\/#webpage","url":"https:\/\/epssystem.pl\/nowa-oferta\/agregaty-pradotworcze\/getor-gd-doosan\/","name":"Agregaty z silnikiem Doosan - GETOR GD (131 - 830 kVA) | EPS System","isPartOf":{"@id":"https:\/\/epssystem.pl\/#website"},"primaryImageOfPage":{"@id":"https:\/\/epssystem.pl\/nowa-oferta\/agregaty-pradotworcze\/getor-gd-doosan\/#primaryimage"},"datePublished":"2016-07-12T06:59:42+00:00","dateModified":"2025-01-15T11:22:16+00:00","description":"Wysokiej jako\u015bci agregaty pr\u0105dotw\u00f3rcze serii GETOR GD wyposa\u017cone w silnik DOOSAN, niezawodna jako\u015b\u0107, wysoka wydajno\u015b\u0107, produkowane w Polsce - Sprawd\u017a","breadcrumb":{"@id":"https:\/\/epssystem.pl\/nowa-oferta\/agregaty-pradotworcze\/getor-gd-doosan\/#breadcrumb"},"inLanguage":"uk","potentialAction":[{"@type":"ReadAction","target":["https:\/\/epssystem.pl\/nowa-oferta\/agregaty-pradotworcze\/getor-gd-doosan\/"]}]},{"@type":"BreadcrumbList","@id":"https:\/\/epssystem.pl\/nowa-oferta\/agregaty-pradotworcze\/getor-gd-doosan\/#breadcrumb","itemListElement":[{"@type":"ListItem","position":1,"name":"Strona g\u0142\u00f3wna","item":"https:\/\/epssystem.pl\/"},{"@type":"ListItem","position":2,"name":"Oferta","item":"https:\/\/epssystem.pl\/nowa-oferta\/"},{"@type":"ListItem","position":3,"name":"Agregaty pr\u0105dotw\u00f3rcze","item":"https:\/\/epssystem.pl\/nowa-oferta\/agregaty-pradotworcze\/"},{"@type":"ListItem","position":4,"name":"GETOR GD (131 - 830 kVA)"}]}]}},"_links":{"self":[{"href":"https:\/\/epssystem.pl\/uk\/wp-json\/wp\/v2\/pages\/71103"}],"collection":[{"href":"https:\/\/epssystem.pl\/uk\/wp-json\/wp\/v2\/pages"}],"about":[{"href":"https:\/\/epssystem.pl\/uk\/wp-json\/wp\/v2\/types\/page"}],"author":[{"embeddable":true,"href":"https:\/\/epssystem.pl\/uk\/wp-json\/wp\/v2\/users\/3"}],"replies":[{"embeddable":true,"href":"https:\/\/epssystem.pl\/uk\/wp-json\/wp\/v2\/comments?post=71103"}],"version-history":[{"count":3,"href":"https:\/\/epssystem.pl\/uk\/wp-json\/wp\/v2\/pages\/71103\/revisions"}],"predecessor-version":[{"id":74236,"href":"https:\/\/epssystem.pl\/uk\/wp-json\/wp\/v2\/pages\/71103\/revisions\/74236"}],"up":[{"embeddable":true,"href":"https:\/\/epssystem.pl\/uk\/wp-json\/wp\/v2\/pages\/71053"}],"wp:featuredmedia":[{"embeddable":true,"href":"https:\/\/epssystem.pl\/uk\/wp-json\/wp\/v2\/media\/72054"}],"wp:attachment":[{"href":"https:\/\/epssystem.pl\/uk\/wp-json\/wp\/v2\/media?parent=71103"}],"curies":[{"name":"wp","href":"https:\/\/api.w.org\/{rel}","templated":true}]}}