{"id":71322,"date":"2016-07-13T13:07:26","date_gmt":"2016-07-13T13:07:26","guid":{"rendered":"http:\/\/epssystem.pl\/?page_id=71322"},"modified":"2024-11-15T13:03:42","modified_gmt":"2024-11-15T13:03:42","slug":"fundusze-ue","status":"publish","type":"page","link":"https:\/\/epssystem.pl\/uk\/o-firmie-eps-system\/fundusze-ue\/","title":{"rendered":"Fundusze UE"},"content":{"rendered":"<p>[vc_row type=&#8221;container&#8221;][vc_column][\/vc_column][\/vc_row][vc_row type=&#8221;container&#8221;][vc_column][vc_column_text]<\/p>\n<div class=\"entry-content\">\n<p><strong><a href=\"https:\/\/epssystem.pl\/start\/pl-pasek_fe-rgb-poziom\/#main\" rel=\"attachment wp-att-74197\"><img loading=\"lazy\" width=\"1024\" height=\"88\" class=\"aligncenter size-large wp-image-74197\" src=\"https:\/\/epssystem.pl\/wp-content\/uploads\/2024\/11\/PL-Pasek_FE-RGB-poziom-1024x88.png\" alt=\"\" srcset=\"https:\/\/epssystem.pl\/wp-content\/uploads\/2024\/11\/PL-Pasek_FE-RGB-poziom-1024x88.png 1024w, https:\/\/epssystem.pl\/wp-content\/uploads\/2024\/11\/PL-Pasek_FE-RGB-poziom-300x26.png 300w, https:\/\/epssystem.pl\/wp-content\/uploads\/2024\/11\/PL-Pasek_FE-RGB-poziom-768x66.png 768w, https:\/\/epssystem.pl\/wp-content\/uploads\/2024\/11\/PL-Pasek_FE-RGB-poziom-1536x132.png 1536w, https:\/\/epssystem.pl\/wp-content\/uploads\/2024\/11\/PL-Pasek_FE-RGB-poziom-2048x176.png 2048w\" sizes=\"(max-width: 1024px) 100vw, 1024px\" \/><\/a><\/strong><\/p>\n<p><strong>Nazwa projektu:<\/strong> Ekologiczny, wysokosprawny system wytwarzania energii elektrycznej i cieplnej wyposa\u017cony w bank energii &#8211; EKOTUR.<\/p>\n<p><strong>Przedmiot projektu:<\/strong> Przedmiotem projektu jest wdro\u017cenie przez Wnioskodawc\u0119 do produkcji nowych agregat\u00f3w EKOTUR czyli wyrobu podw\u00f3jnego zastosowania, jakim jest wysokosprawny, kogeneracyjny zesp\u00f3\u0142 wytwarzania energii elektrycznej wyposa\u017cony w magazyn energii elektrycznej. Wdra\u017cany agregat jest wynikiem prac B+R wykonanych przez zesp\u00f3\u0142 technolog\u00f3w zatrudnionych w firmie Wnioskodawcy. Dzi\u0119ki realizacji projektu przedsi\u0119biorstwo uzyska znacz\u0105c\u0105 przewag\u0119 konkurencyjn\u0105, gdy\u017c na polskim rynku nie ma producent\u00f3w oferuj\u0105cych to\u017csame urz\u0105dzenia.<\/p>\n<\/div>\n<div>&nbsp;<\/div>\n<div class=\"entry-content\"><strong>Grupy docelowe:<\/strong> G\u0142\u00f3wn\u0105 grup\u0119 odbiorc\u00f3w w zakresie agregat\u00f3w pr\u0105dotw\u00f3rczych stanowi\u0105 Instytucje Pa\u0144stwowe, Polskie Sieci Energetyczne oraz Gazowe, zak\u0142ady przemys\u0142owe, hotele, SPA, oraz firmy prywatne zainteresowane dywersyfikacj\u0105 posiadanych \u017ar\u00f3de\u0142 energii oraz zobligowane do stosowania si\u0119 w swojej dzia\u0142alno\u015bci do wymog\u00f3w i przepis\u00f3w \u015brodowiskowych.<\/div>\n<div>&nbsp;<\/div>\n<div class=\"entry-content\"><strong>Cel projektu:<\/strong> Rezultatem projektu b\u0119dzie wprowadzenie na rynek nowego ekologicznego, wysokosprawnego systemu wytwarzania energii elektrycznej i cieplnej wyposa\u017cony w bank energii &#8211; agregatu EKOTUR, co jest kluczowym etapem d\u0142ugoterminowej strategii rozwoju firmy w bran\u017cy energetycznej.<\/div>\n<div>&nbsp;<\/div>\n<div class=\"entry-content\"><strong>Ca\u0142kowita warto\u015b\u0107 Projektu wynosi:<\/strong> 9 390 337,80 PLN<\/div>\n<div class=\"entry-content\">\n<p><strong>Wysoko\u015b\u0107 wk\u0142adu Funduszy Europejskich: <\/strong>4 781 630,11 PLN<br \/>\n&nbsp;<\/p>\n<hr>\n<\/div>\n<p>[\/vc_column_text][vc_column_text]<\/p>\n<div class=\"entry-content\">\n<p><img loading=\"lazy\" class=\"aligncenter\" src=\"http:\/\/epssystem.pl\/images\/dofinansowanie-ue1.png\" alt=\"dofinansowanie-ue1\" width=\"600\" height=\"75\"><\/p>\n<p><strong>Nazwa projektu:<\/strong> Budowa nowej siedziby oraz zakup \u015brodk\u00f3w trwa\u0142ych do produkcji agregat\u00f3w pr\u0105dotw\u00f3rczych jako istotny element rozwoju przedsi\u0119biorstwa EPS System<strong><br \/>\n<\/strong><\/p>\n<p><strong>Program:<\/strong> Ma\u0142opolski Regionalny Program Operacyjny na lata 2007 &#8211; 2013.<\/p>\n<p><strong>O\u015b priorytetowa 2:<\/strong> Gospodarka regionalnej szansy.<\/p>\n<p><strong>Dzia\u0142anie 2.1<\/strong> : Rozw\u00f3j i podniesienie konkurencyjno\u015bci przedsi\u0119biorstw.<\/p>\n<p><strong>Ca\u0142kowita warto\u015b\u0107 projektu wynosi:<\/strong> 1 879 410,00 PLN<\/p>\n<p><strong><img loading=\"lazy\" class=\"aligncenter\" src=\"http:\/\/epssystem.pl\/images\/HALA_PRZOD1.png\" alt=\"HALA PRZOD1\" width=\"382\" height=\"216\"><\/strong><\/p>\n<hr>\n<p><img loading=\"lazy\" width=\"743\" height=\"60\" class=\"aligncenter size-full wp-image-72517\" src=\"http:\/\/epssystem.pl\/wp-content\/uploads\/2016\/07\/ma\u0142opolska1-1.png\" alt=\"malopolska1\" srcset=\"https:\/\/epssystem.pl\/wp-content\/uploads\/2016\/07\/ma\u0142opolska1-1.png 743w, https:\/\/epssystem.pl\/wp-content\/uploads\/2016\/07\/ma\u0142opolska1-1-300x24.png 300w\" sizes=\"(max-width: 743px) 100vw, 743px\" \/><\/p>\n<p><strong>Nazwa projektu:<\/strong> Us\u0142uga badawczo-rozwojowa zwi\u0105zana z innowacj\u0105 produktow\u0105 w firmie EPS System Robert Lipnicki w postaci 8 grup agregat\u00f3w pr\u0105dotw\u00f3rczych dla przemys\u0142u z silnikami DOOSAN o mocy w przedziale 130-825 kVA<\/p>\n<p><strong>Program:<\/strong> Ma\u0142opolski Regionalny Program Operacyjny na lata 2014 &#8211; 2020.<\/p>\n<p><strong>O\u015b priorytetowa 1: <\/strong>Gospodarka wiedzy.<\/p>\n<p><strong>Dzia\u0142anie 1.2<\/strong> : Badania i innowacje w przedsi\u0119biorstwach \/ 1.2.3. Bony na innowacje, RPO Ma\u0142opolskiego.<\/p>\n<p><strong>Ca\u0142kowita warto\u015b\u0107 Projektu wynosi:<\/strong> 123 000,00 PLN<\/p>\n<p><strong>Ca\u0142kowite wydatki kwalifikowane Projektu wynosz\u0105:<\/strong> 100 000,00 PLN<\/p>\n<p><strong>Dofinansowanie Projektu z UE wynosi:<\/strong> 90 000,00 PLN<\/p>\n<p><strong>Celem Projektu<\/strong> jest zwi\u0119kszenie poziomu wdra\u017cania innowacji uzasadnionych rynkowo w firmie EPS System poprzez docelowe poszerzenie oferty produktowej o 8 grup nowych agregat\u00f3w du\u017cej mocy (130-825 kVA) opartych na silnikach DOOSAN. B\u0119dzie to mo\u017cliwe dzi\u0119ki odpowiedniemu zaprojektowaniu i wyprodukowaniu agregat\u00f3w spe\u0142niaj\u0105cych m.in. normy emisji ha\u0142asu (szczeg\u00f3lnie istotne b\u0119dzie wyg\u0142uszenie obudowy oraz odpowiednie ukszta\u0142towanie komin\u00f3w t\u0142umi\u0105cych na czerpnii i wyrzutni).<strong><br \/>\n<\/strong><\/p>\n<\/div>\n<p>[\/vc_column_text][vc_column_text]<strong><a href=\"https:\/\/epssystem.pl\/o-firmie-eps-system\/fundusze-ue\/fundusze-flagi3\/#main\" rel=\"attachment wp-att-73703\"><img loading=\"lazy\" width=\"1024\" height=\"140\" class=\"aligncenter size-large wp-image-73703\" src=\"https:\/\/epssystem.pl\/wp-content\/uploads\/2020\/12\/fundusze-flagi3-1024x140.jpg\" alt=\"eps system fundusze unii europejskiej dotacje\" srcset=\"https:\/\/epssystem.pl\/wp-content\/uploads\/2020\/12\/fundusze-flagi3-1024x140.jpg 1024w, https:\/\/epssystem.pl\/wp-content\/uploads\/2020\/12\/fundusze-flagi3-300x41.jpg 300w, https:\/\/epssystem.pl\/wp-content\/uploads\/2020\/12\/fundusze-flagi3-768x105.jpg 768w, https:\/\/epssystem.pl\/wp-content\/uploads\/2020\/12\/fundusze-flagi3-1536x210.jpg 1536w, https:\/\/epssystem.pl\/wp-content\/uploads\/2020\/12\/fundusze-flagi3-2048x280.jpg 2048w\" sizes=\"(max-width: 1024px) 100vw, 1024px\" \/><\/a>Nazwa <\/strong><strong>zadania<\/strong><strong>:<\/strong> <b>Utrzymanie prowadzenia dzia\u0142alno\u015bci przedsi\u0119biorstwa<\/b><\/p>\n<p><b>Zadanie: <\/b>Utrzymanie prowadzenia dzia\u0142alno\u015bci przedsi\u0119biorstwa. Niezaprzestanie dzia\u0142alno\u015bci przedsi\u0119biorstwa w okresie na jaki udzielona jest dotacja.<\/p>\n<p><strong>Program:<\/strong> Program Operacyjny Inteligentny Rozw\u00f3j 2014-2020<\/p>\n<p><b>Dzia\u0142anie 3.4:<\/b> Dotacje na kapita\u0142 obrotowy<\/p>\n<p><strong>Ca\u0142kowita warto\u015b\u0107 Projektu wynosi:<\/strong> 256 573,77 PLN<\/p>\n<p align=\"justify\">i w ca\u0142o\u015bci finansowana jest z Funduszy Europejskich.<\/p>\n<p align=\"justify\"><strong>Celem projektu <\/strong>jest pomoc przedsi\u0119biorcom, kt\u00f3rzy w zwi\u0105zku z zak\u0142\u00f3ceniami w funkcjonowaniu gospodarki na skutek wyst\u0105pienia pandemii COVID-19, znale\u017ali si\u0119 w trudnej sytuacji ekonomicznej. Wsparcie b\u0119dzie przeznaczone na finansowanie kapita\u0142u obrotowego w celu zaspokojenia pilnych potrzeb przedsi\u0119biorstwa w zakresie p\u0142ynno\u015bci i przezwyci\u0119\u017cenia trudno\u015bci finansowych, kt\u00f3re zaistnia\u0142y wskutek pandemii COVID-19.<\/p>\n<p align=\"justify\">Planowanym efektem projektu jest niezaprzestanie i utrzymanie dzia\u0142alno\u015bci przedsi\u0119biorstwa w okresie na jaki zosta\u0142o udzielone wsparcie, tj. do 30 wrze\u015bnia 2020 roku.<\/p>\n<p>[\/vc_column_text][vc_column_text]<\/p>\n<div class=\"entry-content\">\n<hr>\n<p><strong>Zapytania ofertowe<\/strong><\/p>\n<p><strong><a href=\"http:\/\/epssystem.pl\/images\/Zapytanie%20ofertowe%20dla%20zam%C3%B3wienia%20publicznego%20o%20warto%C5%9Bci%20powy%C5%BCej%2050%20000%20z%C5%82%20netto%20nr%200111205.pdf\"><img src=\"http:\/\/epssystem.pl\/images\/ikona_pdf.png\" alt=\"\" border=\"0\"> ZAPYTANIE OFERTOWE DLA ZAM\u00d3WIENIA PUBLICZNEGO O WARTO\u015aCI POWY\u017bEJ 50 000 z\u0142 netto nr 01112015\/BON<\/a><br \/>\n<\/strong><\/p>\n<p><strong>Wyniki post\u0119powania<br \/>\n<\/strong><\/p>\n<p><strong><a href=\"http:\/\/epssystem.pl\/images\/Informacje%20o%20wyniku%20postepowania%20o%20udzielenie%20zam%C3%B3wienia%20publicznego%20powy%C5%BCej%2050%20000.00%20z%C5%82.pdf\"><img src=\"http:\/\/epssystem.pl\/images\/ikona_pdf.png\" alt=\"\" border=\"0\"> Informacje o wyniku postepowania o udzielenie zam\u00f3wienia publicznego powy\u017cej 50 000.00 z\u0142<\/a><\/strong><\/p>\n<\/div>\n<p>[\/vc_column_text][\/vc_column][\/vc_row]<\/p>\n","protected":false},"excerpt":{"rendered":"<p>[vc_row type=&#8221;container&#8221;][vc_column][\/vc_column][\/vc_row][vc_row type=&#8221;container&#8221;][vc_column][vc_column_text] Nazwa projektu: Ekologiczny, wysokosprawny system wytwarzania energii elektrycznej i cieplnej wyposa\u017cony w bank energii &#8211; EKOTUR. Przedmiot projektu: Przedmiotem projektu jest wdro\u017cenie przez Wnioskodawc\u0119 do produkcji nowych agregat\u00f3w EKOTUR czyli wyrobu podw\u00f3jnego zastosowania, jakim jest wysokosprawny, kogeneracyjny zesp\u00f3\u0142 wytwarzania energii elektrycznej wyposa\u017cony w magazyn energii elektrycznej. Wdra\u017cany agregat jest wynikiem prac B+R [&hellip;]<\/p>\n","protected":false},"author":3,"featured_media":0,"parent":71080,"menu_order":0,"comment_status":"closed","ping_status":"closed","template":"","meta":[],"acf":[],"yoast_head":"<!-- This site is optimized with the Yoast SEO plugin v18.2 - https:\/\/yoast.com\/wordpress\/plugins\/seo\/ -->\n<title>Fundusze UE - EPS System<\/title>\n<meta name=\"robots\" content=\"index, follow, max-snippet:-1, max-image-preview:large, max-video-preview:-1\" \/>\n<link rel=\"canonical\" href=\"https:\/\/epssystem.pl\/o-firmie-eps-system\/fundusze-ue\/\" \/>\n<meta property=\"og:locale\" content=\"uk_UA\" \/>\n<meta property=\"og:type\" content=\"article\" \/>\n<meta property=\"og:title\" content=\"Fundusze UE - EPS System\" \/>\n<meta property=\"og:description\" content=\"[vc_row type=&#8221;container&#8221;][vc_column][\/vc_column][\/vc_row][vc_row type=&#8221;container&#8221;][vc_column][vc_column_text] Nazwa projektu: Ekologiczny, wysokosprawny system wytwarzania energii elektrycznej i cieplnej wyposa\u017cony w bank energii &#8211; EKOTUR. Przedmiot projektu: Przedmiotem projektu jest wdro\u017cenie przez Wnioskodawc\u0119 do produkcji nowych agregat\u00f3w EKOTUR czyli wyrobu podw\u00f3jnego zastosowania, jakim jest wysokosprawny, kogeneracyjny zesp\u00f3\u0142 wytwarzania energii elektrycznej wyposa\u017cony w magazyn energii elektrycznej. Wdra\u017cany agregat jest wynikiem prac B+R [&hellip;]\" \/>\n<meta property=\"og:url\" content=\"https:\/\/epssystem.pl\/o-firmie-eps-system\/fundusze-ue\/\" \/>\n<meta property=\"og:site_name\" content=\"EPS System\" \/>\n<meta property=\"article:modified_time\" content=\"2024-11-15T13:03:42+00:00\" \/>\n<meta property=\"og:image\" content=\"https:\/\/epssystem.pl\/wp-content\/uploads\/2024\/11\/PL-Pasek_FE-RGB-poziom-1024x88.png\" \/>\n<meta name=\"twitter:card\" content=\"summary\" \/>\n<meta name=\"twitter:label1\" content=\"Est. reading time\" \/>\n\t<meta name=\"twitter:data1\" content=\"5 minutes\" \/>\n<script type=\"application\/ld+json\" class=\"yoast-schema-graph\">{\"@context\":\"https:\/\/schema.org\",\"@graph\":[{\"@type\":\"WebSite\",\"@id\":\"https:\/\/epssystem.pl\/#website\",\"url\":\"https:\/\/epssystem.pl\/\",\"name\":\"EPS System\",\"description\":\"Polski producent system\u00f3w zasilania gwarantowanego\",\"potentialAction\":[{\"@type\":\"SearchAction\",\"target\":{\"@type\":\"EntryPoint\",\"urlTemplate\":\"https:\/\/epssystem.pl\/?s={search_term_string}\"},\"query-input\":\"required name=search_term_string\"}],\"inLanguage\":\"uk\"},{\"@type\":\"ImageObject\",\"@id\":\"https:\/\/epssystem.pl\/o-firmie-eps-system\/fundusze-ue\/#primaryimage\",\"inLanguage\":\"uk\",\"url\":\"https:\/\/epssystem.pl\/wp-content\/uploads\/2024\/11\/PL-Pasek_FE-RGB-poziom.png\",\"contentUrl\":\"https:\/\/epssystem.pl\/wp-content\/uploads\/2024\/11\/PL-Pasek_FE-RGB-poziom.png\",\"width\":8269,\"height\":710},{\"@type\":\"WebPage\",\"@id\":\"https:\/\/epssystem.pl\/o-firmie-eps-system\/fundusze-ue\/#webpage\",\"url\":\"https:\/\/epssystem.pl\/o-firmie-eps-system\/fundusze-ue\/\",\"name\":\"Fundusze UE - EPS System\",\"isPartOf\":{\"@id\":\"https:\/\/epssystem.pl\/#website\"},\"primaryImageOfPage\":{\"@id\":\"https:\/\/epssystem.pl\/o-firmie-eps-system\/fundusze-ue\/#primaryimage\"},\"datePublished\":\"2016-07-13T13:07:26+00:00\",\"dateModified\":\"2024-11-15T13:03:42+00:00\",\"breadcrumb\":{\"@id\":\"https:\/\/epssystem.pl\/o-firmie-eps-system\/fundusze-ue\/#breadcrumb\"},\"inLanguage\":\"uk\",\"potentialAction\":[{\"@type\":\"ReadAction\",\"target\":[\"https:\/\/epssystem.pl\/o-firmie-eps-system\/fundusze-ue\/\"]}]},{\"@type\":\"BreadcrumbList\",\"@id\":\"https:\/\/epssystem.pl\/o-firmie-eps-system\/fundusze-ue\/#breadcrumb\",\"itemListElement\":[{\"@type\":\"ListItem\",\"position\":1,\"name\":\"Strona g\u0142\u00f3wna\",\"item\":\"https:\/\/epssystem.pl\/\"},{\"@type\":\"ListItem\",\"position\":2,\"name\":\"O firmie\",\"item\":\"https:\/\/epssystem.pl\/o-firmie-eps-system\/\"},{\"@type\":\"ListItem\",\"position\":3,\"name\":\"Fundusze UE\"}]}]}<\/script>\n<!-- \/ Yoast SEO plugin. -->","yoast_head_json":{"title":"Fundusze UE - EPS System","robots":{"index":"index","follow":"follow","max-snippet":"max-snippet:-1","max-image-preview":"max-image-preview:large","max-video-preview":"max-video-preview:-1"},"canonical":"https:\/\/epssystem.pl\/o-firmie-eps-system\/fundusze-ue\/","og_locale":"uk_UA","og_type":"article","og_title":"Fundusze UE - EPS System","og_description":"[vc_row type=&#8221;container&#8221;][vc_column][\/vc_column][\/vc_row][vc_row type=&#8221;container&#8221;][vc_column][vc_column_text] Nazwa projektu: Ekologiczny, wysokosprawny system wytwarzania energii elektrycznej i cieplnej wyposa\u017cony w bank energii &#8211; EKOTUR. Przedmiot projektu: Przedmiotem projektu jest wdro\u017cenie przez Wnioskodawc\u0119 do produkcji nowych agregat\u00f3w EKOTUR czyli wyrobu podw\u00f3jnego zastosowania, jakim jest wysokosprawny, kogeneracyjny zesp\u00f3\u0142 wytwarzania energii elektrycznej wyposa\u017cony w magazyn energii elektrycznej. Wdra\u017cany agregat jest wynikiem prac B+R [&hellip;]","og_url":"https:\/\/epssystem.pl\/o-firmie-eps-system\/fundusze-ue\/","og_site_name":"EPS System","article_modified_time":"2024-11-15T13:03:42+00:00","og_image":[{"url":"https:\/\/epssystem.pl\/wp-content\/uploads\/2024\/11\/PL-Pasek_FE-RGB-poziom-1024x88.png"}],"twitter_card":"summary","twitter_misc":{"Est. reading time":"5 minutes"},"schema":{"@context":"https:\/\/schema.org","@graph":[{"@type":"WebSite","@id":"https:\/\/epssystem.pl\/#website","url":"https:\/\/epssystem.pl\/","name":"EPS System","description":"Polski producent system\u00f3w zasilania gwarantowanego","potentialAction":[{"@type":"SearchAction","target":{"@type":"EntryPoint","urlTemplate":"https:\/\/epssystem.pl\/?s={search_term_string}"},"query-input":"required name=search_term_string"}],"inLanguage":"uk"},{"@type":"ImageObject","@id":"https:\/\/epssystem.pl\/o-firmie-eps-system\/fundusze-ue\/#primaryimage","inLanguage":"uk","url":"https:\/\/epssystem.pl\/wp-content\/uploads\/2024\/11\/PL-Pasek_FE-RGB-poziom.png","contentUrl":"https:\/\/epssystem.pl\/wp-content\/uploads\/2024\/11\/PL-Pasek_FE-RGB-poziom.png","width":8269,"height":710},{"@type":"WebPage","@id":"https:\/\/epssystem.pl\/o-firmie-eps-system\/fundusze-ue\/#webpage","url":"https:\/\/epssystem.pl\/o-firmie-eps-system\/fundusze-ue\/","name":"Fundusze UE - EPS System","isPartOf":{"@id":"https:\/\/epssystem.pl\/#website"},"primaryImageOfPage":{"@id":"https:\/\/epssystem.pl\/o-firmie-eps-system\/fundusze-ue\/#primaryimage"},"datePublished":"2016-07-13T13:07:26+00:00","dateModified":"2024-11-15T13:03:42+00:00","breadcrumb":{"@id":"https:\/\/epssystem.pl\/o-firmie-eps-system\/fundusze-ue\/#breadcrumb"},"inLanguage":"uk","potentialAction":[{"@type":"ReadAction","target":["https:\/\/epssystem.pl\/o-firmie-eps-system\/fundusze-ue\/"]}]},{"@type":"BreadcrumbList","@id":"https:\/\/epssystem.pl\/o-firmie-eps-system\/fundusze-ue\/#breadcrumb","itemListElement":[{"@type":"ListItem","position":1,"name":"Strona g\u0142\u00f3wna","item":"https:\/\/epssystem.pl\/"},{"@type":"ListItem","position":2,"name":"O firmie","item":"https:\/\/epssystem.pl\/o-firmie-eps-system\/"},{"@type":"ListItem","position":3,"name":"Fundusze UE"}]}]}},"_links":{"self":[{"href":"https:\/\/epssystem.pl\/uk\/wp-json\/wp\/v2\/pages\/71322"}],"collection":[{"href":"https:\/\/epssystem.pl\/uk\/wp-json\/wp\/v2\/pages"}],"about":[{"href":"https:\/\/epssystem.pl\/uk\/wp-json\/wp\/v2\/types\/page"}],"author":[{"embeddable":true,"href":"https:\/\/epssystem.pl\/uk\/wp-json\/wp\/v2\/users\/3"}],"replies":[{"embeddable":true,"href":"https:\/\/epssystem.pl\/uk\/wp-json\/wp\/v2\/comments?post=71322"}],"version-history":[{"count":6,"href":"https:\/\/epssystem.pl\/uk\/wp-json\/wp\/v2\/pages\/71322\/revisions"}],"predecessor-version":[{"id":74201,"href":"https:\/\/epssystem.pl\/uk\/wp-json\/wp\/v2\/pages\/71322\/revisions\/74201"}],"up":[{"embeddable":true,"href":"https:\/\/epssystem.pl\/uk\/wp-json\/wp\/v2\/pages\/71080"}],"wp:attachment":[{"href":"https:\/\/epssystem.pl\/uk\/wp-json\/wp\/v2\/media?parent=71322"}],"curies":[{"name":"wp","href":"https:\/\/api.w.org\/{rel}","templated":true}]}}