{"id":71328,"date":"2016-07-13T13:11:12","date_gmt":"2016-07-13T13:11:12","guid":{"rendered":"http:\/\/epssystem.pl\/?page_id=71328"},"modified":"2021-01-25T22:37:31","modified_gmt":"2021-01-25T22:37:31","slug":"kariera","status":"publish","type":"page","link":"https:\/\/epssystem.pl\/uk\/o-firmie-eps-system\/kariera\/","title":{"rendered":"Kariera"},"content":{"rendered":"<p><strong>UWAGA!<\/strong> Firma <a class=\"profileLink\" href=\"https:\/\/www.facebook.com\/agregatyeps\/?fref=mentions\">EPS SYSTEM<\/a> <strong>zatrudni<\/strong> pracownik\u00f3w na nast\u0119puj\u0105ce stanowiska:<\/p>\n<p>\u2022 elektryk,<br \/>\n\u2022 in\u017cynier elektryk \/ projektant,<br \/>\n\u2022 konstruktor mechanik,<br \/>\n\u2022 malarz &#8211; lakiernik konstrukcji stalowych,<br \/>\n\u2022 serwisant &#8211; elektronik oraz elektryk,<br \/>\n\u2022 specjalista ds. techniczno-handlowych,<br \/>\n\u2022 \u015blusarz &#8211; spawacz<\/p>\n<p>Osoby zainteresowane prosimy o aplikowanie dokument\u00f3w CV na adres mailowy <span class=\"_5mfr _47e3\"><span class=\"_7oe\">&#x1f4e7;<\/span><\/span> <a href=\"&#x6d;a&#x69;&#108;t&#x6f;&#58;&#x6b;&#97;r&#x69;&#101;&#x72;&#97;&#64;&#x65;&#112;&#x73;&#x73;y&#x73;&#116;e&#x6d;&#46;&#x70;&#108;\">&#x6b;&#x61;&#x72;&#105;&#101;ra&#x40;&#x65;&#x70;&#115;&#115;ys&#x74;&#x65;&#x6d;&#46;&#112;l<\/a><br \/>\n<strong>koniecznie<\/strong> do\u0142\u0105czaj\u0105c <strong>klauzul\u0119<\/strong> zgody na przetwarzanie danych osobowych o tre\u015bci:<\/p>\n<p><span style=\"color: #ff0000;\">&#8220;Wyra\u017cam zgod\u0119 na przetwarzanie moich danych osobowych dla potrzeb niezb\u0119dnych do realizacji procesu<\/span><br \/>\n<span style=\"color: #ff0000;\"> rekrutacji zgodnie z Rozporz\u0105dzeniem Parlamentu Europejskiego i Rady (UE) 2016\/679\/ z dnia 27 kwietnia 2016 r. w sprawie ochrony os\u00f3b fizycznych w zwi\u0105zku z przetwarzaniem danych osobowych i w sprawie swobodnego przep\u0142ywu takich danych oraz uchylenia dyrektywy 95\/46\/WE (RODO)&#8221;<\/span><\/p>\n<p>Informujemy, \u017ce skontaktujmy si\u0119 z <strong>wybranymi<\/strong> kandydatami.<\/p>\n","protected":false},"excerpt":{"rendered":"<p>UWAGA! Firma EPS SYSTEM zatrudni pracownik\u00f3w na nast\u0119puj\u0105ce stanowiska: \u2022 elektryk, \u2022 in\u017cynier elektryk \/ projektant, \u2022 konstruktor mechanik, \u2022 malarz &#8211; lakiernik konstrukcji stalowych, \u2022 serwisant &#8211; elektronik oraz elektryk, \u2022 specjalista ds. techniczno-handlowych, \u2022 \u015blusarz &#8211; spawacz Osoby zainteresowane prosimy o aplikowanie dokument\u00f3w CV na adres mailowy &#x1f4e7; &#107;a&#114;i&#101;r&#x61;&#64;&#x65;p&#x73;s&#x79;s&#x74;e&#x6d;&#46;&#x70;l koniecznie do\u0142\u0105czaj\u0105c klauzul\u0119 zgody [&hellip;]<\/p>\n","protected":false},"author":3,"featured_media":0,"parent":71080,"menu_order":0,"comment_status":"closed","ping_status":"closed","template":"","meta":[],"acf":[],"yoast_head":"<!-- This site is optimized with the Yoast SEO plugin v18.2 - https:\/\/yoast.com\/wordpress\/plugins\/seo\/ -->\n<title>Kariera - EPS System<\/title>\n<meta name=\"robots\" content=\"index, follow, max-snippet:-1, max-image-preview:large, max-video-preview:-1\" \/>\n<link rel=\"canonical\" href=\"https:\/\/epssystem.pl\/o-firmie-eps-system\/kariera\/\" \/>\n<meta property=\"og:locale\" content=\"uk_UA\" \/>\n<meta property=\"og:type\" content=\"article\" \/>\n<meta property=\"og:title\" content=\"Kariera - EPS System\" \/>\n<meta property=\"og:description\" content=\"UWAGA! Firma EPS SYSTEM zatrudni pracownik\u00f3w na nast\u0119puj\u0105ce stanowiska: \u2022 elektryk, \u2022 in\u017cynier elektryk \/ projektant, \u2022 konstruktor mechanik, \u2022 malarz &#8211; lakiernik konstrukcji stalowych, \u2022 serwisant &#8211; elektronik oraz elektryk, \u2022 specjalista ds. techniczno-handlowych, \u2022 \u015blusarz &#8211; spawacz Osoby zainteresowane prosimy o aplikowanie dokument\u00f3w CV na adres mailowy &#x1f4e7; &#107;&#097;&#x72;&#x69;&#101;&#114;&#x61;&#x40;&#101;&#112;&#x73;&#x73;&#121;&#115;&#x74;&#x65;&#109;&#046;&#x70;&#x6c; koniecznie do\u0142\u0105czaj\u0105c klauzul\u0119 zgody [&hellip;]\" \/>\n<meta property=\"og:url\" content=\"https:\/\/epssystem.pl\/o-firmie-eps-system\/kariera\/\" \/>\n<meta property=\"og:site_name\" content=\"EPS System\" \/>\n<meta property=\"article:modified_time\" content=\"2021-01-25T22:37:31+00:00\" \/>\n<meta name=\"twitter:card\" content=\"summary\" \/>\n<meta name=\"twitter:label1\" content=\"Est. reading time\" \/>\n\t<meta name=\"twitter:data1\" content=\"1 minute\" \/>\n<script type=\"application\/ld+json\" class=\"yoast-schema-graph\">{\"@context\":\"https:\/\/schema.org\",\"@graph\":[{\"@type\":\"WebSite\",\"@id\":\"https:\/\/epssystem.pl\/#website\",\"url\":\"https:\/\/epssystem.pl\/\",\"name\":\"EPS System\",\"description\":\"Polski producent system\u00f3w zasilania gwarantowanego\",\"potentialAction\":[{\"@type\":\"SearchAction\",\"target\":{\"@type\":\"EntryPoint\",\"urlTemplate\":\"https:\/\/epssystem.pl\/?s={search_term_string}\"},\"query-input\":\"required name=search_term_string\"}],\"inLanguage\":\"uk\"},{\"@type\":\"WebPage\",\"@id\":\"https:\/\/epssystem.pl\/o-firmie-eps-system\/kariera\/#webpage\",\"url\":\"https:\/\/epssystem.pl\/o-firmie-eps-system\/kariera\/\",\"name\":\"Kariera - EPS System\",\"isPartOf\":{\"@id\":\"https:\/\/epssystem.pl\/#website\"},\"datePublished\":\"2016-07-13T13:11:12+00:00\",\"dateModified\":\"2021-01-25T22:37:31+00:00\",\"breadcrumb\":{\"@id\":\"https:\/\/epssystem.pl\/o-firmie-eps-system\/kariera\/#breadcrumb\"},\"inLanguage\":\"uk\",\"potentialAction\":[{\"@type\":\"ReadAction\",\"target\":[\"https:\/\/epssystem.pl\/o-firmie-eps-system\/kariera\/\"]}]},{\"@type\":\"BreadcrumbList\",\"@id\":\"https:\/\/epssystem.pl\/o-firmie-eps-system\/kariera\/#breadcrumb\",\"itemListElement\":[{\"@type\":\"ListItem\",\"position\":1,\"name\":\"Strona g\u0142\u00f3wna\",\"item\":\"https:\/\/epssystem.pl\/\"},{\"@type\":\"ListItem\",\"position\":2,\"name\":\"O firmie\",\"item\":\"https:\/\/epssystem.pl\/o-firmie-eps-system\/\"},{\"@type\":\"ListItem\",\"position\":3,\"name\":\"Kariera\"}]}]}<\/script>\n<!-- \/ Yoast SEO plugin. -->","yoast_head_json":{"title":"Kariera - EPS System","robots":{"index":"index","follow":"follow","max-snippet":"max-snippet:-1","max-image-preview":"max-image-preview:large","max-video-preview":"max-video-preview:-1"},"canonical":"https:\/\/epssystem.pl\/o-firmie-eps-system\/kariera\/","og_locale":"uk_UA","og_type":"article","og_title":"Kariera - EPS System","og_description":"UWAGA! Firma EPS SYSTEM zatrudni pracownik\u00f3w na nast\u0119puj\u0105ce stanowiska: \u2022 elektryk, \u2022 in\u017cynier elektryk \/ projektant, \u2022 konstruktor mechanik, \u2022 malarz &#8211; lakiernik konstrukcji stalowych, \u2022 serwisant &#8211; elektronik oraz elektryk, \u2022 specjalista ds. techniczno-handlowych, \u2022 \u015blusarz &#8211; spawacz Osoby zainteresowane prosimy o aplikowanie dokument\u00f3w CV na adres mailowy &#x1f4e7; &#107;&#97;&#x72;&#x69;&#101;&#114;&#x61;&#x40;&#101;&#112;&#x73;&#x73;&#121;&#115;&#x74;&#x65;&#109;&#46;&#x70;&#x6c; koniecznie do\u0142\u0105czaj\u0105c klauzul\u0119 zgody [&hellip;]","og_url":"https:\/\/epssystem.pl\/o-firmie-eps-system\/kariera\/","og_site_name":"EPS System","article_modified_time":"2021-01-25T22:37:31+00:00","twitter_card":"summary","twitter_misc":{"Est. reading time":"1 minute"},"schema":{"@context":"https:\/\/schema.org","@graph":[{"@type":"WebSite","@id":"https:\/\/epssystem.pl\/#website","url":"https:\/\/epssystem.pl\/","name":"EPS System","description":"Polski producent system\u00f3w zasilania gwarantowanego","potentialAction":[{"@type":"SearchAction","target":{"@type":"EntryPoint","urlTemplate":"https:\/\/epssystem.pl\/?s={search_term_string}"},"query-input":"required name=search_term_string"}],"inLanguage":"uk"},{"@type":"WebPage","@id":"https:\/\/epssystem.pl\/o-firmie-eps-system\/kariera\/#webpage","url":"https:\/\/epssystem.pl\/o-firmie-eps-system\/kariera\/","name":"Kariera - EPS System","isPartOf":{"@id":"https:\/\/epssystem.pl\/#website"},"datePublished":"2016-07-13T13:11:12+00:00","dateModified":"2021-01-25T22:37:31+00:00","breadcrumb":{"@id":"https:\/\/epssystem.pl\/o-firmie-eps-system\/kariera\/#breadcrumb"},"inLanguage":"uk","potentialAction":[{"@type":"ReadAction","target":["https:\/\/epssystem.pl\/o-firmie-eps-system\/kariera\/"]}]},{"@type":"BreadcrumbList","@id":"https:\/\/epssystem.pl\/o-firmie-eps-system\/kariera\/#breadcrumb","itemListElement":[{"@type":"ListItem","position":1,"name":"Strona g\u0142\u00f3wna","item":"https:\/\/epssystem.pl\/"},{"@type":"ListItem","position":2,"name":"O firmie","item":"https:\/\/epssystem.pl\/o-firmie-eps-system\/"},{"@type":"ListItem","position":3,"name":"Kariera"}]}]}},"_links":{"self":[{"href":"https:\/\/epssystem.pl\/uk\/wp-json\/wp\/v2\/pages\/71328"}],"collection":[{"href":"https:\/\/epssystem.pl\/uk\/wp-json\/wp\/v2\/pages"}],"about":[{"href":"https:\/\/epssystem.pl\/uk\/wp-json\/wp\/v2\/types\/page"}],"author":[{"embeddable":true,"href":"https:\/\/epssystem.pl\/uk\/wp-json\/wp\/v2\/users\/3"}],"replies":[{"embeddable":true,"href":"https:\/\/epssystem.pl\/uk\/wp-json\/wp\/v2\/comments?post=71328"}],"version-history":[{"count":10,"href":"https:\/\/epssystem.pl\/uk\/wp-json\/wp\/v2\/pages\/71328\/revisions"}],"predecessor-version":[{"id":73747,"href":"https:\/\/epssystem.pl\/uk\/wp-json\/wp\/v2\/pages\/71328\/revisions\/73747"}],"up":[{"embeddable":true,"href":"https:\/\/epssystem.pl\/uk\/wp-json\/wp\/v2\/pages\/71080"}],"wp:attachment":[{"href":"https:\/\/epssystem.pl\/uk\/wp-json\/wp\/v2\/media?parent=71328"}],"curies":[{"name":"wp","href":"https:\/\/api.w.org\/{rel}","templated":true}]}}