{"id":71474,"date":"2016-07-28T12:31:06","date_gmt":"2016-07-28T12:31:06","guid":{"rendered":"http:\/\/epssystem.pl\/?page_id=71474"},"modified":"2020-11-20T12:54:11","modified_gmt":"2020-11-20T12:54:11","slug":"zasilacz-ups-giotto-450-2000-va","status":"publish","type":"page","link":"https:\/\/epssystem.pl\/uk\/nowa-oferta\/zasilacze-ups-bezprzerwowe\/zasilacz-ups-giotto-450-2000-va\/","title":{"rendered":"GIOTTO 450-2000 VA"},"content":{"rendered":"<p>[vc_row type=&#8221;container&#8221;][vc_column width=&#8221;1\/3&#8243;][vc_single_image image=&#8221;71575&#8243;][vc_single_image image=&#8221;71552&#8243; img_size=&#8221;full&#8221;][\/vc_column][vc_column width=&#8221;1\/3&#8243;][vc_empty_space height=&#8221;100px&#8221;][vc_single_image image=&#8221;71549&#8243; img_size=&#8221;full&#8221;][\/vc_column][vc_column width=&#8221;1\/3&#8243;][vc_column_text]<\/p>\n<h2 style=\"color: #bb1a12; font-size: 30px;\">GIOTTO<\/h2>\n<p>[\/vc_column_text][vc_column_text]<\/p>\n<h3>Zastosowanie:<\/h3>\n<ul>\n<li>komputery<\/li>\n<li>urz\u0105dzenia peryferyjne<\/li>\n<\/ul>\n<p>[\/vc_column_text][vc_column_text]<a href=\"http:\/\/epssystem.pl\/karty_katalogowe\/ups\/01. GIOTTO_web.pdf\"><i class=\" glyphicon glyphicon-save \" style=\"color:#bb1a12; font-size:24px;\"><\/i> Pobierz kart\u0119 PDF<\/a><\/p>\n<p><a href=\"#\"><i class=\" glyphicon glyphicon-envelope \" style=\"color:#bb1a12; font-size:24px;\"><\/i> Wy\u015blij zapytanie ofertowe<\/a>[\/vc_column_text][\/vc_column][\/vc_row][vc_row type=&#8221;container&#8221;][vc_column][vc_column_text]<\/p>\n<p><strong>GIOTTO<\/strong> to linia, dzi\u0119ki kt\u00f3rej zasilanie awaryjne w pe\u0142ni zabezpiecza przede wszystkim komputery, jak i urz\u0105dzenia peryferyjne. U\u017cyta przez Borri technologia Line-Interactive powoduje, \u017ce to idealne rozwi\u0105zanie do urz\u0105dze\u0144 domowych lub niewielkiego biura. <span lang=\"zxx\"><u><a href=\"https:\/\/epssystem.pl\/nowa-oferta\/zasilacze-ups-bezprzerwowe\/\">Zasilacze UPS<\/a><\/u><\/span> z serii <strong>GIOTTO<\/strong> zapewniaj\u0105 perfekcyjn\u0105 ochron\u0119 zasilania komputer\u00f3w od 450 do 850 VA. UPS zapewnia te\u017c ochron\u0119 zasilania urz\u0105dze\u0144 o wy\u017cszych parametrach. Wytrzyma\u0142a bateria samoczynnie podtrzymuje dzia\u0142anie i chroni przed zak\u0142\u00f3ceniami wywo\u0142anymi nag\u0142ymi spadkami mocy.<\/p>\n<h1>\u0141atwo\u015b\u0107 konfiguracji Giotto<\/h1>\n<p>UPS <strong>GIOTTO<\/strong> zaprojektowano z my\u015bl\u0105 przede wszystkim o domowych u\u017cytkownikach. Cichy zasilacz awaryjny o zwartej, kompaktowej budowie mo\u017ce by\u0107 dyskretnie skryty w zaciszu biura. Charakteryzuje si\u0119 \u0142atwo\u015bci\u0105 monta\u017cu i konfiguracji. Wy\u015bwietlacz LCD wyra\u017anie wyeksponowany na froncie korpusu zapewnia \u0142atwy i bezproblemowy dost\u0119p do danych. Automatyczny regulator napi\u0119cia, bezproblemowy dost\u0119p do baterii przez u\u017cytkownika oraz gniazda zabezpieczone przed przepi\u0119ciami sprawiaj\u0105, \u017ce UPS <strong>GIOTTO<\/strong> &#8211; w warunkach domowych lub niewielkiego biura &#8211; ca\u0142kowicie spe\u0142ni oczekiwania.<\/p>\n<p>[\/vc_column_text][vc_column_text]<table width=\"100%\" class=\"table \" style=\"\"><br \/><thead><tr><th>Model<\/th><th>Moc<\/th><th>Moc<\/th><th>Napi\u0119cie wej\u015bciowe <\/th><th>Napi\u0119cie wyj\u015bciowe<\/th><th>Wymiary (WxDxH) <\/th><th>Masa <\/th><\/tr><\/thead><tbody><tr><td>GIOTTO 450<\/td><td>450 VA <\/td><td> 270 W<\/td><td>230 V (1 faza)<\/td><td>230 V (1 faza)<\/td><td>100x292x140 mm <\/td><td>4 kg<\/td><\/tr><tr><td>GIOTTO 650<\/td><td>650 VA<\/td><td>380 W<\/td><td>230 V (1 faza)<\/td><td>230 V (1 faza)<\/td><td>100x292x140 mm<\/td><td>5 kg<\/td><\/tr><tr><td>GIOTTO 850<\/td><td>850 VA<\/td><td>500 W<\/td><td>230 V (1 faza)<\/td><td>230 V (1 faza)<\/td><td>100x292x140 mm<\/td><td>5,5 kg<\/td><\/tr><tr><td>GIOTTO 1000<\/td><td>1000 VA<\/td><td>600 W<\/td><td>230 V ( 1 faza)<\/td><td>230 V (1 faza)<\/td><td>148x315x198 mm<\/td><td>9 kg<\/td><\/tr><\/p>\n<tr><td>GIOTTO 1500<\/td><td>1500 VA<\/td><td>900 W<\/td><td>230 V (1 faza)<\/td><td>230 V (1 faza)<\/td><td>148x315x198 mm<\/td><td>10,5 kg<\/td><\/tr>\n<p><tr><td>GIOTTO 2000<\/td><td>2000 VA<\/td><td>1200 W<\/td><td>230 V (1 faza)<\/td><td>230 V (1 faza)<\/td><td>148x315x198 mm<\/td><td>11,8 kg<\/td><\/tr><\/tbody><\/table>[\/vc_column_text][\/vc_column][\/vc_row][vc_row type=&#8221;container&#8221;][vc_column][\/vc_column][\/vc_row]<\/p>\n","protected":false},"excerpt":{"rendered":"<p>[vc_row type=&#8221;container&#8221;][vc_column width=&#8221;1\/3&#8243;][vc_single_image image=&#8221;71575&#8243;][vc_single_image image=&#8221;71552&#8243; img_size=&#8221;full&#8221;][\/vc_column][vc_column width=&#8221;1\/3&#8243;][vc_empty_space height=&#8221;100px&#8221;][vc_single_image image=&#8221;71549&#8243; img_size=&#8221;full&#8221;][\/vc_column][vc_column width=&#8221;1\/3&#8243;][vc_column_text] GIOTTO [\/vc_column_text][vc_column_text] Zastosowanie: komputery urz\u0105dzenia peryferyjne [\/vc_column_text][vc_column_text] Pobierz kart\u0119 PDF Wy\u015blij zapytanie ofertowe[\/vc_column_text][\/vc_column][\/vc_row][vc_row type=&#8221;container&#8221;][vc_column][vc_column_text] GIOTTO to linia, dzi\u0119ki kt\u00f3rej zasilanie awaryjne w pe\u0142ni zabezpiecza przede wszystkim komputery, jak i urz\u0105dzenia peryferyjne. U\u017cyta przez Borri technologia Line-Interactive powoduje, \u017ce to idealne rozwi\u0105zanie do urz\u0105dze\u0144 domowych [&hellip;]<\/p>\n","protected":false},"author":3,"featured_media":0,"parent":71061,"menu_order":0,"comment_status":"closed","ping_status":"closed","template":"","meta":[],"acf":[],"yoast_head":"<!-- This site is optimized with the Yoast SEO plugin v18.2 - https:\/\/yoast.com\/wordpress\/plugins\/seo\/ -->\n<title>Zasilacz UPS 450 - 2000 VA - Giotto | Eps system<\/title>\n<meta name=\"description\" content=\"Zasilacz awaryjny GIOTTO - niewielkie urz\u0105dzenie o du\u017cej mocy. Dla komputer\u00f3w i urz\u0105dze\u0144 peryferyjnych. Idealny do domu i ma\u0142ego biura. \u27a3 Sprawd\u017a!\" \/>\n<meta name=\"robots\" content=\"index, follow, max-snippet:-1, max-image-preview:large, max-video-preview:-1\" \/>\n<link rel=\"canonical\" href=\"https:\/\/epssystem.pl\/en\/nowa-oferta\/zasilacze-ups-bezprzerwowe\/zasilacz-ups-giotto-450-2000-va\/\" \/>\n<meta property=\"og:locale\" content=\"uk_UA\" \/>\n<meta property=\"og:type\" content=\"article\" \/>\n<meta property=\"og:title\" content=\"Zasilacz UPS 450 - 2000 VA - Giotto | Eps system\" \/>\n<meta property=\"og:description\" content=\"Zasilacz awaryjny GIOTTO - niewielkie urz\u0105dzenie o du\u017cej mocy. Dla komputer\u00f3w i urz\u0105dze\u0144 peryferyjnych. Idealny do domu i ma\u0142ego biura. \u27a3 Sprawd\u017a!\" \/>\n<meta property=\"og:url\" content=\"https:\/\/epssystem.pl\/en\/nowa-oferta\/zasilacze-ups-bezprzerwowe\/zasilacz-ups-giotto-450-2000-va\/\" \/>\n<meta property=\"og:site_name\" content=\"EPS System\" \/>\n<meta property=\"article:modified_time\" content=\"2020-11-20T12:54:11+00:00\" \/>\n<meta name=\"twitter:card\" content=\"summary\" \/>\n<meta name=\"twitter:label1\" content=\"Est. reading time\" \/>\n\t<meta name=\"twitter:data1\" content=\"3 minutes\" \/>\n<script type=\"application\/ld+json\" class=\"yoast-schema-graph\">{\"@context\":\"https:\/\/schema.org\",\"@graph\":[{\"@type\":\"WebSite\",\"@id\":\"https:\/\/epssystem.pl\/#website\",\"url\":\"https:\/\/epssystem.pl\/\",\"name\":\"EPS System\",\"description\":\"Polski producent system\u00f3w zasilania gwarantowanego\",\"potentialAction\":[{\"@type\":\"SearchAction\",\"target\":{\"@type\":\"EntryPoint\",\"urlTemplate\":\"https:\/\/epssystem.pl\/?s={search_term_string}\"},\"query-input\":\"required name=search_term_string\"}],\"inLanguage\":\"uk\"},{\"@type\":\"WebPage\",\"@id\":\"https:\/\/epssystem.pl\/en\/nowa-oferta\/zasilacze-ups-bezprzerwowe\/zasilacz-ups-giotto-450-2000-va\/#webpage\",\"url\":\"https:\/\/epssystem.pl\/en\/nowa-oferta\/zasilacze-ups-bezprzerwowe\/zasilacz-ups-giotto-450-2000-va\/\",\"name\":\"Zasilacz UPS 450 - 2000 VA - Giotto | Eps system\",\"isPartOf\":{\"@id\":\"https:\/\/epssystem.pl\/#website\"},\"datePublished\":\"2016-07-28T12:31:06+00:00\",\"dateModified\":\"2020-11-20T12:54:11+00:00\",\"description\":\"Zasilacz awaryjny GIOTTO - niewielkie urz\u0105dzenie o du\u017cej mocy. Dla komputer\u00f3w i urz\u0105dze\u0144 peryferyjnych. Idealny do domu i ma\u0142ego biura. \u27a3 Sprawd\u017a!\",\"breadcrumb\":{\"@id\":\"https:\/\/epssystem.pl\/en\/nowa-oferta\/zasilacze-ups-bezprzerwowe\/zasilacz-ups-giotto-450-2000-va\/#breadcrumb\"},\"inLanguage\":\"uk\",\"potentialAction\":[{\"@type\":\"ReadAction\",\"target\":[\"https:\/\/epssystem.pl\/en\/nowa-oferta\/zasilacze-ups-bezprzerwowe\/zasilacz-ups-giotto-450-2000-va\/\"]}]},{\"@type\":\"BreadcrumbList\",\"@id\":\"https:\/\/epssystem.pl\/en\/nowa-oferta\/zasilacze-ups-bezprzerwowe\/zasilacz-ups-giotto-450-2000-va\/#breadcrumb\",\"itemListElement\":[{\"@type\":\"ListItem\",\"position\":1,\"name\":\"Strona g\u0142\u00f3wna\",\"item\":\"https:\/\/epssystem.pl\/\"},{\"@type\":\"ListItem\",\"position\":2,\"name\":\"Oferta\",\"item\":\"https:\/\/epssystem.pl\/nowa-oferta\/\"},{\"@type\":\"ListItem\",\"position\":3,\"name\":\"Zasilacze awaryjne UPS\",\"item\":\"https:\/\/epssystem.pl\/nowa-oferta\/zasilacze-ups-bezprzerwowe\/\"},{\"@type\":\"ListItem\",\"position\":4,\"name\":\"GIOTTO 450-2000 VA\"}]}]}<\/script>\n<!-- \/ Yoast SEO plugin. -->","yoast_head_json":{"title":"Zasilacz UPS 450 - 2000 VA - Giotto | Eps system","description":"Zasilacz awaryjny GIOTTO - niewielkie urz\u0105dzenie o du\u017cej mocy. Dla komputer\u00f3w i urz\u0105dze\u0144 peryferyjnych. Idealny do domu i ma\u0142ego biura. \u27a3 Sprawd\u017a!","robots":{"index":"index","follow":"follow","max-snippet":"max-snippet:-1","max-image-preview":"max-image-preview:large","max-video-preview":"max-video-preview:-1"},"canonical":"https:\/\/epssystem.pl\/en\/nowa-oferta\/zasilacze-ups-bezprzerwowe\/zasilacz-ups-giotto-450-2000-va\/","og_locale":"uk_UA","og_type":"article","og_title":"Zasilacz UPS 450 - 2000 VA - Giotto | Eps system","og_description":"Zasilacz awaryjny GIOTTO - niewielkie urz\u0105dzenie o du\u017cej mocy. Dla komputer\u00f3w i urz\u0105dze\u0144 peryferyjnych. Idealny do domu i ma\u0142ego biura. \u27a3 Sprawd\u017a!","og_url":"https:\/\/epssystem.pl\/en\/nowa-oferta\/zasilacze-ups-bezprzerwowe\/zasilacz-ups-giotto-450-2000-va\/","og_site_name":"EPS System","article_modified_time":"2020-11-20T12:54:11+00:00","twitter_card":"summary","twitter_misc":{"Est. reading time":"3 minutes"},"schema":{"@context":"https:\/\/schema.org","@graph":[{"@type":"WebSite","@id":"https:\/\/epssystem.pl\/#website","url":"https:\/\/epssystem.pl\/","name":"EPS System","description":"Polski producent system\u00f3w zasilania gwarantowanego","potentialAction":[{"@type":"SearchAction","target":{"@type":"EntryPoint","urlTemplate":"https:\/\/epssystem.pl\/?s={search_term_string}"},"query-input":"required name=search_term_string"}],"inLanguage":"uk"},{"@type":"WebPage","@id":"https:\/\/epssystem.pl\/en\/nowa-oferta\/zasilacze-ups-bezprzerwowe\/zasilacz-ups-giotto-450-2000-va\/#webpage","url":"https:\/\/epssystem.pl\/en\/nowa-oferta\/zasilacze-ups-bezprzerwowe\/zasilacz-ups-giotto-450-2000-va\/","name":"Zasilacz UPS 450 - 2000 VA - Giotto | Eps system","isPartOf":{"@id":"https:\/\/epssystem.pl\/#website"},"datePublished":"2016-07-28T12:31:06+00:00","dateModified":"2020-11-20T12:54:11+00:00","description":"Zasilacz awaryjny GIOTTO - niewielkie urz\u0105dzenie o du\u017cej mocy. Dla komputer\u00f3w i urz\u0105dze\u0144 peryferyjnych. Idealny do domu i ma\u0142ego biura. \u27a3 Sprawd\u017a!","breadcrumb":{"@id":"https:\/\/epssystem.pl\/en\/nowa-oferta\/zasilacze-ups-bezprzerwowe\/zasilacz-ups-giotto-450-2000-va\/#breadcrumb"},"inLanguage":"uk","potentialAction":[{"@type":"ReadAction","target":["https:\/\/epssystem.pl\/en\/nowa-oferta\/zasilacze-ups-bezprzerwowe\/zasilacz-ups-giotto-450-2000-va\/"]}]},{"@type":"BreadcrumbList","@id":"https:\/\/epssystem.pl\/en\/nowa-oferta\/zasilacze-ups-bezprzerwowe\/zasilacz-ups-giotto-450-2000-va\/#breadcrumb","itemListElement":[{"@type":"ListItem","position":1,"name":"Strona g\u0142\u00f3wna","item":"https:\/\/epssystem.pl\/"},{"@type":"ListItem","position":2,"name":"Oferta","item":"https:\/\/epssystem.pl\/nowa-oferta\/"},{"@type":"ListItem","position":3,"name":"Zasilacze awaryjne UPS","item":"https:\/\/epssystem.pl\/nowa-oferta\/zasilacze-ups-bezprzerwowe\/"},{"@type":"ListItem","position":4,"name":"GIOTTO 450-2000 VA"}]}]}},"_links":{"self":[{"href":"https:\/\/epssystem.pl\/uk\/wp-json\/wp\/v2\/pages\/71474"}],"collection":[{"href":"https:\/\/epssystem.pl\/uk\/wp-json\/wp\/v2\/pages"}],"about":[{"href":"https:\/\/epssystem.pl\/uk\/wp-json\/wp\/v2\/types\/page"}],"author":[{"embeddable":true,"href":"https:\/\/epssystem.pl\/uk\/wp-json\/wp\/v2\/users\/3"}],"replies":[{"embeddable":true,"href":"https:\/\/epssystem.pl\/uk\/wp-json\/wp\/v2\/comments?post=71474"}],"version-history":[{"count":1,"href":"https:\/\/epssystem.pl\/uk\/wp-json\/wp\/v2\/pages\/71474\/revisions"}],"predecessor-version":[{"id":73566,"href":"https:\/\/epssystem.pl\/uk\/wp-json\/wp\/v2\/pages\/71474\/revisions\/73566"}],"up":[{"embeddable":true,"href":"https:\/\/epssystem.pl\/uk\/wp-json\/wp\/v2\/pages\/71061"}],"wp:attachment":[{"href":"https:\/\/epssystem.pl\/uk\/wp-json\/wp\/v2\/media?parent=71474"}],"curies":[{"name":"wp","href":"https:\/\/api.w.org\/{rel}","templated":true}]}}