{"id":71636,"date":"2016-08-10T09:13:00","date_gmt":"2016-08-10T09:13:00","guid":{"rendered":"http:\/\/epssystem.pl\/?page_id=71636"},"modified":"2020-11-20T09:11:54","modified_gmt":"2020-11-20T09:11:54","slug":"uslugi-serwisowe","status":"publish","type":"page","link":"https:\/\/epssystem.pl\/uk\/nowa-oferta\/uslugi\/uslugi-serwisowe\/","title":{"rendered":"\u0422\u0435\u0445\u043d\u0456\u0447\u043d\u0435 \u043e\u0431\u0441\u043b\u0443\u0433\u043e\u0432\u0443\u0432\u0430\u043d\u043d\u044f"},"content":{"rendered":"<p><img loading=\"lazy\" width=\"797\" height=\"194\" class=\"aligncenter size-full wp-image-72221\" src=\"http:\/\/epssystem.pl\/wp-content\/uploads\/2016\/08\/agregaty-pr\u0105dotw\u00f3rcze-serwis-agregat\u00f3w-eps-system.png\" alt=\"agregaty pr\u0105dotw\u00f3rcze serwis agregat\u00f3w eps system\" srcset=\"https:\/\/epssystem.pl\/wp-content\/uploads\/2016\/08\/agregaty-pr\u0105dotw\u00f3rcze-serwis-agregat\u00f3w-eps-system.png 797w, https:\/\/epssystem.pl\/wp-content\/uploads\/2016\/08\/agregaty-pr\u0105dotw\u00f3rcze-serwis-agregat\u00f3w-eps-system-300x73.png 300w, https:\/\/epssystem.pl\/wp-content\/uploads\/2016\/08\/agregaty-pr\u0105dotw\u00f3rcze-serwis-agregat\u00f3w-eps-system-768x187.png 768w\" sizes=\"(max-width: 797px) 100vw, 797px\" \/><\/p>\n<p>\u041d\u0430\u0448 \u0441\u043f\u0435\u043a\u0442\u0440 \u043f\u043e\u0441\u043b\u0443\u0433 \u0432\u043a\u043b\u044e\u0447\u0430\u0454 \u0432 \u0441\u0435\u0431\u0435:<\/p>\n<ul>\n<li>\u041f\u0435\u0440\u0456\u043e\u0434\u0438\u0447\u043d\u0456 \u0442\u0435\u0445\u043d\u0456\u0447\u043d\u0456 \u043e\u0433\u043b\u044f\u0434\u0438 \u0433\u0435\u043d\u0435\u0440\u0430\u0442\u043e\u0440i\u0432, \u0433\u0430\u0440\u0430\u043d\u0442\u0456\u0439\u043di \u0456 \u043f\u0456\u0441\u043b\u044f\u0433\u0430\u0440\u0430\u043d\u0442\u0456\u0439\u043di,<\/li>\n<li>\u0442\u0435\u0445\u043d\u0456\u0447\u043d\u0456 \u043e\u0433\u043b\u044f\u0434\u0438, \u0433\u0430\u0440\u0430\u043d\u0442\u0456\u0439\u043di \u0456 \u043f\u0456\u0441\u043b\u044f\u0433\u0430\u0440\u0430\u043d\u0442\u0456\u0439\u043di \u0414\u0411\u0416<\/li>\n<li>\u041f\u043e\u0441\u0442i\u0439\u043de \u0442\u0435\u0445\u043d\u0456\u0447\u043d\u0435 \u043e\u0431\u0441\u043b\u0443\u0433\u043e\u0432\u0443\u0432\u0430\u043d\u043d\u044f, \u0443 \u0442\u043e\u043c\u0443 \u0447\u0438\u0441\u043b\u0456 \u0448\u0432\u0438\u0434\u043aa \u0434\u043e\u043f\u043e\u043c\u043e\u0433\u0430 \u0443 \u0440\u0430\u0437\u0456 \u0432\u0438\u0445\u043e\u0434\u0443 \u0437 \u043b\u0430\u0434\u0443, \u043f\u043e\u0442\u043e\u0447\u043d\u0438\u0439 \u0440\u0435\u043c\u043e\u043d\u0442, \u0443\u0441\u0443\u043d\u0435\u043d\u043d\u044f \u043d\u0435\u0441\u043f\u0440\u0430\u0432\u043d\u043e\u0441\u0442\u0435\u0439, \u0437\u0430\u043c\u0456\u043d\u0430<\/li>\n<li>\u0432\u0438\u0442\u0440\u0430\u0442\u043d\u0438\u0445 \u043c\u0430\u0442\u0435\u0440\u0456\u0430\u043b\u0456\u0432, \u043c\u043e\u0434\u0435\u0440\u043d\u0456\u0437\u0430\u0446\u0456\u044f \u0441\u0438\u0441\u0442\u0435\u043c \u0430\u0432\u0430\u0440\u0456\u0439\u043d\u043e\u0433\u043e \u0436\u0438\u0432\u043b\u0435\u043d\u043d\u044f, \u0449\u043e \u0441\u043a\u043b\u0430\u0434\u0430\u044e\u0442\u044c\u0441\u044f \u0437 \u0433\u0435\u043d\u0435\u0440\u0430\u0442\u043e\u0440\u043d\u0438\u0445 \u0430\u0433\u0440\u0435\u0433\u0430\u0442\u0456\u0432 \u043e\u0431\u043b\u0430\u0434\u043d\u0430\u043d\u0438\u0445 \u0441\u0438\u0441\u0442\u0435\u043c\u0430\u043c\u0438 \u0430\u0432\u0442\u043e\u043c\u0430\u0442\u0438\u0447\u043d\u043e\u0433\u043e \u0437\u0430\u043f\u0443\u0441\u043a\u0443 \u0456 \u0441\u0438\u0441\u0442\u0435\u043c \u0432\u0432\u0456\u0434\u043d\u043e-\u0440\u043e\u0437\u043f\u043e\u0434\u0456\u043b\u044c\u0447\u0438\u0445 \u043f\u0440\u0438\u0441\u0442\u0440\u043e\u0457\u0432 \u0434\u043b\u044f \u0430\u0432\u0442\u043e\u043c\u0430\u0442\u0438\u0447\u043d\u043e\u0433\u043e \u043f\u043e\u043b\u043e\u0436\u0435\u043d\u043d\u044f \u043f\u0435\u0440\u0435\u043c\u0438\u043a\u0430\u043d\u043d\u044f.<\/li>\n<li>\u0422\u0435\u0445\u043d\u0456\u0447\u043d\u0435 \u043e\u0431\u0441\u043b\u0443\u0433\u043e\u0432\u0443\u0432\u0430\u043d\u043d\u044f \u0437\u0434\u0456\u0439\u0441\u043d\u044e\u0454\u0442\u044c\u0441\u044f \u0432 \u0440\u0430\u043c\u043a\u0430\u0445 \u0434\u043e\u0432\u0433\u043e\u0441\u0442\u0440\u043e\u043a\u043e\u0432\u0438\u0445 \u043a\u043e\u043d\u0442\u0440\u0430\u043a\u0442\u0456\u0432, \u0430 \u0442\u0430\u043a\u043e\u0436 \u043e\u0434\u043d\u043e\u0440\u0430\u0437\u043e\u0432\u043e\u0433\u043e \u0437\u0430\u043c\u043e\u0432\u043b\u0435\u043d\u043d\u044f.<\/li>\n<li>\u041c\u0438 \u043c\u0430\u0454\u043c\u043e \u0434\u043e\u0441\u0432\u0456\u0434 \u0456 \u043d\u0435\u043e\u0431\u0445\u0456\u0434\u043d\u0435 \u043e\u0431\u043b\u0430\u0434\u043d\u0430\u043d\u043d\u044f \u0434\u043b\u044f \u0432\u0438\u043a\u043e\u043d\u0430\u043d\u043d\u044f \u0441\u0435\u0440\u0432\u0456\u0441\u043d\u0438\u0445 \u0440\u043e\u0431\u0456\u0442.<\/li>\n<\/ul>\n<p>\u041c\u0438 \u043c\u0430\u0454\u043c\u043e \u0434\u043e\u0441\u0442\u0443\u043f \u0434\u043e \u0448\u0438\u0440\u043e\u043a\u043e\u0433\u043e \u0441\u043f\u0435\u043a\u0442\u0440\u0443 \u0437\u0430\u043f\u0430\u0441\u043d\u0438\u0445 \u0447\u0430\u0441\u0442\u0438\u043d \u0456 \u0432\u0438\u0442\u0440\u0430\u0442\u043d\u0438\u0445 \u043c\u0430\u0442\u0435\u0440\u0456\u0430\u043b\u0456\u0432 \u0437\u0430 \u0434\u0443\u0436\u0435 \u0445\u043e\u0440\u043e\u0448\u0438\u043c\u0438 \u0446\u0456\u043d\u0430\u043c\u0438.<\/p>\n","protected":false},"excerpt":{"rendered":"<p>\u041d\u0430\u0448 \u0441\u043f\u0435\u043a\u0442\u0440 \u043f\u043e\u0441\u043b\u0443\u0433 \u0432\u043a\u043b\u044e\u0447\u0430\u0454 \u0432 \u0441\u0435\u0431\u0435: \u041f\u0435\u0440\u0456\u043e\u0434\u0438\u0447\u043d\u0456 \u0442\u0435\u0445\u043d\u0456\u0447\u043d\u0456 \u043e\u0433\u043b\u044f\u0434\u0438 \u0433\u0435\u043d\u0435\u0440\u0430\u0442\u043e\u0440i\u0432, \u0433\u0430\u0440\u0430\u043d\u0442\u0456\u0439\u043di \u0456 \u043f\u0456\u0441\u043b\u044f\u0433\u0430\u0440\u0430\u043d\u0442\u0456\u0439\u043di, \u0442\u0435\u0445\u043d\u0456\u0447\u043d\u0456 \u043e\u0433\u043b\u044f\u0434\u0438, \u0433\u0430\u0440\u0430\u043d\u0442\u0456\u0439\u043di \u0456 \u043f\u0456\u0441\u043b\u044f\u0433\u0430\u0440\u0430\u043d\u0442\u0456\u0439\u043di \u0414\u0411\u0416 \u041f\u043e\u0441\u0442i\u0439\u043de \u0442\u0435\u0445\u043d\u0456\u0447\u043d\u0435 \u043e\u0431\u0441\u043b\u0443\u0433\u043e\u0432\u0443\u0432\u0430\u043d\u043d\u044f, \u0443 \u0442\u043e\u043c\u0443 \u0447\u0438\u0441\u043b\u0456 \u0448\u0432\u0438\u0434\u043aa \u0434\u043e\u043f\u043e\u043c\u043e\u0433\u0430 \u0443 \u0440\u0430\u0437\u0456 \u0432\u0438\u0445\u043e\u0434\u0443 \u0437 \u043b\u0430\u0434\u0443, \u043f\u043e\u0442\u043e\u0447\u043d\u0438\u0439 \u0440\u0435\u043c\u043e\u043d\u0442, \u0443\u0441\u0443\u043d\u0435\u043d\u043d\u044f \u043d\u0435\u0441\u043f\u0440\u0430\u0432\u043d\u043e\u0441\u0442\u0435\u0439, \u0437\u0430\u043c\u0456\u043d\u0430 \u0432\u0438\u0442\u0440\u0430\u0442\u043d\u0438\u0445 \u043c\u0430\u0442\u0435\u0440\u0456\u0430\u043b\u0456\u0432, \u043c\u043e\u0434\u0435\u0440\u043d\u0456\u0437\u0430\u0446\u0456\u044f \u0441\u0438\u0441\u0442\u0435\u043c \u0430\u0432\u0430\u0440\u0456\u0439\u043d\u043e\u0433\u043e \u0436\u0438\u0432\u043b\u0435\u043d\u043d\u044f, \u0449\u043e \u0441\u043a\u043b\u0430\u0434\u0430\u044e\u0442\u044c\u0441\u044f \u0437 \u0433\u0435\u043d\u0435\u0440\u0430\u0442\u043e\u0440\u043d\u0438\u0445 \u0430\u0433\u0440\u0435\u0433\u0430\u0442\u0456\u0432 \u043e\u0431\u043b\u0430\u0434\u043d\u0430\u043d\u0438\u0445 \u0441\u0438\u0441\u0442\u0435\u043c\u0430\u043c\u0438 \u0430\u0432\u0442\u043e\u043c\u0430\u0442\u0438\u0447\u043d\u043e\u0433\u043e \u0437\u0430\u043f\u0443\u0441\u043a\u0443 \u0456 \u0441\u0438\u0441\u0442\u0435\u043c \u0432\u0432\u0456\u0434\u043d\u043e-\u0440\u043e\u0437\u043f\u043e\u0434\u0456\u043b\u044c\u0447\u0438\u0445 [&hellip;]<\/p>\n","protected":false},"author":3,"featured_media":0,"parent":71634,"menu_order":0,"comment_status":"closed","ping_status":"closed","template":"","meta":[],"acf":[],"yoast_head":"<!-- This site is optimized with the Yoast SEO plugin v18.2 - https:\/\/yoast.com\/wordpress\/plugins\/seo\/ -->\n<title>Us\u0142ugi serwisowe - EPS System<\/title>\n<meta name=\"robots\" content=\"index, follow, max-snippet:-1, max-image-preview:large, max-video-preview:-1\" \/>\n<link rel=\"canonical\" href=\"https:\/\/epssystem.pl\/nowa-oferta\/uslugi\/uslugi-serwisowe\/\" \/>\n<meta property=\"og:locale\" content=\"uk_UA\" \/>\n<meta property=\"og:type\" content=\"article\" \/>\n<meta property=\"og:title\" content=\"Us\u0142ugi serwisowe - EPS System\" \/>\n<meta property=\"og:description\" content=\"\u041d\u0430\u0448 \u0441\u043f\u0435\u043a\u0442\u0440 \u043f\u043e\u0441\u043b\u0443\u0433 \u0432\u043a\u043b\u044e\u0447\u0430\u0454 \u0432 \u0441\u0435\u0431\u0435: \u041f\u0435\u0440\u0456\u043e\u0434\u0438\u0447\u043d\u0456 \u0442\u0435\u0445\u043d\u0456\u0447\u043d\u0456 \u043e\u0433\u043b\u044f\u0434\u0438 \u0433\u0435\u043d\u0435\u0440\u0430\u0442\u043e\u0440i\u0432, \u0433\u0430\u0440\u0430\u043d\u0442\u0456\u0439\u043di \u0456 \u043f\u0456\u0441\u043b\u044f\u0433\u0430\u0440\u0430\u043d\u0442\u0456\u0439\u043di, \u0442\u0435\u0445\u043d\u0456\u0447\u043d\u0456 \u043e\u0433\u043b\u044f\u0434\u0438, \u0433\u0430\u0440\u0430\u043d\u0442\u0456\u0439\u043di \u0456 \u043f\u0456\u0441\u043b\u044f\u0433\u0430\u0440\u0430\u043d\u0442\u0456\u0439\u043di \u0414\u0411\u0416 \u041f\u043e\u0441\u0442i\u0439\u043de \u0442\u0435\u0445\u043d\u0456\u0447\u043d\u0435 \u043e\u0431\u0441\u043b\u0443\u0433\u043e\u0432\u0443\u0432\u0430\u043d\u043d\u044f, \u0443 \u0442\u043e\u043c\u0443 \u0447\u0438\u0441\u043b\u0456 \u0448\u0432\u0438\u0434\u043aa \u0434\u043e\u043f\u043e\u043c\u043e\u0433\u0430 \u0443 \u0440\u0430\u0437\u0456 \u0432\u0438\u0445\u043e\u0434\u0443 \u0437 \u043b\u0430\u0434\u0443, \u043f\u043e\u0442\u043e\u0447\u043d\u0438\u0439 \u0440\u0435\u043c\u043e\u043d\u0442, \u0443\u0441\u0443\u043d\u0435\u043d\u043d\u044f \u043d\u0435\u0441\u043f\u0440\u0430\u0432\u043d\u043e\u0441\u0442\u0435\u0439, \u0437\u0430\u043c\u0456\u043d\u0430 \u0432\u0438\u0442\u0440\u0430\u0442\u043d\u0438\u0445 \u043c\u0430\u0442\u0435\u0440\u0456\u0430\u043b\u0456\u0432, \u043c\u043e\u0434\u0435\u0440\u043d\u0456\u0437\u0430\u0446\u0456\u044f \u0441\u0438\u0441\u0442\u0435\u043c \u0430\u0432\u0430\u0440\u0456\u0439\u043d\u043e\u0433\u043e \u0436\u0438\u0432\u043b\u0435\u043d\u043d\u044f, \u0449\u043e \u0441\u043a\u043b\u0430\u0434\u0430\u044e\u0442\u044c\u0441\u044f \u0437 \u0433\u0435\u043d\u0435\u0440\u0430\u0442\u043e\u0440\u043d\u0438\u0445 \u0430\u0433\u0440\u0435\u0433\u0430\u0442\u0456\u0432 \u043e\u0431\u043b\u0430\u0434\u043d\u0430\u043d\u0438\u0445 \u0441\u0438\u0441\u0442\u0435\u043c\u0430\u043c\u0438 \u0430\u0432\u0442\u043e\u043c\u0430\u0442\u0438\u0447\u043d\u043e\u0433\u043e \u0437\u0430\u043f\u0443\u0441\u043a\u0443 \u0456 \u0441\u0438\u0441\u0442\u0435\u043c \u0432\u0432\u0456\u0434\u043d\u043e-\u0440\u043e\u0437\u043f\u043e\u0434\u0456\u043b\u044c\u0447\u0438\u0445 [&hellip;]\" \/>\n<meta property=\"og:url\" content=\"https:\/\/epssystem.pl\/nowa-oferta\/uslugi\/uslugi-serwisowe\/\" \/>\n<meta property=\"og:site_name\" content=\"EPS System\" \/>\n<meta property=\"article:modified_time\" content=\"2020-11-20T09:11:54+00:00\" \/>\n<meta property=\"og:image\" content=\"http:\/\/epssystem.pl\/wp-content\/uploads\/2016\/08\/agregaty-pr\u0105dotw\u00f3rcze-serwis-agregat\u00f3w-eps-system.png\" \/>\n<meta name=\"twitter:card\" content=\"summary\" \/>\n<meta name=\"twitter:label1\" content=\"Est. reading time\" \/>\n\t<meta name=\"twitter:data1\" content=\"1 minute\" \/>\n<script type=\"application\/ld+json\" class=\"yoast-schema-graph\">{\"@context\":\"https:\/\/schema.org\",\"@graph\":[{\"@type\":\"WebSite\",\"@id\":\"https:\/\/epssystem.pl\/#website\",\"url\":\"https:\/\/epssystem.pl\/\",\"name\":\"EPS System\",\"description\":\"Polski producent system\u00f3w zasilania gwarantowanego\",\"potentialAction\":[{\"@type\":\"SearchAction\",\"target\":{\"@type\":\"EntryPoint\",\"urlTemplate\":\"https:\/\/epssystem.pl\/?s={search_term_string}\"},\"query-input\":\"required name=search_term_string\"}],\"inLanguage\":\"uk\"},{\"@type\":\"ImageObject\",\"@id\":\"https:\/\/epssystem.pl\/nowa-oferta\/uslugi\/uslugi-serwisowe\/#primaryimage\",\"inLanguage\":\"uk\",\"url\":\"http:\/\/epssystem.pl\/wp-content\/uploads\/2016\/08\/agregaty-pr\u0105dotw\u00f3rcze-serwis-agregat\u00f3w-eps-system.png\",\"contentUrl\":\"http:\/\/epssystem.pl\/wp-content\/uploads\/2016\/08\/agregaty-pr\u0105dotw\u00f3rcze-serwis-agregat\u00f3w-eps-system.png\"},{\"@type\":\"WebPage\",\"@id\":\"https:\/\/epssystem.pl\/nowa-oferta\/uslugi\/uslugi-serwisowe\/#webpage\",\"url\":\"https:\/\/epssystem.pl\/nowa-oferta\/uslugi\/uslugi-serwisowe\/\",\"name\":\"Us\u0142ugi serwisowe - EPS System\",\"isPartOf\":{\"@id\":\"https:\/\/epssystem.pl\/#website\"},\"primaryImageOfPage\":{\"@id\":\"https:\/\/epssystem.pl\/nowa-oferta\/uslugi\/uslugi-serwisowe\/#primaryimage\"},\"datePublished\":\"2016-08-10T09:13:00+00:00\",\"dateModified\":\"2020-11-20T09:11:54+00:00\",\"breadcrumb\":{\"@id\":\"https:\/\/epssystem.pl\/nowa-oferta\/uslugi\/uslugi-serwisowe\/#breadcrumb\"},\"inLanguage\":\"uk\",\"potentialAction\":[{\"@type\":\"ReadAction\",\"target\":[\"https:\/\/epssystem.pl\/nowa-oferta\/uslugi\/uslugi-serwisowe\/\"]}]},{\"@type\":\"BreadcrumbList\",\"@id\":\"https:\/\/epssystem.pl\/nowa-oferta\/uslugi\/uslugi-serwisowe\/#breadcrumb\",\"itemListElement\":[{\"@type\":\"ListItem\",\"position\":1,\"name\":\"Strona g\u0142\u00f3wna\",\"item\":\"https:\/\/epssystem.pl\/\"},{\"@type\":\"ListItem\",\"position\":2,\"name\":\"Oferta\",\"item\":\"https:\/\/epssystem.pl\/nowa-oferta\/\"},{\"@type\":\"ListItem\",\"position\":3,\"name\":\"Us\u0142ugi\",\"item\":\"https:\/\/epssystem.pl\/nowa-oferta\/uslugi\/\"},{\"@type\":\"ListItem\",\"position\":4,\"name\":\"Us\u0142ugi serwisowe\"}]}]}<\/script>\n<!-- \/ Yoast SEO plugin. -->","yoast_head_json":{"title":"Us\u0142ugi serwisowe - EPS System","robots":{"index":"index","follow":"follow","max-snippet":"max-snippet:-1","max-image-preview":"max-image-preview:large","max-video-preview":"max-video-preview:-1"},"canonical":"https:\/\/epssystem.pl\/nowa-oferta\/uslugi\/uslugi-serwisowe\/","og_locale":"uk_UA","og_type":"article","og_title":"Us\u0142ugi serwisowe - EPS System","og_description":"\u041d\u0430\u0448 \u0441\u043f\u0435\u043a\u0442\u0440 \u043f\u043e\u0441\u043b\u0443\u0433 \u0432\u043a\u043b\u044e\u0447\u0430\u0454 \u0432 \u0441\u0435\u0431\u0435: \u041f\u0435\u0440\u0456\u043e\u0434\u0438\u0447\u043d\u0456 \u0442\u0435\u0445\u043d\u0456\u0447\u043d\u0456 \u043e\u0433\u043b\u044f\u0434\u0438 \u0433\u0435\u043d\u0435\u0440\u0430\u0442\u043e\u0440i\u0432, \u0433\u0430\u0440\u0430\u043d\u0442\u0456\u0439\u043di \u0456 \u043f\u0456\u0441\u043b\u044f\u0433\u0430\u0440\u0430\u043d\u0442\u0456\u0439\u043di, \u0442\u0435\u0445\u043d\u0456\u0447\u043d\u0456 \u043e\u0433\u043b\u044f\u0434\u0438, \u0433\u0430\u0440\u0430\u043d\u0442\u0456\u0439\u043di \u0456 \u043f\u0456\u0441\u043b\u044f\u0433\u0430\u0440\u0430\u043d\u0442\u0456\u0439\u043di \u0414\u0411\u0416 \u041f\u043e\u0441\u0442i\u0439\u043de \u0442\u0435\u0445\u043d\u0456\u0447\u043d\u0435 \u043e\u0431\u0441\u043b\u0443\u0433\u043e\u0432\u0443\u0432\u0430\u043d\u043d\u044f, \u0443 \u0442\u043e\u043c\u0443 \u0447\u0438\u0441\u043b\u0456 \u0448\u0432\u0438\u0434\u043aa \u0434\u043e\u043f\u043e\u043c\u043e\u0433\u0430 \u0443 \u0440\u0430\u0437\u0456 \u0432\u0438\u0445\u043e\u0434\u0443 \u0437 \u043b\u0430\u0434\u0443, \u043f\u043e\u0442\u043e\u0447\u043d\u0438\u0439 \u0440\u0435\u043c\u043e\u043d\u0442, \u0443\u0441\u0443\u043d\u0435\u043d\u043d\u044f \u043d\u0435\u0441\u043f\u0440\u0430\u0432\u043d\u043e\u0441\u0442\u0435\u0439, \u0437\u0430\u043c\u0456\u043d\u0430 \u0432\u0438\u0442\u0440\u0430\u0442\u043d\u0438\u0445 \u043c\u0430\u0442\u0435\u0440\u0456\u0430\u043b\u0456\u0432, \u043c\u043e\u0434\u0435\u0440\u043d\u0456\u0437\u0430\u0446\u0456\u044f \u0441\u0438\u0441\u0442\u0435\u043c \u0430\u0432\u0430\u0440\u0456\u0439\u043d\u043e\u0433\u043e \u0436\u0438\u0432\u043b\u0435\u043d\u043d\u044f, \u0449\u043e \u0441\u043a\u043b\u0430\u0434\u0430\u044e\u0442\u044c\u0441\u044f \u0437 \u0433\u0435\u043d\u0435\u0440\u0430\u0442\u043e\u0440\u043d\u0438\u0445 \u0430\u0433\u0440\u0435\u0433\u0430\u0442\u0456\u0432 \u043e\u0431\u043b\u0430\u0434\u043d\u0430\u043d\u0438\u0445 \u0441\u0438\u0441\u0442\u0435\u043c\u0430\u043c\u0438 \u0430\u0432\u0442\u043e\u043c\u0430\u0442\u0438\u0447\u043d\u043e\u0433\u043e \u0437\u0430\u043f\u0443\u0441\u043a\u0443 \u0456 \u0441\u0438\u0441\u0442\u0435\u043c \u0432\u0432\u0456\u0434\u043d\u043e-\u0440\u043e\u0437\u043f\u043e\u0434\u0456\u043b\u044c\u0447\u0438\u0445 [&hellip;]","og_url":"https:\/\/epssystem.pl\/nowa-oferta\/uslugi\/uslugi-serwisowe\/","og_site_name":"EPS System","article_modified_time":"2020-11-20T09:11:54+00:00","og_image":[{"url":"http:\/\/epssystem.pl\/wp-content\/uploads\/2016\/08\/agregaty-pr\u0105dotw\u00f3rcze-serwis-agregat\u00f3w-eps-system.png"}],"twitter_card":"summary","twitter_misc":{"Est. reading time":"1 minute"},"schema":{"@context":"https:\/\/schema.org","@graph":[{"@type":"WebSite","@id":"https:\/\/epssystem.pl\/#website","url":"https:\/\/epssystem.pl\/","name":"EPS System","description":"Polski producent system\u00f3w zasilania gwarantowanego","potentialAction":[{"@type":"SearchAction","target":{"@type":"EntryPoint","urlTemplate":"https:\/\/epssystem.pl\/?s={search_term_string}"},"query-input":"required name=search_term_string"}],"inLanguage":"uk"},{"@type":"ImageObject","@id":"https:\/\/epssystem.pl\/nowa-oferta\/uslugi\/uslugi-serwisowe\/#primaryimage","inLanguage":"uk","url":"http:\/\/epssystem.pl\/wp-content\/uploads\/2016\/08\/agregaty-pr\u0105dotw\u00f3rcze-serwis-agregat\u00f3w-eps-system.png","contentUrl":"http:\/\/epssystem.pl\/wp-content\/uploads\/2016\/08\/agregaty-pr\u0105dotw\u00f3rcze-serwis-agregat\u00f3w-eps-system.png"},{"@type":"WebPage","@id":"https:\/\/epssystem.pl\/nowa-oferta\/uslugi\/uslugi-serwisowe\/#webpage","url":"https:\/\/epssystem.pl\/nowa-oferta\/uslugi\/uslugi-serwisowe\/","name":"Us\u0142ugi serwisowe - EPS System","isPartOf":{"@id":"https:\/\/epssystem.pl\/#website"},"primaryImageOfPage":{"@id":"https:\/\/epssystem.pl\/nowa-oferta\/uslugi\/uslugi-serwisowe\/#primaryimage"},"datePublished":"2016-08-10T09:13:00+00:00","dateModified":"2020-11-20T09:11:54+00:00","breadcrumb":{"@id":"https:\/\/epssystem.pl\/nowa-oferta\/uslugi\/uslugi-serwisowe\/#breadcrumb"},"inLanguage":"uk","potentialAction":[{"@type":"ReadAction","target":["https:\/\/epssystem.pl\/nowa-oferta\/uslugi\/uslugi-serwisowe\/"]}]},{"@type":"BreadcrumbList","@id":"https:\/\/epssystem.pl\/nowa-oferta\/uslugi\/uslugi-serwisowe\/#breadcrumb","itemListElement":[{"@type":"ListItem","position":1,"name":"Strona g\u0142\u00f3wna","item":"https:\/\/epssystem.pl\/"},{"@type":"ListItem","position":2,"name":"Oferta","item":"https:\/\/epssystem.pl\/nowa-oferta\/"},{"@type":"ListItem","position":3,"name":"Us\u0142ugi","item":"https:\/\/epssystem.pl\/nowa-oferta\/uslugi\/"},{"@type":"ListItem","position":4,"name":"Us\u0142ugi serwisowe"}]}]}},"_links":{"self":[{"href":"https:\/\/epssystem.pl\/uk\/wp-json\/wp\/v2\/pages\/71636"}],"collection":[{"href":"https:\/\/epssystem.pl\/uk\/wp-json\/wp\/v2\/pages"}],"about":[{"href":"https:\/\/epssystem.pl\/uk\/wp-json\/wp\/v2\/types\/page"}],"author":[{"embeddable":true,"href":"https:\/\/epssystem.pl\/uk\/wp-json\/wp\/v2\/users\/3"}],"replies":[{"embeddable":true,"href":"https:\/\/epssystem.pl\/uk\/wp-json\/wp\/v2\/comments?post=71636"}],"version-history":[{"count":2,"href":"https:\/\/epssystem.pl\/uk\/wp-json\/wp\/v2\/pages\/71636\/revisions"}],"predecessor-version":[{"id":73538,"href":"https:\/\/epssystem.pl\/uk\/wp-json\/wp\/v2\/pages\/71636\/revisions\/73538"}],"up":[{"embeddable":true,"href":"https:\/\/epssystem.pl\/uk\/wp-json\/wp\/v2\/pages\/71634"}],"wp:attachment":[{"href":"https:\/\/epssystem.pl\/uk\/wp-json\/wp\/v2\/media?parent=71636"}],"curies":[{"name":"wp","href":"https:\/\/api.w.org\/{rel}","templated":true}]}}