{"id":71638,"date":"2016-08-10T09:13:45","date_gmt":"2016-08-10T09:13:45","guid":{"rendered":"http:\/\/epssystem.pl\/?page_id=71638"},"modified":"2020-11-20T09:05:21","modified_gmt":"2020-11-20T09:05:21","slug":"uslugi-montazowe","status":"publish","type":"page","link":"https:\/\/epssystem.pl\/uk\/nowa-oferta\/uslugi\/uslugi-montazowe\/","title":{"rendered":"\u041f\u043e\u0441\u043b\u0443\u0433\u0438 \u0437 \u043c\u043e\u043d\u0442\u0430\u0436\u0443"},"content":{"rendered":"<p><img loading=\"lazy\" width=\"766\" height=\"183\" class=\"aligncenter size-full wp-image-72218\" style=\"visibility: hidden; display: none;\" src=\"http:\/\/epssystem.pl\/wp-content\/uploads\/2016\/08\/agregaty-pr\u0105dotw\u00f3rcze-monta\u017c-agregat\u00f3w-eps-system.png\" alt=\"agregaty pr\u0105dotw\u00f3rcze monta\u017c agregat\u00f3w eps system\" srcset=\"https:\/\/epssystem.pl\/wp-content\/uploads\/2016\/08\/agregaty-pr\u0105dotw\u00f3rcze-monta\u017c-agregat\u00f3w-eps-system.png 766w, https:\/\/epssystem.pl\/wp-content\/uploads\/2016\/08\/agregaty-pr\u0105dotw\u00f3rcze-monta\u017c-agregat\u00f3w-eps-system-300x72.png 300w\" sizes=\"(max-width: 766px) 100vw, 766px\" \/><\/p>\n<p><img loading=\"lazy\" width=\"766\" height=\"183\" class=\"aligncenter size-full wp-image-72218\" src=\"http:\/\/epssystem.pl\/wp-content\/uploads\/2016\/08\/agregaty-pr\u0105dotw\u00f3rcze-monta\u017c-agregat\u00f3w-eps-system.png\" alt=\"agregaty pr\u0105dotw\u00f3rcze monta\u017c agregat\u00f3w eps system\" srcset=\"https:\/\/epssystem.pl\/wp-content\/uploads\/2016\/08\/agregaty-pr\u0105dotw\u00f3rcze-monta\u017c-agregat\u00f3w-eps-system.png 766w, https:\/\/epssystem.pl\/wp-content\/uploads\/2016\/08\/agregaty-pr\u0105dotw\u00f3rcze-monta\u017c-agregat\u00f3w-eps-system-300x72.png 300w\" sizes=\"(max-width: 766px) 100vw, 766px\" \/><\/p>\n<p>\u041d\u0430 \u0434\u043e\u0434\u0430\u0442\u043e\u043a \u0434\u043e \u0432\u0438\u0440\u043e\u0431\u043d\u0438\u0446\u0442\u0432\u0430 \u0442\u0430 \u043f\u043e\u0441\u0442\u0430\u0447\u0430\u043d\u043d\u044f \u043e\u0431\u043b\u0430\u0434\u043d\u0430\u043d\u043d\u044f \u0434\u043b\u044f \u0430\u0432\u0430\u0440\u0456\u0439\u043d\u043e\u0433\u043e \u0456 \u0433\u0430\u0440\u0430\u043d\u0442\u043e\u0432\u0430\u043d\u043e\u0433\u043e \u0435\u043b\u0435\u043a\u0442\u0440\u043e\u043f\u043e\u0441\u0442\u0430\u0447\u0430\u043d\u043d\u044f, \u0443 \u043d\u0430\u0441 \u0454 \u0448\u0438\u0440\u043e\u043a\u0438\u0439 \u0441\u043f\u0435\u043a\u0442\u0440 \u0441\u0443\u043f\u0443\u0442\u043d\u0456\u0445 \u043f\u043e\u0441\u043b\u0443\u0433:<\/p>\n<ul>\n<li>\u0442\u0435\u0445\u043d\u0456\u0447\u043d\u0456 \u0440\u0435\u043a\u043e\u043c\u0435\u043d\u0434\u0430\u0446\u0456\u0457 \u043f\u043e \u0432\u0438\u0431\u043e\u0440\u0443 \u043a\u043e\u043d\u043a\u0440\u0435\u0442\u043d\u043e\u0433\u043e \u0440\u0456\u0448\u0435\u043d\u043d\u044f,<\/li>\n<li>K\u043e\u043c\u043f\u043b\u0435\u043a\u0442\u0430\u0446\u0456\u044f \u043e\u0431\u043b\u0430\u0434\u043d\u0430\u043d\u043d\u044f, \u043d\u0435\u043e\u0431\u0445\u0456\u0434\u043d\u0430 \u0434\u043b\u044f \u0432\u0438\u043a\u043e\u043d\u0430\u043d\u043d\u044f \u043a\u043e\u043d\u043a\u0440\u0435\u0442\u043d\u043e\u0433\u043e \u0432\u0430\u0440\u0456\u0430\u043d\u0442\u0443 \u0441\u0438\u0441\u0442\u0435\u043c\u0438 \u0435\u043b\u0435\u043a\u0442\u0440\u043e\u0436\u0438\u0432\u043b\u0435\u043d\u043d\u044f<\/li>\n<li>\u041f\u043e\u0441\u0442\u0430\u0432\u043a\u0430 \u043e\u0431\u043b\u0430\u0434\u043d\u0430\u043d\u043d\u044f, \u0440\u043e\u0437\u0432\u0430\u043d\u0442\u0430\u0436\u0435\u043d\u043d\u044f \u0456 \u0432\u0432\u0435\u0434\u0435\u043d\u043d\u044f \u0432 \u043f\u0440\u0438\u043c\u0456\u0449\u0435\u043d\u043d\u044f, \u041f\u0456\u0434\u043a\u043b\u044e\u0447\u0435\u043d\u043d\u044f \u0434\u043e \u0435\u043b\u0435\u043a\u0442\u0440\u0438\u0447\u043d\u043e\u0457 \u043c\u0435\u0440\u0435\u0436i \u0430\u0431\u043e \u043a\u043e\u043c\u043f\u043b\u0435\u043a\u0441\u043d\u0430 \u043fi\u0434\u0433\u043e\u0442\u043e\u0432\u043aa \u0435\u043b\u0435\u043a\u0442\u0440\u0438\u0447\u043d\u043e\u0457 \u043c\u0435\u0440\u0435\u0436i,<\/li>\n<li>\u0444\u043e\u0440\u043c\u0430\u043b\u044c\u043d\u043e\u0441\u0442\u0456, \u043f\u043e\u0432&#8217;\u044f\u0437\u0430\u043d\u0456 \u0437 \u0456\u043d\u0432\u0435\u0441\u0442\u0443\u0432\u0430\u043d\u043d\u044f\u043c (\u0434\u043e\u043c\u043e\u0432\u043b\u0435\u043d\u043e\u0441\u0442\u0456 \u0437 \u043c\u0456\u0441\u0446\u0435\u0432\u0438\u043c \u0435\u043d\u0435\u0440\u0433\u0435\u0442\u0438\u0447\u043d\u0438\u043c \u0440\u0435\u0433\u0456\u043e\u043d\u043e\u043c, \u0434\u043e\u0437\u0432\u043e\u043b\u0438, \u043f\u043e\u0432\u0456\u0434\u043e\u043c\u043b\u0435\u043d\u043d\u044f \u0456 \u0442.\u0434.)<\/li>\n<li>\u0422\u0435\u0445\u043d\u0456\u0447\u043d\u0430 \u0434\u043e\u043a\u0443\u043c\u0435\u043d\u0442\u0430\u0446\u0456\u044f, \u043f\u043e\u0441\u0456\u0431\u043d\u0438\u043a \u0437 \u0435\u043a\u0441\u043f\u043b\u0443\u0430\u0442\u0430\u0446\u0456\u0457 \u0441\u043f\u0456\u0432\u0440\u043e\u0431\u0456\u0442\u043d\u0438\u0446\u0442\u0432\u0430 \u0430\u0433\u0440\u0435\u0433\u0430\u0442\u0456\u0432 \u0437 \u043c\u0435\u0440\u0435\u0436\u0435\u044e.<\/li>\n<li>\u0444\u0443\u043d\u0434\u0430\u043c\u0435\u043d\u0442\u0438, \u0432\u0435\u043d\u0442\u0438\u043b\u044f\u0446\u0456\u0439\u043d\u0456 \u0441\u0438\u0441\u0442\u0435\u043c\u0438, \u043f\u043e\u0432&#8217;\u044f\u0437\u0430\u043d\u0456 \u0437 \u043e\u0445\u043e\u043b\u043e\u0434\u0436\u0435\u043d\u043d\u044f\u043c a\u0433\u0440\u0435\u0433\u0430\u0442i\u0432<\/li>\n<li>\u0421\u0438\u0441\u0442\u0435\u043c\u0438 \u0432\u0438\u0445\u043b\u043e\u043f\u043d\u0438\u0445 \u0433\u0430\u0437\u0456\u0432 \u043e\u0434\u043d\u043e- \u0456 \u0434\u0432\u043e\u0448\u0430\u0440\u043e\u0432\u043e\u0433\u043e \u043f\u043e\u043a\u0440\u0438\u0442\u0442\u044f, \u0432\u0438\u0433\u043e\u0442\u043e\u0432\u043b\u0435\u043d\u0456 \u0437 \u0447\u043e\u0440\u043d\u0438\u0445 \u0441\u0442\u0430\u043b\u0435\u0432\u0438\u0445 \u0442\u0440\u0443\u0431 \u0430\u0431\u043e \u0441\u0438\u0441\u0442\u0435\u043c\u0438 \u0437 \u043d\u0435\u0440\u0436\u0430\u0432\u0456\u044e\u0447\u043e\u0457 \u0441\u0442\u0430\u043b\u0456, \u043f\u0430\u043b\u0438\u0432\u043d\u0456 \u0441\u0438\u0441\u0442\u0435\u043c\u0438 &#8211; \u0434\u043e\u0434\u0430\u0442\u043a\u043e\u0432\u0456 \u0440\u0435\u0437\u0435\u0440\u0432\u0443\u0430\u0440\u0438, \u0430\u0432\u0442\u043e\u043c\u0430\u0442\u0438\u0437\u0430\u0446\u0456\u044f \u0434\u043e \u0437\u0430\u043f\u0440\u0430\u0432\u043a\u0438,<\/li>\n<li>\u043d\u0430\u0441\u043e\u0441\u0438 \u0440\u0443\u0447\u043d\u0456 \u0456 \u0435\u043b\u0435\u043a\u0442\u0440\u0438\u0447\u043d\u0456, \u0456 \u0442.\u0434., \u0437\u0432\u0443\u043a\u043ei\u0437\u043e\u043b\u044f\u0446i\u044f \u0430\u0433\u0440\u0435\u0433\u0430\u0442\u043d\u043e\u0457 \u043a\u0456\u043c\u043d\u0430\u0442\u0438, \u0437\u0432\u0443\u043a\u043ei\u0437\u043e\u043b\u044f\u0446i\u044f \u0441\u0442\u0456\u043d, \u0433\u043b\u0443\u0448\u043d\u0438\u043a\u0438 \u0448\u0443\u043c\u0443 \u0432\u0445\u043e\u0434\u0443 \u0456 \u0432\u0438\u0445\u043e\u0434\u0443 \u043f\u043e\u0432i\u0442\u0440\u044f, \u043a\u043e\u043d\u0434\u0438\u0446\u0456\u043e\u043de\u0440\u0438 \u043f\u043e\u0432\u0456\u0442\u0440\u044f \u0434\u043b\u044f \u043f\u0440\u0438\u043c\u0456\u0449\u0435\u043d\u044c \u043f\u0440\u0438\u0437\u043d\u0430\u0447\u0435\u043d\u0438\u0445 \u0434\u043b\u044f \u0442\u0435\u0441\u0442\u0443\u0432\u0430\u043d\u043d\u044f \u043e\u0431\u043b\u0430\u0434\u043d\u0430\u043d\u043d\u044f \u0414\u0411\u0416 \u0437 \u0440\u0456\u0437\u043d\u0438\u043c\u0438 \u0432\u0438\u0434\u0430\u043c\u0438 \u043d\u0430\u0432\u0430\u043d\u0442\u0430\u0436\u0435\u043d\u044c.<\/li>\n<\/ul>\n<p>\u00a0<\/p>\n","protected":false},"excerpt":{"rendered":"<p>\u041d\u0430 \u0434\u043e\u0434\u0430\u0442\u043e\u043a \u0434\u043e \u0432\u0438\u0440\u043e\u0431\u043d\u0438\u0446\u0442\u0432\u0430 \u0442\u0430 \u043f\u043e\u0441\u0442\u0430\u0447\u0430\u043d\u043d\u044f \u043e\u0431\u043b\u0430\u0434\u043d\u0430\u043d\u043d\u044f \u0434\u043b\u044f \u0430\u0432\u0430\u0440\u0456\u0439\u043d\u043e\u0433\u043e \u0456 \u0433\u0430\u0440\u0430\u043d\u0442\u043e\u0432\u0430\u043d\u043e\u0433\u043e \u0435\u043b\u0435\u043a\u0442\u0440\u043e\u043f\u043e\u0441\u0442\u0430\u0447\u0430\u043d\u043d\u044f, \u0443 \u043d\u0430\u0441 \u0454 \u0448\u0438\u0440\u043e\u043a\u0438\u0439 \u0441\u043f\u0435\u043a\u0442\u0440 \u0441\u0443\u043f\u0443\u0442\u043d\u0456\u0445 \u043f\u043e\u0441\u043b\u0443\u0433: \u0442\u0435\u0445\u043d\u0456\u0447\u043d\u0456 \u0440\u0435\u043a\u043e\u043c\u0435\u043d\u0434\u0430\u0446\u0456\u0457 \u043f\u043e \u0432\u0438\u0431\u043e\u0440\u0443 \u043a\u043e\u043d\u043a\u0440\u0435\u0442\u043d\u043e\u0433\u043e \u0440\u0456\u0448\u0435\u043d\u043d\u044f, K\u043e\u043c\u043f\u043b\u0435\u043a\u0442\u0430\u0446\u0456\u044f \u043e\u0431\u043b\u0430\u0434\u043d\u0430\u043d\u043d\u044f, \u043d\u0435\u043e\u0431\u0445\u0456\u0434\u043d\u0430 \u0434\u043b\u044f \u0432\u0438\u043a\u043e\u043d\u0430\u043d\u043d\u044f \u043a\u043e\u043d\u043a\u0440\u0435\u0442\u043d\u043e\u0433\u043e \u0432\u0430\u0440\u0456\u0430\u043d\u0442\u0443 \u0441\u0438\u0441\u0442\u0435\u043c\u0438 \u0435\u043b\u0435\u043a\u0442\u0440\u043e\u0436\u0438\u0432\u043b\u0435\u043d\u043d\u044f \u041f\u043e\u0441\u0442\u0430\u0432\u043a\u0430 \u043e\u0431\u043b\u0430\u0434\u043d\u0430\u043d\u043d\u044f, \u0440\u043e\u0437\u0432\u0430\u043d\u0442\u0430\u0436\u0435\u043d\u043d\u044f \u0456 \u0432\u0432\u0435\u0434\u0435\u043d\u043d\u044f \u0432 \u043f\u0440\u0438\u043c\u0456\u0449\u0435\u043d\u043d\u044f, \u041f\u0456\u0434\u043a\u043b\u044e\u0447\u0435\u043d\u043d\u044f \u0434\u043e \u0435\u043b\u0435\u043a\u0442\u0440\u0438\u0447\u043d\u043e\u0457 \u043c\u0435\u0440\u0435\u0436i \u0430\u0431\u043e \u043a\u043e\u043c\u043f\u043b\u0435\u043a\u0441\u043d\u0430 \u043fi\u0434\u0433\u043e\u0442\u043e\u0432\u043aa \u0435\u043b\u0435\u043a\u0442\u0440\u0438\u0447\u043d\u043e\u0457 \u043c\u0435\u0440\u0435\u0436i, \u0444\u043e\u0440\u043c\u0430\u043b\u044c\u043d\u043e\u0441\u0442\u0456, \u043f\u043e\u0432&#8217;\u044f\u0437\u0430\u043d\u0456 \u0437 \u0456\u043d\u0432\u0435\u0441\u0442\u0443\u0432\u0430\u043d\u043d\u044f\u043c (\u0434\u043e\u043c\u043e\u0432\u043b\u0435\u043d\u043e\u0441\u0442\u0456 [&hellip;]<\/p>\n","protected":false},"author":3,"featured_media":0,"parent":71634,"menu_order":0,"comment_status":"closed","ping_status":"closed","template":"","meta":[],"acf":[],"yoast_head":"<!-- This site is optimized with the Yoast SEO plugin v18.2 - https:\/\/yoast.com\/wordpress\/plugins\/seo\/ -->\n<title>Us\u0142ugi monta\u017cowe - EPS System<\/title>\n<meta name=\"robots\" content=\"index, follow, max-snippet:-1, max-image-preview:large, max-video-preview:-1\" \/>\n<link rel=\"canonical\" href=\"https:\/\/epssystem.pl\/uk\/nowa-oferta\/uslugi\/uslugi-montazowe\/\" \/>\n<meta property=\"og:locale\" content=\"uk_UA\" \/>\n<meta property=\"og:type\" content=\"article\" \/>\n<meta property=\"og:title\" content=\"Us\u0142ugi monta\u017cowe - EPS System\" \/>\n<meta property=\"og:description\" content=\"\u041d\u0430 \u0434\u043e\u0434\u0430\u0442\u043e\u043a \u0434\u043e \u0432\u0438\u0440\u043e\u0431\u043d\u0438\u0446\u0442\u0432\u0430 \u0442\u0430 \u043f\u043e\u0441\u0442\u0430\u0447\u0430\u043d\u043d\u044f \u043e\u0431\u043b\u0430\u0434\u043d\u0430\u043d\u043d\u044f \u0434\u043b\u044f \u0430\u0432\u0430\u0440\u0456\u0439\u043d\u043e\u0433\u043e \u0456 \u0433\u0430\u0440\u0430\u043d\u0442\u043e\u0432\u0430\u043d\u043e\u0433\u043e \u0435\u043b\u0435\u043a\u0442\u0440\u043e\u043f\u043e\u0441\u0442\u0430\u0447\u0430\u043d\u043d\u044f, \u0443 \u043d\u0430\u0441 \u0454 \u0448\u0438\u0440\u043e\u043a\u0438\u0439 \u0441\u043f\u0435\u043a\u0442\u0440 \u0441\u0443\u043f\u0443\u0442\u043d\u0456\u0445 \u043f\u043e\u0441\u043b\u0443\u0433: \u0442\u0435\u0445\u043d\u0456\u0447\u043d\u0456 \u0440\u0435\u043a\u043e\u043c\u0435\u043d\u0434\u0430\u0446\u0456\u0457 \u043f\u043e \u0432\u0438\u0431\u043e\u0440\u0443 \u043a\u043e\u043d\u043a\u0440\u0435\u0442\u043d\u043e\u0433\u043e \u0440\u0456\u0448\u0435\u043d\u043d\u044f, K\u043e\u043c\u043f\u043b\u0435\u043a\u0442\u0430\u0446\u0456\u044f \u043e\u0431\u043b\u0430\u0434\u043d\u0430\u043d\u043d\u044f, \u043d\u0435\u043e\u0431\u0445\u0456\u0434\u043d\u0430 \u0434\u043b\u044f \u0432\u0438\u043a\u043e\u043d\u0430\u043d\u043d\u044f \u043a\u043e\u043d\u043a\u0440\u0435\u0442\u043d\u043e\u0433\u043e \u0432\u0430\u0440\u0456\u0430\u043d\u0442\u0443 \u0441\u0438\u0441\u0442\u0435\u043c\u0438 \u0435\u043b\u0435\u043a\u0442\u0440\u043e\u0436\u0438\u0432\u043b\u0435\u043d\u043d\u044f \u041f\u043e\u0441\u0442\u0430\u0432\u043a\u0430 \u043e\u0431\u043b\u0430\u0434\u043d\u0430\u043d\u043d\u044f, \u0440\u043e\u0437\u0432\u0430\u043d\u0442\u0430\u0436\u0435\u043d\u043d\u044f \u0456 \u0432\u0432\u0435\u0434\u0435\u043d\u043d\u044f \u0432 \u043f\u0440\u0438\u043c\u0456\u0449\u0435\u043d\u043d\u044f, \u041f\u0456\u0434\u043a\u043b\u044e\u0447\u0435\u043d\u043d\u044f \u0434\u043e \u0435\u043b\u0435\u043a\u0442\u0440\u0438\u0447\u043d\u043e\u0457 \u043c\u0435\u0440\u0435\u0436i \u0430\u0431\u043e \u043a\u043e\u043c\u043f\u043b\u0435\u043a\u0441\u043d\u0430 \u043fi\u0434\u0433\u043e\u0442\u043e\u0432\u043aa \u0435\u043b\u0435\u043a\u0442\u0440\u0438\u0447\u043d\u043e\u0457 \u043c\u0435\u0440\u0435\u0436i, \u0444\u043e\u0440\u043c\u0430\u043b\u044c\u043d\u043e\u0441\u0442\u0456, \u043f\u043e\u0432&#8217;\u044f\u0437\u0430\u043d\u0456 \u0437 \u0456\u043d\u0432\u0435\u0441\u0442\u0443\u0432\u0430\u043d\u043d\u044f\u043c (\u0434\u043e\u043c\u043e\u0432\u043b\u0435\u043d\u043e\u0441\u0442\u0456 [&hellip;]\" \/>\n<meta property=\"og:url\" content=\"https:\/\/epssystem.pl\/uk\/nowa-oferta\/uslugi\/uslugi-montazowe\/\" \/>\n<meta property=\"og:site_name\" content=\"EPS System\" \/>\n<meta property=\"article:modified_time\" content=\"2020-11-20T09:05:21+00:00\" \/>\n<meta property=\"og:image\" content=\"http:\/\/epssystem.pl\/wp-content\/uploads\/2016\/08\/agregaty-pr\u0105dotw\u00f3rcze-monta\u017c-agregat\u00f3w-eps-system.png\" \/>\n<meta name=\"twitter:card\" content=\"summary\" \/>\n<meta name=\"twitter:label1\" content=\"Est. reading time\" \/>\n\t<meta name=\"twitter:data1\" content=\"1 minute\" \/>\n<script type=\"application\/ld+json\" class=\"yoast-schema-graph\">{\"@context\":\"https:\/\/schema.org\",\"@graph\":[{\"@type\":\"WebSite\",\"@id\":\"https:\/\/epssystem.pl\/#website\",\"url\":\"https:\/\/epssystem.pl\/\",\"name\":\"EPS System\",\"description\":\"Polski producent system\u00f3w zasilania gwarantowanego\",\"potentialAction\":[{\"@type\":\"SearchAction\",\"target\":{\"@type\":\"EntryPoint\",\"urlTemplate\":\"https:\/\/epssystem.pl\/?s={search_term_string}\"},\"query-input\":\"required name=search_term_string\"}],\"inLanguage\":\"uk\"},{\"@type\":\"ImageObject\",\"@id\":\"https:\/\/epssystem.pl\/uk\/nowa-oferta\/uslugi\/uslugi-montazowe\/#primaryimage\",\"inLanguage\":\"uk\",\"url\":\"http:\/\/epssystem.pl\/wp-content\/uploads\/2016\/08\/agregaty-pr\u0105dotw\u00f3rcze-monta\u017c-agregat\u00f3w-eps-system.png\",\"contentUrl\":\"http:\/\/epssystem.pl\/wp-content\/uploads\/2016\/08\/agregaty-pr\u0105dotw\u00f3rcze-monta\u017c-agregat\u00f3w-eps-system.png\"},{\"@type\":\"WebPage\",\"@id\":\"https:\/\/epssystem.pl\/uk\/nowa-oferta\/uslugi\/uslugi-montazowe\/#webpage\",\"url\":\"https:\/\/epssystem.pl\/uk\/nowa-oferta\/uslugi\/uslugi-montazowe\/\",\"name\":\"Us\u0142ugi monta\u017cowe - EPS System\",\"isPartOf\":{\"@id\":\"https:\/\/epssystem.pl\/#website\"},\"primaryImageOfPage\":{\"@id\":\"https:\/\/epssystem.pl\/uk\/nowa-oferta\/uslugi\/uslugi-montazowe\/#primaryimage\"},\"datePublished\":\"2016-08-10T09:13:45+00:00\",\"dateModified\":\"2020-11-20T09:05:21+00:00\",\"breadcrumb\":{\"@id\":\"https:\/\/epssystem.pl\/uk\/nowa-oferta\/uslugi\/uslugi-montazowe\/#breadcrumb\"},\"inLanguage\":\"uk\",\"potentialAction\":[{\"@type\":\"ReadAction\",\"target\":[\"https:\/\/epssystem.pl\/uk\/nowa-oferta\/uslugi\/uslugi-montazowe\/\"]}]},{\"@type\":\"BreadcrumbList\",\"@id\":\"https:\/\/epssystem.pl\/uk\/nowa-oferta\/uslugi\/uslugi-montazowe\/#breadcrumb\",\"itemListElement\":[{\"@type\":\"ListItem\",\"position\":1,\"name\":\"Strona g\u0142\u00f3wna\",\"item\":\"https:\/\/epssystem.pl\/\"},{\"@type\":\"ListItem\",\"position\":2,\"name\":\"Oferta\",\"item\":\"https:\/\/epssystem.pl\/nowa-oferta\/\"},{\"@type\":\"ListItem\",\"position\":3,\"name\":\"Us\u0142ugi\",\"item\":\"https:\/\/epssystem.pl\/nowa-oferta\/uslugi\/\"},{\"@type\":\"ListItem\",\"position\":4,\"name\":\"\u041f\u043e\u0441\u043b\u0443\u0433\u0438 \u0437 \u043c\u043e\u043d\u0442\u0430\u0436\u0443\"}]}]}<\/script>\n<!-- \/ Yoast SEO plugin. -->","yoast_head_json":{"title":"Us\u0142ugi monta\u017cowe - EPS System","robots":{"index":"index","follow":"follow","max-snippet":"max-snippet:-1","max-image-preview":"max-image-preview:large","max-video-preview":"max-video-preview:-1"},"canonical":"https:\/\/epssystem.pl\/uk\/nowa-oferta\/uslugi\/uslugi-montazowe\/","og_locale":"uk_UA","og_type":"article","og_title":"Us\u0142ugi monta\u017cowe - EPS System","og_description":"\u041d\u0430 \u0434\u043e\u0434\u0430\u0442\u043e\u043a \u0434\u043e \u0432\u0438\u0440\u043e\u0431\u043d\u0438\u0446\u0442\u0432\u0430 \u0442\u0430 \u043f\u043e\u0441\u0442\u0430\u0447\u0430\u043d\u043d\u044f \u043e\u0431\u043b\u0430\u0434\u043d\u0430\u043d\u043d\u044f \u0434\u043b\u044f \u0430\u0432\u0430\u0440\u0456\u0439\u043d\u043e\u0433\u043e \u0456 \u0433\u0430\u0440\u0430\u043d\u0442\u043e\u0432\u0430\u043d\u043e\u0433\u043e \u0435\u043b\u0435\u043a\u0442\u0440\u043e\u043f\u043e\u0441\u0442\u0430\u0447\u0430\u043d\u043d\u044f, \u0443 \u043d\u0430\u0441 \u0454 \u0448\u0438\u0440\u043e\u043a\u0438\u0439 \u0441\u043f\u0435\u043a\u0442\u0440 \u0441\u0443\u043f\u0443\u0442\u043d\u0456\u0445 \u043f\u043e\u0441\u043b\u0443\u0433: \u0442\u0435\u0445\u043d\u0456\u0447\u043d\u0456 \u0440\u0435\u043a\u043e\u043c\u0435\u043d\u0434\u0430\u0446\u0456\u0457 \u043f\u043e \u0432\u0438\u0431\u043e\u0440\u0443 \u043a\u043e\u043d\u043a\u0440\u0435\u0442\u043d\u043e\u0433\u043e \u0440\u0456\u0448\u0435\u043d\u043d\u044f, K\u043e\u043c\u043f\u043b\u0435\u043a\u0442\u0430\u0446\u0456\u044f \u043e\u0431\u043b\u0430\u0434\u043d\u0430\u043d\u043d\u044f, \u043d\u0435\u043e\u0431\u0445\u0456\u0434\u043d\u0430 \u0434\u043b\u044f \u0432\u0438\u043a\u043e\u043d\u0430\u043d\u043d\u044f \u043a\u043e\u043d\u043a\u0440\u0435\u0442\u043d\u043e\u0433\u043e \u0432\u0430\u0440\u0456\u0430\u043d\u0442\u0443 \u0441\u0438\u0441\u0442\u0435\u043c\u0438 \u0435\u043b\u0435\u043a\u0442\u0440\u043e\u0436\u0438\u0432\u043b\u0435\u043d\u043d\u044f \u041f\u043e\u0441\u0442\u0430\u0432\u043a\u0430 \u043e\u0431\u043b\u0430\u0434\u043d\u0430\u043d\u043d\u044f, \u0440\u043e\u0437\u0432\u0430\u043d\u0442\u0430\u0436\u0435\u043d\u043d\u044f \u0456 \u0432\u0432\u0435\u0434\u0435\u043d\u043d\u044f \u0432 \u043f\u0440\u0438\u043c\u0456\u0449\u0435\u043d\u043d\u044f, \u041f\u0456\u0434\u043a\u043b\u044e\u0447\u0435\u043d\u043d\u044f \u0434\u043e \u0435\u043b\u0435\u043a\u0442\u0440\u0438\u0447\u043d\u043e\u0457 \u043c\u0435\u0440\u0435\u0436i \u0430\u0431\u043e \u043a\u043e\u043c\u043f\u043b\u0435\u043a\u0441\u043d\u0430 \u043fi\u0434\u0433\u043e\u0442\u043e\u0432\u043aa \u0435\u043b\u0435\u043a\u0442\u0440\u0438\u0447\u043d\u043e\u0457 \u043c\u0435\u0440\u0435\u0436i, \u0444\u043e\u0440\u043c\u0430\u043b\u044c\u043d\u043e\u0441\u0442\u0456, \u043f\u043e\u0432&#8217;\u044f\u0437\u0430\u043d\u0456 \u0437 \u0456\u043d\u0432\u0435\u0441\u0442\u0443\u0432\u0430\u043d\u043d\u044f\u043c (\u0434\u043e\u043c\u043e\u0432\u043b\u0435\u043d\u043e\u0441\u0442\u0456 [&hellip;]","og_url":"https:\/\/epssystem.pl\/uk\/nowa-oferta\/uslugi\/uslugi-montazowe\/","og_site_name":"EPS System","article_modified_time":"2020-11-20T09:05:21+00:00","og_image":[{"url":"http:\/\/epssystem.pl\/wp-content\/uploads\/2016\/08\/agregaty-pr\u0105dotw\u00f3rcze-monta\u017c-agregat\u00f3w-eps-system.png"}],"twitter_card":"summary","twitter_misc":{"Est. reading time":"1 minute"},"schema":{"@context":"https:\/\/schema.org","@graph":[{"@type":"WebSite","@id":"https:\/\/epssystem.pl\/#website","url":"https:\/\/epssystem.pl\/","name":"EPS System","description":"Polski producent system\u00f3w zasilania gwarantowanego","potentialAction":[{"@type":"SearchAction","target":{"@type":"EntryPoint","urlTemplate":"https:\/\/epssystem.pl\/?s={search_term_string}"},"query-input":"required name=search_term_string"}],"inLanguage":"uk"},{"@type":"ImageObject","@id":"https:\/\/epssystem.pl\/uk\/nowa-oferta\/uslugi\/uslugi-montazowe\/#primaryimage","inLanguage":"uk","url":"http:\/\/epssystem.pl\/wp-content\/uploads\/2016\/08\/agregaty-pr\u0105dotw\u00f3rcze-monta\u017c-agregat\u00f3w-eps-system.png","contentUrl":"http:\/\/epssystem.pl\/wp-content\/uploads\/2016\/08\/agregaty-pr\u0105dotw\u00f3rcze-monta\u017c-agregat\u00f3w-eps-system.png"},{"@type":"WebPage","@id":"https:\/\/epssystem.pl\/uk\/nowa-oferta\/uslugi\/uslugi-montazowe\/#webpage","url":"https:\/\/epssystem.pl\/uk\/nowa-oferta\/uslugi\/uslugi-montazowe\/","name":"Us\u0142ugi monta\u017cowe - EPS System","isPartOf":{"@id":"https:\/\/epssystem.pl\/#website"},"primaryImageOfPage":{"@id":"https:\/\/epssystem.pl\/uk\/nowa-oferta\/uslugi\/uslugi-montazowe\/#primaryimage"},"datePublished":"2016-08-10T09:13:45+00:00","dateModified":"2020-11-20T09:05:21+00:00","breadcrumb":{"@id":"https:\/\/epssystem.pl\/uk\/nowa-oferta\/uslugi\/uslugi-montazowe\/#breadcrumb"},"inLanguage":"uk","potentialAction":[{"@type":"ReadAction","target":["https:\/\/epssystem.pl\/uk\/nowa-oferta\/uslugi\/uslugi-montazowe\/"]}]},{"@type":"BreadcrumbList","@id":"https:\/\/epssystem.pl\/uk\/nowa-oferta\/uslugi\/uslugi-montazowe\/#breadcrumb","itemListElement":[{"@type":"ListItem","position":1,"name":"Strona g\u0142\u00f3wna","item":"https:\/\/epssystem.pl\/"},{"@type":"ListItem","position":2,"name":"Oferta","item":"https:\/\/epssystem.pl\/nowa-oferta\/"},{"@type":"ListItem","position":3,"name":"Us\u0142ugi","item":"https:\/\/epssystem.pl\/nowa-oferta\/uslugi\/"},{"@type":"ListItem","position":4,"name":"\u041f\u043e\u0441\u043b\u0443\u0433\u0438 \u0437 \u043c\u043e\u043d\u0442\u0430\u0436\u0443"}]}]}},"_links":{"self":[{"href":"https:\/\/epssystem.pl\/uk\/wp-json\/wp\/v2\/pages\/71638"}],"collection":[{"href":"https:\/\/epssystem.pl\/uk\/wp-json\/wp\/v2\/pages"}],"about":[{"href":"https:\/\/epssystem.pl\/uk\/wp-json\/wp\/v2\/types\/page"}],"author":[{"embeddable":true,"href":"https:\/\/epssystem.pl\/uk\/wp-json\/wp\/v2\/users\/3"}],"replies":[{"embeddable":true,"href":"https:\/\/epssystem.pl\/uk\/wp-json\/wp\/v2\/comments?post=71638"}],"version-history":[{"count":1,"href":"https:\/\/epssystem.pl\/uk\/wp-json\/wp\/v2\/pages\/71638\/revisions"}],"predecessor-version":[{"id":73534,"href":"https:\/\/epssystem.pl\/uk\/wp-json\/wp\/v2\/pages\/71638\/revisions\/73534"}],"up":[{"embeddable":true,"href":"https:\/\/epssystem.pl\/uk\/wp-json\/wp\/v2\/pages\/71634"}],"wp:attachment":[{"href":"https:\/\/epssystem.pl\/uk\/wp-json\/wp\/v2\/media?parent=71638"}],"curies":[{"name":"wp","href":"https:\/\/api.w.org\/{rel}","templated":true}]}}