{"id":71659,"date":"2016-08-10T10:09:41","date_gmt":"2016-08-10T10:09:41","guid":{"rendered":"http:\/\/epssystem.pl\/?page_id=71659"},"modified":"2022-09-13T09:09:08","modified_gmt":"2022-09-13T09:09:08","slug":"galileo-1000-3000-va","status":"publish","type":"page","link":"https:\/\/epssystem.pl\/uk\/nowa-oferta\/zasilacze-ups-bezprzerwowe\/galileo-1000-3000-va\/","title":{"rendered":"GALILEO 1000 &#8211; 3000 VA"},"content":{"rendered":"<p>[vc_row type=&#8221;container&#8221;][vc_column width=&#8221;1\/3&#8243;][vc_single_image image=&#8221;71575&#8243;][vc_single_image image=&#8221;71556&#8243; img_size=&#8221;full&#8221;][vc_column_text]T &#8211; wersja stoj\u0105ca[\/vc_column_text][\/vc_column][vc_column width=&#8221;1\/3&#8243;][vc_empty_space height=&#8221;73px&#8221;][vc_single_image image=&#8221;71557&#8243; img_size=&#8221;full&#8221;][vc_column_text]T\/R &#8211; wersja stoj\u0105ca \/ rakowa[\/vc_column_text][\/vc_column][vc_column width=&#8221;1\/3&#8243;][vc_column_text]<\/p>\n<h2 style=\"color: #bb1a12; font-size: 30px;\">GALILEO<\/h2>\n<p>[\/vc_column_text][vc_column_text]<\/p>\n<h3>Zastosowanie:<\/h3>\n<ul>\n<li>urz\u0105dzenia sieciowe<\/li>\n<\/ul>\n<p>[\/vc_column_text][vc_column_text]<a href=\"http:\/\/epssystem.pl\/karty_katalogowe\/ups\/02. GALILEO_web.pdf\"><i class=\" glyphicon glyphicon-save \" style=\"color:#bb1a12; font-size:24px;\"><\/i> Pobierz kart\u0119 PDF<\/a><\/p>\n<p><a href=\"#\"><i class=\" glyphicon glyphicon-envelope \" style=\"color:#bb1a12; font-size:24px;\"><\/i> Wy\u015blij zapytanie ofertowe<\/a>[\/vc_column_text][\/vc_column][\/vc_row][vc_row type=&#8221;container&#8221;][vc_column][vc_column_text]<\/p>\n<p>Wersja stoj\u0105ca &#8211; T &#8211; czy te\u017c stoj\u0105ca\/rakowa (T\/R)? Jak\u0105kolwiek wybierzesz, zasilacz UPS z serii <strong>GALILEO<\/strong> sprawdzi si\u0119 idealnie &#8211; szczeg\u00f3lnie w przypadku ma\u0142ych i \u015brednich przedsi\u0119biorstw. To UPS stworzony z my\u015bl\u0105 w\u0142a\u015bnie o tym sektorze. Zapewnia wszelkie funkcje niezb\u0119dne do poprawnego i stabilnego dzia\u0142ania firmy, a jednocze\u015bnie \u0142\u0105czy w sobie stosunkowo niski koszt, \u0142atwo\u015b\u0107 monta\u017cu i swobod\u0119 obs\u0142ugi.<br \/>\nR\u00f3wnocze\u015bnie, <strong>GALILEO<\/strong> to <span lang=\"zxx\"><u><a href=\"https:\/\/epssystem.pl\/nowa-oferta\/zasilacze-ups-bezprzerwowe\/\">zasilacz awaryjny<\/a><\/u><\/span> o w pe\u0142ni satysfakcjonuj\u0105cych mo\u017cliwo\u015bciach technicznych. Charakteryzuj\u0105 go podw\u00f3jna konwersja on-line, moc od 1000 do 3000 VA oraz nawet sze\u015b\u0107 gniazd wyj\u015bciowych.<\/p>\n<h2>Inteligentny zasilacz awaryjny<\/h2>\n<p>UPS <strong>GALILEO<\/strong> zwraca uwag\u0119 bezproblemowo\u015bci\u0105 u\u017cytkowania i mobilno\u015bci\u0105. Obracany wy\u015bwietlacz, mo\u017cliwo\u015b\u0107 pracy w dw\u00f3ch pozycjach, szybko\u015b\u0107 monta\u017cu, konfiguracji i wymiany baterii sprawiaj\u0105, \u017ce wpisuje si\u0119 w typowe potrzeby podmiot\u00f3w poszukuj\u0105cych niewielkich, niedrogich zasilaczy o du\u017cej \u017cywotno\u015bci. Zasilacz <strong>GALILEO<\/strong> pod tym wzgl\u0119dem zaskakuje zastosowaniem technologii energetycznych i ostrzegawczych. O wszelkich zmianach stanu pracy wskazuje sygna\u0142 d\u017awi\u0119kowy. Koszty energii ograniczone s\u0105 dzi\u0119ki zastosowaniu inteligentnego systemu ch\u0142odzenia UPS.<\/p>\n<p>[\/vc_column_text][vc_column_text]<table width=\"100%\" class=\"table \" style=\"\"><br \/>\n<thead><tr>\n<th>Model<\/th><\/p>\n<p><th>Typ<\/th>\n<th>Moc<\/th>\n<th>Moc<\/th>\n<th>Napi\u0119cie wej\u015bciowe <\/th>\n<th>Napi\u0119cie wyj\u015bciowe<\/th>\n<th>Wymiary (WxDxH) <\/th>\n<th>Masa <\/th>\n<\/tr><\/thead>\n<tbody>\n<tr>\n<td>GALILEO 1000<\/td><\/p>\n<p><td>T<\/td>\n<td>1000 VA <\/td>\n<td> 900 W<\/td>\n<td>230 V (1 faza)<\/td>\n<td>230 V (1 faza)<\/td>\n<td>144x367x236 mm <\/td>\n<td>11,2 kg<\/td>\n<\/tr>\n<tr>\n<td>GALILEO 2000<\/td><\/p>\n<p><td>T<\/td>\n<td>2000 VA<\/td>\n<td>1800 W<\/td>\n<td>230 V (1 faza)<\/td>\n<td>230 V (1 faza)<\/td>\n<td>151x444x322 mm<\/td>\n<td>18,8 kg<\/td>\n<\/tr>\n<tr>\n<td>GALILEO 3000<\/td><\/p>\n<p><td>T<\/td>\n<td>3000 VA<\/td>\n<td>2700 W<\/td>\n<td>230 V (1 faza)<\/td>\n<td>230 V (1 faza)<\/td>\n<td>189x444x322 mm<\/td>\n<td>24,9 kg<\/td>\n<\/tr>\n<tr>\n<td>GALILEO 1000<\/td><\/p>\n<p><td>T\/R<\/td>\n<td>1000 VA<\/td>\n<td>900 W<\/td>\n<td>230 V ( 1 faza)<\/td>\n<td>230 V (1 faza)<\/td>\n<td>440x390x88 mm<\/td>\n<td>12 kg<\/td>\n<\/tr><\/p>\n<tr>\n<td>GALILEO 2000<\/td><\/p>\n<p><td>T\/R<\/td>\n<td>2000 VA<\/td>\n<td>1800 W<\/td>\n<td>230 V (1 faza)<\/td>\n<td>230 V (1 faza)<\/td>\n<td>440x475x88 mm<\/td>\n<td>17 kg<\/td>\n<\/tr>\n<p><tr>\n<td>GALILEO 3000<\/td><\/p>\n<p><td>T\/R<\/td>\n<td>3000 VA<\/td>\n<td>2700 W<\/td>\n<td>230 V (1 faza)<\/td>\n<td>230 V (1 faza)<\/td>\n<td>440x600x88 mm<\/td>\n<td>26,5 kg<\/td>\n<\/tr>\n<\/tbody>\n<\/table>[\/vc_column_text][\/vc_column][\/vc_row]<\/p>\n","protected":false},"excerpt":{"rendered":"<p>[vc_row type=&#8221;container&#8221;][vc_column width=&#8221;1\/3&#8243;][vc_single_image image=&#8221;71575&#8243;][vc_single_image image=&#8221;71556&#8243; img_size=&#8221;full&#8221;][vc_column_text]T &#8211; wersja stoj\u0105ca[\/vc_column_text][\/vc_column][vc_column width=&#8221;1\/3&#8243;][vc_empty_space height=&#8221;73px&#8221;][vc_single_image image=&#8221;71557&#8243; img_size=&#8221;full&#8221;][vc_column_text]T\/R &#8211; wersja stoj\u0105ca \/ rakowa[\/vc_column_text][\/vc_column][vc_column width=&#8221;1\/3&#8243;][vc_column_text] GALILEO [\/vc_column_text][vc_column_text] Zastosowanie: urz\u0105dzenia sieciowe [\/vc_column_text][vc_column_text] Pobierz kart\u0119 PDF Wy\u015blij zapytanie ofertowe[\/vc_column_text][\/vc_column][\/vc_row][vc_row type=&#8221;container&#8221;][vc_column][vc_column_text] Wersja stoj\u0105ca &#8211; T &#8211; czy te\u017c stoj\u0105ca\/rakowa (T\/R)? Jak\u0105kolwiek wybierzesz, zasilacz UPS z serii GALILEO sprawdzi si\u0119 idealnie &#8211; szczeg\u00f3lnie w przypadku [&hellip;]<\/p>\n","protected":false},"author":3,"featured_media":0,"parent":71061,"menu_order":2,"comment_status":"closed","ping_status":"closed","template":"","meta":[],"acf":[],"yoast_head":"<!-- This site is optimized with the Yoast SEO plugin v18.2 - https:\/\/yoast.com\/wordpress\/plugins\/seo\/ -->\n<title>Zasilacz bezprzerwowy UPS - GALILEO 1000 - 3000 VA GALILEO 1000 - 3000 VA - EPS System<\/title>\n<meta name=\"description\" content=\"Zasilacz bezprzerwowy UPS Dwie opcje po\u0142o\u017cenia, atrakcyjna cena i du\u017ce mo\u017cliwo\u015bci techniczne - zasilacz awaryjny Galileo to rozwi\u0105zanie idealne dla Twojej firmy. \u27a3 Sprawd\u017a!\" \/>\n<meta name=\"robots\" content=\"index, follow, max-snippet:-1, max-image-preview:large, max-video-preview:-1\" \/>\n<link rel=\"canonical\" href=\"https:\/\/epssystem.pl\/nowa-oferta\/zasilacze-ups-bezprzerwowe\/galileo-1000-3000-va\/\" \/>\n<meta property=\"og:locale\" content=\"uk_UA\" \/>\n<meta property=\"og:type\" content=\"article\" \/>\n<meta property=\"og:title\" content=\"Zasilacz bezprzerwowy UPS - GALILEO 1000 - 3000 VA GALILEO 1000 - 3000 VA - EPS System\" \/>\n<meta property=\"og:description\" content=\"Zasilacz bezprzerwowy UPS Dwie opcje po\u0142o\u017cenia, atrakcyjna cena i du\u017ce mo\u017cliwo\u015bci techniczne - zasilacz awaryjny Galileo to rozwi\u0105zanie idealne dla Twojej firmy. \u27a3 Sprawd\u017a!\" \/>\n<meta property=\"og:url\" content=\"https:\/\/epssystem.pl\/nowa-oferta\/zasilacze-ups-bezprzerwowe\/galileo-1000-3000-va\/\" \/>\n<meta property=\"og:site_name\" content=\"EPS System\" \/>\n<meta property=\"article:modified_time\" content=\"2022-09-13T09:09:08+00:00\" \/>\n<meta name=\"twitter:card\" content=\"summary\" \/>\n<meta name=\"twitter:label1\" content=\"Est. reading time\" \/>\n\t<meta name=\"twitter:data1\" content=\"3 minutes\" \/>\n<script type=\"application\/ld+json\" class=\"yoast-schema-graph\">{\"@context\":\"https:\/\/schema.org\",\"@graph\":[{\"@type\":\"WebSite\",\"@id\":\"https:\/\/epssystem.pl\/#website\",\"url\":\"https:\/\/epssystem.pl\/\",\"name\":\"EPS System\",\"description\":\"Polski producent system\u00f3w zasilania gwarantowanego\",\"potentialAction\":[{\"@type\":\"SearchAction\",\"target\":{\"@type\":\"EntryPoint\",\"urlTemplate\":\"https:\/\/epssystem.pl\/?s={search_term_string}\"},\"query-input\":\"required name=search_term_string\"}],\"inLanguage\":\"uk\"},{\"@type\":\"WebPage\",\"@id\":\"https:\/\/epssystem.pl\/nowa-oferta\/zasilacze-ups-bezprzerwowe\/galileo-1000-3000-va\/#webpage\",\"url\":\"https:\/\/epssystem.pl\/nowa-oferta\/zasilacze-ups-bezprzerwowe\/galileo-1000-3000-va\/\",\"name\":\"Zasilacz bezprzerwowy UPS - GALILEO 1000 - 3000 VA GALILEO 1000 - 3000 VA - EPS System\",\"isPartOf\":{\"@id\":\"https:\/\/epssystem.pl\/#website\"},\"datePublished\":\"2016-08-10T10:09:41+00:00\",\"dateModified\":\"2022-09-13T09:09:08+00:00\",\"description\":\"Zasilacz bezprzerwowy UPS Dwie opcje po\u0142o\u017cenia, atrakcyjna cena i du\u017ce mo\u017cliwo\u015bci techniczne - zasilacz awaryjny Galileo to rozwi\u0105zanie idealne dla Twojej firmy. \u27a3 Sprawd\u017a!\",\"breadcrumb\":{\"@id\":\"https:\/\/epssystem.pl\/nowa-oferta\/zasilacze-ups-bezprzerwowe\/galileo-1000-3000-va\/#breadcrumb\"},\"inLanguage\":\"uk\",\"potentialAction\":[{\"@type\":\"ReadAction\",\"target\":[\"https:\/\/epssystem.pl\/nowa-oferta\/zasilacze-ups-bezprzerwowe\/galileo-1000-3000-va\/\"]}]},{\"@type\":\"BreadcrumbList\",\"@id\":\"https:\/\/epssystem.pl\/nowa-oferta\/zasilacze-ups-bezprzerwowe\/galileo-1000-3000-va\/#breadcrumb\",\"itemListElement\":[{\"@type\":\"ListItem\",\"position\":1,\"name\":\"Strona g\u0142\u00f3wna\",\"item\":\"https:\/\/epssystem.pl\/\"},{\"@type\":\"ListItem\",\"position\":2,\"name\":\"Oferta\",\"item\":\"https:\/\/epssystem.pl\/nowa-oferta\/\"},{\"@type\":\"ListItem\",\"position\":3,\"name\":\"Zasilacze awaryjne UPS\",\"item\":\"https:\/\/epssystem.pl\/nowa-oferta\/zasilacze-ups-bezprzerwowe\/\"},{\"@type\":\"ListItem\",\"position\":4,\"name\":\"GALILEO 1000 - 3000 VA\"}]}]}<\/script>\n<!-- \/ Yoast SEO plugin. -->","yoast_head_json":{"title":"Zasilacz bezprzerwowy UPS - GALILEO 1000 - 3000 VA GALILEO 1000 - 3000 VA - EPS System","description":"Zasilacz bezprzerwowy UPS Dwie opcje po\u0142o\u017cenia, atrakcyjna cena i du\u017ce mo\u017cliwo\u015bci techniczne - zasilacz awaryjny Galileo to rozwi\u0105zanie idealne dla Twojej firmy. \u27a3 Sprawd\u017a!","robots":{"index":"index","follow":"follow","max-snippet":"max-snippet:-1","max-image-preview":"max-image-preview:large","max-video-preview":"max-video-preview:-1"},"canonical":"https:\/\/epssystem.pl\/nowa-oferta\/zasilacze-ups-bezprzerwowe\/galileo-1000-3000-va\/","og_locale":"uk_UA","og_type":"article","og_title":"Zasilacz bezprzerwowy UPS - GALILEO 1000 - 3000 VA GALILEO 1000 - 3000 VA - EPS System","og_description":"Zasilacz bezprzerwowy UPS Dwie opcje po\u0142o\u017cenia, atrakcyjna cena i du\u017ce mo\u017cliwo\u015bci techniczne - zasilacz awaryjny Galileo to rozwi\u0105zanie idealne dla Twojej firmy. \u27a3 Sprawd\u017a!","og_url":"https:\/\/epssystem.pl\/nowa-oferta\/zasilacze-ups-bezprzerwowe\/galileo-1000-3000-va\/","og_site_name":"EPS System","article_modified_time":"2022-09-13T09:09:08+00:00","twitter_card":"summary","twitter_misc":{"Est. reading time":"3 minutes"},"schema":{"@context":"https:\/\/schema.org","@graph":[{"@type":"WebSite","@id":"https:\/\/epssystem.pl\/#website","url":"https:\/\/epssystem.pl\/","name":"EPS System","description":"Polski producent system\u00f3w zasilania gwarantowanego","potentialAction":[{"@type":"SearchAction","target":{"@type":"EntryPoint","urlTemplate":"https:\/\/epssystem.pl\/?s={search_term_string}"},"query-input":"required name=search_term_string"}],"inLanguage":"uk"},{"@type":"WebPage","@id":"https:\/\/epssystem.pl\/nowa-oferta\/zasilacze-ups-bezprzerwowe\/galileo-1000-3000-va\/#webpage","url":"https:\/\/epssystem.pl\/nowa-oferta\/zasilacze-ups-bezprzerwowe\/galileo-1000-3000-va\/","name":"Zasilacz bezprzerwowy UPS - GALILEO 1000 - 3000 VA GALILEO 1000 - 3000 VA - EPS System","isPartOf":{"@id":"https:\/\/epssystem.pl\/#website"},"datePublished":"2016-08-10T10:09:41+00:00","dateModified":"2022-09-13T09:09:08+00:00","description":"Zasilacz bezprzerwowy UPS Dwie opcje po\u0142o\u017cenia, atrakcyjna cena i du\u017ce mo\u017cliwo\u015bci techniczne - zasilacz awaryjny Galileo to rozwi\u0105zanie idealne dla Twojej firmy. \u27a3 Sprawd\u017a!","breadcrumb":{"@id":"https:\/\/epssystem.pl\/nowa-oferta\/zasilacze-ups-bezprzerwowe\/galileo-1000-3000-va\/#breadcrumb"},"inLanguage":"uk","potentialAction":[{"@type":"ReadAction","target":["https:\/\/epssystem.pl\/nowa-oferta\/zasilacze-ups-bezprzerwowe\/galileo-1000-3000-va\/"]}]},{"@type":"BreadcrumbList","@id":"https:\/\/epssystem.pl\/nowa-oferta\/zasilacze-ups-bezprzerwowe\/galileo-1000-3000-va\/#breadcrumb","itemListElement":[{"@type":"ListItem","position":1,"name":"Strona g\u0142\u00f3wna","item":"https:\/\/epssystem.pl\/"},{"@type":"ListItem","position":2,"name":"Oferta","item":"https:\/\/epssystem.pl\/nowa-oferta\/"},{"@type":"ListItem","position":3,"name":"Zasilacze awaryjne UPS","item":"https:\/\/epssystem.pl\/nowa-oferta\/zasilacze-ups-bezprzerwowe\/"},{"@type":"ListItem","position":4,"name":"GALILEO 1000 - 3000 VA"}]}]}},"_links":{"self":[{"href":"https:\/\/epssystem.pl\/uk\/wp-json\/wp\/v2\/pages\/71659"}],"collection":[{"href":"https:\/\/epssystem.pl\/uk\/wp-json\/wp\/v2\/pages"}],"about":[{"href":"https:\/\/epssystem.pl\/uk\/wp-json\/wp\/v2\/types\/page"}],"author":[{"embeddable":true,"href":"https:\/\/epssystem.pl\/uk\/wp-json\/wp\/v2\/users\/3"}],"replies":[{"embeddable":true,"href":"https:\/\/epssystem.pl\/uk\/wp-json\/wp\/v2\/comments?post=71659"}],"version-history":[{"count":3,"href":"https:\/\/epssystem.pl\/uk\/wp-json\/wp\/v2\/pages\/71659\/revisions"}],"predecessor-version":[{"id":73965,"href":"https:\/\/epssystem.pl\/uk\/wp-json\/wp\/v2\/pages\/71659\/revisions\/73965"}],"up":[{"embeddable":true,"href":"https:\/\/epssystem.pl\/uk\/wp-json\/wp\/v2\/pages\/71061"}],"wp:attachment":[{"href":"https:\/\/epssystem.pl\/uk\/wp-json\/wp\/v2\/media?parent=71659"}],"curies":[{"name":"wp","href":"https:\/\/api.w.org\/{rel}","templated":true}]}}