{"id":71666,"date":"2016-08-10T10:32:11","date_gmt":"2016-08-10T10:32:11","guid":{"rendered":"http:\/\/epssystem.pl\/?page_id=71666"},"modified":"2020-11-20T13:29:12","modified_gmt":"2020-11-20T13:29:12","slug":"ups-leonardo-6-10-kva","status":"publish","type":"page","link":"https:\/\/epssystem.pl\/uk\/nowa-oferta\/zasilacze-ups-bezprzerwowe\/ups-leonardo-6-10-kva\/","title":{"rendered":"LEONARDO 6 &#8211; 10 kVA"},"content":{"rendered":"<p>[vc_row type=&#8221;container&#8221;][vc_column width=&#8221;1\/3&#8243;][vc_single_image image=&#8221;71575&#8243;][vc_single_image image=&#8221;71560&#8243; img_size=&#8221;full&#8221;][vc_column_text]T &#8211; wersja stoj\u0105ca[\/vc_column_text][\/vc_column][vc_column width=&#8221;1\/3&#8243;][vc_empty_space height=&#8221;130px&#8221;][vc_single_image image=&#8221;71558&#8243; img_size=&#8221;full&#8221;][vc_column_text]R\/T &#8211; wersja stoj\u0105ca \/ rakowa[\/vc_column_text][\/vc_column][vc_column width=&#8221;1\/3&#8243;][vc_column_text]<\/p>\n<h2 style=\"color: #bb1a12; font-size: 30px;\">LEONARDO<\/h2>\n<p>[\/vc_column_text][vc_column_text]<\/p>\n<h3>Zastosowanie:<\/h3>\n<ul>\n<li>serwerownie,<\/li>\n<li>sprz\u0119t TLC<\/li>\n<li>awaryjne systemy<br \/>bezpiecze\u0144stwa<\/li>\n<\/ul>\n<p>[\/vc_column_text][vc_column_text]<a href=\"http:\/\/epssystem.pl\/karty_katalogowe\/ups\/03. LEONARDO_web.pdf\"><i class=\" glyphicon glyphicon-save \" style=\"color:#bb1a12; font-size:24px;\"><\/i> Pobierz kart\u0119 PDF<\/a><\/p>\n<p><a href=\"#\"><i class=\" glyphicon glyphicon-envelope \" style=\"color:#bb1a12; font-size:24px;\"><\/i> Wy\u015blij zapytanie ofertowe<\/a>[\/vc_column_text][\/vc_column][\/vc_row][vc_row type=&#8221;container&#8221;][vc_column][vc_column_text]<\/p>\n<p>Technologia on-line z podw\u00f3jn\u0105 konwersj\u0105, wersja stoj\u0105ca lub rakowa, du\u017ca intuicyjno\u015b\u0107 oraz inteligentny system ch\u0142odzenia &#8211; to tylko cz\u0119\u015b\u0107 cech zasilacza <strong>LEONARDO<\/strong>. UPS stworzony z my\u015bl\u0105 o pomieszczeniach serwerowych, sprz\u0119tu TLC czy awaryjnych systemach bezpiecze\u0144stwa, ma w za\u0142o\u017ceniach stanowi\u0107 kompilacj\u0119 funkcjonalno\u015bci i prostoty. Charakteryzuje si\u0119 \u0142atwo\u015bci\u0105 obs\u0142ugi: od instalacji, podpi\u0119cia i konfiguracji przez odczyt danych z intuicyjnego wy\u015bwietlacza LCD. Kontrola UPS odbywa si\u0119 w oparciu o rozwi\u0105zania gwarantuj\u0105ce uruchomienie alarmu w sytuacjach nietypowych i okre\u015blonych przez operatora.<\/p>\n<h2>Zasilacz o du\u017cej \u017cywotno\u015bci<\/h2>\n<p>Mo\u017cliwo\u015bci techniczne id\u0105 tu w parze z najwy\u017csz\u0105 jako\u015bci\u0105 i d\u0142ugoletni\u0105 \u017cywotno\u015bci\u0105. Oszcz\u0119dno\u015b\u0107 energii zapewnia inteligentny system ch\u0142odzenia. Z kolei czas pracy UPS mo\u017ce by\u0107 dowolnie zwi\u0119kszany dzi\u0119ki dok\u0142adaniu modu\u0142\u00f3w baterii. <span lang=\"zxx\"><u><a href=\"https:\/\/epssystem.pl\/nowa-oferta\/zasilacze-ups-bezprzerwowe\/\">Zasilanie awaryjne<\/a><\/u><\/span> jest wi\u0119c w pe\u0142ni kontrolowane przez operatora. Zapraszamy do zapoznania si\u0119 z naszym bogatym asortymentem zasilaczy UPS.<\/p>\n<p>[\/vc_column_text][vc_column_text]<table width=\"100%\" class=\"table \" style=\"\"><br \/><thead><tr><th>Model<\/th><\/p>\n<p><th>Typ<\/th><th>Moc<\/th><th>Moc<\/th><th>Napi\u0119cie wej\u015bciowe <\/th><th>Napi\u0119cie wyj\u015bciowe<\/th><th>Wymiary (WxDxH) <\/th><th>Masa <\/th><\/tr><\/thead><tbody><tr><td>LEONARDO 6 <\/td><\/p>\n<p><td>T<\/td><td>6 kVA <\/td><td> 5,4 kW<\/td><td>230 V (1 faza)<\/td><td>230 V (1 faza)<\/td><td>290x645x748 mm <\/td><td>86 kg<\/td><\/tr><tr><td>LEONARDO 10<\/td><\/p>\n<p><td>T<\/td><td>10 kVA<\/td><td>9 kW<\/td><td>230 V (1 faza)<\/td><td>230 V (1 faza)<\/td><td>290x645x748 mm<\/td><td>96 kg<\/td><\/tr><tr><td>LEONARDO 6<\/td><\/p>\n<p><td>R\/T (2)*<\/td><td>6 kVA<\/td><td>5,4 kW<\/td><td>230 V (1 faza)<\/td><td>230 V (1 faza)<\/td><td>440x680x88 mm<\/td><td>26 kg<\/td><\/tr><\/p>\n<p><tr><td>LEONARDO 6<\/td><\/p>\n<p><td>R\/T (4)*<\/td><td>6 kVA<\/td><td>5,4 kW<\/td><td>230 V (1 faza)<\/td><td>230 V (1 faza)<\/td><td>440x680x176 mm<\/td><td>52 kg<\/td><\/tr><tr><tr><\/tr><td>LEONARDO 10 <\/td><\/p>\n<p><td>R\/T (3)* <\/td><td>10 kVA<\/td><td>9 kW<\/td><td>230 V ( 1 faza)<\/td><td>230 V (1 faza)<\/td><td>440x680x132 mm<\/td><td>26 kg<\/td><\/tr><\/p>\n<p><\/tbody><\/table><\/p>\n<p>R\/T (2)* &#8211; liczba po\u0142\u0105czonych jednostek[\/vc_column_text][\/vc_column][\/vc_row][vc_row type=&#8221;container&#8221;][vc_column][\/vc_column][\/vc_row]<\/p>\n","protected":false},"excerpt":{"rendered":"<p>[vc_row type=&#8221;container&#8221;][vc_column width=&#8221;1\/3&#8243;][vc_single_image image=&#8221;71575&#8243;][vc_single_image image=&#8221;71560&#8243; img_size=&#8221;full&#8221;][vc_column_text]T &#8211; wersja stoj\u0105ca[\/vc_column_text][\/vc_column][vc_column width=&#8221;1\/3&#8243;][vc_empty_space height=&#8221;130px&#8221;][vc_single_image image=&#8221;71558&#8243; img_size=&#8221;full&#8221;][vc_column_text]R\/T &#8211; wersja stoj\u0105ca \/ rakowa[\/vc_column_text][\/vc_column][vc_column width=&#8221;1\/3&#8243;][vc_column_text] LEONARDO [\/vc_column_text][vc_column_text] Zastosowanie: serwerownie, sprz\u0119t TLC awaryjne systemybezpiecze\u0144stwa [\/vc_column_text][vc_column_text] Pobierz kart\u0119 PDF Wy\u015blij zapytanie ofertowe[\/vc_column_text][\/vc_column][\/vc_row][vc_row type=&#8221;container&#8221;][vc_column][vc_column_text] Technologia on-line z podw\u00f3jn\u0105 konwersj\u0105, wersja stoj\u0105ca lub rakowa, du\u017ca intuicyjno\u015b\u0107 oraz inteligentny system ch\u0142odzenia &#8211; to tylko cz\u0119\u015b\u0107 cech [&hellip;]<\/p>\n","protected":false},"author":3,"featured_media":0,"parent":71061,"menu_order":3,"comment_status":"closed","ping_status":"closed","template":"","meta":[],"acf":[],"yoast_head":"<!-- This site is optimized with the Yoast SEO plugin v18.2 - https:\/\/yoast.com\/wordpress\/plugins\/seo\/ -->\n<title>LEONARDO 6 - 10 kVA - EPS System<\/title>\n<meta name=\"description\" content=\"Zasilacz UPS LEONARDO - idealne po\u0142\u0105czenia funkcjonalno\u015bci i niezawodno\u015bci. \u0141atwa obs\u0142uga, najwy\u017csza jako\u015b\u0107. Sprawd\u017a nasz\u0105 ofert\u0119 \u27a3 epssystem.pl\" \/>\n<meta name=\"robots\" content=\"index, follow, max-snippet:-1, max-image-preview:large, max-video-preview:-1\" \/>\n<link rel=\"canonical\" href=\"https:\/\/epssystem.pl\/en\/nowa-oferta\/zasilacze-ups-bezprzerwowe\/ups-leonardo-6-10-kva\/\" \/>\n<meta property=\"og:locale\" content=\"uk_UA\" \/>\n<meta property=\"og:type\" content=\"article\" \/>\n<meta property=\"og:title\" content=\"LEONARDO 6 - 10 kVA - EPS System\" \/>\n<meta property=\"og:description\" content=\"Zasilacz UPS LEONARDO - idealne po\u0142\u0105czenia funkcjonalno\u015bci i niezawodno\u015bci. \u0141atwa obs\u0142uga, najwy\u017csza jako\u015b\u0107. Sprawd\u017a nasz\u0105 ofert\u0119 \u27a3 epssystem.pl\" \/>\n<meta property=\"og:url\" content=\"https:\/\/epssystem.pl\/en\/nowa-oferta\/zasilacze-ups-bezprzerwowe\/ups-leonardo-6-10-kva\/\" \/>\n<meta property=\"og:site_name\" content=\"EPS System\" \/>\n<meta property=\"article:modified_time\" content=\"2020-11-20T13:29:12+00:00\" \/>\n<meta name=\"twitter:card\" content=\"summary\" \/>\n<meta name=\"twitter:label1\" content=\"Est. reading time\" \/>\n\t<meta name=\"twitter:data1\" content=\"3 minutes\" \/>\n<script type=\"application\/ld+json\" class=\"yoast-schema-graph\">{\"@context\":\"https:\/\/schema.org\",\"@graph\":[{\"@type\":\"WebSite\",\"@id\":\"https:\/\/epssystem.pl\/#website\",\"url\":\"https:\/\/epssystem.pl\/\",\"name\":\"EPS System\",\"description\":\"Polski producent system\u00f3w zasilania gwarantowanego\",\"potentialAction\":[{\"@type\":\"SearchAction\",\"target\":{\"@type\":\"EntryPoint\",\"urlTemplate\":\"https:\/\/epssystem.pl\/?s={search_term_string}\"},\"query-input\":\"required name=search_term_string\"}],\"inLanguage\":\"uk\"},{\"@type\":\"WebPage\",\"@id\":\"https:\/\/epssystem.pl\/en\/nowa-oferta\/zasilacze-ups-bezprzerwowe\/ups-leonardo-6-10-kva\/#webpage\",\"url\":\"https:\/\/epssystem.pl\/en\/nowa-oferta\/zasilacze-ups-bezprzerwowe\/ups-leonardo-6-10-kva\/\",\"name\":\"LEONARDO 6 - 10 kVA - EPS System\",\"isPartOf\":{\"@id\":\"https:\/\/epssystem.pl\/#website\"},\"datePublished\":\"2016-08-10T10:32:11+00:00\",\"dateModified\":\"2020-11-20T13:29:12+00:00\",\"description\":\"Zasilacz UPS LEONARDO - idealne po\u0142\u0105czenia funkcjonalno\u015bci i niezawodno\u015bci. \u0141atwa obs\u0142uga, najwy\u017csza jako\u015b\u0107. Sprawd\u017a nasz\u0105 ofert\u0119 \u27a3 epssystem.pl\",\"breadcrumb\":{\"@id\":\"https:\/\/epssystem.pl\/en\/nowa-oferta\/zasilacze-ups-bezprzerwowe\/ups-leonardo-6-10-kva\/#breadcrumb\"},\"inLanguage\":\"uk\",\"potentialAction\":[{\"@type\":\"ReadAction\",\"target\":[\"https:\/\/epssystem.pl\/en\/nowa-oferta\/zasilacze-ups-bezprzerwowe\/ups-leonardo-6-10-kva\/\"]}]},{\"@type\":\"BreadcrumbList\",\"@id\":\"https:\/\/epssystem.pl\/en\/nowa-oferta\/zasilacze-ups-bezprzerwowe\/ups-leonardo-6-10-kva\/#breadcrumb\",\"itemListElement\":[{\"@type\":\"ListItem\",\"position\":1,\"name\":\"Strona g\u0142\u00f3wna\",\"item\":\"https:\/\/epssystem.pl\/\"},{\"@type\":\"ListItem\",\"position\":2,\"name\":\"Oferta\",\"item\":\"https:\/\/epssystem.pl\/nowa-oferta\/\"},{\"@type\":\"ListItem\",\"position\":3,\"name\":\"Zasilacze awaryjne UPS\",\"item\":\"https:\/\/epssystem.pl\/nowa-oferta\/zasilacze-ups-bezprzerwowe\/\"},{\"@type\":\"ListItem\",\"position\":4,\"name\":\"LEONARDO 6 - 10 kVA\"}]}]}<\/script>\n<!-- \/ Yoast SEO plugin. -->","yoast_head_json":{"title":"LEONARDO 6 - 10 kVA - EPS System","description":"Zasilacz UPS LEONARDO - idealne po\u0142\u0105czenia funkcjonalno\u015bci i niezawodno\u015bci. \u0141atwa obs\u0142uga, najwy\u017csza jako\u015b\u0107. Sprawd\u017a nasz\u0105 ofert\u0119 \u27a3 epssystem.pl","robots":{"index":"index","follow":"follow","max-snippet":"max-snippet:-1","max-image-preview":"max-image-preview:large","max-video-preview":"max-video-preview:-1"},"canonical":"https:\/\/epssystem.pl\/en\/nowa-oferta\/zasilacze-ups-bezprzerwowe\/ups-leonardo-6-10-kva\/","og_locale":"uk_UA","og_type":"article","og_title":"LEONARDO 6 - 10 kVA - EPS System","og_description":"Zasilacz UPS LEONARDO - idealne po\u0142\u0105czenia funkcjonalno\u015bci i niezawodno\u015bci. \u0141atwa obs\u0142uga, najwy\u017csza jako\u015b\u0107. Sprawd\u017a nasz\u0105 ofert\u0119 \u27a3 epssystem.pl","og_url":"https:\/\/epssystem.pl\/en\/nowa-oferta\/zasilacze-ups-bezprzerwowe\/ups-leonardo-6-10-kva\/","og_site_name":"EPS System","article_modified_time":"2020-11-20T13:29:12+00:00","twitter_card":"summary","twitter_misc":{"Est. reading time":"3 minutes"},"schema":{"@context":"https:\/\/schema.org","@graph":[{"@type":"WebSite","@id":"https:\/\/epssystem.pl\/#website","url":"https:\/\/epssystem.pl\/","name":"EPS System","description":"Polski producent system\u00f3w zasilania gwarantowanego","potentialAction":[{"@type":"SearchAction","target":{"@type":"EntryPoint","urlTemplate":"https:\/\/epssystem.pl\/?s={search_term_string}"},"query-input":"required name=search_term_string"}],"inLanguage":"uk"},{"@type":"WebPage","@id":"https:\/\/epssystem.pl\/en\/nowa-oferta\/zasilacze-ups-bezprzerwowe\/ups-leonardo-6-10-kva\/#webpage","url":"https:\/\/epssystem.pl\/en\/nowa-oferta\/zasilacze-ups-bezprzerwowe\/ups-leonardo-6-10-kva\/","name":"LEONARDO 6 - 10 kVA - EPS System","isPartOf":{"@id":"https:\/\/epssystem.pl\/#website"},"datePublished":"2016-08-10T10:32:11+00:00","dateModified":"2020-11-20T13:29:12+00:00","description":"Zasilacz UPS LEONARDO - idealne po\u0142\u0105czenia funkcjonalno\u015bci i niezawodno\u015bci. \u0141atwa obs\u0142uga, najwy\u017csza jako\u015b\u0107. Sprawd\u017a nasz\u0105 ofert\u0119 \u27a3 epssystem.pl","breadcrumb":{"@id":"https:\/\/epssystem.pl\/en\/nowa-oferta\/zasilacze-ups-bezprzerwowe\/ups-leonardo-6-10-kva\/#breadcrumb"},"inLanguage":"uk","potentialAction":[{"@type":"ReadAction","target":["https:\/\/epssystem.pl\/en\/nowa-oferta\/zasilacze-ups-bezprzerwowe\/ups-leonardo-6-10-kva\/"]}]},{"@type":"BreadcrumbList","@id":"https:\/\/epssystem.pl\/en\/nowa-oferta\/zasilacze-ups-bezprzerwowe\/ups-leonardo-6-10-kva\/#breadcrumb","itemListElement":[{"@type":"ListItem","position":1,"name":"Strona g\u0142\u00f3wna","item":"https:\/\/epssystem.pl\/"},{"@type":"ListItem","position":2,"name":"Oferta","item":"https:\/\/epssystem.pl\/nowa-oferta\/"},{"@type":"ListItem","position":3,"name":"Zasilacze awaryjne UPS","item":"https:\/\/epssystem.pl\/nowa-oferta\/zasilacze-ups-bezprzerwowe\/"},{"@type":"ListItem","position":4,"name":"LEONARDO 6 - 10 kVA"}]}]}},"_links":{"self":[{"href":"https:\/\/epssystem.pl\/uk\/wp-json\/wp\/v2\/pages\/71666"}],"collection":[{"href":"https:\/\/epssystem.pl\/uk\/wp-json\/wp\/v2\/pages"}],"about":[{"href":"https:\/\/epssystem.pl\/uk\/wp-json\/wp\/v2\/types\/page"}],"author":[{"embeddable":true,"href":"https:\/\/epssystem.pl\/uk\/wp-json\/wp\/v2\/users\/3"}],"replies":[{"embeddable":true,"href":"https:\/\/epssystem.pl\/uk\/wp-json\/wp\/v2\/comments?post=71666"}],"version-history":[{"count":3,"href":"https:\/\/epssystem.pl\/uk\/wp-json\/wp\/v2\/pages\/71666\/revisions"}],"predecessor-version":[{"id":73571,"href":"https:\/\/epssystem.pl\/uk\/wp-json\/wp\/v2\/pages\/71666\/revisions\/73571"}],"up":[{"embeddable":true,"href":"https:\/\/epssystem.pl\/uk\/wp-json\/wp\/v2\/pages\/71061"}],"wp:attachment":[{"href":"https:\/\/epssystem.pl\/uk\/wp-json\/wp\/v2\/media?parent=71666"}],"curies":[{"name":"wp","href":"https:\/\/api.w.org\/{rel}","templated":true}]}}