{"id":71680,"date":"2016-08-10T11:00:34","date_gmt":"2016-08-10T11:00:34","guid":{"rendered":"http:\/\/epssystem.pl\/?page_id=71680"},"modified":"2020-11-20T13:35:41","modified_gmt":"2020-11-20T13:35:41","slug":"ups-b8031b8033-10-20-kva","status":"publish","type":"page","link":"https:\/\/epssystem.pl\/uk\/nowa-oferta\/zasilacze-ups-bezprzerwowe\/ups-b8031b8033-10-20-kva\/","title":{"rendered":"B8031\/B8033 10 &#8211; 20 kVA"},"content":{"rendered":"<p>[vc_row type=&#8221;container&#8221;][vc_column width=&#8221;1\/3&#8243;][vc_single_image image=&#8221;71575&#8243;][vc_single_image image=&#8221;71561&#8243; img_size=&#8221;full&#8221;][\/vc_column][vc_column width=&#8221;1\/3&#8243;][vc_empty_space height=&#8221;100px&#8221;][\/vc_column][vc_column width=&#8221;1\/3&#8243;][vc_column_text]<\/p>\n<h2 style=\"color: #bb1a12; font-size: 30px;\">B8031FXS\u00a0 B8033FXS<\/h2>\n<p>[\/vc_column_text][vc_column_text]<\/p>\n<h3>Zastosowanie:<\/h3>\n<ul>\n<li>serwerownie,<\/li>\n<li>sprz\u0119t TLC<\/li>\n<li>awaryjne systemy<br \/>\nbezpiecze\u0144stwa<\/li>\n<li>automatyka przemys\u0142owa<\/li>\n<\/ul>\n<p>[\/vc_column_text][vc_column_text]<a href=\"http:\/\/epssystem.pl\/karty_katalogowe\/ups\/04. B8031FXS &#038; B8033FXS_web.pdf\"><i class=\" glyphicon glyphicon-save \" style=\"color:#bb1a12; font-size:24px;\"><\/i> Pobierz kart\u0119 PDF<\/a><\/p>\n<p><a href=\"#\"><i class=\" glyphicon glyphicon-envelope \" style=\"color:#bb1a12; font-size:24px;\"><\/i> Wy\u015blij zapytanie ofertowe<\/a>[\/vc_column_text][\/vc_column][\/vc_row][vc_row type=&#8221;container&#8221;][vc_column][vc_column_text]Zasilacz UPS <strong>B8031FXS\/B8033FXS<\/strong> to zaawansowany technologicznie sprz\u0119t cechuj\u0105cy si\u0119 przede wszystkim doskona\u0142ymi mechanizmami kontroli. Zastosowana technologia IGBT i PFC gwarantuj\u0105 osi\u0105gni\u0119cie wsp\u00f3\u0142czynnika mocy wej\u015bciowej na poziomie dostosowanym do idealnej kompatybilno\u015bci ze \u017ar\u00f3d\u0142em. UPS <strong>B8031FXS\/B8033FXS<\/strong> w serwerowni &#8211; cho\u0107 nie tylko jej &#8211; okazuje si\u0119 by\u0107 gwarancj\u0105 niezmiennego dzia\u0142ania. Niezawodno\u015b\u0107 pracy zapewnia podw\u00f3jny uk\u0142ad DSP oraz mikrokontroler. Sama weryfikacja pracy r\u00f3wnoleg\u0142ej oparta zosta\u0142a na mechanizmach, kt\u00f3re zapewniaj\u0105 wysok\u0105 dok\u0142adno\u015b\u0107 podzia\u0142u obci\u0105\u017cenia.<\/p>\n<h2>Du\u017ce mo\u017cliwo\u015bci przy niewielkich kosztach<\/h2>\n<p>U\u017cyta technologia umo\u017cliwia r\u00f3wnoleg\u0142e pod\u0142\u0105czenie do o\u015bmiu jednostek. Inteligentny projekt po\u0142\u0105cze\u0144 systemowych zapewnia \u0142atw\u0105 instalacj\u0119 oraz rozbudow\u0119 o kolejne dodatki bez konieczno\u015bci wy\u0142\u0105czania zasilania. Warto r\u00f3wnie\u017c zwr\u00f3ci\u0107 uwag\u0119 na ulokowanie kluczowych komponent\u00f3w, kt\u00f3re zapewniaj\u0105 bezproblemow\u0105 konserwacj\u0119 urz\u0105dzenia.<\/p>\n<p>Szerokie zestawienie zalet <span style=\"color: #000080;\"><span lang=\"zxx\"><u><a href=\"https:\/\/epssystem.pl\/nowa-oferta\/zasilacze-ups-bezprzerwowe\/\">zasilacza awaryjnego<\/a><\/u><\/span><\/span> UPS <strong>B8031FXS\/B8033FXS<\/strong> \u0142\u0105czy si\u0119 z jego odczuwaln\u0105 mobilno\u015bci\u0105. To lekka konstrukcja o niewielkich wymiarach. UPS wyposa\u017cony zosta\u0142 z rozwi\u0105zania, kt\u00f3re umo\u017cliwiaj\u0105 pe\u0142ne monitorowanie pracy urz\u0105dzenia w spos\u00f3b zdalny. Jednocze\u015bnie sama eksploatacja nie wi\u0105\u017ce si\u0119 z wysokimi kosztami dzi\u0119ki u\u017cyciu trybu ECO odpowiedzialnego za ograniczenie poboru mocy.[\/vc_column_text][vc_column_text]<table width=\"100%\" class=\"table \" style=\"\"><br \/>\n<thead><tr>\n<th>Model<\/th>\n<th>Moc<\/th>\n<th>Moc<\/th>\n<th>Napi\u0119cie wej\u015bciowe <\/th>\n<th>Napi\u0119cie wyj\u015bciowe<\/th>\n<th>Wymiary (WxDxH) <\/th>\n<th>Masa <\/th>\n<\/tr><\/thead>\n<tbody>\n<tr>\n<td>B8031FXS 10<\/td>\n<td>10 kVA <\/td>\n<td>9 kW<\/td>\n<td>400 V (3 fazy)<\/td>\n<td>230 V (1 faza)<\/td>\n<td>450x670x1200 mm <\/td>\n<td>100 kg<\/td>\n<\/tr>\n<tr>\n<td>B8031FXS 15<\/td>\n<td>15 kVA<\/td>\n<td>13,5 kW<\/td>\n<td>400 V (3 fazy)<\/td>\n<td>230 V (1 faza)<\/td>\n<td>450x670x1200 mm<\/td>\n<td>110 kg<\/td>\n<\/tr>\n<tr>\n<td>B8031FXS 20<\/td>\n<td>20 kVA<\/td>\n<td>18 kW<\/td>\n<td>400 V (3 fazy)<\/td>\n<td>230 V (1 faza)<\/td>\n<td>450x670x1200 mm<\/td>\n<td>110 kg<\/td>\n<\/tr>\n<tr>\n<td>B8033FXS 10<\/td>\n<td>10 kVA<\/td>\n<td>9 kW<\/td>\n<td>400 V ( 3 fazy)<\/td>\n<td>400 V (3 fazy)<\/td>\n<td>450x670x1200 mm<\/td>\n<td>100 kg<\/td>\n<\/tr><\/p>\n<tr>\n<td>B8033FXS 15<\/td>\n<td>13,5 kVA<\/td>\n<td>900 kW<\/td>\n<td>400 V ( 3 fazy)<\/td>\n<td>400 V (3 fazy)<\/td>\n<td>450x670x1200 mm<\/td>\n<td>110 kg<\/td>\n<\/tr>\n<p><tr>\n<td>B8033FXS 20<\/td>\n<td>18 kVA<\/td>\n<td>1200 W<\/td>\n<td>400 V ( 3 fazy)<\/td>\n<td>400 V (3 fazy)<\/td>\n<td>450x670x1200 mm<\/td>\n<td>110 kg<\/td>\n<\/tr>\n<\/tbody>\n<\/table>[\/vc_column_text][\/vc_column][\/vc_row][vc_row type=&#8221;container&#8221;][vc_column][\/vc_column][\/vc_row]<\/p>\n","protected":false},"excerpt":{"rendered":"<p>[vc_row type=&#8221;container&#8221;][vc_column width=&#8221;1\/3&#8243;][vc_single_image image=&#8221;71575&#8243;][vc_single_image image=&#8221;71561&#8243; img_size=&#8221;full&#8221;][\/vc_column][vc_column width=&#8221;1\/3&#8243;][vc_empty_space height=&#8221;100px&#8221;][\/vc_column][vc_column width=&#8221;1\/3&#8243;][vc_column_text] B8031FXS\u00a0 B8033FXS [\/vc_column_text][vc_column_text] Zastosowanie: serwerownie, sprz\u0119t TLC awaryjne systemy bezpiecze\u0144stwa automatyka przemys\u0142owa [\/vc_column_text][vc_column_text] Pobierz kart\u0119 PDF Wy\u015blij zapytanie ofertowe[\/vc_column_text][\/vc_column][\/vc_row][vc_row type=&#8221;container&#8221;][vc_column][vc_column_text]Zasilacz UPS B8031FXS\/B8033FXS to zaawansowany technologicznie sprz\u0119t cechuj\u0105cy si\u0119 przede wszystkim doskona\u0142ymi mechanizmami kontroli. Zastosowana technologia IGBT i PFC gwarantuj\u0105 osi\u0105gni\u0119cie wsp\u00f3\u0142czynnika mocy wej\u015bciowej na poziomie dostosowanym [&hellip;]<\/p>\n","protected":false},"author":3,"featured_media":0,"parent":71061,"menu_order":4,"comment_status":"closed","ping_status":"closed","template":"","meta":[],"acf":[],"yoast_head":"<!-- This site is optimized with the Yoast SEO plugin v18.2 - https:\/\/yoast.com\/wordpress\/plugins\/seo\/ -->\n<title>B8031\/B8033 10 - 20 kVA - EPS System<\/title>\n<meta name=\"description\" content=\"Zasilacz awaryjny UPS B8031FXS\/B8033FXS jest zaawansowanym gwarantem niezawodno\u015bci pracy. Sprawd\u017a, ile mo\u017cliwo\u015bci mie\u015bci si\u0119 w niewielkim urz\u0105dzeniu.\" \/>\n<meta name=\"robots\" content=\"index, follow, max-snippet:-1, max-image-preview:large, max-video-preview:-1\" \/>\n<link rel=\"canonical\" href=\"https:\/\/epssystem.pl\/en\/nowa-oferta\/zasilacze-ups-bezprzerwowe\/ups-b8031b8033-10-20-kva\/\" \/>\n<meta property=\"og:locale\" content=\"uk_UA\" \/>\n<meta property=\"og:type\" content=\"article\" \/>\n<meta property=\"og:title\" content=\"B8031\/B8033 10 - 20 kVA - EPS System\" \/>\n<meta property=\"og:description\" content=\"Zasilacz awaryjny UPS B8031FXS\/B8033FXS jest zaawansowanym gwarantem niezawodno\u015bci pracy. Sprawd\u017a, ile mo\u017cliwo\u015bci mie\u015bci si\u0119 w niewielkim urz\u0105dzeniu.\" \/>\n<meta property=\"og:url\" content=\"https:\/\/epssystem.pl\/en\/nowa-oferta\/zasilacze-ups-bezprzerwowe\/ups-b8031b8033-10-20-kva\/\" \/>\n<meta property=\"og:site_name\" content=\"EPS System\" \/>\n<meta property=\"article:modified_time\" content=\"2020-11-20T13:35:41+00:00\" \/>\n<meta name=\"twitter:card\" content=\"summary\" \/>\n<meta name=\"twitter:label1\" content=\"Est. reading time\" \/>\n\t<meta name=\"twitter:data1\" content=\"3 minutes\" \/>\n<script type=\"application\/ld+json\" class=\"yoast-schema-graph\">{\"@context\":\"https:\/\/schema.org\",\"@graph\":[{\"@type\":\"WebSite\",\"@id\":\"https:\/\/epssystem.pl\/#website\",\"url\":\"https:\/\/epssystem.pl\/\",\"name\":\"EPS System\",\"description\":\"Polski producent system\u00f3w zasilania gwarantowanego\",\"potentialAction\":[{\"@type\":\"SearchAction\",\"target\":{\"@type\":\"EntryPoint\",\"urlTemplate\":\"https:\/\/epssystem.pl\/?s={search_term_string}\"},\"query-input\":\"required name=search_term_string\"}],\"inLanguage\":\"uk\"},{\"@type\":\"WebPage\",\"@id\":\"https:\/\/epssystem.pl\/en\/nowa-oferta\/zasilacze-ups-bezprzerwowe\/ups-b8031b8033-10-20-kva\/#webpage\",\"url\":\"https:\/\/epssystem.pl\/en\/nowa-oferta\/zasilacze-ups-bezprzerwowe\/ups-b8031b8033-10-20-kva\/\",\"name\":\"B8031\/B8033 10 - 20 kVA - EPS System\",\"isPartOf\":{\"@id\":\"https:\/\/epssystem.pl\/#website\"},\"datePublished\":\"2016-08-10T11:00:34+00:00\",\"dateModified\":\"2020-11-20T13:35:41+00:00\",\"description\":\"Zasilacz awaryjny UPS B8031FXS\/B8033FXS jest zaawansowanym gwarantem niezawodno\u015bci pracy. Sprawd\u017a, ile mo\u017cliwo\u015bci mie\u015bci si\u0119 w niewielkim urz\u0105dzeniu.\",\"breadcrumb\":{\"@id\":\"https:\/\/epssystem.pl\/en\/nowa-oferta\/zasilacze-ups-bezprzerwowe\/ups-b8031b8033-10-20-kva\/#breadcrumb\"},\"inLanguage\":\"uk\",\"potentialAction\":[{\"@type\":\"ReadAction\",\"target\":[\"https:\/\/epssystem.pl\/en\/nowa-oferta\/zasilacze-ups-bezprzerwowe\/ups-b8031b8033-10-20-kva\/\"]}]},{\"@type\":\"BreadcrumbList\",\"@id\":\"https:\/\/epssystem.pl\/en\/nowa-oferta\/zasilacze-ups-bezprzerwowe\/ups-b8031b8033-10-20-kva\/#breadcrumb\",\"itemListElement\":[{\"@type\":\"ListItem\",\"position\":1,\"name\":\"Strona g\u0142\u00f3wna\",\"item\":\"https:\/\/epssystem.pl\/\"},{\"@type\":\"ListItem\",\"position\":2,\"name\":\"Oferta\",\"item\":\"https:\/\/epssystem.pl\/nowa-oferta\/\"},{\"@type\":\"ListItem\",\"position\":3,\"name\":\"Zasilacze awaryjne UPS\",\"item\":\"https:\/\/epssystem.pl\/nowa-oferta\/zasilacze-ups-bezprzerwowe\/\"},{\"@type\":\"ListItem\",\"position\":4,\"name\":\"B8031\/B8033 10 - 20 kVA\"}]}]}<\/script>\n<!-- \/ Yoast SEO plugin. -->","yoast_head_json":{"title":"B8031\/B8033 10 - 20 kVA - EPS System","description":"Zasilacz awaryjny UPS B8031FXS\/B8033FXS jest zaawansowanym gwarantem niezawodno\u015bci pracy. Sprawd\u017a, ile mo\u017cliwo\u015bci mie\u015bci si\u0119 w niewielkim urz\u0105dzeniu.","robots":{"index":"index","follow":"follow","max-snippet":"max-snippet:-1","max-image-preview":"max-image-preview:large","max-video-preview":"max-video-preview:-1"},"canonical":"https:\/\/epssystem.pl\/en\/nowa-oferta\/zasilacze-ups-bezprzerwowe\/ups-b8031b8033-10-20-kva\/","og_locale":"uk_UA","og_type":"article","og_title":"B8031\/B8033 10 - 20 kVA - EPS System","og_description":"Zasilacz awaryjny UPS B8031FXS\/B8033FXS jest zaawansowanym gwarantem niezawodno\u015bci pracy. Sprawd\u017a, ile mo\u017cliwo\u015bci mie\u015bci si\u0119 w niewielkim urz\u0105dzeniu.","og_url":"https:\/\/epssystem.pl\/en\/nowa-oferta\/zasilacze-ups-bezprzerwowe\/ups-b8031b8033-10-20-kva\/","og_site_name":"EPS System","article_modified_time":"2020-11-20T13:35:41+00:00","twitter_card":"summary","twitter_misc":{"Est. reading time":"3 minutes"},"schema":{"@context":"https:\/\/schema.org","@graph":[{"@type":"WebSite","@id":"https:\/\/epssystem.pl\/#website","url":"https:\/\/epssystem.pl\/","name":"EPS System","description":"Polski producent system\u00f3w zasilania gwarantowanego","potentialAction":[{"@type":"SearchAction","target":{"@type":"EntryPoint","urlTemplate":"https:\/\/epssystem.pl\/?s={search_term_string}"},"query-input":"required name=search_term_string"}],"inLanguage":"uk"},{"@type":"WebPage","@id":"https:\/\/epssystem.pl\/en\/nowa-oferta\/zasilacze-ups-bezprzerwowe\/ups-b8031b8033-10-20-kva\/#webpage","url":"https:\/\/epssystem.pl\/en\/nowa-oferta\/zasilacze-ups-bezprzerwowe\/ups-b8031b8033-10-20-kva\/","name":"B8031\/B8033 10 - 20 kVA - EPS System","isPartOf":{"@id":"https:\/\/epssystem.pl\/#website"},"datePublished":"2016-08-10T11:00:34+00:00","dateModified":"2020-11-20T13:35:41+00:00","description":"Zasilacz awaryjny UPS B8031FXS\/B8033FXS jest zaawansowanym gwarantem niezawodno\u015bci pracy. Sprawd\u017a, ile mo\u017cliwo\u015bci mie\u015bci si\u0119 w niewielkim urz\u0105dzeniu.","breadcrumb":{"@id":"https:\/\/epssystem.pl\/en\/nowa-oferta\/zasilacze-ups-bezprzerwowe\/ups-b8031b8033-10-20-kva\/#breadcrumb"},"inLanguage":"uk","potentialAction":[{"@type":"ReadAction","target":["https:\/\/epssystem.pl\/en\/nowa-oferta\/zasilacze-ups-bezprzerwowe\/ups-b8031b8033-10-20-kva\/"]}]},{"@type":"BreadcrumbList","@id":"https:\/\/epssystem.pl\/en\/nowa-oferta\/zasilacze-ups-bezprzerwowe\/ups-b8031b8033-10-20-kva\/#breadcrumb","itemListElement":[{"@type":"ListItem","position":1,"name":"Strona g\u0142\u00f3wna","item":"https:\/\/epssystem.pl\/"},{"@type":"ListItem","position":2,"name":"Oferta","item":"https:\/\/epssystem.pl\/nowa-oferta\/"},{"@type":"ListItem","position":3,"name":"Zasilacze awaryjne UPS","item":"https:\/\/epssystem.pl\/nowa-oferta\/zasilacze-ups-bezprzerwowe\/"},{"@type":"ListItem","position":4,"name":"B8031\/B8033 10 - 20 kVA"}]}]}},"_links":{"self":[{"href":"https:\/\/epssystem.pl\/uk\/wp-json\/wp\/v2\/pages\/71680"}],"collection":[{"href":"https:\/\/epssystem.pl\/uk\/wp-json\/wp\/v2\/pages"}],"about":[{"href":"https:\/\/epssystem.pl\/uk\/wp-json\/wp\/v2\/types\/page"}],"author":[{"embeddable":true,"href":"https:\/\/epssystem.pl\/uk\/wp-json\/wp\/v2\/users\/3"}],"replies":[{"embeddable":true,"href":"https:\/\/epssystem.pl\/uk\/wp-json\/wp\/v2\/comments?post=71680"}],"version-history":[{"count":1,"href":"https:\/\/epssystem.pl\/uk\/wp-json\/wp\/v2\/pages\/71680\/revisions"}],"predecessor-version":[{"id":73572,"href":"https:\/\/epssystem.pl\/uk\/wp-json\/wp\/v2\/pages\/71680\/revisions\/73572"}],"up":[{"embeddable":true,"href":"https:\/\/epssystem.pl\/uk\/wp-json\/wp\/v2\/pages\/71061"}],"wp:attachment":[{"href":"https:\/\/epssystem.pl\/uk\/wp-json\/wp\/v2\/media?parent=71680"}],"curies":[{"name":"wp","href":"https:\/\/api.w.org\/{rel}","templated":true}]}}