{"id":71689,"date":"2016-08-10T11:30:45","date_gmt":"2016-08-10T11:30:45","guid":{"rendered":"http:\/\/epssystem.pl\/?page_id=71689"},"modified":"2020-11-20T13:41:29","modified_gmt":"2020-11-20T13:41:29","slug":"ups-ingenio-30-50-kva","status":"publish","type":"page","link":"https:\/\/epssystem.pl\/uk\/nowa-oferta\/zasilacze-ups-bezprzerwowe\/ups-ingenio-30-50-kva\/","title":{"rendered":"INGENIO COMPACT 10 &#8211; 20 kVA"},"content":{"rendered":"<p>[vc_row type=&#8221;container&#8221;][vc_column width=&#8221;1\/3&#8243;][vc_single_image image=&#8221;71575&#8243;][vc_single_image image=&#8221;72940&#8243; img_size=&#8221;full&#8221;][\/vc_column][vc_column width=&#8221;1\/3&#8243;][vc_empty_space height=&#8221;100px&#8221;][\/vc_column][vc_column width=&#8221;1\/3&#8243;][vc_column_text]<\/p>\n<h2 style=\"color: #bb1a12; font-size: 30px;\">INGENIO COMPACT<\/h2>\n<p>[\/vc_column_text][vc_column_text]<\/p>\n<h3>Zastosowanie:<\/h3>\n<ul>\n<li>centra przetwarzania danych<\/li>\n<li>zautomatyzowane procesy<\/li>\n<li>sektor us\u0142ug<\/li>\n<\/ul>\n<p>[\/vc_column_text][vc_column_text]<a href=\"http:\/\/epssystem.pl\/karty_katalogowe\/ups\/05.%20INGENIO%20COMPACT_web.pdf\"><i class=\" glyphicon glyphicon-save \" style=\"color:#bb1a12; font-size:24px;\"><\/i> Pobierz kart\u0119 PDF<\/a><\/p>\n<p><a href=\"#\"><i class=\" glyphicon glyphicon-envelope \" style=\"color:#bb1a12; font-size:24px;\"><\/i> Wy\u015blij zapytanie ofertowe<\/a>[\/vc_column_text][\/vc_column][\/vc_row][vc_row type=&#8221;container&#8221;][vc_column][vc_column_text]Zasilacz UPS\u00a0<strong>INGENIO COMPACT<\/strong> to po\u0142\u0105czenie wysokiej funkcjonalno\u015bci oraz zaskakuj\u0105co niewielkich wymiar\u00f3w. W efekcie stanowi doskona\u0142e rozwi\u0105zanie dla serwerowni. W\u0142a\u015bciwo\u015bci techniczne sprawiaj\u0105, \u017ce zasilacz\u00a0<strong>INGENIO COMPACT<\/strong> sprawdzi si\u0119 m.in. w zastosowaniu uk\u0142ad\u00f3w automatyki przemys\u0142owej, systemach awaryjnych czy rozbudowanych mechanizmach bezpiecze\u0144stwa.<\/p>\n<p>Uwag\u0119 zwracaj\u0105 innowacyjne rozwi\u0105zania konstrukcyjne. To m.in. mo\u017cliwo\u015b\u0107 szybkiej instalacji &#8211; mechanizm usprawniaj\u0105cy monta\u017c i demonta\u017c urz\u0105dzenia. Konserwacja zasilacza <strong>INGENIO COMPACT<\/strong> jest u\u0142atwiona dzi\u0119ki wyjmowanemu podajnikowi, co przek\u0142ada si\u0119 na skuteczniejsz\u0105 i \u0142atwiejsz\u0105 konserwacj\u0119 jednego z kluczowych element\u00f3w &#8211; baterii.<\/p>\n<h2>Zasilacz awaryjny o pe\u0142nej kontroli<\/h2>\n<p>Podstawowe zadanie <span lang=\"zxx\"><u><a href=\"https:\/\/epssystem.pl\/nowa-oferta\/zasilacze-ups-bezprzerwowe\/\">ups &#8211; podtrzymanie<\/a><\/u><\/span> &#8211; gwarantuje zgodne wsp\u00f3\u0142dzia\u0142anie kilku rozwi\u0105za\u0144. Szeroki zakres napi\u0119cia wej\u015bciowego, konfiguracji baterii czy kontrola pracy poszczeg\u00f3lnych jednostek zapewniaj\u0105 wysok\u0105 dok\u0142adno\u015b\u0107 podzia\u0142u obci\u0105\u017cenia przez UPS. W efekcie zasilacz z serii <strong>INGENIO<\/strong> jest kompleksowym urz\u0105dzeniem do podtrzymania zasilania oraz gwarantem niezmienno\u015bci w przypadku niespodziewanych problem\u00f3w. Zapraszamy do zapoznania si\u0119 z nasz\u0105 ofert\u0105 zasilaczy![\/vc_column_text][\/vc_column][\/vc_row][vc_row type=&#8221;container&#8221;][vc_column][vc_column_text]<table width=\"100%\" class=\"table \" style=\"\"><br \/>\n<thead><tr>\n<th>Model<\/th>\n<th>Moc<\/th>\n<th>Moc<\/th>\n<th>Napi\u0119cie wej\u015bciowe <\/th>\n<th>Napi\u0119cie wyj\u015bciowe<\/th>\n<th>Wymiary (WxDxH) <\/th>\n<th>Masa <\/th>\n<\/tr><\/thead>\n<tbody>\n<tr>\n<td>INGENIO COMPACT 20<\/td>\n<td>10 kVA <\/td>\n<td>10 kW<\/td>\n<td>400 V (3 fazy)<\/td>\n<td>400 V (3 fazy)<\/td>\n<td>440x800x800 mm <\/td>\n<td>75 kg<\/td>\n<\/tr>\n<tr>\n<td>INGENIO COMPACT 20<\/td>\n<td>20 kVA <\/td>\n<td>20 kW<\/td>\n<td>400 V (3 fazy)<\/td>\n<td>400 V (3 fazy)<\/td>\n<td>440x800x800 mm <\/td>\n<td>76 kg<\/td>\n<\/tr><\/p>\n<p><\/tbody>\n<\/table>[\/vc_column_text][\/vc_column][\/vc_row]<\/p>\n","protected":false},"excerpt":{"rendered":"<p>[vc_row type=&#8221;container&#8221;][vc_column width=&#8221;1\/3&#8243;][vc_single_image image=&#8221;71575&#8243;][vc_single_image image=&#8221;72940&#8243; img_size=&#8221;full&#8221;][\/vc_column][vc_column width=&#8221;1\/3&#8243;][vc_empty_space height=&#8221;100px&#8221;][\/vc_column][vc_column width=&#8221;1\/3&#8243;][vc_column_text] INGENIO COMPACT [\/vc_column_text][vc_column_text] Zastosowanie: centra przetwarzania danych zautomatyzowane procesy sektor us\u0142ug [\/vc_column_text][vc_column_text] Pobierz kart\u0119 PDF Wy\u015blij zapytanie ofertowe[\/vc_column_text][\/vc_column][\/vc_row][vc_row type=&#8221;container&#8221;][vc_column][vc_column_text]Zasilacz UPS\u00a0INGENIO COMPACT to po\u0142\u0105czenie wysokiej funkcjonalno\u015bci oraz zaskakuj\u0105co niewielkich wymiar\u00f3w. W efekcie stanowi doskona\u0142e rozwi\u0105zanie dla serwerowni. W\u0142a\u015bciwo\u015bci techniczne sprawiaj\u0105, \u017ce zasilacz\u00a0INGENIO COMPACT sprawdzi si\u0119 m.in. w [&hellip;]<\/p>\n","protected":false},"author":3,"featured_media":0,"parent":71061,"menu_order":5,"comment_status":"closed","ping_status":"closed","template":"","meta":[],"acf":[],"yoast_head":"<!-- This site is optimized with the Yoast SEO plugin v18.2 - https:\/\/yoast.com\/wordpress\/plugins\/seo\/ -->\n<title>INGENIO COMPACT 10 - 20 kVA - EPS System<\/title>\n<meta name=\"description\" content=\"Zasilacz bezprzerwowy UPS INGENIO COMPACT 30-50 kVa to po\u0142\u0105czenie funkcjonalno\u015bci i bezpiecze\u0144stwa. Sprawd\u017a! \u27a3 epssystem.pl\" \/>\n<meta name=\"robots\" content=\"index, follow, max-snippet:-1, max-image-preview:large, max-video-preview:-1\" \/>\n<link rel=\"canonical\" href=\"https:\/\/epssystem.pl\/en\/nowa-oferta\/zasilacze-ups-bezprzerwowe\/ups-ingenio-30-50-kva\/\" \/>\n<meta property=\"og:locale\" content=\"uk_UA\" \/>\n<meta property=\"og:type\" content=\"article\" \/>\n<meta property=\"og:title\" content=\"INGENIO COMPACT 10 - 20 kVA - EPS System\" \/>\n<meta property=\"og:description\" content=\"Zasilacz bezprzerwowy UPS INGENIO COMPACT 30-50 kVa to po\u0142\u0105czenie funkcjonalno\u015bci i bezpiecze\u0144stwa. Sprawd\u017a! \u27a3 epssystem.pl\" \/>\n<meta property=\"og:url\" content=\"https:\/\/epssystem.pl\/en\/nowa-oferta\/zasilacze-ups-bezprzerwowe\/ups-ingenio-30-50-kva\/\" \/>\n<meta property=\"og:site_name\" content=\"EPS System\" \/>\n<meta property=\"article:modified_time\" content=\"2020-11-20T13:41:29+00:00\" \/>\n<meta name=\"twitter:card\" content=\"summary\" \/>\n<meta name=\"twitter:label1\" content=\"Est. reading time\" \/>\n\t<meta name=\"twitter:data1\" content=\"2 minutes\" \/>\n<script type=\"application\/ld+json\" class=\"yoast-schema-graph\">{\"@context\":\"https:\/\/schema.org\",\"@graph\":[{\"@type\":\"WebSite\",\"@id\":\"https:\/\/epssystem.pl\/#website\",\"url\":\"https:\/\/epssystem.pl\/\",\"name\":\"EPS System\",\"description\":\"Polski producent system\u00f3w zasilania gwarantowanego\",\"potentialAction\":[{\"@type\":\"SearchAction\",\"target\":{\"@type\":\"EntryPoint\",\"urlTemplate\":\"https:\/\/epssystem.pl\/?s={search_term_string}\"},\"query-input\":\"required name=search_term_string\"}],\"inLanguage\":\"uk\"},{\"@type\":\"WebPage\",\"@id\":\"https:\/\/epssystem.pl\/en\/nowa-oferta\/zasilacze-ups-bezprzerwowe\/ups-ingenio-30-50-kva\/#webpage\",\"url\":\"https:\/\/epssystem.pl\/en\/nowa-oferta\/zasilacze-ups-bezprzerwowe\/ups-ingenio-30-50-kva\/\",\"name\":\"INGENIO COMPACT 10 - 20 kVA - EPS System\",\"isPartOf\":{\"@id\":\"https:\/\/epssystem.pl\/#website\"},\"datePublished\":\"2016-08-10T11:30:45+00:00\",\"dateModified\":\"2020-11-20T13:41:29+00:00\",\"description\":\"Zasilacz bezprzerwowy UPS INGENIO COMPACT 30-50 kVa to po\u0142\u0105czenie funkcjonalno\u015bci i bezpiecze\u0144stwa. Sprawd\u017a! \u27a3 epssystem.pl\",\"breadcrumb\":{\"@id\":\"https:\/\/epssystem.pl\/en\/nowa-oferta\/zasilacze-ups-bezprzerwowe\/ups-ingenio-30-50-kva\/#breadcrumb\"},\"inLanguage\":\"uk\",\"potentialAction\":[{\"@type\":\"ReadAction\",\"target\":[\"https:\/\/epssystem.pl\/en\/nowa-oferta\/zasilacze-ups-bezprzerwowe\/ups-ingenio-30-50-kva\/\"]}]},{\"@type\":\"BreadcrumbList\",\"@id\":\"https:\/\/epssystem.pl\/en\/nowa-oferta\/zasilacze-ups-bezprzerwowe\/ups-ingenio-30-50-kva\/#breadcrumb\",\"itemListElement\":[{\"@type\":\"ListItem\",\"position\":1,\"name\":\"Strona g\u0142\u00f3wna\",\"item\":\"https:\/\/epssystem.pl\/\"},{\"@type\":\"ListItem\",\"position\":2,\"name\":\"Oferta\",\"item\":\"https:\/\/epssystem.pl\/nowa-oferta\/\"},{\"@type\":\"ListItem\",\"position\":3,\"name\":\"Zasilacze awaryjne UPS\",\"item\":\"https:\/\/epssystem.pl\/nowa-oferta\/zasilacze-ups-bezprzerwowe\/\"},{\"@type\":\"ListItem\",\"position\":4,\"name\":\"INGENIO COMPACT 10 - 20 kVA\"}]}]}<\/script>\n<!-- \/ Yoast SEO plugin. -->","yoast_head_json":{"title":"INGENIO COMPACT 10 - 20 kVA - EPS System","description":"Zasilacz bezprzerwowy UPS INGENIO COMPACT 30-50 kVa to po\u0142\u0105czenie funkcjonalno\u015bci i bezpiecze\u0144stwa. Sprawd\u017a! \u27a3 epssystem.pl","robots":{"index":"index","follow":"follow","max-snippet":"max-snippet:-1","max-image-preview":"max-image-preview:large","max-video-preview":"max-video-preview:-1"},"canonical":"https:\/\/epssystem.pl\/en\/nowa-oferta\/zasilacze-ups-bezprzerwowe\/ups-ingenio-30-50-kva\/","og_locale":"uk_UA","og_type":"article","og_title":"INGENIO COMPACT 10 - 20 kVA - EPS System","og_description":"Zasilacz bezprzerwowy UPS INGENIO COMPACT 30-50 kVa to po\u0142\u0105czenie funkcjonalno\u015bci i bezpiecze\u0144stwa. Sprawd\u017a! \u27a3 epssystem.pl","og_url":"https:\/\/epssystem.pl\/en\/nowa-oferta\/zasilacze-ups-bezprzerwowe\/ups-ingenio-30-50-kva\/","og_site_name":"EPS System","article_modified_time":"2020-11-20T13:41:29+00:00","twitter_card":"summary","twitter_misc":{"Est. reading time":"2 minutes"},"schema":{"@context":"https:\/\/schema.org","@graph":[{"@type":"WebSite","@id":"https:\/\/epssystem.pl\/#website","url":"https:\/\/epssystem.pl\/","name":"EPS System","description":"Polski producent system\u00f3w zasilania gwarantowanego","potentialAction":[{"@type":"SearchAction","target":{"@type":"EntryPoint","urlTemplate":"https:\/\/epssystem.pl\/?s={search_term_string}"},"query-input":"required name=search_term_string"}],"inLanguage":"uk"},{"@type":"WebPage","@id":"https:\/\/epssystem.pl\/en\/nowa-oferta\/zasilacze-ups-bezprzerwowe\/ups-ingenio-30-50-kva\/#webpage","url":"https:\/\/epssystem.pl\/en\/nowa-oferta\/zasilacze-ups-bezprzerwowe\/ups-ingenio-30-50-kva\/","name":"INGENIO COMPACT 10 - 20 kVA - EPS System","isPartOf":{"@id":"https:\/\/epssystem.pl\/#website"},"datePublished":"2016-08-10T11:30:45+00:00","dateModified":"2020-11-20T13:41:29+00:00","description":"Zasilacz bezprzerwowy UPS INGENIO COMPACT 30-50 kVa to po\u0142\u0105czenie funkcjonalno\u015bci i bezpiecze\u0144stwa. Sprawd\u017a! \u27a3 epssystem.pl","breadcrumb":{"@id":"https:\/\/epssystem.pl\/en\/nowa-oferta\/zasilacze-ups-bezprzerwowe\/ups-ingenio-30-50-kva\/#breadcrumb"},"inLanguage":"uk","potentialAction":[{"@type":"ReadAction","target":["https:\/\/epssystem.pl\/en\/nowa-oferta\/zasilacze-ups-bezprzerwowe\/ups-ingenio-30-50-kva\/"]}]},{"@type":"BreadcrumbList","@id":"https:\/\/epssystem.pl\/en\/nowa-oferta\/zasilacze-ups-bezprzerwowe\/ups-ingenio-30-50-kva\/#breadcrumb","itemListElement":[{"@type":"ListItem","position":1,"name":"Strona g\u0142\u00f3wna","item":"https:\/\/epssystem.pl\/"},{"@type":"ListItem","position":2,"name":"Oferta","item":"https:\/\/epssystem.pl\/nowa-oferta\/"},{"@type":"ListItem","position":3,"name":"Zasilacze awaryjne UPS","item":"https:\/\/epssystem.pl\/nowa-oferta\/zasilacze-ups-bezprzerwowe\/"},{"@type":"ListItem","position":4,"name":"INGENIO COMPACT 10 - 20 kVA"}]}]}},"_links":{"self":[{"href":"https:\/\/epssystem.pl\/uk\/wp-json\/wp\/v2\/pages\/71689"}],"collection":[{"href":"https:\/\/epssystem.pl\/uk\/wp-json\/wp\/v2\/pages"}],"about":[{"href":"https:\/\/epssystem.pl\/uk\/wp-json\/wp\/v2\/types\/page"}],"author":[{"embeddable":true,"href":"https:\/\/epssystem.pl\/uk\/wp-json\/wp\/v2\/users\/3"}],"replies":[{"embeddable":true,"href":"https:\/\/epssystem.pl\/uk\/wp-json\/wp\/v2\/comments?post=71689"}],"version-history":[{"count":2,"href":"https:\/\/epssystem.pl\/uk\/wp-json\/wp\/v2\/pages\/71689\/revisions"}],"predecessor-version":[{"id":73574,"href":"https:\/\/epssystem.pl\/uk\/wp-json\/wp\/v2\/pages\/71689\/revisions\/73574"}],"up":[{"embeddable":true,"href":"https:\/\/epssystem.pl\/uk\/wp-json\/wp\/v2\/pages\/71061"}],"wp:attachment":[{"href":"https:\/\/epssystem.pl\/uk\/wp-json\/wp\/v2\/media?parent=71689"}],"curies":[{"name":"wp","href":"https:\/\/api.w.org\/{rel}","templated":true}]}}