{"id":71696,"date":"2016-08-10T11:44:08","date_gmt":"2016-08-10T11:44:08","guid":{"rendered":"http:\/\/epssystem.pl\/?page_id=71696"},"modified":"2020-11-20T13:48:08","modified_gmt":"2020-11-20T13:48:08","slug":"ingenio-plus-30-160-kva","status":"publish","type":"page","link":"https:\/\/epssystem.pl\/uk\/nowa-oferta\/zasilacze-ups-bezprzerwowe\/ingenio-plus-30-160-kva\/","title":{"rendered":"INGENIO PLUS 30-160 kVA"},"content":{"rendered":"<p>[vc_row type=&#8221;container&#8221;][vc_column width=&#8221;1\/3&#8243;][vc_single_image image=&#8221;71575&#8243;][vc_single_image image=&#8221;72941&#8243; img_size=&#8221;full&#8221;][\/vc_column][vc_column width=&#8221;1\/3&#8243;][vc_empty_space height=&#8221;110px&#8221;][\/vc_column][vc_column width=&#8221;1\/3&#8243;][vc_column_text]<\/p>\n<h2 style=\"color: #bb1a12; font-size: 30px;\">INGENIO PLUS<\/h2>\n<p>[\/vc_column_text][vc_column_text]<\/p>\n<h3>Zastosowanie:<\/h3>\n<ul>\n<li>centra przetwarzania danych<\/li>\n<li>zautomatyzowane procesy<\/li>\n<li>sektor us\u0142ug<\/li>\n<\/ul>\n<p>[\/vc_column_text][vc_column_text]<a href=\"http:\/\/epssystem.pl\/karty_katalogowe\/ups\/BORRI_INGENIO_PLUS_2019.pdf\"><i class=\" glyphicon glyphicon-save \" style=\"color:#bb1a12; font-size:24px;\"><\/i> Pobierz kart\u0119 PDF<\/a><\/p>\n<p><a href=\"#\"><i class=\" glyphicon glyphicon-envelope \" style=\"color:#bb1a12; font-size:24px;\"><\/i> Wy\u015blij zapytanie ofertowe<\/a>[\/vc_column_text][\/vc_column][\/vc_row][vc_row type=&#8221;container&#8221;][vc_column][vc_column_text]<\/p>\n<p>Dla wielu firm uszkodzenie sieci energetycznej mo\u017ce mie\u0107 powa\u017cne konsekwencje, takie jak zahamowanie pracy urz\u0105dze\u0144 produkcyjnych. Aby nie martwi\u0107 si\u0119 w przypadku zewn\u0119trznej usterki, warto zakupi\u0107 zasilacz awaryjny <strong>INGENIO PLUS<\/strong>. Urz\u0105dzenie umo\u017cliwi podtrzymanie dostarczania energii elektrycznej, nawet podczas kilkugodzinnych awarii. Co sprawia, \u017ce tak wiele os\u00f3b decyduje si\u0119 na zakup tego modelu?<\/p>\n<h2>Wysoka wydajno\u015b\u0107, kr\u00f3tkie \u0142adowanie<\/h2>\n<p>Przede wszystkim, <span lang=\"zxx\"><u><a href=\"https:\/\/epssystem.pl\/nowa-oferta\/zasilacze-ups-bezprzerwowe\/\">zasilanie awaryjne<\/a><\/u><\/span> powinno mie\u0107 moc dostosowan\u0105 do potrzeb przedsi\u0119biorstwa. Zasilacz UPS <strong>INGENIO PLUS<\/strong> wyst\u0119puje w wielu wersjach, dzi\u0119ki czemu ka\u017cdy mo\u017ce wybra\u0107 urz\u0105dzenie odpowiednie dla swojej dzia\u0142alno\u015bci. Co wa\u017cne, seria INGENIO charakteryzuje si\u0119 wysok\u0105 wydajno\u015bci\u0105, dlatego te\u017c mo\u017ce by\u0107 wykorzystywana nie tylko w ma\u0142ych, ale tak\u017ce w \u015brednich centrach przetwarzania danych. Ogromnym atutem oferowanego zasilacza UPS jest kr\u00f3tki czas \u0142adowania, a tak\u017ce niskie koszty ca\u0142kowite. Poza tym warto wspomnie\u0107, i\u017c urz\u0105dzenie posiada wbudowan\u0105 bateri\u0119 o d\u0142ugim okresie \u017cywotno\u015bci, co \u015bwietnie sprawdzi si\u0119 w firmach z sektora us\u0142ug.<\/p>\n<p>[\/vc_column_text][\/vc_column][\/vc_row][vc_row type=&#8221;container&#8221;][vc_column][vc_column_text]<table width=\"100%\" class=\"table \" style=\"\"><br \/><thead><tr><th>Model<\/th><th>Moc<\/th><th>Moc<\/th><th>Napi\u0119cie wej\u015bciowe <\/th><th>Napi\u0119cie wyj\u015bciowe<\/th><th>Wymiary (WxDxH) <\/th><th>Masa <\/th><\/tr><\/thead><tbody><\/p>\n<tr><td>INGENIO PLUS 30<\/td><td>30 kVA <\/td><td>30 kW<\/td><td>400 V (3 fazy)<\/td><td>400 V (3 fazy)<\/td><td>460x650x1230 mm <\/td><td>120 kg<\/td><\/tr>\n<tr><td>INGENIO PLUS 40<\/td><td>40 kVA <\/td><td>40 kW<\/td><td>400 V (3 fazy)<\/td><td>400 V (3 fazy)<\/td><td>460x650x1230 mm <\/td><td>140 kg<\/td><\/tr>\n<tr><td>INGENIO PLUS 60<\/td><td>60 kVA <\/td><td>60 kW<\/td><td>400 V (3 fazy)<\/td><td>400 V (3 fazy)<\/td><td>560x940x1800 mm <\/td><td>250 kg<\/td><\/tr>\n<p><tr><td>INGENIO PLUS 60<\/td><td>60 kVA <\/td><td>60 kW<\/td><td>400 V (3 fazy)<\/td><td>400 V (3 fazy)<\/td><td>560x940x1800 mm <\/td><td>250 kg<\/td><\/tr><tr><td>INGENIO PLUS 80<\/td><td>80 kVA <\/td><td>80 kW<\/td><td>400 V (3 fazy)<\/td><td>400 V (3 fazy)<\/td><td>560x940x1800 mm <\/td><td>300 kg<\/td><\/tr><tr><td>INGENIO PLUS 125<\/td><td>125 kVA <\/td><td>125 kW<\/td><td>400 V (3 fazy)<\/td><td>400 V (3 fazy)<\/td><td>560x940x1800 mm <\/td><td>360 kg<\/td><tr><\/tr><td>INGENIO PLUS 160<\/td><td>160 kVA <\/td><td>160 kW<\/td><td>400 V (3 fazy)<\/td><td>400 V (3 fazy)<\/td><td>560x940x1800 mm <\/td><td>380 kg<\/td><\/tr><\/p>\n<p><\/tbody><\/table>[\/vc_column_text][\/vc_column][\/vc_row]<\/p>\n","protected":false},"excerpt":{"rendered":"<p>[vc_row type=&#8221;container&#8221;][vc_column width=&#8221;1\/3&#8243;][vc_single_image image=&#8221;71575&#8243;][vc_single_image image=&#8221;72941&#8243; img_size=&#8221;full&#8221;][\/vc_column][vc_column width=&#8221;1\/3&#8243;][vc_empty_space height=&#8221;110px&#8221;][\/vc_column][vc_column width=&#8221;1\/3&#8243;][vc_column_text] INGENIO PLUS [\/vc_column_text][vc_column_text] Zastosowanie: centra przetwarzania danych zautomatyzowane procesy sektor us\u0142ug [\/vc_column_text][vc_column_text] Pobierz kart\u0119 PDF Wy\u015blij zapytanie ofertowe[\/vc_column_text][\/vc_column][\/vc_row][vc_row type=&#8221;container&#8221;][vc_column][vc_column_text] Dla wielu firm uszkodzenie sieci energetycznej mo\u017ce mie\u0107 powa\u017cne konsekwencje, takie jak zahamowanie pracy urz\u0105dze\u0144 produkcyjnych. Aby nie martwi\u0107 si\u0119 w przypadku zewn\u0119trznej usterki, warto zakupi\u0107 zasilacz [&hellip;]<\/p>\n","protected":false},"author":3,"featured_media":0,"parent":71061,"menu_order":6,"comment_status":"closed","ping_status":"closed","template":"","meta":[],"acf":[],"yoast_head":"<!-- This site is optimized with the Yoast SEO plugin v18.2 - https:\/\/yoast.com\/wordpress\/plugins\/seo\/ -->\n<title>INGENIO PLUS 30-160 kVA - EPS System<\/title>\n<meta name=\"description\" content=\"Zasilacz awaryjny INGENIO PLUS - bardzo wysoka wydajno\u015b\u0107, sprawno\u015b\u0107 i niskie zu\u017cycie energii. Sprawd\u017a ofert\u0119 niezawodnych zasilaczy \u27a3 epssystem.pl\" \/>\n<meta name=\"robots\" content=\"index, follow, max-snippet:-1, max-image-preview:large, max-video-preview:-1\" \/>\n<link rel=\"canonical\" href=\"https:\/\/epssystem.pl\/en\/nowa-oferta\/zasilacze-ups-bezprzerwowe\/ingenio-plus-30-160-kva\/\" \/>\n<meta property=\"og:locale\" content=\"uk_UA\" \/>\n<meta property=\"og:type\" content=\"article\" \/>\n<meta property=\"og:title\" content=\"INGENIO PLUS 30-160 kVA - EPS System\" \/>\n<meta property=\"og:description\" content=\"Zasilacz awaryjny INGENIO PLUS - bardzo wysoka wydajno\u015b\u0107, sprawno\u015b\u0107 i niskie zu\u017cycie energii. Sprawd\u017a ofert\u0119 niezawodnych zasilaczy \u27a3 epssystem.pl\" \/>\n<meta property=\"og:url\" content=\"https:\/\/epssystem.pl\/en\/nowa-oferta\/zasilacze-ups-bezprzerwowe\/ingenio-plus-30-160-kva\/\" \/>\n<meta property=\"og:site_name\" content=\"EPS System\" \/>\n<meta property=\"article:modified_time\" content=\"2020-11-20T13:48:08+00:00\" \/>\n<meta name=\"twitter:card\" content=\"summary\" \/>\n<meta name=\"twitter:label1\" content=\"Est. reading time\" \/>\n\t<meta name=\"twitter:data1\" content=\"3 minutes\" \/>\n<script type=\"application\/ld+json\" class=\"yoast-schema-graph\">{\"@context\":\"https:\/\/schema.org\",\"@graph\":[{\"@type\":\"WebSite\",\"@id\":\"https:\/\/epssystem.pl\/#website\",\"url\":\"https:\/\/epssystem.pl\/\",\"name\":\"EPS System\",\"description\":\"Polski producent system\u00f3w zasilania gwarantowanego\",\"potentialAction\":[{\"@type\":\"SearchAction\",\"target\":{\"@type\":\"EntryPoint\",\"urlTemplate\":\"https:\/\/epssystem.pl\/?s={search_term_string}\"},\"query-input\":\"required name=search_term_string\"}],\"inLanguage\":\"uk\"},{\"@type\":\"WebPage\",\"@id\":\"https:\/\/epssystem.pl\/en\/nowa-oferta\/zasilacze-ups-bezprzerwowe\/ingenio-plus-30-160-kva\/#webpage\",\"url\":\"https:\/\/epssystem.pl\/en\/nowa-oferta\/zasilacze-ups-bezprzerwowe\/ingenio-plus-30-160-kva\/\",\"name\":\"INGENIO PLUS 30-160 kVA - EPS System\",\"isPartOf\":{\"@id\":\"https:\/\/epssystem.pl\/#website\"},\"datePublished\":\"2016-08-10T11:44:08+00:00\",\"dateModified\":\"2020-11-20T13:48:08+00:00\",\"description\":\"Zasilacz awaryjny INGENIO PLUS - bardzo wysoka wydajno\u015b\u0107, sprawno\u015b\u0107 i niskie zu\u017cycie energii. Sprawd\u017a ofert\u0119 niezawodnych zasilaczy \u27a3 epssystem.pl\",\"breadcrumb\":{\"@id\":\"https:\/\/epssystem.pl\/en\/nowa-oferta\/zasilacze-ups-bezprzerwowe\/ingenio-plus-30-160-kva\/#breadcrumb\"},\"inLanguage\":\"uk\",\"potentialAction\":[{\"@type\":\"ReadAction\",\"target\":[\"https:\/\/epssystem.pl\/en\/nowa-oferta\/zasilacze-ups-bezprzerwowe\/ingenio-plus-30-160-kva\/\"]}]},{\"@type\":\"BreadcrumbList\",\"@id\":\"https:\/\/epssystem.pl\/en\/nowa-oferta\/zasilacze-ups-bezprzerwowe\/ingenio-plus-30-160-kva\/#breadcrumb\",\"itemListElement\":[{\"@type\":\"ListItem\",\"position\":1,\"name\":\"Strona g\u0142\u00f3wna\",\"item\":\"https:\/\/epssystem.pl\/\"},{\"@type\":\"ListItem\",\"position\":2,\"name\":\"Oferta\",\"item\":\"https:\/\/epssystem.pl\/nowa-oferta\/\"},{\"@type\":\"ListItem\",\"position\":3,\"name\":\"Zasilacze awaryjne UPS\",\"item\":\"https:\/\/epssystem.pl\/nowa-oferta\/zasilacze-ups-bezprzerwowe\/\"},{\"@type\":\"ListItem\",\"position\":4,\"name\":\"INGENIO PLUS 30-160 kVA\"}]}]}<\/script>\n<!-- \/ Yoast SEO plugin. -->","yoast_head_json":{"title":"INGENIO PLUS 30-160 kVA - EPS System","description":"Zasilacz awaryjny INGENIO PLUS - bardzo wysoka wydajno\u015b\u0107, sprawno\u015b\u0107 i niskie zu\u017cycie energii. Sprawd\u017a ofert\u0119 niezawodnych zasilaczy \u27a3 epssystem.pl","robots":{"index":"index","follow":"follow","max-snippet":"max-snippet:-1","max-image-preview":"max-image-preview:large","max-video-preview":"max-video-preview:-1"},"canonical":"https:\/\/epssystem.pl\/en\/nowa-oferta\/zasilacze-ups-bezprzerwowe\/ingenio-plus-30-160-kva\/","og_locale":"uk_UA","og_type":"article","og_title":"INGENIO PLUS 30-160 kVA - EPS System","og_description":"Zasilacz awaryjny INGENIO PLUS - bardzo wysoka wydajno\u015b\u0107, sprawno\u015b\u0107 i niskie zu\u017cycie energii. Sprawd\u017a ofert\u0119 niezawodnych zasilaczy \u27a3 epssystem.pl","og_url":"https:\/\/epssystem.pl\/en\/nowa-oferta\/zasilacze-ups-bezprzerwowe\/ingenio-plus-30-160-kva\/","og_site_name":"EPS System","article_modified_time":"2020-11-20T13:48:08+00:00","twitter_card":"summary","twitter_misc":{"Est. reading time":"3 minutes"},"schema":{"@context":"https:\/\/schema.org","@graph":[{"@type":"WebSite","@id":"https:\/\/epssystem.pl\/#website","url":"https:\/\/epssystem.pl\/","name":"EPS System","description":"Polski producent system\u00f3w zasilania gwarantowanego","potentialAction":[{"@type":"SearchAction","target":{"@type":"EntryPoint","urlTemplate":"https:\/\/epssystem.pl\/?s={search_term_string}"},"query-input":"required name=search_term_string"}],"inLanguage":"uk"},{"@type":"WebPage","@id":"https:\/\/epssystem.pl\/en\/nowa-oferta\/zasilacze-ups-bezprzerwowe\/ingenio-plus-30-160-kva\/#webpage","url":"https:\/\/epssystem.pl\/en\/nowa-oferta\/zasilacze-ups-bezprzerwowe\/ingenio-plus-30-160-kva\/","name":"INGENIO PLUS 30-160 kVA - EPS System","isPartOf":{"@id":"https:\/\/epssystem.pl\/#website"},"datePublished":"2016-08-10T11:44:08+00:00","dateModified":"2020-11-20T13:48:08+00:00","description":"Zasilacz awaryjny INGENIO PLUS - bardzo wysoka wydajno\u015b\u0107, sprawno\u015b\u0107 i niskie zu\u017cycie energii. Sprawd\u017a ofert\u0119 niezawodnych zasilaczy \u27a3 epssystem.pl","breadcrumb":{"@id":"https:\/\/epssystem.pl\/en\/nowa-oferta\/zasilacze-ups-bezprzerwowe\/ingenio-plus-30-160-kva\/#breadcrumb"},"inLanguage":"uk","potentialAction":[{"@type":"ReadAction","target":["https:\/\/epssystem.pl\/en\/nowa-oferta\/zasilacze-ups-bezprzerwowe\/ingenio-plus-30-160-kva\/"]}]},{"@type":"BreadcrumbList","@id":"https:\/\/epssystem.pl\/en\/nowa-oferta\/zasilacze-ups-bezprzerwowe\/ingenio-plus-30-160-kva\/#breadcrumb","itemListElement":[{"@type":"ListItem","position":1,"name":"Strona g\u0142\u00f3wna","item":"https:\/\/epssystem.pl\/"},{"@type":"ListItem","position":2,"name":"Oferta","item":"https:\/\/epssystem.pl\/nowa-oferta\/"},{"@type":"ListItem","position":3,"name":"Zasilacze awaryjne UPS","item":"https:\/\/epssystem.pl\/nowa-oferta\/zasilacze-ups-bezprzerwowe\/"},{"@type":"ListItem","position":4,"name":"INGENIO PLUS 30-160 kVA"}]}]}},"_links":{"self":[{"href":"https:\/\/epssystem.pl\/uk\/wp-json\/wp\/v2\/pages\/71696"}],"collection":[{"href":"https:\/\/epssystem.pl\/uk\/wp-json\/wp\/v2\/pages"}],"about":[{"href":"https:\/\/epssystem.pl\/uk\/wp-json\/wp\/v2\/types\/page"}],"author":[{"embeddable":true,"href":"https:\/\/epssystem.pl\/uk\/wp-json\/wp\/v2\/users\/3"}],"replies":[{"embeddable":true,"href":"https:\/\/epssystem.pl\/uk\/wp-json\/wp\/v2\/comments?post=71696"}],"version-history":[{"count":2,"href":"https:\/\/epssystem.pl\/uk\/wp-json\/wp\/v2\/pages\/71696\/revisions"}],"predecessor-version":[{"id":73576,"href":"https:\/\/epssystem.pl\/uk\/wp-json\/wp\/v2\/pages\/71696\/revisions\/73576"}],"up":[{"embeddable":true,"href":"https:\/\/epssystem.pl\/uk\/wp-json\/wp\/v2\/pages\/71061"}],"wp:attachment":[{"href":"https:\/\/epssystem.pl\/uk\/wp-json\/wp\/v2\/media?parent=71696"}],"curies":[{"name":"wp","href":"https:\/\/api.w.org\/{rel}","templated":true}]}}