{"id":71704,"date":"2016-08-10T12:35:13","date_gmt":"2016-08-10T12:35:13","guid":{"rendered":"http:\/\/epssystem.pl\/?page_id=71704"},"modified":"2020-11-20T14:05:45","modified_gmt":"2020-11-20T14:05:45","slug":"ups-ingenio-max-200-kva","status":"publish","type":"page","link":"https:\/\/epssystem.pl\/uk\/nowa-oferta\/zasilacze-ups-bezprzerwowe\/ups-ingenio-max-200-kva\/","title":{"rendered":"INGENIO MAX 200 &#8211; 500 kVA"},"content":{"rendered":"<p>[vc_row type=&#8221;container&#8221;][vc_column width=&#8221;1\/3&#8243;][vc_single_image image=&#8221;71575&#8243;][vc_single_image image=&#8221;72943&#8243; img_size=&#8221;full&#8221;][\/vc_column][vc_column width=&#8221;1\/3&#8243;][vc_empty_space height=&#8221;100px&#8221;][\/vc_column][vc_column width=&#8221;1\/3&#8243;][vc_column_text]<\/p>\n<h2 style=\"color: #bb1a12; font-size: 30px;\">INGENIO MAX<\/h2>\n<p>[\/vc_column_text][vc_column_text]<\/p>\n<h3>Zastosowanie:<\/h3>\n<ul>\n<li>centra przetwarzania danych<\/li>\n<li>zautomatyzowane procesy<\/li>\n<li>sektor us\u0142ug<\/li>\n<\/ul>\n<p>[\/vc_column_text][vc_column_text]<a href=\"http:\/\/epssystem.pl\/karty_katalogowe\/ups\/BORRI_INGENIO_MAX_2019.pdf\"><i class=\" glyphicon glyphicon-save \" style=\"color:#bb1a12; font-size:24px;\"><\/i> Pobierz kart\u0119 PDF<\/a><\/p>\n<p><a href=\"#\"><i class=\" glyphicon glyphicon-envelope \" style=\"color:#bb1a12; font-size:24px;\"><\/i> Wy\u015blij zapytanie ofertowe<\/a>[\/vc_column_text][\/vc_column][\/vc_row][vc_row type=&#8221;container&#8221;][vc_column][vc_column_text]<\/p>\n<p>Coraz wi\u0119cej przedsi\u0119biorstw opiera si\u0119 na nowoczesnych technologiach. <span lang=\"zxx\"><u><a href=\"https:\/\/epssystem.pl\/nowa-oferta\/zasilacze-ups-bezprzerwowe\/\">Zasilacz awaryjny<\/a><\/u><\/span> <strong>INGENIO MAX<\/strong>\u00a0zosta\u0142 stworzony z my\u015bl\u0105 o procesach, do kt\u00f3rych niezb\u0119dne jest dostarczanie energii elektrycznej. Urz\u0105dzenie INGENIO to \u015bwietne rozwi\u0105zanie do pracowni medycznych czy te\u017c serwerowni. Dlaczego warto je wybra\u0107?<\/p>\n<h2>Niezawodno\u015b\u0107 i wydajno\u015b\u0107 w jednym<\/h2>\n<p>Mn\u00f3stwo firm w kraju i za granic\u0105 zautomatyzowa\u0142o cykle produkcyjne. Jak wiadomo, do prawid\u0142owej pracy maszyn i inteligentnych robot\u00f3w niezb\u0119dny jest ci\u0105g\u0142y pob\u00f3r energii elektrycznej. W zwi\u0105zku z tym wszystkie innowacyjne przedsi\u0119biorstwa powinny zdecydowa\u0107 si\u0119 na urz\u0105dzenia podtrzymuj\u0105ce UPS. <span lang=\"zxx\"><u><a href=\"https:\/\/epssystem.pl\/nowa-oferta\/zasilacze-ups-bezprzerwowe\/\">Zasilacz awaryjny<\/a><\/u><\/span> INGENIO MAX\u00a0pozwala podtrzymywa\u0107 dostarczanie energii na wypadek uszkodzenia sieci energetycznej. Zastosowanie technologii Green Conversion Battery Care pozwoli\u0142o na wyd\u0142u\u017cenie \u017cywotno\u015bci baterii, co dodatkowo zwi\u0119ksza komfort u\u017cytkowania urz\u0105dzenia. Zasilacz UPS <strong>INGENIO MAX<\/strong>\u00a0charakteryzuje si\u0119 niezwykle wysok\u0105 wydajno\u015bci\u0105. W por\u00f3wnaniu do konkurencyjnych urz\u0105dze\u0144, INGENIO gwarantuje minimalne zu\u017cycie energii, a tak\u017ce najni\u017csze koszty ca\u0142kowite TCO. Warto doda\u0107, \u017ce prezentowany zasilacz zapewnia pe\u0142n\u0105 nominaln\u0105 moc wyj\u015bciow\u0105, kt\u00f3ra wsp\u00f3\u0142gra z pozosta\u0142ymi parametrami UPS.<\/p>\n<p>[\/vc_column_text][vc_column_text]<table width=\"100%\" class=\"table \" style=\"\"><br \/><thead><tr><th>Model<\/th><th>Moc<\/th><th>Moc<\/th><th>Napi\u0119cie wej\u015bciowe <\/th><th>Napi\u0119cie wyj\u015bciowe<\/th><th>Wymiary (WxDxH) <\/th><th>Masa <\/th><\/tr><\/thead><tbody><tr><td>INGENIO MAX 200<\/td><td>200 kVA <\/td><td>200 kW<\/td><td>400 V (3 fazy)<\/td><td>400 V (3 fazy)<\/td><td>850x900x1975 mm <\/td><td>650 kg<\/td><\/tr><\/p>\n<tr><td>INGENIO MAX 250<\/td><td>250 kVA <\/td><td>250 kW<\/td><td>400 V (3 fazy)<\/td><td>400 V (3 fazy)<\/td><td>850x900x1975 mm <\/td><td>850 kg<\/td><\/tr>\n<tr><td>INGENIO MAX 300<\/td><td>300 kVA <\/td><td>300 kW<\/td><td>400 V (3 fazy)<\/td><td>400 V (3 fazy)<\/td><td>850x900x1975 mm <\/td><td>930 kg<\/td><\/tr>\n<tr><td>INGENIO MAX 400<\/td><td>400 kVA <\/td><td>400 kW<\/td><td>400 V (3 fazy)<\/td><td>400 V (3 fazy)<\/td><td>1450x970x1978 mm <\/td><td>1000 kg<\/td><\/tr>\n<p><tr><td>INGENIO MAX 500<\/td><td>500 kVA <\/td><td>500 kW<\/td><td>400 V (3 fazy)<\/td><td>400 V (3 fazy)<\/td><td>1450x970x1978 mm <\/td><td>1400 kg<\/td><\/tr><\/tbody><\/table>[\/vc_column_text][\/vc_column][\/vc_row][vc_row type=&#8221;container&#8221;][vc_column][\/vc_column][\/vc_row]<\/p>\n","protected":false},"excerpt":{"rendered":"<p>[vc_row type=&#8221;container&#8221;][vc_column width=&#8221;1\/3&#8243;][vc_single_image image=&#8221;71575&#8243;][vc_single_image image=&#8221;72943&#8243; img_size=&#8221;full&#8221;][\/vc_column][vc_column width=&#8221;1\/3&#8243;][vc_empty_space height=&#8221;100px&#8221;][\/vc_column][vc_column width=&#8221;1\/3&#8243;][vc_column_text] INGENIO MAX [\/vc_column_text][vc_column_text] Zastosowanie: centra przetwarzania danych zautomatyzowane procesy sektor us\u0142ug [\/vc_column_text][vc_column_text] Pobierz kart\u0119 PDF Wy\u015blij zapytanie ofertowe[\/vc_column_text][\/vc_column][\/vc_row][vc_row type=&#8221;container&#8221;][vc_column][vc_column_text] Coraz wi\u0119cej przedsi\u0119biorstw opiera si\u0119 na nowoczesnych technologiach. Zasilacz awaryjny INGENIO MAX\u00a0zosta\u0142 stworzony z my\u015bl\u0105 o procesach, do kt\u00f3rych niezb\u0119dne jest dostarczanie energii elektrycznej. Urz\u0105dzenie INGENIO to [&hellip;]<\/p>\n","protected":false},"author":3,"featured_media":0,"parent":71061,"menu_order":7,"comment_status":"closed","ping_status":"closed","template":"","meta":[],"acf":[],"yoast_head":"<!-- This site is optimized with the Yoast SEO plugin v18.2 - https:\/\/yoast.com\/wordpress\/plugins\/seo\/ -->\n<title>INGENIO MAX 200 - 500 kVA - EPS System<\/title>\n<meta name=\"description\" content=\"Bezprzerwowy zasilacz INGENIO MAX to gwarancja ci\u0105g\u0142ych i niezak\u0142\u00f3conych dostaw energii. Najwy\u017csza jako\u015b\u0107! Sprawd\u017a nasz\u0105 ofert\u0119 \u27a3 epssystem.pl\" \/>\n<meta name=\"robots\" content=\"index, follow, max-snippet:-1, max-image-preview:large, max-video-preview:-1\" \/>\n<link rel=\"canonical\" href=\"https:\/\/epssystem.pl\/en\/nowa-oferta\/zasilacze-ups-bezprzerwowe\/ups-ingenio-max-200-kva\/\" \/>\n<meta property=\"og:locale\" content=\"uk_UA\" \/>\n<meta property=\"og:type\" content=\"article\" \/>\n<meta property=\"og:title\" content=\"INGENIO MAX 200 - 500 kVA - EPS System\" \/>\n<meta property=\"og:description\" content=\"Bezprzerwowy zasilacz INGENIO MAX to gwarancja ci\u0105g\u0142ych i niezak\u0142\u00f3conych dostaw energii. Najwy\u017csza jako\u015b\u0107! Sprawd\u017a nasz\u0105 ofert\u0119 \u27a3 epssystem.pl\" \/>\n<meta property=\"og:url\" content=\"https:\/\/epssystem.pl\/en\/nowa-oferta\/zasilacze-ups-bezprzerwowe\/ups-ingenio-max-200-kva\/\" \/>\n<meta property=\"og:site_name\" content=\"EPS System\" \/>\n<meta property=\"article:modified_time\" content=\"2020-11-20T14:05:45+00:00\" \/>\n<meta name=\"twitter:card\" content=\"summary\" \/>\n<meta name=\"twitter:label1\" content=\"Est. reading time\" \/>\n\t<meta name=\"twitter:data1\" content=\"3 minutes\" \/>\n<script type=\"application\/ld+json\" class=\"yoast-schema-graph\">{\"@context\":\"https:\/\/schema.org\",\"@graph\":[{\"@type\":\"WebSite\",\"@id\":\"https:\/\/epssystem.pl\/#website\",\"url\":\"https:\/\/epssystem.pl\/\",\"name\":\"EPS System\",\"description\":\"Polski producent system\u00f3w zasilania gwarantowanego\",\"potentialAction\":[{\"@type\":\"SearchAction\",\"target\":{\"@type\":\"EntryPoint\",\"urlTemplate\":\"https:\/\/epssystem.pl\/?s={search_term_string}\"},\"query-input\":\"required name=search_term_string\"}],\"inLanguage\":\"uk\"},{\"@type\":\"WebPage\",\"@id\":\"https:\/\/epssystem.pl\/en\/nowa-oferta\/zasilacze-ups-bezprzerwowe\/ups-ingenio-max-200-kva\/#webpage\",\"url\":\"https:\/\/epssystem.pl\/en\/nowa-oferta\/zasilacze-ups-bezprzerwowe\/ups-ingenio-max-200-kva\/\",\"name\":\"INGENIO MAX 200 - 500 kVA - EPS System\",\"isPartOf\":{\"@id\":\"https:\/\/epssystem.pl\/#website\"},\"datePublished\":\"2016-08-10T12:35:13+00:00\",\"dateModified\":\"2020-11-20T14:05:45+00:00\",\"description\":\"Bezprzerwowy zasilacz INGENIO MAX to gwarancja ci\u0105g\u0142ych i niezak\u0142\u00f3conych dostaw energii. Najwy\u017csza jako\u015b\u0107! Sprawd\u017a nasz\u0105 ofert\u0119 \u27a3 epssystem.pl\",\"breadcrumb\":{\"@id\":\"https:\/\/epssystem.pl\/en\/nowa-oferta\/zasilacze-ups-bezprzerwowe\/ups-ingenio-max-200-kva\/#breadcrumb\"},\"inLanguage\":\"uk\",\"potentialAction\":[{\"@type\":\"ReadAction\",\"target\":[\"https:\/\/epssystem.pl\/en\/nowa-oferta\/zasilacze-ups-bezprzerwowe\/ups-ingenio-max-200-kva\/\"]}]},{\"@type\":\"BreadcrumbList\",\"@id\":\"https:\/\/epssystem.pl\/en\/nowa-oferta\/zasilacze-ups-bezprzerwowe\/ups-ingenio-max-200-kva\/#breadcrumb\",\"itemListElement\":[{\"@type\":\"ListItem\",\"position\":1,\"name\":\"Strona g\u0142\u00f3wna\",\"item\":\"https:\/\/epssystem.pl\/\"},{\"@type\":\"ListItem\",\"position\":2,\"name\":\"Oferta\",\"item\":\"https:\/\/epssystem.pl\/nowa-oferta\/\"},{\"@type\":\"ListItem\",\"position\":3,\"name\":\"Zasilacze awaryjne UPS\",\"item\":\"https:\/\/epssystem.pl\/nowa-oferta\/zasilacze-ups-bezprzerwowe\/\"},{\"@type\":\"ListItem\",\"position\":4,\"name\":\"INGENIO MAX 200 &#8211; 500 kVA\"}]}]}<\/script>\n<!-- \/ Yoast SEO plugin. -->","yoast_head_json":{"title":"INGENIO MAX 200 - 500 kVA - EPS System","description":"Bezprzerwowy zasilacz INGENIO MAX to gwarancja ci\u0105g\u0142ych i niezak\u0142\u00f3conych dostaw energii. Najwy\u017csza jako\u015b\u0107! Sprawd\u017a nasz\u0105 ofert\u0119 \u27a3 epssystem.pl","robots":{"index":"index","follow":"follow","max-snippet":"max-snippet:-1","max-image-preview":"max-image-preview:large","max-video-preview":"max-video-preview:-1"},"canonical":"https:\/\/epssystem.pl\/en\/nowa-oferta\/zasilacze-ups-bezprzerwowe\/ups-ingenio-max-200-kva\/","og_locale":"uk_UA","og_type":"article","og_title":"INGENIO MAX 200 - 500 kVA - EPS System","og_description":"Bezprzerwowy zasilacz INGENIO MAX to gwarancja ci\u0105g\u0142ych i niezak\u0142\u00f3conych dostaw energii. Najwy\u017csza jako\u015b\u0107! Sprawd\u017a nasz\u0105 ofert\u0119 \u27a3 epssystem.pl","og_url":"https:\/\/epssystem.pl\/en\/nowa-oferta\/zasilacze-ups-bezprzerwowe\/ups-ingenio-max-200-kva\/","og_site_name":"EPS System","article_modified_time":"2020-11-20T14:05:45+00:00","twitter_card":"summary","twitter_misc":{"Est. reading time":"3 minutes"},"schema":{"@context":"https:\/\/schema.org","@graph":[{"@type":"WebSite","@id":"https:\/\/epssystem.pl\/#website","url":"https:\/\/epssystem.pl\/","name":"EPS System","description":"Polski producent system\u00f3w zasilania gwarantowanego","potentialAction":[{"@type":"SearchAction","target":{"@type":"EntryPoint","urlTemplate":"https:\/\/epssystem.pl\/?s={search_term_string}"},"query-input":"required name=search_term_string"}],"inLanguage":"uk"},{"@type":"WebPage","@id":"https:\/\/epssystem.pl\/en\/nowa-oferta\/zasilacze-ups-bezprzerwowe\/ups-ingenio-max-200-kva\/#webpage","url":"https:\/\/epssystem.pl\/en\/nowa-oferta\/zasilacze-ups-bezprzerwowe\/ups-ingenio-max-200-kva\/","name":"INGENIO MAX 200 - 500 kVA - EPS System","isPartOf":{"@id":"https:\/\/epssystem.pl\/#website"},"datePublished":"2016-08-10T12:35:13+00:00","dateModified":"2020-11-20T14:05:45+00:00","description":"Bezprzerwowy zasilacz INGENIO MAX to gwarancja ci\u0105g\u0142ych i niezak\u0142\u00f3conych dostaw energii. Najwy\u017csza jako\u015b\u0107! Sprawd\u017a nasz\u0105 ofert\u0119 \u27a3 epssystem.pl","breadcrumb":{"@id":"https:\/\/epssystem.pl\/en\/nowa-oferta\/zasilacze-ups-bezprzerwowe\/ups-ingenio-max-200-kva\/#breadcrumb"},"inLanguage":"uk","potentialAction":[{"@type":"ReadAction","target":["https:\/\/epssystem.pl\/en\/nowa-oferta\/zasilacze-ups-bezprzerwowe\/ups-ingenio-max-200-kva\/"]}]},{"@type":"BreadcrumbList","@id":"https:\/\/epssystem.pl\/en\/nowa-oferta\/zasilacze-ups-bezprzerwowe\/ups-ingenio-max-200-kva\/#breadcrumb","itemListElement":[{"@type":"ListItem","position":1,"name":"Strona g\u0142\u00f3wna","item":"https:\/\/epssystem.pl\/"},{"@type":"ListItem","position":2,"name":"Oferta","item":"https:\/\/epssystem.pl\/nowa-oferta\/"},{"@type":"ListItem","position":3,"name":"Zasilacze awaryjne UPS","item":"https:\/\/epssystem.pl\/nowa-oferta\/zasilacze-ups-bezprzerwowe\/"},{"@type":"ListItem","position":4,"name":"INGENIO MAX 200 &#8211; 500 kVA"}]}]}},"_links":{"self":[{"href":"https:\/\/epssystem.pl\/uk\/wp-json\/wp\/v2\/pages\/71704"}],"collection":[{"href":"https:\/\/epssystem.pl\/uk\/wp-json\/wp\/v2\/pages"}],"about":[{"href":"https:\/\/epssystem.pl\/uk\/wp-json\/wp\/v2\/types\/page"}],"author":[{"embeddable":true,"href":"https:\/\/epssystem.pl\/uk\/wp-json\/wp\/v2\/users\/3"}],"replies":[{"embeddable":true,"href":"https:\/\/epssystem.pl\/uk\/wp-json\/wp\/v2\/comments?post=71704"}],"version-history":[{"count":1,"href":"https:\/\/epssystem.pl\/uk\/wp-json\/wp\/v2\/pages\/71704\/revisions"}],"predecessor-version":[{"id":73577,"href":"https:\/\/epssystem.pl\/uk\/wp-json\/wp\/v2\/pages\/71704\/revisions\/73577"}],"up":[{"embeddable":true,"href":"https:\/\/epssystem.pl\/uk\/wp-json\/wp\/v2\/pages\/71061"}],"wp:attachment":[{"href":"https:\/\/epssystem.pl\/uk\/wp-json\/wp\/v2\/media?parent=71704"}],"curies":[{"name":"wp","href":"https:\/\/api.w.org\/{rel}","templated":true}]}}