{"id":71710,"date":"2016-08-10T12:46:48","date_gmt":"2016-08-10T12:46:48","guid":{"rendered":"http:\/\/epssystem.pl\/?page_id=71710"},"modified":"2020-11-20T14:11:17","modified_gmt":"2020-11-20T14:11:17","slug":"ups-b9000fxs-60-300-kva","status":"publish","type":"page","link":"https:\/\/epssystem.pl\/uk\/nowa-oferta\/zasilacze-ups-bezprzerwowe\/ups-b9000fxs-60-300-kva\/","title":{"rendered":"B9000FXS 60 -300 kVA"},"content":{"rendered":"<p>[vc_row type=&#8221;container&#8221;][vc_column width=&#8221;1\/3&#8243;][vc_single_image image=&#8221;71575&#8243;][vc_single_image image=&#8221;71569&#8243; img_size=&#8221;full&#8221;][\/vc_column][vc_column width=&#8221;1\/3&#8243;][vc_empty_space height=&#8221;100px&#8221;][\/vc_column][vc_column width=&#8221;1\/3&#8243;][vc_column_text]<\/p>\n<h2 style=\"color: #bb1a12; font-size: 30px;\">B9000FXS<\/h2>\n<p>[\/vc_column_text][vc_column_text]<\/p>\n<h3>Zastosowanie:<\/h3>\n<ul>\n<li>centra przetwarzania danych<\/li>\n<li>zautomatyzowane procesy<\/li>\n<li>sektor us\u0142ug<\/li>\n<li>budynki wysoko\u015bciowe<\/li>\n<li>sprz\u0119t medyczny<\/li>\n<\/ul>\n<p>[\/vc_column_text][vc_column_text]<a href=\"http:\/\/epssystem.pl\/karty_katalogowe\/ups\/08. B9000FXS_web.pdf\"><i class=\" glyphicon glyphicon-save \" style=\"color:#bb1a12; font-size:24px;\"><\/i> Pobierz kart\u0119 PDF<\/a><\/p>\n<p><a href=\"#\"><i class=\" glyphicon glyphicon-envelope \" style=\"color:#bb1a12; font-size:24px;\"><\/i> Wy\u015blij zapytanie ofertowe<\/a>[\/vc_column_text][\/vc_column][\/vc_row][vc_row type=&#8221;container&#8221;][vc_column][vc_column_text]<\/p>\n<p>Wiele przedsi\u0119biorstw potrzebuje urz\u0105dzenia, kt\u00f3re b\u0119dzie podtrzymywa\u0107 dostarczanie energii elektrycznej na wypadek uszkodzenia sieci energetycznej. <span lang=\"zxx\"><u><a href=\"https:\/\/epssystem.pl\/nowa-oferta\/zasilacze-ups-bezprzerwowe\/\">Zasilacz awaryjny<\/a><\/u><\/span><strong> B9000FXS<\/strong> jest najlepszym rozwi\u0105zaniem dla firm, kt\u00f3re nie mog\u0105 pozwoli\u0107 sobie nawet na chwilow\u0105 przerw\u0119 w dostarczaniu energii. Dzi\u0119ki nowoczesnym technologiom urz\u0105dzenie podtrzymuje UPS, co jest szczeg\u00f3lnie wa\u017cne m.in. w bran\u017cy medycznej czy informatycznej.<\/p>\n<h2>Maksimum u\u017cyteczno\u015bci w po\u0142\u0105czeniu z inteligencj\u0105<\/h2>\n<p>Firmy, kt\u00f3re zdecydowa\u0142y si\u0119 na zautomatyzowanie proces\u00f3w produkcji wiedz\u0105, jak istotne jest bezprzerwowe dostarczanie energii do wszystkich urz\u0105dze\u0144. <span lang=\"zxx\"><u><a href=\"https:\/\/epssystem.pl\/nowa-oferta\/zasilacze-ups-bezprzerwowe\/\">Zasilacz awaryjny<\/a><\/u><\/span> <strong>B9000FXS<\/strong> pozwala podtrzyma\u0107 UPS na wypadek awarii sieci elektrycznej, co gwarantuje stabiln\u0105 prac\u0119 wewn\u0105trz przedsi\u0119biorstwa. Nowoczesny model zasilacza zosta\u0142 wyposa\u017cony w inteligentny system zarz\u0105dzania. W zwi\u0105zku z tym u\u017cytkownik mo\u017ce kontrolowa\u0107 \u017cywotno\u015b\u0107 urz\u0105dzenia, a tak\u017ce przeprowadza\u0107 r\u0119czne testy baterii. Co wi\u0119cej, prezentowany zasilacz bezprzerwowy jest prosty w obs\u0142udze, dzi\u0119ki czemu zar\u00f3wno pod\u0142\u0105czenie, jak i od\u0142\u0105czenie jednostek nie zajmuje wiele czasu. Warto doda\u0107, i\u017c mo\u017cliwo\u015b\u0107 pracy r\u00f3wnoleg\u0142ej zapewnia podzia\u0142 obci\u0105\u017cenia, co jest bardzo istotne w centrach przetwarzania danych.<\/p>\n<p>\u00a0<\/p>\n<p>[\/vc_column_text][\/vc_column][\/vc_row][vc_row type=&#8221;container&#8221;][vc_column][vc_column_text]<table width=\"100%\" class=\"table \" style=\"\"><br \/>\n<thead><tr>\n<th>Model<\/th>\n<th>Moc<\/th>\n<th>Moc<\/th>\n<th>Napi\u0119cie wej\u015bciowe <\/th>\n<th>Napi\u0119cie wyj\u015bciowe<\/th>\n<th>Wymiary (WxDxH) <\/th>\n<th>Masa <\/th>\n<\/tr><\/thead>\n<tbody>\n<tr>\n<td>B9000FXS 60<\/td>\n<td>60 kVA <\/td>\n<td> 54 kW<\/td>\n<td>400 V (3 fazy)<\/td>\n<td>400 V (3 fazy)<\/td>\n<td>815x825x1670 mm <\/td>\n<td>570 kg<\/td>\n<\/tr>\n<tr>\n<td>B9000FXS 80<\/td>\n<td>80 kVA <\/td>\n<td>72 kW<\/td>\n<td>400 V (3 fazy)<\/td>\n<td>400 V (3 fazy)<\/td>\n<td>815x825x1670 mm <\/td>\n<td>600 kg<\/td>\n<\/tr><\/p>\n<tr>\n<td>B9000FXS 100<\/td>\n<td>100 kVA <\/td>\n<td> 90 kW<\/td>\n<td>400 V (3 fazy)<\/td>\n<td>400 V (3 fazy)<\/td>\n<td>815x825x1670 mm <\/td>\n<td>625 kg<\/td>\n<\/tr>\n<tr>\n<td>B9000FXS 125<\/td>\n<td>125 kVA <\/td>\n<td> 112,5 kW<\/td>\n<td>400 V (3 fazy)<\/td>\n<td>400 V (3 fazy)<\/td>\n<td>815x825x1670 mm <\/td>\n<td>660 kg<\/td>\n<\/tr>\n<tr>\n<td>B9000FXS 160<\/td>\n<td>160 kVA <\/td>\n<td> 144 kW<\/td>\n<td>400 V (3 fazy)<\/td>\n<td>400 V (3 fazy)<\/td>\n<td>815x825x1670 mm <\/td>\n<td>715 kg<\/td>\n<\/tr>\n<tr>\n<td>B9000FXS 200<\/td>\n<td>200 kVA <\/td>\n<td> 180 kW<\/td>\n<td>400 V (3 fazy)<\/td>\n<td>400 V (3 fazy)<\/td>\n<td>200x860x1900 mm <\/td>\n<td>970 kg<\/td>\n<\/tr>\n<tr>\n<td>B9000FXS 250<\/td>\n<td>250 kVA <\/td>\n<td> 225kW<\/td>\n<td>400 V (3 fazy)<\/td>\n<td>400 V (3 fazy)<\/td>\n<td>1200x860x1900 mm <\/td>\n<td>1090 kg<\/td>\n<\/tr>\n<tr>\n<td>B9000FXS 300<\/td>\n<td>300 kVA <\/td>\n<td> 270 kW<\/td>\n<td>400 V (3 fazy)<\/td>\n<td>400 V (3 fazy)<\/td>\n<td>1200x860x1900 mm <\/td>\n<td>1170 kg<\/td>\n<\/tr>\n<p><\/tbody>\n<\/table>[\/vc_column_text][\/vc_column][\/vc_row]<\/p>\n","protected":false},"excerpt":{"rendered":"<p>[vc_row type=&#8221;container&#8221;][vc_column width=&#8221;1\/3&#8243;][vc_single_image image=&#8221;71575&#8243;][vc_single_image image=&#8221;71569&#8243; img_size=&#8221;full&#8221;][\/vc_column][vc_column width=&#8221;1\/3&#8243;][vc_empty_space height=&#8221;100px&#8221;][\/vc_column][vc_column width=&#8221;1\/3&#8243;][vc_column_text] B9000FXS [\/vc_column_text][vc_column_text] Zastosowanie: centra przetwarzania danych zautomatyzowane procesy sektor us\u0142ug budynki wysoko\u015bciowe sprz\u0119t medyczny [\/vc_column_text][vc_column_text] Pobierz kart\u0119 PDF Wy\u015blij zapytanie ofertowe[\/vc_column_text][\/vc_column][\/vc_row][vc_row type=&#8221;container&#8221;][vc_column][vc_column_text] Wiele przedsi\u0119biorstw potrzebuje urz\u0105dzenia, kt\u00f3re b\u0119dzie podtrzymywa\u0107 dostarczanie energii elektrycznej na wypadek uszkodzenia sieci energetycznej. Zasilacz awaryjny B9000FXS jest najlepszym rozwi\u0105zaniem dla firm, kt\u00f3re [&hellip;]<\/p>\n","protected":false},"author":3,"featured_media":0,"parent":71061,"menu_order":8,"comment_status":"closed","ping_status":"closed","template":"","meta":[],"acf":[],"yoast_head":"<!-- This site is optimized with the Yoast SEO plugin v18.2 - https:\/\/yoast.com\/wordpress\/plugins\/seo\/ -->\n<title>B9000FXS 60 -300 kVA - EPS System<\/title>\n<meta name=\"description\" content=\"Bezprzerwowy zasilacz UPS B9000FXS - solidny, trwa\u0142y i niezawodny. Gwarancja ci\u0105g\u0142ych dostaw energii. Sprawd\u017a nasz\u0105 ofert\u0119! \u27a3 epssystem.pl\" \/>\n<meta name=\"robots\" content=\"index, follow, max-snippet:-1, max-image-preview:large, max-video-preview:-1\" \/>\n<link rel=\"canonical\" href=\"https:\/\/epssystem.pl\/en\/nowa-oferta\/zasilacze-ups-bezprzerwowe\/ups-b9000fxs-60-300-kva\/\" \/>\n<meta property=\"og:locale\" content=\"uk_UA\" \/>\n<meta property=\"og:type\" content=\"article\" \/>\n<meta property=\"og:title\" content=\"B9000FXS 60 -300 kVA - EPS System\" \/>\n<meta property=\"og:description\" content=\"Bezprzerwowy zasilacz UPS B9000FXS - solidny, trwa\u0142y i niezawodny. Gwarancja ci\u0105g\u0142ych dostaw energii. Sprawd\u017a nasz\u0105 ofert\u0119! \u27a3 epssystem.pl\" \/>\n<meta property=\"og:url\" content=\"https:\/\/epssystem.pl\/en\/nowa-oferta\/zasilacze-ups-bezprzerwowe\/ups-b9000fxs-60-300-kva\/\" \/>\n<meta property=\"og:site_name\" content=\"EPS System\" \/>\n<meta property=\"article:modified_time\" content=\"2020-11-20T14:11:17+00:00\" \/>\n<meta name=\"twitter:card\" content=\"summary\" \/>\n<meta name=\"twitter:label1\" content=\"Est. reading time\" \/>\n\t<meta name=\"twitter:data1\" content=\"4 minutes\" \/>\n<script type=\"application\/ld+json\" class=\"yoast-schema-graph\">{\"@context\":\"https:\/\/schema.org\",\"@graph\":[{\"@type\":\"WebSite\",\"@id\":\"https:\/\/epssystem.pl\/#website\",\"url\":\"https:\/\/epssystem.pl\/\",\"name\":\"EPS System\",\"description\":\"Polski producent system\u00f3w zasilania gwarantowanego\",\"potentialAction\":[{\"@type\":\"SearchAction\",\"target\":{\"@type\":\"EntryPoint\",\"urlTemplate\":\"https:\/\/epssystem.pl\/?s={search_term_string}\"},\"query-input\":\"required name=search_term_string\"}],\"inLanguage\":\"uk\"},{\"@type\":\"WebPage\",\"@id\":\"https:\/\/epssystem.pl\/en\/nowa-oferta\/zasilacze-ups-bezprzerwowe\/ups-b9000fxs-60-300-kva\/#webpage\",\"url\":\"https:\/\/epssystem.pl\/en\/nowa-oferta\/zasilacze-ups-bezprzerwowe\/ups-b9000fxs-60-300-kva\/\",\"name\":\"B9000FXS 60 -300 kVA - EPS System\",\"isPartOf\":{\"@id\":\"https:\/\/epssystem.pl\/#website\"},\"datePublished\":\"2016-08-10T12:46:48+00:00\",\"dateModified\":\"2020-11-20T14:11:17+00:00\",\"description\":\"Bezprzerwowy zasilacz UPS B9000FXS - solidny, trwa\u0142y i niezawodny. Gwarancja ci\u0105g\u0142ych dostaw energii. Sprawd\u017a nasz\u0105 ofert\u0119! \u27a3 epssystem.pl\",\"breadcrumb\":{\"@id\":\"https:\/\/epssystem.pl\/en\/nowa-oferta\/zasilacze-ups-bezprzerwowe\/ups-b9000fxs-60-300-kva\/#breadcrumb\"},\"inLanguage\":\"uk\",\"potentialAction\":[{\"@type\":\"ReadAction\",\"target\":[\"https:\/\/epssystem.pl\/en\/nowa-oferta\/zasilacze-ups-bezprzerwowe\/ups-b9000fxs-60-300-kva\/\"]}]},{\"@type\":\"BreadcrumbList\",\"@id\":\"https:\/\/epssystem.pl\/en\/nowa-oferta\/zasilacze-ups-bezprzerwowe\/ups-b9000fxs-60-300-kva\/#breadcrumb\",\"itemListElement\":[{\"@type\":\"ListItem\",\"position\":1,\"name\":\"Strona g\u0142\u00f3wna\",\"item\":\"https:\/\/epssystem.pl\/\"},{\"@type\":\"ListItem\",\"position\":2,\"name\":\"Oferta\",\"item\":\"https:\/\/epssystem.pl\/nowa-oferta\/\"},{\"@type\":\"ListItem\",\"position\":3,\"name\":\"Zasilacze awaryjne UPS\",\"item\":\"https:\/\/epssystem.pl\/nowa-oferta\/zasilacze-ups-bezprzerwowe\/\"},{\"@type\":\"ListItem\",\"position\":4,\"name\":\"B9000FXS 60 -300 kVA\"}]}]}<\/script>\n<!-- \/ Yoast SEO plugin. -->","yoast_head_json":{"title":"B9000FXS 60 -300 kVA - EPS System","description":"Bezprzerwowy zasilacz UPS B9000FXS - solidny, trwa\u0142y i niezawodny. Gwarancja ci\u0105g\u0142ych dostaw energii. Sprawd\u017a nasz\u0105 ofert\u0119! \u27a3 epssystem.pl","robots":{"index":"index","follow":"follow","max-snippet":"max-snippet:-1","max-image-preview":"max-image-preview:large","max-video-preview":"max-video-preview:-1"},"canonical":"https:\/\/epssystem.pl\/en\/nowa-oferta\/zasilacze-ups-bezprzerwowe\/ups-b9000fxs-60-300-kva\/","og_locale":"uk_UA","og_type":"article","og_title":"B9000FXS 60 -300 kVA - EPS System","og_description":"Bezprzerwowy zasilacz UPS B9000FXS - solidny, trwa\u0142y i niezawodny. Gwarancja ci\u0105g\u0142ych dostaw energii. Sprawd\u017a nasz\u0105 ofert\u0119! \u27a3 epssystem.pl","og_url":"https:\/\/epssystem.pl\/en\/nowa-oferta\/zasilacze-ups-bezprzerwowe\/ups-b9000fxs-60-300-kva\/","og_site_name":"EPS System","article_modified_time":"2020-11-20T14:11:17+00:00","twitter_card":"summary","twitter_misc":{"Est. reading time":"4 minutes"},"schema":{"@context":"https:\/\/schema.org","@graph":[{"@type":"WebSite","@id":"https:\/\/epssystem.pl\/#website","url":"https:\/\/epssystem.pl\/","name":"EPS System","description":"Polski producent system\u00f3w zasilania gwarantowanego","potentialAction":[{"@type":"SearchAction","target":{"@type":"EntryPoint","urlTemplate":"https:\/\/epssystem.pl\/?s={search_term_string}"},"query-input":"required name=search_term_string"}],"inLanguage":"uk"},{"@type":"WebPage","@id":"https:\/\/epssystem.pl\/en\/nowa-oferta\/zasilacze-ups-bezprzerwowe\/ups-b9000fxs-60-300-kva\/#webpage","url":"https:\/\/epssystem.pl\/en\/nowa-oferta\/zasilacze-ups-bezprzerwowe\/ups-b9000fxs-60-300-kva\/","name":"B9000FXS 60 -300 kVA - EPS System","isPartOf":{"@id":"https:\/\/epssystem.pl\/#website"},"datePublished":"2016-08-10T12:46:48+00:00","dateModified":"2020-11-20T14:11:17+00:00","description":"Bezprzerwowy zasilacz UPS B9000FXS - solidny, trwa\u0142y i niezawodny. Gwarancja ci\u0105g\u0142ych dostaw energii. Sprawd\u017a nasz\u0105 ofert\u0119! \u27a3 epssystem.pl","breadcrumb":{"@id":"https:\/\/epssystem.pl\/en\/nowa-oferta\/zasilacze-ups-bezprzerwowe\/ups-b9000fxs-60-300-kva\/#breadcrumb"},"inLanguage":"uk","potentialAction":[{"@type":"ReadAction","target":["https:\/\/epssystem.pl\/en\/nowa-oferta\/zasilacze-ups-bezprzerwowe\/ups-b9000fxs-60-300-kva\/"]}]},{"@type":"BreadcrumbList","@id":"https:\/\/epssystem.pl\/en\/nowa-oferta\/zasilacze-ups-bezprzerwowe\/ups-b9000fxs-60-300-kva\/#breadcrumb","itemListElement":[{"@type":"ListItem","position":1,"name":"Strona g\u0142\u00f3wna","item":"https:\/\/epssystem.pl\/"},{"@type":"ListItem","position":2,"name":"Oferta","item":"https:\/\/epssystem.pl\/nowa-oferta\/"},{"@type":"ListItem","position":3,"name":"Zasilacze awaryjne UPS","item":"https:\/\/epssystem.pl\/nowa-oferta\/zasilacze-ups-bezprzerwowe\/"},{"@type":"ListItem","position":4,"name":"B9000FXS 60 -300 kVA"}]}]}},"_links":{"self":[{"href":"https:\/\/epssystem.pl\/uk\/wp-json\/wp\/v2\/pages\/71710"}],"collection":[{"href":"https:\/\/epssystem.pl\/uk\/wp-json\/wp\/v2\/pages"}],"about":[{"href":"https:\/\/epssystem.pl\/uk\/wp-json\/wp\/v2\/types\/page"}],"author":[{"embeddable":true,"href":"https:\/\/epssystem.pl\/uk\/wp-json\/wp\/v2\/users\/3"}],"replies":[{"embeddable":true,"href":"https:\/\/epssystem.pl\/uk\/wp-json\/wp\/v2\/comments?post=71710"}],"version-history":[{"count":1,"href":"https:\/\/epssystem.pl\/uk\/wp-json\/wp\/v2\/pages\/71710\/revisions"}],"predecessor-version":[{"id":73578,"href":"https:\/\/epssystem.pl\/uk\/wp-json\/wp\/v2\/pages\/71710\/revisions\/73578"}],"up":[{"embeddable":true,"href":"https:\/\/epssystem.pl\/uk\/wp-json\/wp\/v2\/pages\/71061"}],"wp:attachment":[{"href":"https:\/\/epssystem.pl\/uk\/wp-json\/wp\/v2\/media?parent=71710"}],"curies":[{"name":"wp","href":"https:\/\/api.w.org\/{rel}","templated":true}]}}