{"id":71714,"date":"2016-08-10T12:59:55","date_gmt":"2016-08-10T12:59:55","guid":{"rendered":"http:\/\/epssystem.pl\/?page_id=71714"},"modified":"2020-11-20T14:16:06","modified_gmt":"2020-11-20T14:16:06","slug":"b9600fxs-400-800-kva","status":"publish","type":"page","link":"https:\/\/epssystem.pl\/uk\/nowa-oferta\/zasilacze-ups-bezprzerwowe\/b9600fxs-400-800-kva\/","title":{"rendered":"B9600FXS  400 &#8211; 800 kVA"},"content":{"rendered":"<p>[vc_row type=&#8221;container&#8221;][vc_column width=&#8221;1\/3&#8243;][vc_single_image image=&#8221;71575&#8243;][vc_single_image image=&#8221;71570&#8243; img_size=&#8221;full&#8221;][\/vc_column][vc_column width=&#8221;1\/3&#8243;][vc_empty_space height=&#8221;100px&#8221;][\/vc_column][vc_column width=&#8221;1\/3&#8243;][vc_column_text]<\/p>\n<h2 style=\"color: #bb1a12; font-size: 30px;\">B9600FXS<\/h2>\n<p>[\/vc_column_text][vc_column_text]<\/p>\n<h3>Zastosowanie:<\/h3>\n<ul>\n<li>centra przetwarzania danych<\/li>\n<li>zautomatyzowane procesy<\/li>\n<li>budynki wysoko\u015bciowe<\/li>\n<\/ul>\n<p>[\/vc_column_text][vc_column_text]<a href=\"http:\/\/epssystem.pl\/karty_katalogowe\/ups\/09. B9600FXS_web.pdf\"><i class=\" glyphicon glyphicon-save \" style=\"color:#bb1a12; font-size:24px;\"><\/i> Pobierz kart\u0119 PDF<\/a><\/p>\n<p><a href=\"#\"><i class=\" glyphicon glyphicon-envelope \" style=\"color:#bb1a12; font-size:24px;\"><\/i> Wy\u015blij zapytanie ofertowe<\/a>[\/vc_column_text][\/vc_column][\/vc_row][vc_row type=&#8221;container&#8221;][vc_column][vc_column_text]Prowadz\u0105c dzia\u0142alno\u015b\u0107 przemys\u0142ow\u0105, nale\u017cy zadba\u0107 o prawid\u0142owe dzia\u0142anie wszystkich urz\u0105dze\u0144. Jak wiadomo, sie\u0107 energetyczna cz\u0119sto ulega awariom. Dlatego te\u017c warto zainwestowa\u0107 w <strong>zasilacz B9600FXS<\/strong>, kt\u00f3ry umo\u017cliwi podtrzymywanie dostarczania energii elektrycznej do maszyn produkcyjnych, na wypadek zewn\u0119trznej usterki. Dlaczego warto si\u0119 na niego zdecydowa\u0107?<\/p>\n<h2>Niewielkie koszty eksploatacji, wysoka wydajno\u015b\u0107<\/h2>\n<p><span lang=\"zxx\"><u><a href=\"https:\/\/epssystem.pl\/nowa-oferta\/zasilacze-ups-bezprzerwowe\/\">Zasilanie awaryjne<\/a><\/u><\/span> jest najlepszym sposobem na podtrzymanie prawid\u0142owej pracy odbiornik\u00f3w energii, w przypadku uszkodzenia sieci energetycznej. Podczas zakupu urz\u0105dzenia, nale\u017cy kierowa\u0107 si\u0119 warto\u015bci\u0105 wielu parametr\u00f3w takich jak moc czynna, sprawno\u015b\u0107 oraz tolerancja napi\u0119cia. <strong>Zasilacz UPS B9600FXS<\/strong> jest przede wszystkim bardzo wydajny. Zastosowanie nowoczesnych technologii umo\u017cliwia pod\u0142\u0105czenie wielu jednostek r\u00f3wnolegle. Ponadto, system \u015bwietnie kontroluje obci\u0105\u017cenie poszczeg\u00f3lnych urz\u0105dze\u0144, a tak\u017ce umo\u017cliwia ich synchronizacj\u0119. Co wa\u017cne, du\u017ca wydajno\u015b\u0107 zasilacza idzie w parze z niskimi kosztami jego eksploatacji. Specjalistyczne systemy dbaj\u0105 tak\u017ce o \u017cywotno\u015b\u0107 baterii oraz kr\u00f3tki czas \u0142adowania urz\u0105dzenia.[\/vc_column_text][\/vc_column][\/vc_row][vc_row type=&#8221;container&#8221;][vc_column][vc_column_text]<table width=\"100%\" class=\"table \" style=\"\"><br \/><thead><tr><th>Model<\/th><th>Moc<\/th><th>Moc<\/th><th>Napi\u0119cie wej\u015bciowe <\/th><th>Napi\u0119cie wyj\u015bciowe<\/th><th>Wymiary (WxDxH) <\/th><th>Masa <\/th><\/tr><\/thead><tbody><tr><td>B9600FXS 400<\/td><td>400 kVA <\/td><td> 360 kW<\/td><td>400 V (3 fazy)<\/td><td>400 V (3 fazy)<\/td><td>1990x990x1920 mm <\/td><td>1820 kg<\/td><\/tr><tr><td>B9600FXS 500<\/td><td>500 kVA <\/td><td> 450 kW<\/td><td>400 V (3 fazy)<\/td><td>400 V (3 fazy)<\/td><td>2440x990x2020 mm <\/td><td>2220 kg<\/td><\/tr><tr><td>B9600FXS 600<\/td><td>600 kVA <\/td><td> 540 kW<\/td><td>400 V (3 fazy)<\/td><td>400 V (3 fazy)<\/td><td>24400990&#215;2020 mm <\/td><td>2400 kg<\/td><\/tr><\/p>\n<tr><td>B9600FXS 800<\/td><td>800kVA <\/td><td> 720kW<\/td><td>400 V (3 fazy)<\/td><td>400 V (3 fazy)<\/td><td>3640x990x1920 mm <\/td><td>3600 kg<\/td><\/tr>\n<p><\/tbody><\/table>[\/vc_column_text][\/vc_column][\/vc_row]<\/p>\n","protected":false},"excerpt":{"rendered":"<p>[vc_row type=&#8221;container&#8221;][vc_column width=&#8221;1\/3&#8243;][vc_single_image image=&#8221;71575&#8243;][vc_single_image image=&#8221;71570&#8243; img_size=&#8221;full&#8221;][\/vc_column][vc_column width=&#8221;1\/3&#8243;][vc_empty_space height=&#8221;100px&#8221;][\/vc_column][vc_column width=&#8221;1\/3&#8243;][vc_column_text] B9600FXS [\/vc_column_text][vc_column_text] Zastosowanie: centra przetwarzania danych zautomatyzowane procesy budynki wysoko\u015bciowe [\/vc_column_text][vc_column_text] Pobierz kart\u0119 PDF Wy\u015blij zapytanie ofertowe[\/vc_column_text][\/vc_column][\/vc_row][vc_row type=&#8221;container&#8221;][vc_column][vc_column_text]Prowadz\u0105c dzia\u0142alno\u015b\u0107 przemys\u0142ow\u0105, nale\u017cy zadba\u0107 o prawid\u0142owe dzia\u0142anie wszystkich urz\u0105dze\u0144. Jak wiadomo, sie\u0107 energetyczna cz\u0119sto ulega awariom. Dlatego te\u017c warto zainwestowa\u0107 w zasilacz B9600FXS, kt\u00f3ry umo\u017cliwi podtrzymywanie dostarczania energii [&hellip;]<\/p>\n","protected":false},"author":3,"featured_media":0,"parent":71061,"menu_order":9,"comment_status":"closed","ping_status":"closed","template":"","meta":[],"acf":[],"yoast_head":"<!-- This site is optimized with the Yoast SEO plugin v18.2 - https:\/\/yoast.com\/wordpress\/plugins\/seo\/ -->\n<title>B9600FXS 400 - 800 kVA - EPS System<\/title>\n<meta name=\"description\" content=\"Zasilacz UPS B9600FXS to niezawodny i solidny zasilacz zapewniaj\u0105cy ci\u0105g\u0142e dostawy energii. \u27a3 Sprawd\u017a na epssystem.pl i zainwestuj w bezpiecze\u0144stwo!\" \/>\n<meta name=\"robots\" content=\"index, follow, max-snippet:-1, max-image-preview:large, max-video-preview:-1\" \/>\n<link rel=\"canonical\" href=\"https:\/\/epssystem.pl\/en\/nowa-oferta\/zasilacze-ups-bezprzerwowe\/b9600fxs-400-800-kva\/\" \/>\n<meta property=\"og:locale\" content=\"uk_UA\" \/>\n<meta property=\"og:type\" content=\"article\" \/>\n<meta property=\"og:title\" content=\"B9600FXS 400 - 800 kVA - EPS System\" \/>\n<meta property=\"og:description\" content=\"Zasilacz UPS B9600FXS to niezawodny i solidny zasilacz zapewniaj\u0105cy ci\u0105g\u0142e dostawy energii. \u27a3 Sprawd\u017a na epssystem.pl i zainwestuj w bezpiecze\u0144stwo!\" \/>\n<meta property=\"og:url\" content=\"https:\/\/epssystem.pl\/en\/nowa-oferta\/zasilacze-ups-bezprzerwowe\/b9600fxs-400-800-kva\/\" \/>\n<meta property=\"og:site_name\" content=\"EPS System\" \/>\n<meta property=\"article:modified_time\" content=\"2020-11-20T14:16:06+00:00\" \/>\n<meta name=\"twitter:card\" content=\"summary\" \/>\n<meta name=\"twitter:label1\" content=\"Est. reading time\" \/>\n\t<meta name=\"twitter:data1\" content=\"3 minutes\" \/>\n<script type=\"application\/ld+json\" class=\"yoast-schema-graph\">{\"@context\":\"https:\/\/schema.org\",\"@graph\":[{\"@type\":\"WebSite\",\"@id\":\"https:\/\/epssystem.pl\/#website\",\"url\":\"https:\/\/epssystem.pl\/\",\"name\":\"EPS System\",\"description\":\"Polski producent system\u00f3w zasilania gwarantowanego\",\"potentialAction\":[{\"@type\":\"SearchAction\",\"target\":{\"@type\":\"EntryPoint\",\"urlTemplate\":\"https:\/\/epssystem.pl\/?s={search_term_string}\"},\"query-input\":\"required name=search_term_string\"}],\"inLanguage\":\"uk\"},{\"@type\":\"WebPage\",\"@id\":\"https:\/\/epssystem.pl\/en\/nowa-oferta\/zasilacze-ups-bezprzerwowe\/b9600fxs-400-800-kva\/#webpage\",\"url\":\"https:\/\/epssystem.pl\/en\/nowa-oferta\/zasilacze-ups-bezprzerwowe\/b9600fxs-400-800-kva\/\",\"name\":\"B9600FXS 400 - 800 kVA - EPS System\",\"isPartOf\":{\"@id\":\"https:\/\/epssystem.pl\/#website\"},\"datePublished\":\"2016-08-10T12:59:55+00:00\",\"dateModified\":\"2020-11-20T14:16:06+00:00\",\"description\":\"Zasilacz UPS B9600FXS to niezawodny i solidny zasilacz zapewniaj\u0105cy ci\u0105g\u0142e dostawy energii. \u27a3 Sprawd\u017a na epssystem.pl i zainwestuj w bezpiecze\u0144stwo!\",\"breadcrumb\":{\"@id\":\"https:\/\/epssystem.pl\/en\/nowa-oferta\/zasilacze-ups-bezprzerwowe\/b9600fxs-400-800-kva\/#breadcrumb\"},\"inLanguage\":\"uk\",\"potentialAction\":[{\"@type\":\"ReadAction\",\"target\":[\"https:\/\/epssystem.pl\/en\/nowa-oferta\/zasilacze-ups-bezprzerwowe\/b9600fxs-400-800-kva\/\"]}]},{\"@type\":\"BreadcrumbList\",\"@id\":\"https:\/\/epssystem.pl\/en\/nowa-oferta\/zasilacze-ups-bezprzerwowe\/b9600fxs-400-800-kva\/#breadcrumb\",\"itemListElement\":[{\"@type\":\"ListItem\",\"position\":1,\"name\":\"Strona g\u0142\u00f3wna\",\"item\":\"https:\/\/epssystem.pl\/\"},{\"@type\":\"ListItem\",\"position\":2,\"name\":\"Oferta\",\"item\":\"https:\/\/epssystem.pl\/nowa-oferta\/\"},{\"@type\":\"ListItem\",\"position\":3,\"name\":\"Zasilacze awaryjne UPS\",\"item\":\"https:\/\/epssystem.pl\/nowa-oferta\/zasilacze-ups-bezprzerwowe\/\"},{\"@type\":\"ListItem\",\"position\":4,\"name\":\"B9600FXS 400 &#8211; 800 kVA\"}]}]}<\/script>\n<!-- \/ Yoast SEO plugin. -->","yoast_head_json":{"title":"B9600FXS 400 - 800 kVA - EPS System","description":"Zasilacz UPS B9600FXS to niezawodny i solidny zasilacz zapewniaj\u0105cy ci\u0105g\u0142e dostawy energii. \u27a3 Sprawd\u017a na epssystem.pl i zainwestuj w bezpiecze\u0144stwo!","robots":{"index":"index","follow":"follow","max-snippet":"max-snippet:-1","max-image-preview":"max-image-preview:large","max-video-preview":"max-video-preview:-1"},"canonical":"https:\/\/epssystem.pl\/en\/nowa-oferta\/zasilacze-ups-bezprzerwowe\/b9600fxs-400-800-kva\/","og_locale":"uk_UA","og_type":"article","og_title":"B9600FXS 400 - 800 kVA - EPS System","og_description":"Zasilacz UPS B9600FXS to niezawodny i solidny zasilacz zapewniaj\u0105cy ci\u0105g\u0142e dostawy energii. \u27a3 Sprawd\u017a na epssystem.pl i zainwestuj w bezpiecze\u0144stwo!","og_url":"https:\/\/epssystem.pl\/en\/nowa-oferta\/zasilacze-ups-bezprzerwowe\/b9600fxs-400-800-kva\/","og_site_name":"EPS System","article_modified_time":"2020-11-20T14:16:06+00:00","twitter_card":"summary","twitter_misc":{"Est. reading time":"3 minutes"},"schema":{"@context":"https:\/\/schema.org","@graph":[{"@type":"WebSite","@id":"https:\/\/epssystem.pl\/#website","url":"https:\/\/epssystem.pl\/","name":"EPS System","description":"Polski producent system\u00f3w zasilania gwarantowanego","potentialAction":[{"@type":"SearchAction","target":{"@type":"EntryPoint","urlTemplate":"https:\/\/epssystem.pl\/?s={search_term_string}"},"query-input":"required name=search_term_string"}],"inLanguage":"uk"},{"@type":"WebPage","@id":"https:\/\/epssystem.pl\/en\/nowa-oferta\/zasilacze-ups-bezprzerwowe\/b9600fxs-400-800-kva\/#webpage","url":"https:\/\/epssystem.pl\/en\/nowa-oferta\/zasilacze-ups-bezprzerwowe\/b9600fxs-400-800-kva\/","name":"B9600FXS 400 - 800 kVA - EPS System","isPartOf":{"@id":"https:\/\/epssystem.pl\/#website"},"datePublished":"2016-08-10T12:59:55+00:00","dateModified":"2020-11-20T14:16:06+00:00","description":"Zasilacz UPS B9600FXS to niezawodny i solidny zasilacz zapewniaj\u0105cy ci\u0105g\u0142e dostawy energii. \u27a3 Sprawd\u017a na epssystem.pl i zainwestuj w bezpiecze\u0144stwo!","breadcrumb":{"@id":"https:\/\/epssystem.pl\/en\/nowa-oferta\/zasilacze-ups-bezprzerwowe\/b9600fxs-400-800-kva\/#breadcrumb"},"inLanguage":"uk","potentialAction":[{"@type":"ReadAction","target":["https:\/\/epssystem.pl\/en\/nowa-oferta\/zasilacze-ups-bezprzerwowe\/b9600fxs-400-800-kva\/"]}]},{"@type":"BreadcrumbList","@id":"https:\/\/epssystem.pl\/en\/nowa-oferta\/zasilacze-ups-bezprzerwowe\/b9600fxs-400-800-kva\/#breadcrumb","itemListElement":[{"@type":"ListItem","position":1,"name":"Strona g\u0142\u00f3wna","item":"https:\/\/epssystem.pl\/"},{"@type":"ListItem","position":2,"name":"Oferta","item":"https:\/\/epssystem.pl\/nowa-oferta\/"},{"@type":"ListItem","position":3,"name":"Zasilacze awaryjne UPS","item":"https:\/\/epssystem.pl\/nowa-oferta\/zasilacze-ups-bezprzerwowe\/"},{"@type":"ListItem","position":4,"name":"B9600FXS 400 &#8211; 800 kVA"}]}]}},"_links":{"self":[{"href":"https:\/\/epssystem.pl\/uk\/wp-json\/wp\/v2\/pages\/71714"}],"collection":[{"href":"https:\/\/epssystem.pl\/uk\/wp-json\/wp\/v2\/pages"}],"about":[{"href":"https:\/\/epssystem.pl\/uk\/wp-json\/wp\/v2\/types\/page"}],"author":[{"embeddable":true,"href":"https:\/\/epssystem.pl\/uk\/wp-json\/wp\/v2\/users\/3"}],"replies":[{"embeddable":true,"href":"https:\/\/epssystem.pl\/uk\/wp-json\/wp\/v2\/comments?post=71714"}],"version-history":[{"count":1,"href":"https:\/\/epssystem.pl\/uk\/wp-json\/wp\/v2\/pages\/71714\/revisions"}],"predecessor-version":[{"id":73579,"href":"https:\/\/epssystem.pl\/uk\/wp-json\/wp\/v2\/pages\/71714\/revisions\/73579"}],"up":[{"embeddable":true,"href":"https:\/\/epssystem.pl\/uk\/wp-json\/wp\/v2\/pages\/71061"}],"wp:attachment":[{"href":"https:\/\/epssystem.pl\/uk\/wp-json\/wp\/v2\/media?parent=71714"}],"curies":[{"name":"wp","href":"https:\/\/api.w.org\/{rel}","templated":true}]}}