{"id":71721,"date":"2016-08-11T05:39:47","date_gmt":"2016-08-11T05:39:47","guid":{"rendered":"http:\/\/epssystem.pl\/?page_id=71721"},"modified":"2022-09-13T09:03:12","modified_gmt":"2022-09-13T09:03:12","slug":"upsaver-100-kw-125","status":"publish","type":"page","link":"https:\/\/epssystem.pl\/uk\/nowa-oferta\/zasilacze-ups-bezprzerwowe\/upsaver-100-kw-125\/","title":{"rendered":"UPSaver 100 kw &#8211; 12,8  MW"},"content":{"rendered":"<p>[vc_row type=&#8221;container&#8221;][vc_column width=&#8221;1\/3&#8243;][vc_single_image image=&#8221;71575&#8243;][vc_single_image image=&#8221;71572&#8243; img_size=&#8221;full&#8221;][\/vc_column][vc_column width=&#8221;1\/3&#8243;][vc_empty_space height=&#8221;100px&#8221;][\/vc_column][vc_column width=&#8221;1\/3&#8243;][vc_column_text]<\/p>\n<h2 style=\"color: #bb1a12; font-size: 30px;\">UPSaver<\/h2>\n<p>[\/vc_column_text][vc_column_text]<\/p>\n<h3>System modu\u0142owy<\/h3>\n<h3>Zastosowanie:<\/h3>\n<ul>\n<li>technologie teleinformatyczne<\/li>\n<\/ul>\n<p>[\/vc_column_text][vc_column_text]<a href=\"http:\/\/epssystem.pl\/karty_katalogowe\/ups\/10. UPSaver_web.pdf\"><i class=\" glyphicon glyphicon-save \" style=\"color:#bb1a12; font-size:24px;\"><\/i> Pobierz kart\u0119 PDF<\/a><\/p>\n<p><a href=\"#\"><i class=\" glyphicon glyphicon-envelope \" style=\"color:#bb1a12; font-size:24px;\"><\/i> Wy\u015blij zapytanie ofertowe<\/a>[\/vc_column_text][\/vc_column][\/vc_row][vc_row type=&#8221;container&#8221;][vc_column][vc_column_text]<\/p>\n<p style=\"text-align: justify;\">Technologie informatyczne wymagaj\u0105 ci\u0105g\u0142ego dostarczania energii elektrycznej. Awarie sieci energetycznej powoduj\u0105 zatrzymanie pracy urz\u0105dze\u0144, co wp\u0142ywa na funkcjonowanie wielu jednostek. <strong>Zasilacz UPSaver<\/strong> gwarantuje podtrzymanie UPS w przypadku uszkodzenia sieci elektrycznej, dzi\u0119ki czemu, nawet w sytuacjach kryzysowych, wszystkie systemy mog\u0105 pracowa\u0107 bez zarzutu.<\/p>\n<h2>Wysoka wydajno\u015b\u0107, niewielkie koszty<\/h2>\n<p style=\"text-align: justify;\">Z my\u015bl\u0105 o przedsi\u0119biorstwach teleinformatycznych stworzono <span lang=\"zxx\"><u><a href=\"https:\/\/epssystem.pl\/nowa-oferta\/zasilacze-ups-bezprzerwowe\/\">zasilacz awaryjny<\/a><\/u><\/span><strong> UPSaver<\/strong>, kt\u00f3ry zapewnia bezprzerwowe dostarczanie energii elektrycznej. Praca w kilku trybach sprawia, \u017ce urz\u0105dzenie, w ka\u017cdych warunkach, jest niezwykle efektywne. Zastosowanie technologii Green Conversion nasila wydajno\u015b\u0107 zasilacza, co dodatkowo poprawia komfort jego u\u017cytkowania. Aby poprawi\u0107 zadowolenie Klient\u00f3w, UPSaver zosta\u0142 wzbogacony o technologi\u0119 wspieraj\u0105c\u0105 \u017cywotno\u015b\u0107 baterii. Co ciekawe, innowacyjny system pozwala zredukowa\u0107 koszty zwi\u0105zane z u\u017cytkowaniem, a tak\u017ce z serwisowaniem zasilacza. W przeciwie\u0144stwie do innych urz\u0105dze\u0144, <strong>UPSaver<\/strong> gwarantuje niewielkie obci\u0105\u017cenie, kt\u00f3re idzie w parze z wysok\u0105 wydajno\u015bci\u0105 systemu. Warto doda\u0107, i\u017c prezentowany zasilacz zosta\u0142 wyposa\u017cony w nowoczesny wy\u015bwietlacz dotykowy.<\/p>\n<p>[\/vc_column_text][vc_column_text]<\/p>\n<p style=\"text-align: center;\"><strong>Modu\u0142 podstawowy<br \/>\n<\/strong><\/p>\n<p style=\"text-align: left;\"><table width=\"100%\" class=\"table \" style=\"\"><br \/>\n<thead><tr>\n<th>Moc czynna<\/th>\n<th>Wymiary (WxDxH) <\/th>\n<th>Masa <\/th><\/p>\n<p style=\"text-align: left;\"><\/tr><\/thead>\n<tbody><\/p>\n<p style=\"text-align: left;\"><tr>\n<td>200 kW <\/td>\n<td>800x950x2100 mm<\/td>\n<td>720 kg<\/td><\/p>\n<p style=\"text-align: left;\"><\/tr><\/p>\n<p style=\"text-align: left;\"><\/tbody>\n<\/table><\/p>\n<p style=\"text-align: center;\"><strong>Modu\u0142y 200 kW<\/strong><\/p>\n<p><table width=\"100%\" class=\"table \" style=\"\"><br \/>\n<thead><tr>\n<th>Moc czynna N<\/th>\n<th>Moc czynna N+1 <\/th><\/p>\n<th>Wej\u015bcie<\/th>\n<p><th>Wyj\u015bcie<\/th>\n<th>Wymiary (WxDxH) <\/th>\n<th>Masa <\/th>\n<\/tr><\/thead>\n<tbody>\n<tr>\n<td>400 kW <\/td>\n<td>200 kW<\/td>\n<td>3 fazy<\/td>\n<td> 3 fazy<\/td>\n<td>2350x970x2100 mm <\/td>\n<td>1660 kg<\/td>\n<\/tr><\/p>\n<tr>\n<td>600 kW <\/td>\n<td>400 kW<\/td>\n<td>3 fazy<\/td>\n<td> 3 fazy<\/td>\n<td>2950x970x2100 mm <\/td>\n<td>2260 kg<\/td>\n<\/tr>\n<tr>\n<td>800 kW <\/td>\n<td>600 kW<\/td>\n<td>3 fazy<\/td>\n<td> 3 fazy<\/td>\n<td>3900x970x2100 mm <\/td>\n<td>800 kg<\/td>\n<\/tr>\n<tr>\n<td>1000 kW <\/td>\n<td>800 kW<\/td>\n<td>3 fazy<\/td>\n<td> 3 fazy<\/td>\n<td>4500x970x2100 mm <\/td>\n<td>3590 kg<\/td>\n<\/tr>\n<tr>\n<td>1200 kW <\/td>\n<td>1000 kW<\/td>\n<td>3 fazy<\/td>\n<td> 3 fazy<\/td>\n<td>5100x970x2100 mm <\/td>\n<td>4190 kg<\/td>\n<\/tr>\n<tr>\n<td>1400 kW <\/td>\n<td>1200 kW<\/td>\n<td>3 fazy<\/td>\n<td> 3 fazy<\/td>\n<td>6800x970x2100 mm <\/td>\n<td>4960 kg<\/td>\n<\/tr>\n<tr>\n<td>1600 kW <\/td>\n<td>1400 kW<\/td>\n<td>3 fazy<\/td>\n<td> 3 fazy<\/td>\n<td>7400x970x2100 mm <\/td>\n<td>5560 kg<\/td>\n<\/tr>\n<p><\/tbody>\n<\/table>[\/vc_column_text][\/vc_column][\/vc_row]<\/p>\n","protected":false},"excerpt":{"rendered":"<p>[vc_row type=&#8221;container&#8221;][vc_column width=&#8221;1\/3&#8243;][vc_single_image image=&#8221;71575&#8243;][vc_single_image image=&#8221;71572&#8243; img_size=&#8221;full&#8221;][\/vc_column][vc_column width=&#8221;1\/3&#8243;][vc_empty_space height=&#8221;100px&#8221;][\/vc_column][vc_column width=&#8221;1\/3&#8243;][vc_column_text] UPSaver [\/vc_column_text][vc_column_text] System modu\u0142owy Zastosowanie: technologie teleinformatyczne [\/vc_column_text][vc_column_text] Pobierz kart\u0119 PDF Wy\u015blij zapytanie ofertowe[\/vc_column_text][\/vc_column][\/vc_row][vc_row type=&#8221;container&#8221;][vc_column][vc_column_text] Technologie informatyczne wymagaj\u0105 ci\u0105g\u0142ego dostarczania energii elektrycznej. Awarie sieci energetycznej powoduj\u0105 zatrzymanie pracy urz\u0105dze\u0144, co wp\u0142ywa na funkcjonowanie wielu jednostek. Zasilacz UPSaver gwarantuje podtrzymanie UPS w przypadku uszkodzenia sieci elektrycznej, dzi\u0119ki [&hellip;]<\/p>\n","protected":false},"author":3,"featured_media":0,"parent":71061,"menu_order":10,"comment_status":"closed","ping_status":"closed","template":"","meta":[],"acf":[],"yoast_head":"<!-- This site is optimized with the Yoast SEO plugin v18.2 - https:\/\/yoast.com\/wordpress\/plugins\/seo\/ -->\n<title>Zasilacz awaryjny UPS - UPSaver 100 kw - 12,8 MW - EPS System<\/title>\n<meta name=\"description\" content=\"UPSaver to niezawodny zasilacz zapewniaj\u0105cy ci\u0105g\u0142e dostarczanie energii elektrycznej. \u27a3 Wejd\u017a na epssystem.pl i zainwestuj w bezpiecze\u0144stwo!\" \/>\n<meta name=\"robots\" content=\"index, follow, max-snippet:-1, max-image-preview:large, max-video-preview:-1\" \/>\n<link rel=\"canonical\" href=\"https:\/\/epssystem.pl\/nowa-oferta\/zasilacze-ups-bezprzerwowe\/upsaver-100-kw-125\/\" \/>\n<meta property=\"og:locale\" content=\"uk_UA\" \/>\n<meta property=\"og:type\" content=\"article\" \/>\n<meta property=\"og:title\" content=\"Zasilacz awaryjny UPS - UPSaver 100 kw - 12,8 MW - EPS System\" \/>\n<meta property=\"og:description\" content=\"UPSaver to niezawodny zasilacz zapewniaj\u0105cy ci\u0105g\u0142e dostarczanie energii elektrycznej. \u27a3 Wejd\u017a na epssystem.pl i zainwestuj w bezpiecze\u0144stwo!\" \/>\n<meta property=\"og:url\" content=\"https:\/\/epssystem.pl\/nowa-oferta\/zasilacze-ups-bezprzerwowe\/upsaver-100-kw-125\/\" \/>\n<meta property=\"og:site_name\" content=\"EPS System\" \/>\n<meta property=\"article:modified_time\" content=\"2022-09-13T09:03:12+00:00\" \/>\n<meta name=\"twitter:card\" content=\"summary\" \/>\n<meta name=\"twitter:label1\" content=\"Est. reading time\" \/>\n\t<meta name=\"twitter:data1\" content=\"3 minutes\" \/>\n<script type=\"application\/ld+json\" class=\"yoast-schema-graph\">{\"@context\":\"https:\/\/schema.org\",\"@graph\":[{\"@type\":\"WebSite\",\"@id\":\"https:\/\/epssystem.pl\/#website\",\"url\":\"https:\/\/epssystem.pl\/\",\"name\":\"EPS System\",\"description\":\"Polski producent system\u00f3w zasilania gwarantowanego\",\"potentialAction\":[{\"@type\":\"SearchAction\",\"target\":{\"@type\":\"EntryPoint\",\"urlTemplate\":\"https:\/\/epssystem.pl\/?s={search_term_string}\"},\"query-input\":\"required name=search_term_string\"}],\"inLanguage\":\"uk\"},{\"@type\":\"WebPage\",\"@id\":\"https:\/\/epssystem.pl\/nowa-oferta\/zasilacze-ups-bezprzerwowe\/upsaver-100-kw-125\/#webpage\",\"url\":\"https:\/\/epssystem.pl\/nowa-oferta\/zasilacze-ups-bezprzerwowe\/upsaver-100-kw-125\/\",\"name\":\"Zasilacz awaryjny UPS - UPSaver 100 kw - 12,8 MW - EPS System\",\"isPartOf\":{\"@id\":\"https:\/\/epssystem.pl\/#website\"},\"datePublished\":\"2016-08-11T05:39:47+00:00\",\"dateModified\":\"2022-09-13T09:03:12+00:00\",\"description\":\"UPSaver to niezawodny zasilacz zapewniaj\u0105cy ci\u0105g\u0142e dostarczanie energii elektrycznej. \u27a3 Wejd\u017a na epssystem.pl i zainwestuj w bezpiecze\u0144stwo!\",\"breadcrumb\":{\"@id\":\"https:\/\/epssystem.pl\/nowa-oferta\/zasilacze-ups-bezprzerwowe\/upsaver-100-kw-125\/#breadcrumb\"},\"inLanguage\":\"uk\",\"potentialAction\":[{\"@type\":\"ReadAction\",\"target\":[\"https:\/\/epssystem.pl\/nowa-oferta\/zasilacze-ups-bezprzerwowe\/upsaver-100-kw-125\/\"]}]},{\"@type\":\"BreadcrumbList\",\"@id\":\"https:\/\/epssystem.pl\/nowa-oferta\/zasilacze-ups-bezprzerwowe\/upsaver-100-kw-125\/#breadcrumb\",\"itemListElement\":[{\"@type\":\"ListItem\",\"position\":1,\"name\":\"Strona g\u0142\u00f3wna\",\"item\":\"https:\/\/epssystem.pl\/\"},{\"@type\":\"ListItem\",\"position\":2,\"name\":\"Oferta\",\"item\":\"https:\/\/epssystem.pl\/nowa-oferta\/\"},{\"@type\":\"ListItem\",\"position\":3,\"name\":\"Zasilacze awaryjne UPS\",\"item\":\"https:\/\/epssystem.pl\/nowa-oferta\/zasilacze-ups-bezprzerwowe\/\"},{\"@type\":\"ListItem\",\"position\":4,\"name\":\"UPSaver 100 kw - 12,8 MW\"}]}]}<\/script>\n<!-- \/ Yoast SEO plugin. -->","yoast_head_json":{"title":"Zasilacz awaryjny UPS - UPSaver 100 kw - 12,8 MW - EPS System","description":"UPSaver to niezawodny zasilacz zapewniaj\u0105cy ci\u0105g\u0142e dostarczanie energii elektrycznej. \u27a3 Wejd\u017a na epssystem.pl i zainwestuj w bezpiecze\u0144stwo!","robots":{"index":"index","follow":"follow","max-snippet":"max-snippet:-1","max-image-preview":"max-image-preview:large","max-video-preview":"max-video-preview:-1"},"canonical":"https:\/\/epssystem.pl\/nowa-oferta\/zasilacze-ups-bezprzerwowe\/upsaver-100-kw-125\/","og_locale":"uk_UA","og_type":"article","og_title":"Zasilacz awaryjny UPS - UPSaver 100 kw - 12,8 MW - EPS System","og_description":"UPSaver to niezawodny zasilacz zapewniaj\u0105cy ci\u0105g\u0142e dostarczanie energii elektrycznej. \u27a3 Wejd\u017a na epssystem.pl i zainwestuj w bezpiecze\u0144stwo!","og_url":"https:\/\/epssystem.pl\/nowa-oferta\/zasilacze-ups-bezprzerwowe\/upsaver-100-kw-125\/","og_site_name":"EPS System","article_modified_time":"2022-09-13T09:03:12+00:00","twitter_card":"summary","twitter_misc":{"Est. reading time":"3 minutes"},"schema":{"@context":"https:\/\/schema.org","@graph":[{"@type":"WebSite","@id":"https:\/\/epssystem.pl\/#website","url":"https:\/\/epssystem.pl\/","name":"EPS System","description":"Polski producent system\u00f3w zasilania gwarantowanego","potentialAction":[{"@type":"SearchAction","target":{"@type":"EntryPoint","urlTemplate":"https:\/\/epssystem.pl\/?s={search_term_string}"},"query-input":"required name=search_term_string"}],"inLanguage":"uk"},{"@type":"WebPage","@id":"https:\/\/epssystem.pl\/nowa-oferta\/zasilacze-ups-bezprzerwowe\/upsaver-100-kw-125\/#webpage","url":"https:\/\/epssystem.pl\/nowa-oferta\/zasilacze-ups-bezprzerwowe\/upsaver-100-kw-125\/","name":"Zasilacz awaryjny UPS - UPSaver 100 kw - 12,8 MW - EPS System","isPartOf":{"@id":"https:\/\/epssystem.pl\/#website"},"datePublished":"2016-08-11T05:39:47+00:00","dateModified":"2022-09-13T09:03:12+00:00","description":"UPSaver to niezawodny zasilacz zapewniaj\u0105cy ci\u0105g\u0142e dostarczanie energii elektrycznej. \u27a3 Wejd\u017a na epssystem.pl i zainwestuj w bezpiecze\u0144stwo!","breadcrumb":{"@id":"https:\/\/epssystem.pl\/nowa-oferta\/zasilacze-ups-bezprzerwowe\/upsaver-100-kw-125\/#breadcrumb"},"inLanguage":"uk","potentialAction":[{"@type":"ReadAction","target":["https:\/\/epssystem.pl\/nowa-oferta\/zasilacze-ups-bezprzerwowe\/upsaver-100-kw-125\/"]}]},{"@type":"BreadcrumbList","@id":"https:\/\/epssystem.pl\/nowa-oferta\/zasilacze-ups-bezprzerwowe\/upsaver-100-kw-125\/#breadcrumb","itemListElement":[{"@type":"ListItem","position":1,"name":"Strona g\u0142\u00f3wna","item":"https:\/\/epssystem.pl\/"},{"@type":"ListItem","position":2,"name":"Oferta","item":"https:\/\/epssystem.pl\/nowa-oferta\/"},{"@type":"ListItem","position":3,"name":"Zasilacze awaryjne UPS","item":"https:\/\/epssystem.pl\/nowa-oferta\/zasilacze-ups-bezprzerwowe\/"},{"@type":"ListItem","position":4,"name":"UPSaver 100 kw - 12,8 MW"}]}]}},"_links":{"self":[{"href":"https:\/\/epssystem.pl\/uk\/wp-json\/wp\/v2\/pages\/71721"}],"collection":[{"href":"https:\/\/epssystem.pl\/uk\/wp-json\/wp\/v2\/pages"}],"about":[{"href":"https:\/\/epssystem.pl\/uk\/wp-json\/wp\/v2\/types\/page"}],"author":[{"embeddable":true,"href":"https:\/\/epssystem.pl\/uk\/wp-json\/wp\/v2\/users\/3"}],"replies":[{"embeddable":true,"href":"https:\/\/epssystem.pl\/uk\/wp-json\/wp\/v2\/comments?post=71721"}],"version-history":[{"count":3,"href":"https:\/\/epssystem.pl\/uk\/wp-json\/wp\/v2\/pages\/71721\/revisions"}],"predecessor-version":[{"id":73964,"href":"https:\/\/epssystem.pl\/uk\/wp-json\/wp\/v2\/pages\/71721\/revisions\/73964"}],"up":[{"embeddable":true,"href":"https:\/\/epssystem.pl\/uk\/wp-json\/wp\/v2\/pages\/71061"}],"wp:attachment":[{"href":"https:\/\/epssystem.pl\/uk\/wp-json\/wp\/v2\/media?parent=71721"}],"curies":[{"name":"wp","href":"https:\/\/api.w.org\/{rel}","templated":true}]}}