{"id":72578,"date":"2017-02-08T08:01:27","date_gmt":"2017-02-08T08:01:27","guid":{"rendered":"http:\/\/epssystem.pl\/?page_id=72578"},"modified":"2020-11-20T10:52:09","modified_gmt":"2020-11-20T10:52:09","slug":"getor-stage-3a","status":"publish","type":"page","link":"https:\/\/epssystem.pl\/uk\/nowa-oferta\/agregaty-pradotworcze\/getor-stage-3a\/","title":{"rendered":"Agregaty pr\u0105dotw\u00f3rcze przewo\u017ane GETOR STAGE 3A"},"content":{"rendered":"<p>[vc_row type=&#8221;container&#8221; css=&#8221;.vc_custom_1471341523761{margin-top: 0px !important;margin-right: 0px !important;margin-bottom: 0px !important;margin-left: 0px !important;border-top-width: 0px !important;border-right-width: 0px !important;border-bottom-width: 0px !important;border-left-width: 0px !important;padding-top: 0px !important;padding-right: 0px !important;padding-bottom: 0px !important;padding-left: 0px !important;}&#8221;][vc_column][vc_column_text][\/vc_column_text][vc_single_image image=&#8221;72582&#8243; img_size=&#8221;full&#8221;][\/vc_column][\/vc_row][vc_row type=&#8221;container&#8221;][vc_column width=&#8221;1\/3&#8243;][vc_raw_html css=&#8221;.vc_custom_1470304479702{margin-bottom: -40px !important;padding-bottom: -40px !important;padding-left: 80px !important;}&#8221;]JTNDcCUyMHN0eWxlJTNEJTIyY29sb3IlM0ElMjNCQkIlMjIlM0UlM0NiJTNFcG93ZXJlZCUyMGJ5JTNDJTJGYiUzRSUzQyUyRnAlM0U=[\/vc_raw_html][vc_single_image image=&#8221;71137&#8243; img_size=&#8221;medium&#8221;][\/vc_column][vc_column width=&#8221;1\/3&#8243;][vc_single_image image=&#8221;71879&#8243; img_size=&#8221;full&#8221;][\/vc_column][vc_column width=&#8221;1\/3&#8243;][vc_raw_html css=&#8221;.vc_custom_1470304479702{margin-bottom: -40px !important;padding-bottom: -40px !important;padding-left: 80px !important;}&#8221;]JTNDcCUyMHN0eWxlJTNEJTIyY29sb3IlM0ElMjNCQkIlMjIlM0UlM0NiJTNFcG93ZXJlZCUyMGJ5JTNDJTJGYiUzRSUzQyUyRnAlM0U=[\/vc_raw_html][vc_single_image image=&#8221;71173&#8243; img_size=&#8221;medium&#8221;][\/vc_column][\/vc_row][vc_row type=&#8221;container&#8221;][vc_column][\/vc_column][\/vc_row][vc_row type=&#8221;container&#8221;][vc_column][vc_column_text css=&#8221;.vc_custom_1551187066792{margin-top: 0px !important;margin-right: 0px !important;margin-bottom: 0px !important;margin-left: 0px !important;border-top-width: 0px !important;border-right-width: 0px !important;border-bottom-width: 0px !important;border-left-width: 0px !important;padding-top: 0px !important;padding-right: 0px !important;padding-bottom: 0px !important;padding-left: 0px !important;}&#8221;]<\/p>\n<p style=\"text-align: justify;\">Ilekro\u0107 dostarczenie alternatywnej energii elektrycznej konieczne jest tylko na jaki\u015b czas (np. w razie wyst\u0105pienia kl\u0119ski \u017cywio\u0142owej, podczas imprez plenerowych), doskonale sprawdzaj\u0105 si\u0119 mobilne agregaty pr\u0105dotw\u00f3rcze. Pracuj\u0105 one na samochodach dostawczych, ci\u0119\u017carowych lub na jedno- lub dwuosiowych przyczepach. Taki agregat pr\u0105dotw\u00f3rczy na przyczepie mo\u017cna po prostu zaparkowa\u0107 w danym miejscu i pojecha\u0107 po kolejne, o ile jeden nie wystarczy. Niczego nie trzeba instalowa\u0107. Wystarczy uruchomi\u0107 maszyn\u0119 i pod\u0142\u0105czy\u0107 odbiorniki.<\/p>\n<p style=\"text-align: justify;\">Pr\u0105d pozyskiwany z takiego agregatu mo\u017ce te\u017c by\u0107 wykorzystywany na placu budowy albo w miejscu wykonywania prac remontowych wymagaj\u0105cych silnego o\u015bwietlenia, stosowania elektronarz\u0119dzi du\u017cej mocy itp. Jedynym ograniczeniem jest droga dojazdowa dla samochodu z generatorem.<\/p>\n<p style=\"text-align: justify;\">GETOR STAGE 3A to seria obejmuj\u0105ca generatory z wybranymi silnikami pochodz\u0105cymi od r\u00f3\u017cnych producent\u00f3w. S\u0105 to standardowo jednostki obudowane wyciszone lub kontenerowe. Mobilne <a href=\"\/nowa-oferta\/agregaty-pradotworcze\/\">agregaty pr\u0105dotw\u00f3rcze<\/a> przewo\u017ane GETOR STAGE 3A zawieraj\u0105 w kodzie oznaczenia liter\u0119 \u201eE\u201d (np. GETOR GV 275 SE).<\/p>\n<p style=\"text-align: justify;\">Mobilno\u015b\u0107 wymaga, by agregaty GETOR STAGE 3A o du\u017cej mocy montowane by\u0142y na samochodach dostawczych lub ci\u0119\u017carowych, jedno- lub dwuosiowych przyczepach i naczepach. Stosownie do przeznaczenia doposa\u017camy je indywidualnie w b\u0119bny kablowe z nap\u0119dem r\u0119cznym lub silnikowym, pakiet gniazd odbioru mocy, terminale typu powerlock dla du\u017cych pr\u0105d\u00f3w, skrzynie na osprz\u0119t dodatkowy etc.<\/p>\n<p style=\"text-align: justify;\">W Unii Europejskiej obowi\u0105zuje Dyrektywa 2004\/26\/WE, kt\u00f3ra nak\u0142ada ograniczenia emisji zanieczyszcze\u0144 w spalinach. Dotyczy to tak\u017ce silnik\u00f3w nap\u0119dzaj\u0105cych agregaty pr\u0105dotw\u00f3rcze. Zgodnie z t\u0105 dyrektyw\u0105 wszystkie silniki o mocy od 18 do 560 kW stosowane w agregatach pr\u0105dotw\u00f3rczych przewo\u017anych (mobilnych) musz\u0105 od 1 stycznia 2012 r. spe\u0142nia\u0107 wymagania okre\u015blone jako ograniczenia STAGE 3A. Restrykcje te nie dotycz\u0105 jednak silnik\u00f3w agregat\u00f3w przeznaczonych do pracy w jednej, sta\u0142ej lokalizacji.<\/p>\n<p>[\/vc_column_text][vc_empty_space height=&#8221;22px&#8221;][vc_column_text css=&#8221;.vc_custom_1486722776861{margin-top: 0px !important;margin-right: 0px !important;margin-bottom: 0px !important;margin-left: 0px !important;border-top-width: 0px !important;border-right-width: 0px !important;border-bottom-width: 0px !important;border-left-width: 0px !important;padding-top: 0px !important;padding-right: 0px !important;padding-bottom: 0px !important;padding-left: 0px !important;}&#8221;]<\/p>\n<p style=\"text-align: center;\"><a href=\"#\"><i class=\" glyphicon glyphicon-envelope \" style=\"color:#bb1a12; font-size:24px;\"><\/i> Wy\u015blij zapytanie ofertowe<\/a><\/p>\n<p>[\/vc_column_text][vc_column_text]<\/p>\n<h5 style=\"color: #bb1a12; font-size: 30px;\">GETOR GI 25-441 kVA<\/h5>\n<p>[\/vc_column_text][vc_column_text]<div class=\"table-responsive\"><table width=\"100%\" class=\"table \" style=\"table-bordered\"><\/p>\n<p><thead><tr><th>Typ obudowany<\/th><th>Moc awaryjna [kVA \/ kW]<\/th><th>Moc ci\u0105g\u0142a [kVA \/ kW]<\/th><th>Pojemno\u015b\u0107 zbiornika [l]<\/th><th>Zu\u017cycie paliwa [l\/h]<\/th><\/tr><\/thead><tbody><tr><td>GI 22 SE<\/td><td>25,3\/ 20,2<\/td><td>23,0 \/18,4 <\/td><td>195 <\/td><td>7,9<\/td><\/tr><\/p>\n<tr><td>GI 33 SE<\/td><td>34,3 \/ 27,4<\/td><td>31,0 \/ 24,8 <\/td><td>195 <\/td><td>7,9<\/td><\/tr>\n<tr><td>GI 67 SE<\/td><td>66,0 \/ 52,8 <\/td><td>60,0 \/ 48,0 <\/td><td>210 <\/td><td>16,7 <\/td><\/tr>\n<tr><td>GI 92 SE<\/td><td>91,0 \/ 72,8<\/td><td>82,5 \/ 66,0<\/td><td>210 <\/td><td>18,8<\/td><\/tr>\n<tr><td>GI 110 SE<\/td><td>112,5 \/ 90,0<\/td><td>102,1 \/81,7 <\/td><td>210 <\/td><td>22,8<\/td><\/tr>\n<tr><td>GI 143 SE<\/td><td>144,1\/ 115,3<\/td><td>130,8 \/104,6<\/td><td>315 <\/td><td>30,5<\/td><\/tr>\n<tr><td>GI 167 SE<\/td><td>168,4\/ 134,7<\/td><td>152,7 \/122,2 <\/td><td>315 <\/td><td>34<\/td><\/tr>\n<tr><td>GI 190 SE<\/td><td>191,8 \/ 153,5<\/td><td>174,4 \/ 139,5 <\/td><td>315 <\/td><td>39,6<\/td><\/tr>\n<tr><td>GI 220 SE<\/td><td>227,2 \/ 181,7<\/td><td>203,9\/163,1<\/td><td>400 <\/td><td>45,5<\/td><\/tr>\n<tr><td>GI 220+<\/td><td>227,2\/ 181,7<\/td><td>203,9\/163,1<\/td><td>515<\/td><td>48,6<\/td><\/tr>\n<tr><td>GI 257 SE<\/td><td>275,0 \/ 220,0<\/td><td>250,0 \/ 200,0 <\/td><td>515<\/td><td>61<\/td><\/tr>\n<tr><td>GI 300 SE<\/td><td>298,0 \/ 239,0<\/td><td>270,9 \/216,7 <\/td><td>515<\/td><td>61<\/td><\/tr>\n<tr><td>GI 330 SE<\/td><td>339,7 \/271,7 <\/td><td>308,0 \/246,0 <\/td><td>700<\/td><td>64,3<\/td><\/tr>\n<tr><td>GI 385 SE<\/td><td>385,0 \/ 308,01<\/td><td>350,0 \/280,0 <\/td><td>700<\/td><td>92,9<\/td><\/tr>\n<tr><td>GI 440 SE<\/td><td>441,6 \/ 353,2<\/td><td>400,6\/320,5 <\/td><td>700<\/td><td>92,9<\/td><\/tr>\n<p><\/tbody><\/table><\/div>[\/vc_column_text][\/vc_column][\/vc_row][vc_row type=&#8221;container&#8221;][vc_column][vc_column_text]<\/p>\n<h5 style=\"color: #bb1a12; font-size: 30px;\">GETOR GV 97 &#8211; 715 kVA<\/h5>\n<p>[\/vc_column_text][vc_column_text]<div class=\"table-responsive\"><table width=\"100%\" class=\"table \" style=\"table-bordered\"><\/p>\n<p><thead><tr><th>Typ obudowany<\/th><th>Moc awaryjna [kVA \/ kW]<\/th><th>Moc ci\u0105g\u0142a [kVA \/ kW]<\/th><th>Pojemno\u015b\u0107 zbiornika [l]<\/th><th>Zu\u017cycie paliwa [l\/h]<\/th><\/tr><\/thead><tbody><tr><td>GV 94 SE<\/td><td>97,2 \/ 77,8<\/td><td>86,9 \/69,5 <\/td><td>315 <\/td><td>21,5<\/td><\/tr><\/p>\n<tr><td>GV 112 SE<\/td><td>114,8 \/ 91,8<\/td><td>102,1 \/81,7 <\/td><td>315 <\/td><td>26,4<\/td><\/tr>\n<tr><td>GV 144 SE<\/td><td>145,2 \/ 116,2 <\/td><td>131,4 \/ 105,1 <\/td><td>315 <\/td><td>35,2 <\/td><\/tr>\n<tr><td>GV 167 SE<\/td><td>168,4 \/ 134,7<\/td><td>153,3 \/ 122,6<\/td><td>315<\/td><td>35,2<\/td><\/tr>\n<tr><td>GV 205 SE<\/td><td>201,1 \/ 160,9<\/td><td>180,2 \/ 144,2 <\/td><td>515 <\/td><td>40,5<\/td><\/tr>\n<tr><td>GV 226 SE<\/td><td>222,5 \/ 178,0<\/td><td>201,5 \/161,2<\/td><td>515 <\/td><td>44,9<\/td><\/tr>\n<tr><td>GV 275 SE<\/td><td>275,0 \/220,0<\/td><td>250,0 \/200,0 <\/td><td>515 <\/td><td>57<\/td><\/tr>\n<tr><td>GV 358 SE<\/td><td>357,3 \/ 285,8<\/td><td>325,7 \/260,6 <\/td><td>515<\/td><td>68,1<\/td><\/tr>\n<tr><td>GV 412 SE<\/td><td>404,1 \/ 323,3<\/td><td>367,8 \/ 294,2 <\/td><td>515 <\/td><td>76,2<\/td><\/tr>\n<tr><td>GV 440 SE<\/td><td>422,8 \/ 338,3<\/td><td>384,2\/307,3<\/td><td>515 <\/td><td>79,1<\/td><\/tr>\n<tr><td>GV 450 SE<\/td><td>451,0\/ 360,8<\/td><td>410,0\/328,0<\/td><td>515<\/td><td>84,3<\/td><\/tr>\n<tr><td>GV 500 SE<\/td><td>495,0 \/ 396,0<\/td><td>450,0 \/ 360,0 <\/td><td>800<\/td><td>96,7<\/td><\/tr>\n<tr><td>GV 559 SE<\/td><td>555,8 \/ 444,6<\/td><td>505,3 \/404,2 <\/td><td>800<\/td><td>104<\/td><\/tr>\n<tr><td>GV 660 SE<\/td><td>659,3 \/527,5 <\/td><td>597,8\/478,2 <\/td><td>800<\/td><td>130,5<\/td><\/tr>\n<p>\u00a0<\/p>\n<p>\u00a0<\/p>\n<p><\/tbody><\/table><\/div>[\/vc_column_text][\/vc_column][\/vc_row][vc_row type=&#8221;container&#8221;][vc_column][vc_column_text]<\/p>\n<h5 style=\"color: #bb1a12; font-size: 30px;\">GETOR GMT 305 &#8211; 727 kVA<\/h5>\n<p>[\/vc_column_text][vc_column_text]<div class=\"table-responsive\"><table width=\"100%\" class=\"table \" style=\"table-bordered\"><\/p>\n<p><thead><tr><th>Typ obudowany<\/th><th>Moc awaryjna [kVA \/ kW]<\/th><th>Moc ci\u0105g\u0142a [kVA \/ kW]<\/th><th>Pojemno\u015b\u0107 zbiornika [l]<\/th><th>Zu\u017cycie paliwa [l\/h]<\/th><\/tr><\/thead><tbody><tr><td>GMT 310 SE<\/td><td>305,9 \/ 244,8<\/td><td>278,1 \/222,5 <\/td><td>700 <\/td><td>60,67<\/td><\/tr><\/p>\n<tr><td>GMT 330 SE<\/td><td>333,0 \/ 264,0<\/td><td>300,0 \/240,0 <\/td><td>700 <\/td><td>64,35<\/td><\/tr>\n<tr><td>GMT 385 SE<\/td><td>385,0 \/ 308,0 <\/td><td>350,0 \/ 280,0 <\/td><td>700 <\/td><td>81,25 <\/td><\/tr>\n<tr><td>GMT 440 SE<\/td><td>441,9 \/ 353,5<\/td><td>401,7 \/ 321,4<\/td><td>800<\/td><td>88,64<\/td><\/tr>\n<tr><td>GMT 510 SE<\/td><td>495,0 \/ 396,0<\/td><td>450,0 \/360,0 <\/td><td>800 <\/td><td>104,17<\/td><\/tr>\n<tr><td>GMT 550SE<\/td><td>559,7 \/ 447,7<\/td><td>508,8 \/407,0<\/td><td>800 <\/td><td>111,46<\/td><\/tr>\n<tr><td>GMT 660 SE<\/td><td>660,2 \/528,1<\/td><td>600,2 \/480,1 <\/td><td>800 <\/td><td>119,77<\/td><\/tr>\n<tr><td>GMT 720 SE<\/td><td>727,9 \/ 582,9<\/td><td>661,7 \/529,4 <\/td><td>800<\/td><td>142,63<\/td><\/tr>\n<p>\u00a0<\/p>\n<p><\/tbody><\/table><\/div>[\/vc_column_text][\/vc_column][\/vc_row]<\/p>\n","protected":false},"excerpt":{"rendered":"<p>[vc_row type=&#8221;container&#8221; css=&#8221;.vc_custom_1471341523761{margin-top: 0px !important;margin-right: 0px !important;margin-bottom: 0px !important;margin-left: 0px !important;border-top-width: 0px !important;border-right-width: 0px !important;border-bottom-width: 0px !important;border-left-width: 0px !important;padding-top: 0px !important;padding-right: 0px !important;padding-bottom: 0px !important;padding-left: 0px !important;}&#8221;][vc_column][vc_column_text][\/vc_column_text][vc_single_image image=&#8221;72582&#8243; img_size=&#8221;full&#8221;][\/vc_column][\/vc_row][vc_row type=&#8221;container&#8221;][vc_column width=&#8221;1\/3&#8243;][vc_raw_html css=&#8221;.vc_custom_1470304479702{margin-bottom: -40px !important;padding-bottom: -40px !important;padding-left: 80px !important;}&#8221;]JTNDcCUyMHN0eWxlJTNEJTIyY29sb3IlM0ElMjNCQkIlMjIlM0UlM0NiJTNFcG93ZXJlZCUyMGJ5JTNDJTJGYiUzRSUzQyUyRnAlM0U=[\/vc_raw_html][vc_single_image image=&#8221;71137&#8243; img_size=&#8221;medium&#8221;][\/vc_column][vc_column width=&#8221;1\/3&#8243;][vc_single_image image=&#8221;71879&#8243; img_size=&#8221;full&#8221;][\/vc_column][vc_column width=&#8221;1\/3&#8243;][vc_raw_html css=&#8221;.vc_custom_1470304479702{margin-bottom: -40px !important;padding-bottom: -40px !important;padding-left: 80px !important;}&#8221;]JTNDcCUyMHN0eWxlJTNEJTIyY29sb3IlM0ElMjNCQkIlMjIlM0UlM0NiJTNFcG93ZXJlZCUyMGJ5JTNDJTJGYiUzRSUzQyUyRnAlM0U=[\/vc_raw_html][vc_single_image image=&#8221;71173&#8243; img_size=&#8221;medium&#8221;][\/vc_column][\/vc_row][vc_row type=&#8221;container&#8221;][vc_column][\/vc_column][\/vc_row][vc_row type=&#8221;container&#8221;][vc_column][vc_column_text [&hellip;]<\/p>\n","protected":false},"author":3,"featured_media":72582,"parent":71053,"menu_order":8,"comment_status":"closed","ping_status":"closed","template":"","meta":[],"acf":[],"yoast_head":"<!-- This site is optimized with the Yoast SEO plugin v18.2 - https:\/\/yoast.com\/wordpress\/plugins\/seo\/ -->\n<title>Agregaty pr\u0105dotw\u00f3rcze przewo\u017ane GETOR STAGE 3A - EPS System<\/title>\n<meta name=\"description\" content=\"Przewo\u017ane, polskie agregaty pr\u0105dotw\u00f3rcze du\u017cej mocy, pracuj\u0105ce na samochodzie ci\u0119\u017carowym lub przyczepie. Pr\u0105d mo\u017ce dojecha\u0107 w dowolne miejsce!\" \/>\n<meta name=\"robots\" content=\"index, follow, max-snippet:-1, max-image-preview:large, max-video-preview:-1\" \/>\n<link rel=\"canonical\" href=\"https:\/\/epssystem.pl\/en\/nowa-oferta\/agregaty-pradotworcze\/getor-stage-3a\/\" \/>\n<meta property=\"og:locale\" content=\"uk_UA\" \/>\n<meta property=\"og:type\" content=\"article\" \/>\n<meta property=\"og:title\" content=\"Agregaty pr\u0105dotw\u00f3rcze przewo\u017ane GETOR STAGE 3A - EPS System\" \/>\n<meta property=\"og:description\" content=\"Przewo\u017ane, polskie agregaty pr\u0105dotw\u00f3rcze du\u017cej mocy, pracuj\u0105ce na samochodzie ci\u0119\u017carowym lub przyczepie. Pr\u0105d mo\u017ce dojecha\u0107 w dowolne miejsce!\" \/>\n<meta property=\"og:url\" content=\"https:\/\/epssystem.pl\/en\/nowa-oferta\/agregaty-pradotworcze\/getor-stage-3a\/\" \/>\n<meta property=\"og:site_name\" content=\"EPS System\" \/>\n<meta property=\"article:modified_time\" content=\"2020-11-20T10:52:09+00:00\" \/>\n<meta property=\"og:image\" content=\"https:\/\/epssystem.pl\/wp-content\/uploads\/2017\/02\/agregat-pr\u0105dotw\u00f3rczy-stage-3a-agregaty-stage-3a-1024x463.png\" \/>\n\t<meta property=\"og:image:width\" content=\"1024\" \/>\n\t<meta property=\"og:image:height\" content=\"463\" \/>\n\t<meta property=\"og:image:type\" content=\"image\/png\" \/>\n<meta name=\"twitter:card\" content=\"summary\" \/>\n<meta name=\"twitter:label1\" content=\"Est. reading time\" \/>\n\t<meta name=\"twitter:data1\" content=\"9 minutes\" \/>\n<script type=\"application\/ld+json\" class=\"yoast-schema-graph\">{\"@context\":\"https:\/\/schema.org\",\"@graph\":[{\"@type\":\"WebSite\",\"@id\":\"https:\/\/epssystem.pl\/#website\",\"url\":\"https:\/\/epssystem.pl\/\",\"name\":\"EPS System\",\"description\":\"Polski producent system\u00f3w zasilania gwarantowanego\",\"potentialAction\":[{\"@type\":\"SearchAction\",\"target\":{\"@type\":\"EntryPoint\",\"urlTemplate\":\"https:\/\/epssystem.pl\/?s={search_term_string}\"},\"query-input\":\"required name=search_term_string\"}],\"inLanguage\":\"uk\"},{\"@type\":\"ImageObject\",\"@id\":\"https:\/\/epssystem.pl\/en\/nowa-oferta\/agregaty-pradotworcze\/getor-stage-3a\/#primaryimage\",\"inLanguage\":\"uk\",\"url\":\"https:\/\/epssystem.pl\/wp-content\/uploads\/2017\/02\/agregat-pr\u0105dotw\u00f3rczy-stage-3a-agregaty-stage-3a.png\",\"contentUrl\":\"https:\/\/epssystem.pl\/wp-content\/uploads\/2017\/02\/agregat-pr\u0105dotw\u00f3rczy-stage-3a-agregaty-stage-3a.png\",\"width\":2331,\"height\":1053,\"caption\":\"agregat pr\u0105dotw\u00f3rczy stage 3a agregaty stage 3a\"},{\"@type\":\"WebPage\",\"@id\":\"https:\/\/epssystem.pl\/en\/nowa-oferta\/agregaty-pradotworcze\/getor-stage-3a\/#webpage\",\"url\":\"https:\/\/epssystem.pl\/en\/nowa-oferta\/agregaty-pradotworcze\/getor-stage-3a\/\",\"name\":\"Agregaty pr\u0105dotw\u00f3rcze przewo\u017ane GETOR STAGE 3A - EPS System\",\"isPartOf\":{\"@id\":\"https:\/\/epssystem.pl\/#website\"},\"primaryImageOfPage\":{\"@id\":\"https:\/\/epssystem.pl\/en\/nowa-oferta\/agregaty-pradotworcze\/getor-stage-3a\/#primaryimage\"},\"datePublished\":\"2017-02-08T08:01:27+00:00\",\"dateModified\":\"2020-11-20T10:52:09+00:00\",\"description\":\"Przewo\u017ane, polskie agregaty pr\u0105dotw\u00f3rcze du\u017cej mocy, pracuj\u0105ce na samochodzie ci\u0119\u017carowym lub przyczepie. Pr\u0105d mo\u017ce dojecha\u0107 w dowolne miejsce!\",\"breadcrumb\":{\"@id\":\"https:\/\/epssystem.pl\/en\/nowa-oferta\/agregaty-pradotworcze\/getor-stage-3a\/#breadcrumb\"},\"inLanguage\":\"uk\",\"potentialAction\":[{\"@type\":\"ReadAction\",\"target\":[\"https:\/\/epssystem.pl\/en\/nowa-oferta\/agregaty-pradotworcze\/getor-stage-3a\/\"]}]},{\"@type\":\"BreadcrumbList\",\"@id\":\"https:\/\/epssystem.pl\/en\/nowa-oferta\/agregaty-pradotworcze\/getor-stage-3a\/#breadcrumb\",\"itemListElement\":[{\"@type\":\"ListItem\",\"position\":1,\"name\":\"Strona g\u0142\u00f3wna\",\"item\":\"https:\/\/epssystem.pl\/\"},{\"@type\":\"ListItem\",\"position\":2,\"name\":\"Oferta\",\"item\":\"https:\/\/epssystem.pl\/nowa-oferta\/\"},{\"@type\":\"ListItem\",\"position\":3,\"name\":\"Agregaty pr\u0105dotw\u00f3rcze\",\"item\":\"https:\/\/epssystem.pl\/nowa-oferta\/agregaty-pradotworcze\/\"},{\"@type\":\"ListItem\",\"position\":4,\"name\":\"GETOR STAGE 3A\"}]}]}<\/script>\n<!-- \/ Yoast SEO plugin. -->","yoast_head_json":{"title":"Agregaty pr\u0105dotw\u00f3rcze przewo\u017ane GETOR STAGE 3A - EPS System","description":"Przewo\u017ane, polskie agregaty pr\u0105dotw\u00f3rcze du\u017cej mocy, pracuj\u0105ce na samochodzie ci\u0119\u017carowym lub przyczepie. Pr\u0105d mo\u017ce dojecha\u0107 w dowolne miejsce!","robots":{"index":"index","follow":"follow","max-snippet":"max-snippet:-1","max-image-preview":"max-image-preview:large","max-video-preview":"max-video-preview:-1"},"canonical":"https:\/\/epssystem.pl\/en\/nowa-oferta\/agregaty-pradotworcze\/getor-stage-3a\/","og_locale":"uk_UA","og_type":"article","og_title":"Agregaty pr\u0105dotw\u00f3rcze przewo\u017ane GETOR STAGE 3A - EPS System","og_description":"Przewo\u017ane, polskie agregaty pr\u0105dotw\u00f3rcze du\u017cej mocy, pracuj\u0105ce na samochodzie ci\u0119\u017carowym lub przyczepie. Pr\u0105d mo\u017ce dojecha\u0107 w dowolne miejsce!","og_url":"https:\/\/epssystem.pl\/en\/nowa-oferta\/agregaty-pradotworcze\/getor-stage-3a\/","og_site_name":"EPS System","article_modified_time":"2020-11-20T10:52:09+00:00","og_image":[{"width":1024,"height":463,"url":"https:\/\/epssystem.pl\/wp-content\/uploads\/2017\/02\/agregat-pr\u0105dotw\u00f3rczy-stage-3a-agregaty-stage-3a-1024x463.png","type":"image\/png"}],"twitter_card":"summary","twitter_misc":{"Est. reading time":"9 minutes"},"schema":{"@context":"https:\/\/schema.org","@graph":[{"@type":"WebSite","@id":"https:\/\/epssystem.pl\/#website","url":"https:\/\/epssystem.pl\/","name":"EPS System","description":"Polski producent system\u00f3w zasilania gwarantowanego","potentialAction":[{"@type":"SearchAction","target":{"@type":"EntryPoint","urlTemplate":"https:\/\/epssystem.pl\/?s={search_term_string}"},"query-input":"required name=search_term_string"}],"inLanguage":"uk"},{"@type":"ImageObject","@id":"https:\/\/epssystem.pl\/en\/nowa-oferta\/agregaty-pradotworcze\/getor-stage-3a\/#primaryimage","inLanguage":"uk","url":"https:\/\/epssystem.pl\/wp-content\/uploads\/2017\/02\/agregat-pr\u0105dotw\u00f3rczy-stage-3a-agregaty-stage-3a.png","contentUrl":"https:\/\/epssystem.pl\/wp-content\/uploads\/2017\/02\/agregat-pr\u0105dotw\u00f3rczy-stage-3a-agregaty-stage-3a.png","width":2331,"height":1053,"caption":"agregat pr\u0105dotw\u00f3rczy stage 3a agregaty stage 3a"},{"@type":"WebPage","@id":"https:\/\/epssystem.pl\/en\/nowa-oferta\/agregaty-pradotworcze\/getor-stage-3a\/#webpage","url":"https:\/\/epssystem.pl\/en\/nowa-oferta\/agregaty-pradotworcze\/getor-stage-3a\/","name":"Agregaty pr\u0105dotw\u00f3rcze przewo\u017ane GETOR STAGE 3A - EPS System","isPartOf":{"@id":"https:\/\/epssystem.pl\/#website"},"primaryImageOfPage":{"@id":"https:\/\/epssystem.pl\/en\/nowa-oferta\/agregaty-pradotworcze\/getor-stage-3a\/#primaryimage"},"datePublished":"2017-02-08T08:01:27+00:00","dateModified":"2020-11-20T10:52:09+00:00","description":"Przewo\u017ane, polskie agregaty pr\u0105dotw\u00f3rcze du\u017cej mocy, pracuj\u0105ce na samochodzie ci\u0119\u017carowym lub przyczepie. Pr\u0105d mo\u017ce dojecha\u0107 w dowolne miejsce!","breadcrumb":{"@id":"https:\/\/epssystem.pl\/en\/nowa-oferta\/agregaty-pradotworcze\/getor-stage-3a\/#breadcrumb"},"inLanguage":"uk","potentialAction":[{"@type":"ReadAction","target":["https:\/\/epssystem.pl\/en\/nowa-oferta\/agregaty-pradotworcze\/getor-stage-3a\/"]}]},{"@type":"BreadcrumbList","@id":"https:\/\/epssystem.pl\/en\/nowa-oferta\/agregaty-pradotworcze\/getor-stage-3a\/#breadcrumb","itemListElement":[{"@type":"ListItem","position":1,"name":"Strona g\u0142\u00f3wna","item":"https:\/\/epssystem.pl\/"},{"@type":"ListItem","position":2,"name":"Oferta","item":"https:\/\/epssystem.pl\/nowa-oferta\/"},{"@type":"ListItem","position":3,"name":"Agregaty pr\u0105dotw\u00f3rcze","item":"https:\/\/epssystem.pl\/nowa-oferta\/agregaty-pradotworcze\/"},{"@type":"ListItem","position":4,"name":"GETOR STAGE 3A"}]}]}},"_links":{"self":[{"href":"https:\/\/epssystem.pl\/uk\/wp-json\/wp\/v2\/pages\/72578"}],"collection":[{"href":"https:\/\/epssystem.pl\/uk\/wp-json\/wp\/v2\/pages"}],"about":[{"href":"https:\/\/epssystem.pl\/uk\/wp-json\/wp\/v2\/types\/page"}],"author":[{"embeddable":true,"href":"https:\/\/epssystem.pl\/uk\/wp-json\/wp\/v2\/users\/3"}],"replies":[{"embeddable":true,"href":"https:\/\/epssystem.pl\/uk\/wp-json\/wp\/v2\/comments?post=72578"}],"version-history":[{"count":3,"href":"https:\/\/epssystem.pl\/uk\/wp-json\/wp\/v2\/pages\/72578\/revisions"}],"predecessor-version":[{"id":73552,"href":"https:\/\/epssystem.pl\/uk\/wp-json\/wp\/v2\/pages\/72578\/revisions\/73552"}],"up":[{"embeddable":true,"href":"https:\/\/epssystem.pl\/uk\/wp-json\/wp\/v2\/pages\/71053"}],"wp:featuredmedia":[{"embeddable":true,"href":"https:\/\/epssystem.pl\/uk\/wp-json\/wp\/v2\/media\/72582"}],"wp:attachment":[{"href":"https:\/\/epssystem.pl\/uk\/wp-json\/wp\/v2\/media?parent=72578"}],"curies":[{"name":"wp","href":"https:\/\/api.w.org\/{rel}","templated":true}]}}