{"id":72639,"date":"2017-03-01T13:58:28","date_gmt":"2017-03-01T13:58:28","guid":{"rendered":"http:\/\/epssystem.pl\/?page_id=72639"},"modified":"2020-11-20T11:22:41","modified_gmt":"2020-11-20T11:22:41","slug":"kontenery","status":"publish","type":"page","link":"https:\/\/epssystem.pl\/uk\/nowa-oferta\/agregaty-pradotworcze\/kontenery\/","title":{"rendered":"Kontenery"},"content":{"rendered":"<p>[vc_row type=&#8221;container&#8221;][vc_column][vc_column_text]<\/p>\n<p>Dla system\u00f3w wymagaj\u0105cych du\u017cej wytrzyma\u0142o\u015bci mechanicznej oraz mobilno\u015bci proponujemy agregaty <b>GETOR&#x2122;<\/b> zabudowane w kontenerach. Dost\u0119pnych jest 5 podstawowych wielko\u015bci od 10 do 40 stopowego. Modele K20, K30 i K40 s\u0105 dodatkowo oferowane jako podwy\u017cszone (HC).<\/p>\n<p>Kontenery przygotowane s\u0105 pod zabudow\u0119 agregat\u00f3w nieobudowanych. Standardowe zestawienia agregat &#8211; kontener przedstawia tabelka, jednak\u017ce mo\u017cliwe s\u0105 inne konfiguracje w przypadku konieczno\u015bci zainstalowania opcji dodatkowych.<\/p>\n<p>Oferowane kontenery mog\u0105 r\u00f3wnie\u017c s\u0142u\u017cy\u0107 do zabudowy innych maszyn i urz\u0105dze\u0144 &#8211; mog\u0105 by\u0107 dopasowane do konkretnych wymaga\u0144 w zakresie otwor\u00f3w technologicznych, punkt\u00f3w monta\u017cowych, drzwi dost\u0119powych, wycisze\u0144 itp.<\/p>\n<p>[\/vc_column_text][vc_raw_html]JTNDc3R5bGUlMjB0eXBlJTNEJTIydGV4dCUyRmNzcyUyMiUzRSUwQS50ZyUyMCUyMCU3QmJvcmRlci1jb2xsYXBzZSUzQWNvbGxhcHNlJTNCYm9yZGVyLXNwYWNpbmclM0EwJTNCJTdEJTBBLnRnJTIwdGQlN0Jmb250LWZhbWlseSUzQUFyaWFsJTJDJTIwc2Fucy1zZXJpZiUzQmZvbnQtc2l6ZSUzQTE0cHglM0JwYWRkaW5nJTNBMTBweCUyMDVweCUzQmJvcmRlci1zdHlsZSUzQXNvbGlkJTNCYm9yZGVyLXdpZHRoJTNBMXB4JTNCb3ZlcmZsb3clM0FoaWRkZW4lM0J3b3JkLWJyZWFrJTNBbm9ybWFsJTNCJTdEJTBBLnRnJTIwdGglN0Jmb250LWZhbWlseSUzQUFyaWFsJTJDJTIwc2Fucy1zZXJpZiUzQmZvbnQtc2l6ZSUzQTE0cHglM0Jmb250LXdlaWdodCUzQW5vcm1hbCUzQnBhZGRpbmclM0ExMHB4JTIwNXB4JTNCYm9yZGVyLXN0eWxlJTNBc29saWQlM0Jib3JkZXItd2lkdGglM0ExcHglM0JvdmVyZmxvdyUzQWhpZGRlbiUzQndvcmQtYnJlYWslM0Fub3JtYWwlM0IlN0QlMEEudGclMjAudGcteXc0bCU3QnZlcnRpY2FsLWFsaWduJTNBdG9wJTdEJTBBJTNDJTJGc3R5bGUlM0UlMEElM0N0YWJsZSUyMGNsYXNzJTNEJTIydGclMjIlM0UlMEElMjAlMjAlM0N0ciUzRSUwQSUyMCUyMCUyMCUyMCUzQ3RoJTIwY2xhc3MlM0QlMjJ0Zy15dzRsJTIyJTNFVHlwJTNDJTJGdGglM0UlMEElMjAlMjAlMjAlMjAlM0N0aCUyMGNsYXNzJTNEJTIydGcteXc0bCUyMiUzRVd5bWlhcnklM0MlMkZ0aCUzRSUwQSUyMCUyMCUyMCUyMCUzQ3RoJTIwY2xhc3MlM0QlMjJ0Zy15dzRsJTIyJTNFTWFzYSUzQyUyRnRoJTNFJTBBJTIwJTIwJTIwJTIwJTNDdGglMjBjbGFzcyUzRCUyMnRnLXl3NGwlMjIlM0VBZ3JlZ2F0eSUyMHByJUM0JTg1ZG90dyVDMyVCM3JjemUlM0NiciUzRSUzQyUyRnRoJTNFJTBBJTIwJTIwJTNDJTJGdHIlM0UlMEElMjAlMjAlM0N0ciUzRSUwQSUyMCUyMCUyMCUyMCUzQ3RkJTIwY2xhc3MlM0QlMjJ0Zy15dzRsJTIyJTNFJTNDJTJGdGQlM0UlMEElMjAlMjAlMjAlMjAlM0N0ZCUyMGNsYXNzJTNEJTIydGcteXc0bCUyMiUzRWQlQzUlODIlMkZzemVyJTJGd3lzJTIwJTI4bW0lMjklM0MlMkZ0ZCUzRSUwQSUyMCUyMCUyMCUyMCUzQ3RkJTIwY2xhc3MlM0QlMjJ0Zy15dzRsJTIyJTNFa2clM0MlMkZ0ZCUzRSUwQSUyMCUyMCUyMCUyMCUzQ3RkJTIwY2xhc3MlM0QlMjJ0Zy15dzRsJTIyJTNFbW9kZWwlM0NiciUzRSUzQyUyRnRkJTNFJTBBJTIwJTIwJTNDJTJGdHIlM0UlMEElMjAlMjAlM0N0ciUzRSUwQSUyMCUyMCUyMCUyMCUzQ3RkJTIwY2xhc3MlM0QlMjJ0Zy15dzRsJTIyJTNFSzEwJTNDJTJGdGQlM0UlMEElMjAlMjAlMjAlMjAlM0N0ZCUyMGNsYXNzJTNEJTIydGcteXc0bCUyMiUzRTI5OTElMjB4JTIwMjQzOCUyMHglMjAyNTkxJTNDYnIlM0UlM0MlMkZ0ZCUzRSUwQSUyMCUyMCUyMCUyMCUzQ3RkJTIwY2xhc3MlM0QlMjJ0Zy15dzRsJTIyJTNFMTI1MCUzQyUyRnRkJTNFJTBBJTIwJTIwJTIwJTIwJTNDdGQlMjBjbGFzcyUzRCUyMnRnLXl3NGwlMjIlM0VHSSUyMDIyJTIwTiUyMEdJJTIwNTUlMjBOJTNDYnIlM0UlM0MlMkZ0ZCUzRSUwQSUyMCUyMCUzQyUyRnRyJTNFJTBBJTIwJTIwJTNDdHIlM0UlMEElMjAlMjAlMjAlMjAlM0N0ZCUyMGNsYXNzJTNEJTIydGcteXc0bCUyMiUzRUsxNSUzQyUyRnRkJTNFJTBBJTIwJTIwJTIwJTIwJTNDdGQlMjBjbGFzcyUzRCUyMnRnLXl3NGwlMjIlM0U0NTUwJTIweCUyMDIyMDAlMjB4JTIwMjI2MCUzQ2JyJTNFJTNDJTJGdGQlM0UlMEElMjAlMjAlMjAlMjAlM0N0ZCUyMGNsYXNzJTNEJTIydGcteXc0bCUyMiUzRTE0MDAlM0MlMkZ0ZCUzRSUwQSUyMCUyMCUyMCUyMCUzQ3RkJTIwY2xhc3MlM0QlMjJ0Zy15dzRsJTIyJTNFR0klMjA2NyUyME4lMjAtJTIwR0klMjAxMTAlMjBOJTNDYnIlM0VHViUyMDE0NCUyME4lM0NiciUzRSUzQ2JyJTNFJTNDJTJGdGQlM0UlMEElMjAlMjAlM0MlMkZ0ciUzRSUwQSUyMCUyMCUzQ3RyJTNFJTBBJTIwJTIwJTIwJTIwJTNDdGQlMjBjbGFzcyUzRCUyMnRnLXl3NGwlMjIlM0VLJTIwMjAlM0NiciUzRSUzQyUyRnRkJTNFJTBBJTIwJTIwJTIwJTIwJTNDdGQlMjBjbGFzcyUzRCUyMnRnLXl3NGwlMjIlM0U2MDU4JTIweCUyMDI0MzglMjB4JTIwMjU5MSUyMCUyODI4OTYlMjAtJTIwSEMlMjklM0NiciUzRSUzQyUyRnRkJTNFJTBBJTIwJTIwJTIwJTIwJTNDdGQlMjBjbGFzcyUzRCUyMnRnLXl3NGwlMjIlM0UzMDAwJTIwJTI4MzMwMCUyOSUzQ2JyJTNFJTNDJTJGdGQlM0UlMEElMjAlMjAlMjAlMjAlM0N0ZCUyMGNsYXNzJTNEJTIydGcteXc0bCUyMiUzRUdJJTIwMTQzJTIwTiUyMC0lMjBHSSUyMDUwMCUyME4lM0NiciUzRUdWJTIwMTY3JTIwTiUyMC0lMjBHViUyMDcwMCUyME4lM0NiciUzRUdTJTIwNDEwJTIwTiUyMC0lMjBHUyUyMDc3MCUyME4lM0NiciUzRUdQJTIwNjcwJTIwTiUyMC0lMjBHUCUyMDcyMCUyME4lM0NiciUzRUdNVCUyMDMxMCUyME4lMjAtJTIwR01UJTIwNzIwJTIwTiUzQ2JyJTNFR0QlMjAxMzAlMjAtJTIwR2QlMjA4MjUlMjBOJTNDYnIlM0UlM0MlMkZ0ZCUzRSUwQSUyMCUyMCUzQyUyRnRyJTNFJTBBJTIwJTIwJTNDdHIlM0UlMEElMjAlMjAlMjAlMjAlM0N0ZCUyMGNsYXNzJTNEJTIydGcteXc0bCUyMiUzRUslMjAzMCUzQ2JyJTNFJTNDJTJGdGQlM0UlMEElMjAlMjAlMjAlMjAlM0N0ZCUyMGNsYXNzJTNEJTIydGcteXc0bCUyMiUzRTkxMjUlMjB4JTIwMjQzOCUyMHglMjAyNTkxJTIwJTI4Mjg5NiUyMC0lMjBIQyUyOSUzQ2JyJTNFJTNDJTJGdGQlM0UlMEElMjAlMjAlMjAlMjAlM0N0ZCUyMGNsYXNzJTNEJTIydGcteXc0bCUyMiUzRTQzMDAlMjAlMjg0NzAwJTI5JTNDYnIlM0UlM0MlMkZ0ZCUzRSUwQSUyMCUyMCUyMCUyMCUzQ3RkJTIwY2xhc3MlM0QlMjJ0Zy15dzRsJTIyJTNFR1AlMjA4MjUlMjBOJTIwLSUyMEdQJTIwMTEwMCUyME4lM0NiciUzRUdNVCUyMDg2MCUyME4lMjAtJTIwR01UJTIwMTI1MCUyME4lM0NiciUzRSUzQyUyRnRkJTNFJTBBJTIwJTIwJTNDJTJGdHIlM0UlMEElMjAlMjAlM0N0ciUzRSUwQSUyMCUyMCUyMCUyMCUzQ3RkJTIwY2xhc3MlM0QlMjJ0Zy15dzRsJTIyJTNFSyUyMDQwJTNDYnIlM0UlM0MlMkZ0ZCUzRSUwQSUyMCUyMCUyMCUyMCUzQ3RkJTIwY2xhc3MlM0QlMjJ0Zy15dzRsJTIyJTNFMTIxOTAlMjB4JTIwMjQzOCUyMHglMjAyNTkxJTIwJTI4Mjg5NiUyMC0lMjBIQyUyOSUzQ2JyJTNFJTNDJTJGdGQlM0UlMEElMjAlMjAlMjAlMjAlM0N0ZCUyMGNsYXNzJTNEJTIydGcteXc0bCUyMiUzRTY3MDAlMjAlMjg3MDAwJTI5JTNDYnIlM0UlM0MlMkZ0ZCUzRSUwQSUyMCUyMCUyMCUyMCUzQ3RkJTIwY2xhc3MlM0QlMjJ0Zy15dzRsJTIyJTNFR1AlMjAxMzk2JTIwTiUyMC0lMjBHUCUyMDE5MDAlMjBOJTNDYnIlM0UlM0MlMkZ0ZCUzRSUwQSUyMCUyMCUzQyUyRnRyJTNFJTBBJTNDJTJGdGFibGUlM0U=[\/vc_raw_html][vc_column_text]<\/p>\n<h2>Standardowe wyposa\u017cenie kontenera<\/h2>\n<ul>\n<li>czerpnia i wyrzutnia powietrza (do ch\u0142odzenia i spalania) zabezpieczone od zewn\u0105trz \u017caluzj\u0105 sta\u0142\u0105 z siatk\u0105.<\/li>\n<li>komory t\u0142umi\u0105ce na czerpni i wyrzutni powietrza<\/li>\n<li>uk\u0142ad wydechowy z t\u0142umikiem wyprowadzaj\u0105cy spaliny na zewn\u0105trz kontenera<\/li>\n<li>o\u015bwietlenie podstawowe i dodatkowe LED 24V zasilane z akumulator\u00f3w<\/li>\n<li>urz\u0105dzenie ga\u015bnicze (ga\u015bnica)<\/li>\n<li>nauszniki oraz tablica z instrukcjami<\/li>\n<li>pod\u0142oga wykonana ze sklejki antypo\u015blizgowej<\/li>\n<li>kontener przystosowany do podniesienia wraz z agregatem<\/li>\n<\/ul>\n<p>[\/vc_column_text][vc_column_text]<\/p>\n<h2>G\u0142\u00f3wne opcje kontenera<\/h2>\n<ul>\n<li>dodatkowe zbiorniki paliwa z uk\u0142adami przetankowania<\/li>\n<li>wlew paliwa wyprowadzony na zewn\u0105trz u\u0142atwiaj\u0105cy tankowanie<\/li>\n<li>boczne drzwi dost\u0119powe<\/li>\n<li>zabudowa na podwoziach lub samochodach ci\u0119\u017carowych<\/li>\n<li>1 lub 3 fazowe gniazda odbioru mocy, terminale typu powerlock dla du\u017cych pr\u0105d\u00f3w<\/li>\n<li>SUG &#8211; Samoczynne Urz\u0105dzenia Ga\u015bnicze<\/li>\n<li>pod\u0142oga z blachy ryflowanej stalowej lub aluminiowej<\/li>\n<li>przepustnice wielop\u0142aszczynowe na otworach wentylacyjnych &#8211; sterowane automatycznie si\u0142ownikami elektrycznym.<\/li>\n<\/ul>\n<p>[\/vc_column_text][\/vc_column][\/vc_row][vc_row type=&#8221;container&#8221;][vc_column][\/vc_column][\/vc_row][vc_row type=&#8221;container&#8221;][vc_column][\/vc_column][\/vc_row]<\/p>\n","protected":false},"excerpt":{"rendered":"<p>[vc_row type=&#8221;container&#8221;][vc_column][vc_column_text] Dla system\u00f3w wymagaj\u0105cych du\u017cej wytrzyma\u0142o\u015bci mechanicznej oraz mobilno\u015bci proponujemy agregaty GETOR&#x2122; zabudowane w kontenerach. Dost\u0119pnych jest 5 podstawowych wielko\u015bci od 10 do 40 stopowego. Modele K20, K30 i K40 s\u0105 dodatkowo oferowane jako podwy\u017cszone (HC). Kontenery przygotowane s\u0105 pod zabudow\u0119 agregat\u00f3w nieobudowanych. Standardowe zestawienia agregat &#8211; kontener przedstawia tabelka, jednak\u017ce mo\u017cliwe s\u0105 inne [&hellip;]<\/p>\n","protected":false},"author":3,"featured_media":72114,"parent":71053,"menu_order":11,"comment_status":"closed","ping_status":"closed","template":"","meta":[],"acf":[],"yoast_head":"<!-- This site is optimized with the Yoast SEO plugin v18.2 - https:\/\/yoast.com\/wordpress\/plugins\/seo\/ -->\n<title>Kontenery - EPS System<\/title>\n<meta name=\"robots\" content=\"index, follow, max-snippet:-1, max-image-preview:large, max-video-preview:-1\" \/>\n<link rel=\"canonical\" href=\"https:\/\/epssystem.pl\/en\/nowa-oferta\/agregaty-pradotworcze\/kontenery\/\" \/>\n<meta property=\"og:locale\" content=\"uk_UA\" \/>\n<meta property=\"og:type\" content=\"article\" \/>\n<meta property=\"og:title\" content=\"Kontenery - EPS System\" \/>\n<meta property=\"og:description\" content=\"[vc_row type=&#8221;container&#8221;][vc_column][vc_column_text] Dla system\u00f3w wymagaj\u0105cych du\u017cej wytrzyma\u0142o\u015bci mechanicznej oraz mobilno\u015bci proponujemy agregaty GETOR&#x2122; zabudowane w kontenerach. Dost\u0119pnych jest 5 podstawowych wielko\u015bci od 10 do 40 stopowego. Modele K20, K30 i K40 s\u0105 dodatkowo oferowane jako podwy\u017cszone (HC). Kontenery przygotowane s\u0105 pod zabudow\u0119 agregat\u00f3w nieobudowanych. Standardowe zestawienia agregat &#8211; kontener przedstawia tabelka, jednak\u017ce mo\u017cliwe s\u0105 inne [&hellip;]\" \/>\n<meta property=\"og:url\" content=\"https:\/\/epssystem.pl\/en\/nowa-oferta\/agregaty-pradotworcze\/kontenery\/\" \/>\n<meta property=\"og:site_name\" content=\"EPS System\" \/>\n<meta property=\"article:modified_time\" content=\"2020-11-20T11:22:41+00:00\" \/>\n<meta property=\"og:image\" content=\"https:\/\/epssystem.pl\/wp-content\/uploads\/2016\/08\/getor-gv.png\" \/>\n\t<meta property=\"og:image:width\" content=\"550\" \/>\n\t<meta property=\"og:image:height\" content=\"380\" \/>\n\t<meta property=\"og:image:type\" content=\"image\/png\" \/>\n<meta name=\"twitter:card\" content=\"summary\" \/>\n<meta name=\"twitter:label1\" content=\"Est. reading time\" \/>\n\t<meta name=\"twitter:data1\" content=\"3 minutes\" \/>\n<script type=\"application\/ld+json\" class=\"yoast-schema-graph\">{\"@context\":\"https:\/\/schema.org\",\"@graph\":[{\"@type\":\"WebSite\",\"@id\":\"https:\/\/epssystem.pl\/#website\",\"url\":\"https:\/\/epssystem.pl\/\",\"name\":\"EPS System\",\"description\":\"Polski producent system\u00f3w zasilania gwarantowanego\",\"potentialAction\":[{\"@type\":\"SearchAction\",\"target\":{\"@type\":\"EntryPoint\",\"urlTemplate\":\"https:\/\/epssystem.pl\/?s={search_term_string}\"},\"query-input\":\"required name=search_term_string\"}],\"inLanguage\":\"uk\"},{\"@type\":\"ImageObject\",\"@id\":\"https:\/\/epssystem.pl\/en\/nowa-oferta\/agregaty-pradotworcze\/kontenery\/#primaryimage\",\"inLanguage\":\"uk\",\"url\":\"https:\/\/epssystem.pl\/wp-content\/uploads\/2016\/08\/getor-gv.png\",\"contentUrl\":\"https:\/\/epssystem.pl\/wp-content\/uploads\/2016\/08\/getor-gv.png\",\"width\":550,\"height\":380,\"caption\":\"Agregat pr\u0105dotw\u00f3rczy GETOR - EPS SYSTEM\"},{\"@type\":\"WebPage\",\"@id\":\"https:\/\/epssystem.pl\/en\/nowa-oferta\/agregaty-pradotworcze\/kontenery\/#webpage\",\"url\":\"https:\/\/epssystem.pl\/en\/nowa-oferta\/agregaty-pradotworcze\/kontenery\/\",\"name\":\"Kontenery - EPS System\",\"isPartOf\":{\"@id\":\"https:\/\/epssystem.pl\/#website\"},\"primaryImageOfPage\":{\"@id\":\"https:\/\/epssystem.pl\/en\/nowa-oferta\/agregaty-pradotworcze\/kontenery\/#primaryimage\"},\"datePublished\":\"2017-03-01T13:58:28+00:00\",\"dateModified\":\"2020-11-20T11:22:41+00:00\",\"breadcrumb\":{\"@id\":\"https:\/\/epssystem.pl\/en\/nowa-oferta\/agregaty-pradotworcze\/kontenery\/#breadcrumb\"},\"inLanguage\":\"uk\",\"potentialAction\":[{\"@type\":\"ReadAction\",\"target\":[\"https:\/\/epssystem.pl\/en\/nowa-oferta\/agregaty-pradotworcze\/kontenery\/\"]}]},{\"@type\":\"BreadcrumbList\",\"@id\":\"https:\/\/epssystem.pl\/en\/nowa-oferta\/agregaty-pradotworcze\/kontenery\/#breadcrumb\",\"itemListElement\":[{\"@type\":\"ListItem\",\"position\":1,\"name\":\"Strona g\u0142\u00f3wna\",\"item\":\"https:\/\/epssystem.pl\/\"},{\"@type\":\"ListItem\",\"position\":2,\"name\":\"Oferta\",\"item\":\"https:\/\/epssystem.pl\/nowa-oferta\/\"},{\"@type\":\"ListItem\",\"position\":3,\"name\":\"Agregaty pr\u0105dotw\u00f3rcze\",\"item\":\"https:\/\/epssystem.pl\/nowa-oferta\/agregaty-pradotworcze\/\"},{\"@type\":\"ListItem\",\"position\":4,\"name\":\"Containers\"}]}]}<\/script>\n<!-- \/ Yoast SEO plugin. -->","yoast_head_json":{"title":"Kontenery - EPS System","robots":{"index":"index","follow":"follow","max-snippet":"max-snippet:-1","max-image-preview":"max-image-preview:large","max-video-preview":"max-video-preview:-1"},"canonical":"https:\/\/epssystem.pl\/en\/nowa-oferta\/agregaty-pradotworcze\/kontenery\/","og_locale":"uk_UA","og_type":"article","og_title":"Kontenery - EPS System","og_description":"[vc_row type=&#8221;container&#8221;][vc_column][vc_column_text] Dla system\u00f3w wymagaj\u0105cych du\u017cej wytrzyma\u0142o\u015bci mechanicznej oraz mobilno\u015bci proponujemy agregaty GETOR&#x2122; zabudowane w kontenerach. Dost\u0119pnych jest 5 podstawowych wielko\u015bci od 10 do 40 stopowego. Modele K20, K30 i K40 s\u0105 dodatkowo oferowane jako podwy\u017cszone (HC). Kontenery przygotowane s\u0105 pod zabudow\u0119 agregat\u00f3w nieobudowanych. Standardowe zestawienia agregat &#8211; kontener przedstawia tabelka, jednak\u017ce mo\u017cliwe s\u0105 inne [&hellip;]","og_url":"https:\/\/epssystem.pl\/en\/nowa-oferta\/agregaty-pradotworcze\/kontenery\/","og_site_name":"EPS System","article_modified_time":"2020-11-20T11:22:41+00:00","og_image":[{"width":550,"height":380,"url":"https:\/\/epssystem.pl\/wp-content\/uploads\/2016\/08\/getor-gv.png","type":"image\/png"}],"twitter_card":"summary","twitter_misc":{"Est. reading time":"3 minutes"},"schema":{"@context":"https:\/\/schema.org","@graph":[{"@type":"WebSite","@id":"https:\/\/epssystem.pl\/#website","url":"https:\/\/epssystem.pl\/","name":"EPS System","description":"Polski producent system\u00f3w zasilania gwarantowanego","potentialAction":[{"@type":"SearchAction","target":{"@type":"EntryPoint","urlTemplate":"https:\/\/epssystem.pl\/?s={search_term_string}"},"query-input":"required name=search_term_string"}],"inLanguage":"uk"},{"@type":"ImageObject","@id":"https:\/\/epssystem.pl\/en\/nowa-oferta\/agregaty-pradotworcze\/kontenery\/#primaryimage","inLanguage":"uk","url":"https:\/\/epssystem.pl\/wp-content\/uploads\/2016\/08\/getor-gv.png","contentUrl":"https:\/\/epssystem.pl\/wp-content\/uploads\/2016\/08\/getor-gv.png","width":550,"height":380,"caption":"Agregat pr\u0105dotw\u00f3rczy GETOR - EPS SYSTEM"},{"@type":"WebPage","@id":"https:\/\/epssystem.pl\/en\/nowa-oferta\/agregaty-pradotworcze\/kontenery\/#webpage","url":"https:\/\/epssystem.pl\/en\/nowa-oferta\/agregaty-pradotworcze\/kontenery\/","name":"Kontenery - EPS System","isPartOf":{"@id":"https:\/\/epssystem.pl\/#website"},"primaryImageOfPage":{"@id":"https:\/\/epssystem.pl\/en\/nowa-oferta\/agregaty-pradotworcze\/kontenery\/#primaryimage"},"datePublished":"2017-03-01T13:58:28+00:00","dateModified":"2020-11-20T11:22:41+00:00","breadcrumb":{"@id":"https:\/\/epssystem.pl\/en\/nowa-oferta\/agregaty-pradotworcze\/kontenery\/#breadcrumb"},"inLanguage":"uk","potentialAction":[{"@type":"ReadAction","target":["https:\/\/epssystem.pl\/en\/nowa-oferta\/agregaty-pradotworcze\/kontenery\/"]}]},{"@type":"BreadcrumbList","@id":"https:\/\/epssystem.pl\/en\/nowa-oferta\/agregaty-pradotworcze\/kontenery\/#breadcrumb","itemListElement":[{"@type":"ListItem","position":1,"name":"Strona g\u0142\u00f3wna","item":"https:\/\/epssystem.pl\/"},{"@type":"ListItem","position":2,"name":"Oferta","item":"https:\/\/epssystem.pl\/nowa-oferta\/"},{"@type":"ListItem","position":3,"name":"Agregaty pr\u0105dotw\u00f3rcze","item":"https:\/\/epssystem.pl\/nowa-oferta\/agregaty-pradotworcze\/"},{"@type":"ListItem","position":4,"name":"Containers"}]}]}},"_links":{"self":[{"href":"https:\/\/epssystem.pl\/uk\/wp-json\/wp\/v2\/pages\/72639"}],"collection":[{"href":"https:\/\/epssystem.pl\/uk\/wp-json\/wp\/v2\/pages"}],"about":[{"href":"https:\/\/epssystem.pl\/uk\/wp-json\/wp\/v2\/types\/page"}],"author":[{"embeddable":true,"href":"https:\/\/epssystem.pl\/uk\/wp-json\/wp\/v2\/users\/3"}],"replies":[{"embeddable":true,"href":"https:\/\/epssystem.pl\/uk\/wp-json\/wp\/v2\/comments?post=72639"}],"version-history":[{"count":2,"href":"https:\/\/epssystem.pl\/uk\/wp-json\/wp\/v2\/pages\/72639\/revisions"}],"predecessor-version":[{"id":73555,"href":"https:\/\/epssystem.pl\/uk\/wp-json\/wp\/v2\/pages\/72639\/revisions\/73555"}],"up":[{"embeddable":true,"href":"https:\/\/epssystem.pl\/uk\/wp-json\/wp\/v2\/pages\/71053"}],"wp:featuredmedia":[{"embeddable":true,"href":"https:\/\/epssystem.pl\/uk\/wp-json\/wp\/v2\/media\/72114"}],"wp:attachment":[{"href":"https:\/\/epssystem.pl\/uk\/wp-json\/wp\/v2\/media?parent=72639"}],"curies":[{"name":"wp","href":"https:\/\/api.w.org\/{rel}","templated":true}]}}