{"id":72648,"date":"2017-03-03T10:47:49","date_gmt":"2017-03-03T10:47:49","guid":{"rendered":"http:\/\/epssystem.pl\/?page_id=72648"},"modified":"2022-11-16T07:53:50","modified_gmt":"2022-11-16T07:53:50","slug":"agregat-pradotworczy-uklady-sterowania","status":"publish","type":"page","link":"https:\/\/epssystem.pl\/uk\/nowa-oferta\/agregaty-pradotworcze\/agregat-pradotworczy-uklady-sterowania\/","title":{"rendered":"Uk\u0142ady sterowania do agregat\u00f3w"},"content":{"rendered":"<p>[vc_row type=&#8221;container&#8221;][vc_column][vc_custom_heading text=&#8221;Sterownik agregatu pr\u0105dotw\u00f3rczego&#8221;][vc_column_text]<\/p>\n<p style=\"text-align: justify;\">Panel sterowania nale\u017cy do najwa\u017cniejszych komponent\u00f3w agregatu pr\u0105dotw\u00f3rczego i wsp\u00f3\u0142decyduje o jego niezawodnym dzia\u0142aniu. Nasze agregaty pr\u0105dotw\u00f3rcze GETOR&#x2122; wyposa\u017camy wi\u0119c w panele oparte na sterownikach od najlepszych \u015bwiatowych producent\u00f3w. Standardowo jest to ComAp, opcjonalnie LOVATO, Woodward i inne. Ka\u017cda aplikacja sterowania, kt\u00f3r\u0105 mo\u017cna dosta\u0107 na rynku, mo\u017ce by\u0107 stosowana do agregat\u00f3w naszej produkcji.<\/p>\n<p>[\/vc_column_text][vc_single_image image=&#8221;72655&#8243; img_size=&#8221;full&#8221;][vc_column_text]<\/p>\n<p style=\"text-align: justify;\">Sterowniki InteliLite NT MRS 10\/16 zapewniaj\u0105 <strong>sterowanie r\u0119czne (M)<\/strong>. Wyposa\u017camy w nie ka\u017cdy agregat pr\u0105dotw\u00f3rczy r\u0119cznie uruchamiany przez odpowiedzialnych za to pracownik\u00f3w. Pami\u0119tamy jednak o mo\u017cliwo\u015bciach rozbudowy. Wspomniany sterownik to odpowiednik MRS, stosowanego w agregatach ze sterowaniem automatycznym. Tak zbudowany agregat nie posiada \u0142adowarki akumulator\u00f3w rozruchowych, ani uk\u0142adu podgrzewania bloku silnika, jednak mo\u017cliwa jest jego rozbudowa i to po istotnie zredukowanych kosztach.<\/p>\n<p>[\/vc_column_text][vc_column_text]<\/p>\n<h2>agregaty z automatycznym startem<\/h2>\n<p style=\"text-align: justify;\">Sterowniki InteliLite NT MRS 10\/16 zapewniaj\u0105 <strong>rozruch automatyczny (A)<\/strong> <strong>w trybie MRS<\/strong>. Agregat z takim sterownikiem wyposa\u017cony jest w uk\u0142ad podgrzewania bloku silnika, wraz z termostatem, oraz \u0142adowark\u0119 konserwuj\u0105c\u0105 akumulator\u00f3w rozruchowych. Po ustawieniu trybu \u201eAUT\u201d agregaty pr\u0105dotw\u00f3rcze z automatycznym startem uruchamiaj\u0105 si\u0119 samoczynnie za pomoc\u0105 zewn\u0119trznego styku bezpotencja\u0142owego. Ta wersja przeznaczona jest do wsp\u00f3\u0142pracy z uk\u0142adami Samoczynnego Za\u0142\u0105czania Rezerwy w wykonaniu ATS-I oraz dowolnymi wbudowanymi w rozdzielni\u0119 obiektu wszelkimi zewn\u0119trznymi uk\u0142adami SZR.<\/p>\n<p>[\/vc_column_text][vc_column_text]<\/p>\n<p style=\"text-align: justify;\">Sterowniki InteliLite NT AMF 20\/25 dbaj\u0105 z kolei o <strong>rozruch automatyczny (A) w trybie AMF<\/strong>. R\u00f3wnie\u017c w tej opcji <a href=\"\/nowa-oferta\/agregaty-pradotworcze\/\">agregat pr\u0105dotw\u00f3rczy<\/a> GETOR&#x2122; posiada standardowo uk\u0142ad podgrzewania bloku silnika z termostatem oraz konserwuj\u0105c\u0105 \u0142adowark\u0119 akumulator\u00f3w rozruchowych. Mo\u017cliwa jest nie tylko kontrola pracy samego agregatu jak np. automatyczny start, ale te\u017c pe\u0142na tr\u00f3jfazowa kontrola wszelkich parametr\u00f3w sieci. Ca\u0142ym procesem zarz\u0105dza jeden sterownik wbudowany w agregat. Obs\u0142uguje rozruch, prze\u0142\u0105czanie zasilania z sieci na agregat i ponowne przej\u015bcie na sie\u0107 po wznowieniu normalnych dostaw pr\u0105du. Zalecamy stosowa\u0107 ten uk\u0142ad do wsp\u00f3\u0142pracy z uk\u0142adami SZR w wykonaniu ATS-E.<\/p>\n<p>[\/vc_column_text][vc_column_text]<\/p>\n<p style=\"text-align: justify;\">Sterowniki serii InteliCompact, InteliGen, InteliSys i inne wykorzystujemy w agregatach przeznaczonych do <strong>pracy r\u00f3wnoleg\u0142ej (R).<\/strong> Maszyny te s\u0105 konfigurowane stosownie do wymaga\u0144 danej aplikacji. Taki wariant umo\u017cliwia prac\u0119 r\u00f3wnoleg\u0142\u0105 dw\u00f3ch lub wi\u0119cej agregat\u00f3w, a tak\u017ce agregat\u00f3w z sieci\u0105 energetyczn\u0105. Wyb\u00f3r sterownika zale\u017cy m.in. od stopnia z\u0142o\u017cono\u015bci aplikacji.<\/p>\n<p>[\/vc_column_text][vc_column_text]<\/p>\n<p style=\"text-align: justify;\">Sterowniki to nie wszystko. Mo\u017cliwe s\u0105 liczne opcje dodatkowe (niekiedy zawarte ju\u017c w standardowym wykonaniu). S\u0105 to m.in. porty RS233 i 485 (ModBusRTU), karty Ethernet (SNMP, Modbus TCP), GSM i GPRS, styki bezpotencja\u0142owe, oprogramowanie monitoruj\u0105ce, panele zdalne itp.<\/p>\n<p>[\/vc_column_text][\/vc_column][\/vc_row][vc_row type=&#8221;container&#8221;][vc_column][\/vc_column][\/vc_row]<\/p>\n","protected":false},"excerpt":{"rendered":"<p>[vc_row type=&#8221;container&#8221;][vc_column][vc_custom_heading text=&#8221;Sterownik agregatu pr\u0105dotw\u00f3rczego&#8221;][vc_column_text] Panel sterowania nale\u017cy do najwa\u017cniejszych komponent\u00f3w agregatu pr\u0105dotw\u00f3rczego i wsp\u00f3\u0142decyduje o jego niezawodnym dzia\u0142aniu. Nasze agregaty pr\u0105dotw\u00f3rcze GETOR&#x2122; wyposa\u017camy wi\u0119c w panele oparte na sterownikach od najlepszych \u015bwiatowych producent\u00f3w. Standardowo jest to ComAp, opcjonalnie LOVATO, Woodward i inne. Ka\u017cda aplikacja sterowania, kt\u00f3r\u0105 mo\u017cna dosta\u0107 na rynku, mo\u017ce by\u0107 stosowana do [&hellip;]<\/p>\n","protected":false},"author":3,"featured_media":72655,"parent":71053,"menu_order":11,"comment_status":"closed","ping_status":"closed","template":"","meta":[],"acf":[],"yoast_head":"<!-- This site is optimized with the Yoast SEO plugin v18.2 - https:\/\/yoast.com\/wordpress\/plugins\/seo\/ -->\n<title>Sterownik agregatu pr\u0105dotw\u00f3rczego - uk\u0142ady sterowania | EPS System<\/title>\n<meta name=\"description\" content=\"Niezawodne polskie agregaty pr\u0105dotw\u00f3rcze z automatycznym startem oraz przeznaczone do pracy r\u00f3wnoleg\u0142ej zapewniaj\u0105 ci\u0105g\u0142o\u015b\u0107 dostaw energii. Zobacz!\" \/>\n<meta name=\"robots\" content=\"index, follow, max-snippet:-1, max-image-preview:large, max-video-preview:-1\" \/>\n<link rel=\"canonical\" href=\"https:\/\/epssystem.pl\/nowa-oferta\/agregaty-pradotworcze\/agregat-pradotworczy-uklady-sterowania\/\" \/>\n<meta property=\"og:locale\" content=\"uk_UA\" \/>\n<meta property=\"og:type\" content=\"article\" \/>\n<meta property=\"og:title\" content=\"Sterownik agregatu pr\u0105dotw\u00f3rczego - uk\u0142ady sterowania | EPS System\" \/>\n<meta property=\"og:description\" content=\"Niezawodne polskie agregaty pr\u0105dotw\u00f3rcze z automatycznym startem oraz przeznaczone do pracy r\u00f3wnoleg\u0142ej zapewniaj\u0105 ci\u0105g\u0142o\u015b\u0107 dostaw energii. Zobacz!\" \/>\n<meta property=\"og:url\" content=\"https:\/\/epssystem.pl\/nowa-oferta\/agregaty-pradotworcze\/agregat-pradotworczy-uklady-sterowania\/\" \/>\n<meta property=\"og:site_name\" content=\"EPS System\" \/>\n<meta property=\"article:modified_time\" content=\"2022-11-16T07:53:50+00:00\" \/>\n<meta property=\"og:image\" content=\"https:\/\/epssystem.pl\/wp-content\/uploads\/2017\/03\/eps-system-agregat-pr\u0105dotw\u00f3rczy-panele-sterowania-1.png\" \/>\n\t<meta property=\"og:image:width\" content=\"2278\" \/>\n\t<meta property=\"og:image:height\" content=\"401\" \/>\n\t<meta property=\"og:image:type\" content=\"image\/png\" \/>\n<meta name=\"twitter:card\" content=\"summary\" \/>\n<meta name=\"twitter:label1\" content=\"Est. reading time\" \/>\n\t<meta name=\"twitter:data1\" content=\"3 minutes\" \/>\n<script type=\"application\/ld+json\" class=\"yoast-schema-graph\">{\"@context\":\"https:\/\/schema.org\",\"@graph\":[{\"@type\":\"WebSite\",\"@id\":\"https:\/\/epssystem.pl\/#website\",\"url\":\"https:\/\/epssystem.pl\/\",\"name\":\"EPS System\",\"description\":\"Polski producent system\u00f3w zasilania gwarantowanego\",\"potentialAction\":[{\"@type\":\"SearchAction\",\"target\":{\"@type\":\"EntryPoint\",\"urlTemplate\":\"https:\/\/epssystem.pl\/?s={search_term_string}\"},\"query-input\":\"required name=search_term_string\"}],\"inLanguage\":\"uk\"},{\"@type\":\"ImageObject\",\"@id\":\"https:\/\/epssystem.pl\/nowa-oferta\/agregaty-pradotworcze\/agregat-pradotworczy-uklady-sterowania\/#primaryimage\",\"inLanguage\":\"uk\",\"url\":\"https:\/\/epssystem.pl\/wp-content\/uploads\/2017\/03\/eps-system-agregat-pr\u0105dotw\u00f3rczy-panele-sterowania-1.png\",\"contentUrl\":\"https:\/\/epssystem.pl\/wp-content\/uploads\/2017\/03\/eps-system-agregat-pr\u0105dotw\u00f3rczy-panele-sterowania-1.png\",\"width\":2278,\"height\":401,\"caption\":\"agregaty z automatycznym startem - panele sterowania\"},{\"@type\":\"WebPage\",\"@id\":\"https:\/\/epssystem.pl\/nowa-oferta\/agregaty-pradotworcze\/agregat-pradotworczy-uklady-sterowania\/#webpage\",\"url\":\"https:\/\/epssystem.pl\/nowa-oferta\/agregaty-pradotworcze\/agregat-pradotworczy-uklady-sterowania\/\",\"name\":\"Sterownik agregatu pr\u0105dotw\u00f3rczego - uk\u0142ady sterowania | EPS System\",\"isPartOf\":{\"@id\":\"https:\/\/epssystem.pl\/#website\"},\"primaryImageOfPage\":{\"@id\":\"https:\/\/epssystem.pl\/nowa-oferta\/agregaty-pradotworcze\/agregat-pradotworczy-uklady-sterowania\/#primaryimage\"},\"datePublished\":\"2017-03-03T10:47:49+00:00\",\"dateModified\":\"2022-11-16T07:53:50+00:00\",\"description\":\"Niezawodne polskie agregaty pr\u0105dotw\u00f3rcze z automatycznym startem oraz przeznaczone do pracy r\u00f3wnoleg\u0142ej zapewniaj\u0105 ci\u0105g\u0142o\u015b\u0107 dostaw energii. Zobacz!\",\"breadcrumb\":{\"@id\":\"https:\/\/epssystem.pl\/nowa-oferta\/agregaty-pradotworcze\/agregat-pradotworczy-uklady-sterowania\/#breadcrumb\"},\"inLanguage\":\"uk\",\"potentialAction\":[{\"@type\":\"ReadAction\",\"target\":[\"https:\/\/epssystem.pl\/nowa-oferta\/agregaty-pradotworcze\/agregat-pradotworczy-uklady-sterowania\/\"]}]},{\"@type\":\"BreadcrumbList\",\"@id\":\"https:\/\/epssystem.pl\/nowa-oferta\/agregaty-pradotworcze\/agregat-pradotworczy-uklady-sterowania\/#breadcrumb\",\"itemListElement\":[{\"@type\":\"ListItem\",\"position\":1,\"name\":\"Strona g\u0142\u00f3wna\",\"item\":\"https:\/\/epssystem.pl\/\"},{\"@type\":\"ListItem\",\"position\":2,\"name\":\"Oferta\",\"item\":\"https:\/\/epssystem.pl\/nowa-oferta\/\"},{\"@type\":\"ListItem\",\"position\":3,\"name\":\"Agregaty pr\u0105dotw\u00f3rcze\",\"item\":\"https:\/\/epssystem.pl\/nowa-oferta\/agregaty-pradotworcze\/\"},{\"@type\":\"ListItem\",\"position\":4,\"name\":\"Uk\u0142ady sterowania do agregat\u00f3w\"}]}]}<\/script>\n<!-- \/ Yoast SEO plugin. -->","yoast_head_json":{"title":"Sterownik agregatu pr\u0105dotw\u00f3rczego - uk\u0142ady sterowania | EPS System","description":"Niezawodne polskie agregaty pr\u0105dotw\u00f3rcze z automatycznym startem oraz przeznaczone do pracy r\u00f3wnoleg\u0142ej zapewniaj\u0105 ci\u0105g\u0142o\u015b\u0107 dostaw energii. Zobacz!","robots":{"index":"index","follow":"follow","max-snippet":"max-snippet:-1","max-image-preview":"max-image-preview:large","max-video-preview":"max-video-preview:-1"},"canonical":"https:\/\/epssystem.pl\/nowa-oferta\/agregaty-pradotworcze\/agregat-pradotworczy-uklady-sterowania\/","og_locale":"uk_UA","og_type":"article","og_title":"Sterownik agregatu pr\u0105dotw\u00f3rczego - uk\u0142ady sterowania | EPS System","og_description":"Niezawodne polskie agregaty pr\u0105dotw\u00f3rcze z automatycznym startem oraz przeznaczone do pracy r\u00f3wnoleg\u0142ej zapewniaj\u0105 ci\u0105g\u0142o\u015b\u0107 dostaw energii. Zobacz!","og_url":"https:\/\/epssystem.pl\/nowa-oferta\/agregaty-pradotworcze\/agregat-pradotworczy-uklady-sterowania\/","og_site_name":"EPS System","article_modified_time":"2022-11-16T07:53:50+00:00","og_image":[{"width":2278,"height":401,"url":"https:\/\/epssystem.pl\/wp-content\/uploads\/2017\/03\/eps-system-agregat-pr\u0105dotw\u00f3rczy-panele-sterowania-1.png","type":"image\/png"}],"twitter_card":"summary","twitter_misc":{"Est. reading time":"3 minutes"},"schema":{"@context":"https:\/\/schema.org","@graph":[{"@type":"WebSite","@id":"https:\/\/epssystem.pl\/#website","url":"https:\/\/epssystem.pl\/","name":"EPS System","description":"Polski producent system\u00f3w zasilania gwarantowanego","potentialAction":[{"@type":"SearchAction","target":{"@type":"EntryPoint","urlTemplate":"https:\/\/epssystem.pl\/?s={search_term_string}"},"query-input":"required name=search_term_string"}],"inLanguage":"uk"},{"@type":"ImageObject","@id":"https:\/\/epssystem.pl\/nowa-oferta\/agregaty-pradotworcze\/agregat-pradotworczy-uklady-sterowania\/#primaryimage","inLanguage":"uk","url":"https:\/\/epssystem.pl\/wp-content\/uploads\/2017\/03\/eps-system-agregat-pr\u0105dotw\u00f3rczy-panele-sterowania-1.png","contentUrl":"https:\/\/epssystem.pl\/wp-content\/uploads\/2017\/03\/eps-system-agregat-pr\u0105dotw\u00f3rczy-panele-sterowania-1.png","width":2278,"height":401,"caption":"agregaty z automatycznym startem - panele sterowania"},{"@type":"WebPage","@id":"https:\/\/epssystem.pl\/nowa-oferta\/agregaty-pradotworcze\/agregat-pradotworczy-uklady-sterowania\/#webpage","url":"https:\/\/epssystem.pl\/nowa-oferta\/agregaty-pradotworcze\/agregat-pradotworczy-uklady-sterowania\/","name":"Sterownik agregatu pr\u0105dotw\u00f3rczego - uk\u0142ady sterowania | EPS System","isPartOf":{"@id":"https:\/\/epssystem.pl\/#website"},"primaryImageOfPage":{"@id":"https:\/\/epssystem.pl\/nowa-oferta\/agregaty-pradotworcze\/agregat-pradotworczy-uklady-sterowania\/#primaryimage"},"datePublished":"2017-03-03T10:47:49+00:00","dateModified":"2022-11-16T07:53:50+00:00","description":"Niezawodne polskie agregaty pr\u0105dotw\u00f3rcze z automatycznym startem oraz przeznaczone do pracy r\u00f3wnoleg\u0142ej zapewniaj\u0105 ci\u0105g\u0142o\u015b\u0107 dostaw energii. Zobacz!","breadcrumb":{"@id":"https:\/\/epssystem.pl\/nowa-oferta\/agregaty-pradotworcze\/agregat-pradotworczy-uklady-sterowania\/#breadcrumb"},"inLanguage":"uk","potentialAction":[{"@type":"ReadAction","target":["https:\/\/epssystem.pl\/nowa-oferta\/agregaty-pradotworcze\/agregat-pradotworczy-uklady-sterowania\/"]}]},{"@type":"BreadcrumbList","@id":"https:\/\/epssystem.pl\/nowa-oferta\/agregaty-pradotworcze\/agregat-pradotworczy-uklady-sterowania\/#breadcrumb","itemListElement":[{"@type":"ListItem","position":1,"name":"Strona g\u0142\u00f3wna","item":"https:\/\/epssystem.pl\/"},{"@type":"ListItem","position":2,"name":"Oferta","item":"https:\/\/epssystem.pl\/nowa-oferta\/"},{"@type":"ListItem","position":3,"name":"Agregaty pr\u0105dotw\u00f3rcze","item":"https:\/\/epssystem.pl\/nowa-oferta\/agregaty-pradotworcze\/"},{"@type":"ListItem","position":4,"name":"Uk\u0142ady sterowania do agregat\u00f3w"}]}]}},"_links":{"self":[{"href":"https:\/\/epssystem.pl\/uk\/wp-json\/wp\/v2\/pages\/72648"}],"collection":[{"href":"https:\/\/epssystem.pl\/uk\/wp-json\/wp\/v2\/pages"}],"about":[{"href":"https:\/\/epssystem.pl\/uk\/wp-json\/wp\/v2\/types\/page"}],"author":[{"embeddable":true,"href":"https:\/\/epssystem.pl\/uk\/wp-json\/wp\/v2\/users\/3"}],"replies":[{"embeddable":true,"href":"https:\/\/epssystem.pl\/uk\/wp-json\/wp\/v2\/comments?post=72648"}],"version-history":[{"count":4,"href":"https:\/\/epssystem.pl\/uk\/wp-json\/wp\/v2\/pages\/72648\/revisions"}],"predecessor-version":[{"id":73977,"href":"https:\/\/epssystem.pl\/uk\/wp-json\/wp\/v2\/pages\/72648\/revisions\/73977"}],"up":[{"embeddable":true,"href":"https:\/\/epssystem.pl\/uk\/wp-json\/wp\/v2\/pages\/71053"}],"wp:featuredmedia":[{"embeddable":true,"href":"https:\/\/epssystem.pl\/uk\/wp-json\/wp\/v2\/media\/72655"}],"wp:attachment":[{"href":"https:\/\/epssystem.pl\/uk\/wp-json\/wp\/v2\/media?parent=72648"}],"curies":[{"name":"wp","href":"https:\/\/api.w.org\/{rel}","templated":true}]}}