{"id":72657,"date":"2017-03-03T12:01:20","date_gmt":"2017-03-03T12:01:20","guid":{"rendered":"http:\/\/epssystem.pl\/?page_id=72657"},"modified":"2022-11-16T08:29:23","modified_gmt":"2022-11-16T08:29:23","slug":"uklady-szr-samoczynego-zalaczania-rezerwy","status":"publish","type":"page","link":"https:\/\/epssystem.pl\/uk\/nowa-oferta\/agregaty-pradotworcze\/uklady-szr-samoczynego-zalaczania-rezerwy\/","title":{"rendered":"Uk\u0142ady SZR (Samoczynnego Za\u0142\u0105czania Rezerwy)"},"content":{"rendered":"<p>[vc_row type=&#8221;container&#8221;][vc_column][vc_row_inner][vc_column_inner][vc_custom_heading text=&#8221;Uk\u0142ady SZR (Samoczynego Za\u0142\u0105czania Rezerwy)&#8221; google_fonts=&#8221;font_family:Open%20Sans%3A300%2C300italic%2Cregular%2Citalic%2C600%2C600italic%2C700%2C700italic%2C800%2C800italic|font_style:400%20regular%3A400%3Anormal&#8221;][\/vc_column_inner][\/vc_row_inner][vc_column_text]Kompletny uk\u0142ad zasilania awaryjnego to poza niezawodnym agregatem pr\u0105dotw\u00f3rczym &#8211; sprawny, w\u0142a\u015bciwie dobrany i skonfigurowany uk\u0142ad prze\u0142\u0105czania rezerwy SZR[\/vc_column_text][vc_column_text]W zale\u017cno\u015bci od\u00a0 rodzaju paneli sterowania jaki posiada <strong>agregat pr\u0105dotw\u00f3rczy GETOR&#x2122;<\/strong> dost\u0119pne s\u0105 dwa typoszeregi uk\u0142ad\u00f3w SZR:<\/p>\n<ul>\n<li><strong>Uk\u0142ady SZR typu ATS-E<\/strong> przeznaczone do wsp\u00f3\u0142pracy z agregatami wyposa\u017conymi w sterowniki typu AMF, nie posiadaj\u0105 sterownika. Przew\u00f3d sterowniczy do po\u0142\u0105czenia agregatu z szaf\u0105 SZR &#8211; 11&#215;1,5 mm<sup>2<\/sup><\/li>\n<li><strong>Uk\u0142ady SZR typu ATS-I<\/strong> wyposa\u017cone we w\u0142asny sterownik, dedykowane do wsp\u00f3\u0142pracy z agregatami wyposa\u017conymi w sterownik typu MRS. Przew\u00f3d sterowniczy do po\u0142\u0105czenia agregatu z szaf\u0105 SZR &#8211; 4&#215;1,5 mm<sup>2<\/sup><\/li>\n<\/ul>\n<p>[\/vc_column_text][vc_column_text]Do obu rodzaj\u00f3w uk\u0142ad\u00f3w SZR mo\u017cliwe jest pod\u0142\u0105czenie potrzeb w\u0142asnych do agregatu 3&#215;2,5 mm<sup>2<\/sup> lub 5&#215;2,5 mm<sup>2<\/sup> w zale\u017cno\u015bci od mocy grza\u0142ki bloku silnika.<\/p>\n<p>W standardzie uk\u0142ady SZR do 160A wykonywane s\u0105 w oparciu o styczniki, od 250A &#8211; prze\u0142\u0105cznik z nap\u0119dem silnikowym.[\/vc_column_text][\/vc_column][\/vc_row][vc_row type=&#8221;container&#8221;][vc_column][vc_raw_html]JTNDc3R5bGUlMjB0eXBlJTNEJTIydGV4dCUyRmNzcyUyMiUzRSUwQS50ZyUyMCUyMCU3QmJvcmRlci1jb2xsYXBzZSUzQWNvbGxhcHNlJTNCYm9yZGVyLXNwYWNpbmclM0EwJTNCJTdEJTBBLnRnJTIwdGQlN0Jmb250LWZhbWlseSUzQUFyaWFsJTJDJTIwc2Fucy1zZXJpZiUzQmZvbnQtc2l6ZSUzQTE0cHglM0JwYWRkaW5nJTNBMTBweCUyMDVweCUzQmJvcmRlci1zdHlsZSUzQXNvbGlkJTNCYm9yZGVyLXdpZHRoJTNBMXB4JTNCb3ZlcmZsb3clM0FoaWRkZW4lM0J3b3JkLWJyZWFrJTNBbm9ybWFsJTNCJTdEJTBBLnRnJTIwdGglN0Jmb250LWZhbWlseSUzQUFyaWFsJTJDJTIwc2Fucy1zZXJpZiUzQmZvbnQtc2l6ZSUzQTE0cHglM0Jmb250LXdlaWdodCUzQW5vcm1hbCUzQnBhZGRpbmclM0ExMHB4JTIwNXB4JTNCYm9yZGVyLXN0eWxlJTNBc29saWQlM0Jib3JkZXItd2lkdGglM0ExcHglM0JvdmVyZmxvdyUzQWhpZGRlbiUzQndvcmQtYnJlYWslM0Fub3JtYWwlM0IlN0QlMEEudGclMjAudGctZTN6diU3QmZvbnQtd2VpZ2h0JTNBYm9sZCU3RCUwQS50ZyUyMC50Zy05aGJvJTdCZm9udC13ZWlnaHQlM0Fib2xkJTNCdmVydGljYWwtYWxpZ24lM0F0b3AlN0QlMEEudGclMjAudGcteXc0bCU3QnZlcnRpY2FsLWFsaWduJTNBdG9wJTdEJTBBJTNDJTJGc3R5bGUlM0UlMEElM0N0YWJsZSUyMGNsYXNzJTNEJTIydGclMjIlM0UlMEElMjAlMjAlM0N0ciUzRSUwQSUyMCUyMCUyMCUyMCUzQ3RoJTIwY2xhc3MlM0QlMjJ0Zy1lM3p2JTIyJTNFUFIlQzQlODREJTNDJTJGdGglM0UlMEElMjAlMjAlMjAlMjAlM0N0aCUyMGNsYXNzJTNEJTIydGctOWhibyUyMiUzRU1PQyUzQyUyRnRoJTNFJTBBJTIwJTIwJTIwJTIwJTNDdGglMjBjbGFzcyUzRCUyMnRnLTloYm8lMjIlM0VNQVguJTIwUFJaRVdPRFklM0NiciUzRSUzQyUyRnRoJTNFJTBBJTIwJTIwJTIwJTIwJTNDdGglMjBjbGFzcyUzRCUyMnRnLTloYm8lMjIlM0VUWVAlMjBQUlpZJUM1JTgxJUM0JTg0Q1pBJTNDYnIlM0UlM0MlMkZ0aCUzRSUwQSUyMCUyMCUyMCUyMCUzQ3RoJTIwY2xhc3MlM0QlMjJ0Zy05aGJvJTIyJTNFV1lNSUFSWSUzQyUyRnRoJTNFJTBBJTIwJTIwJTIwJTIwJTNDdGglMjBjbGFzcyUzRCUyMnRnLTloYm8lMjIlM0VNQVNBJTNDJTJGdGglM0UlMEElMjAlMjAlM0MlMkZ0ciUzRSUwQSUyMCUyMCUzQ3RyJTNFJTBBJTIwJTIwJTIwJTIwJTNDdGQlMjBjbGFzcyUzRCUyMnRnLTloYm8lMjIlM0VBJTNDJTJGdGQlM0UlMEElMjAlMjAlMjAlMjAlM0N0ZCUyMGNsYXNzJTNEJTIydGctOWhibyUyMiUzRWtWQSUzQyUyRnRkJTNFJTBBJTIwJTIwJTIwJTIwJTNDdGQlMjBjbGFzcyUzRCUyMnRnLTloYm8lMjIlM0VtbTIlM0MlMkZ0ZCUzRSUwQSUyMCUyMCUyMCUyMCUzQ3RkJTIwY2xhc3MlM0QlMjJ0Zy05aGJvJTIyJTNFJTNDJTJGdGQlM0UlMEElMjAlMjAlMjAlMjAlM0N0ZCUyMGNsYXNzJTNEJTIydGctOWhibyUyMiUzRXN6ZXIlMkZ3eXMlMkZnJUM1JTgyJTIwJTI4bW0lMjklM0NiciUzRSUzQyUyRnRkJTNFJTBBJTIwJTIwJTIwJTIwJTNDdGQlMjBjbGFzcyUzRCUyMnRnLTloYm8lMjIlM0VrZyUzQyUyRnRkJTNFJTBBJTIwJTIwJTNDJTJGdHIlM0UlMEElMjAlMjAlM0N0ciUzRSUwQSUyMCUyMCUyMCUyMCUzQ3RkJTIwY2xhc3MlM0QlMjJ0Zy15dzRsJTIyJTNFNjAlM0MlMkZ0ZCUzRSUwQSUyMCUyMCUyMCUyMCUzQ3RkJTIwY2xhc3MlM0QlMjJ0Zy15dzRsJTIyJTNFNDIlM0MlMkZ0ZCUzRSUwQSUyMCUyMCUyMCUyMCUzQ3RkJTIwY2xhc3MlM0QlMjJ0Zy15dzRsJTIyJTNFMzUlM0MlMkZ0ZCUzRSUwQSUyMCUyMCUyMCUyMCUzQ3RkJTIwY2xhc3MlM0QlMjJ0Zy15dzRsJTIyJTNFeiVDNSU4MiVDNCU4NWN6a2ElMjAlQzUlOUJydWJvd2ElM0NiciUzRSUzQyUyRnRkJTNFJTBBJTIwJTIwJTIwJTIwJTNDdGQlMjBjbGFzcyUzRCUyMnRnLXl3NGwlMjIlM0U0MDAlMjB4JTIwNTAwJTIweCUyMDIwMCUyMCUzQ2JyJTNFJTNDJTJGdGQlM0UlMEElMjAlMjAlMjAlMjAlM0N0ZCUyMGNsYXNzJTNEJTIydGcteXc0bCUyMiUzRTE4JTNDJTJGdGQlM0UlMEElMjAlMjAlM0MlMkZ0ciUzRSUwQSUyMCUyMCUzQ3RyJTNFJTBBJTIwJTIwJTIwJTIwJTNDdGQlMjBjbGFzcyUzRCUyMnRnLXl3NGwlMjIlM0UxMDAlM0MlMkZ0ZCUzRSUwQSUyMCUyMCUyMCUyMCUzQ3RkJTIwY2xhc3MlM0QlMjJ0Zy15dzRsJTIyJTNFNzAlM0MlMkZ0ZCUzRSUwQSUyMCUyMCUyMCUyMCUzQ3RkJTIwY2xhc3MlM0QlMjJ0Zy15dzRsJTIyJTNFMzUlM0MlMkZ0ZCUzRSUwQSUyMCUyMCUyMCUyMCUzQ3RkJTIwY2xhc3MlM0QlMjJ0Zy15dzRsJTIyJTNFeiVDNSU4MiVDNCU4NWN6a2ElMjAlQzUlOUJydWJvd2ElM0NiciUzRSUzQyUyRnRkJTNFJTBBJTIwJTIwJTIwJTIwJTNDdGQlMjBjbGFzcyUzRCUyMnRnLXl3NGwlMjIlM0U0MDAlMjB4JTIwNTAwJTIweCUyMDIwMCUzQ2JyJTNFJTNDJTJGdGQlM0UlMEElMjAlMjAlMjAlMjAlM0N0ZCUyMGNsYXNzJTNEJTIydGcteXc0bCUyMiUzRTI1JTNDJTJGdGQlM0UlMEElMjAlMjAlM0MlMkZ0ciUzRSUwQSUyMCUyMCUzQ3RyJTNFJTBBJTIwJTIwJTIwJTIwJTNDdGQlMjBjbGFzcyUzRCUyMnRnLXl3NGwlMjIlM0UxMzUlM0MlMkZ0ZCUzRSUwQSUyMCUyMCUyMCUyMCUzQ3RkJTIwY2xhc3MlM0QlMjJ0Zy15dzRsJTIyJTNFOTMlM0MlMkZ0ZCUzRSUwQSUyMCUyMCUyMCUyMCUzQ3RkJTIwY2xhc3MlM0QlMjJ0Zy15dzRsJTIyJTNFMzUlM0MlMkZ0ZCUzRSUwQSUyMCUyMCUyMCUyMCUzQ3RkJTIwY2xhc3MlM0QlMjJ0Zy15dzRsJTIyJTNFeiVDNSU4MiVDNCU4NWN6a2ElMjAlQzUlOUJydWJvd2ElM0NiciUzRSUzQyUyRnRkJTNFJTBBJTIwJTIwJTIwJTIwJTNDdGQlMjBjbGFzcyUzRCUyMnRnLXl3NGwlMjIlM0U0MDAlMjB4JTIwNTAwJTIweCUyMDIwMCUzQ2JyJTNFJTNDJTJGdGQlM0UlMEElMjAlMjAlMjAlMjAlM0N0ZCUyMGNsYXNzJTNEJTIydGcteXc0bCUyMiUzRTI1JTNDJTJGdGQlM0UlMEElMjAlMjAlM0MlMkZ0ciUzRSUwQSUyMCUyMCUzQ3RyJTNFJTBBJTIwJTIwJTIwJTIwJTNDdGQlMjBjbGFzcyUzRCUyMnRnLXl3NGwlMjIlM0UxNjAlM0MlMkZ0ZCUzRSUwQSUyMCUyMCUyMCUyMCUzQ3RkJTIwY2xhc3MlM0QlMjJ0Zy15dzRsJTIyJTNFMTExJTNDJTJGdGQlM0UlMEElMjAlMjAlMjAlMjAlM0N0ZCUyMGNsYXNzJTNEJTIydGcteXc0bCUyMiUzRTUwJTNDJTJGdGQlM0UlMEElMjAlMjAlMjAlMjAlM0N0ZCUyMGNsYXNzJTNEJTIydGcteXc0bCUyMiUzRXolQzUlODIlQzQlODVjemthJTIwJUM1JTlCcnVib3dhJTNDYnIlM0UlM0MlMkZ0ZCUzRSUwQSUyMCUyMCUyMCUyMCUzQ3RkJTIwY2xhc3MlM0QlMjJ0Zy15dzRsJTIyJTNFNjAwJTIweCUyMDgwMCUyMHglMjAzMDAlM0NiciUzRSUzQyUyRnRkJTNFJTBBJTIwJTIwJTIwJTIwJTNDdGQlMjBjbGFzcyUzRCUyMnRnLXl3NGwlMjIlM0U1NSUzQyUyRnRkJTNFJTBBJTIwJTIwJTNDJTJGdHIlM0UlMEElMjAlMjAlM0N0ciUzRSUwQSUyMCUyMCUyMCUyMCUzQ3RkJTIwY2xhc3MlM0QlMjJ0Zy15dzRsJTIyJTNFMjUwJTNDJTJGdGQlM0UlMEElMjAlMjAlMjAlMjAlM0N0ZCUyMGNsYXNzJTNEJTIydGcteXc0bCUyMiUzRTE3MyUzQyUyRnRkJTNFJTBBJTIwJTIwJTIwJTIwJTNDdGQlMjBjbGFzcyUzRCUyMnRnLXl3NGwlMjIlM0UyJTIweCUyMDcwJTNDYnIlM0UlM0MlMkZ0ZCUzRSUwQSUyMCUyMCUyMCUyMCUzQ3RkJTIwY2xhc3MlM0QlMjJ0Zy15dzRsJTIyJTNFcG9qZWR5bmN6YSUyMHN6eW5hJTIwMjUlMjB4JTIwNW1tJTJDJTIwTTglM0NiciUzRSUzQyUyRnRkJTNFJTBBJTIwJTIwJTIwJTIwJTNDdGQlMjBjbGFzcyUzRCUyMnRnLXl3NGwlMjIlM0U2MDAlMjB4JTIwNTAwJTIweCUyMDQwMCUzQ2JyJTNFJTNDJTJGdGQlM0UlMEElMjAlMjAlMjAlMjAlM0N0ZCUyMGNsYXNzJTNEJTIydGcteXc0bCUyMiUzRTQwJTNDJTJGdGQlM0UlMEElMjAlMjAlM0MlMkZ0ciUzRSUwQSUyMCUyMCUzQ3RyJTNFJTBBJTIwJTIwJTIwJTIwJTNDdGQlMjBjbGFzcyUzRCUyMnRnLXl3NGwlMjIlM0U0MDAlM0MlMkZ0ZCUzRSUwQSUyMCUyMCUyMCUyMCUzQ3RkJTIwY2xhc3MlM0QlMjJ0Zy15dzRsJTIyJTNFMjc3JTNDJTJGdGQlM0UlMEElMjAlMjAlMjAlMjAlM0N0ZCUyMGNsYXNzJTNEJTIydGcteXc0bCUyMiUzRTIlMjB4JTIwMTUwJTNDYnIlM0UlM0MlMkZ0ZCUzRSUwQSUyMCUyMCUyMCUyMCUzQ3RkJTIwY2xhc3MlM0QlMjJ0Zy15dzRsJTIyJTNFcG9qZWR5bmN6YSUyMHN6eW5hJTIwMzAlMjB4JTIwNiUyMG1tJTJDJTIwTTEyJTNDYnIlM0UlM0MlMkZ0ZCUzRSUwQSUyMCUyMCUyMCUyMCUzQ3RkJTIwY2xhc3MlM0QlMjJ0Zy15dzRsJTIyJTNFNjAwJTIweCUyMDEwMDAlMjB4JTIwNDUwJTNDYnIlM0UlM0MlMkZ0ZCUzRSUwQSUyMCUyMCUyMCUyMCUzQ3RkJTIwY2xhc3MlM0QlMjJ0Zy15dzRsJTIyJTNFNzUlM0MlMkZ0ZCUzRSUwQSUyMCUyMCUzQyUyRnRyJTNFJTBBJTIwJTIwJTNDdHIlM0UlMEElMjAlMjAlMjAlMjAlM0N0ZCUyMGNsYXNzJTNEJTIydGcteXc0bCUyMiUzRTYzMCUzQyUyRnRkJTNFJTBBJTIwJTIwJTIwJTIwJTNDdGQlMjBjbGFzcyUzRCUyMnRnLXl3NGwlMjIlM0U0MzYlM0MlMkZ0ZCUzRSUwQSUyMCUyMCUyMCUyMCUzQ3RkJTIwY2xhc3MlM0QlMjJ0Zy15dzRsJTIyJTNFMiUyMHglMjAyNDAlM0NiciUzRSUzQyUyRnRkJTNFJTBBJTIwJTIwJTIwJTIwJTNDdGQlMjBjbGFzcyUzRCUyMnRnLXl3NGwlMjIlM0Vwb2plZHluY3phJTIwc3p5bmElMjA0MCUyMHglMjA4JTIwbW0lMkMlMjBNMTIlM0NiciUzRSUzQyUyRnRkJTNFJTBBJTIwJTIwJTIwJTIwJTNDdGQlMjBjbGFzcyUzRCUyMnRnLXl3NGwlMjIlM0U2MDAlMjB4JTIwMTAwMCUyMHglMjA0NTAlM0NiciUzRSUzQyUyRnRkJTNFJTBBJTIwJTIwJTIwJTIwJTNDdGQlMjBjbGFzcyUzRCUyMnRnLXl3NGwlMjIlM0U4NSUzQyUyRnRkJTNFJTBBJTIwJTIwJTNDJTJGdHIlM0UlMEElMjAlMjAlM0N0ciUzRSUwQSUyMCUyMCUyMCUyMCUzQ3RkJTIwY2xhc3MlM0QlMjJ0Zy15dzRsJTIyJTNFODAwJTNDJTJGdGQlM0UlMEElMjAlMjAlMjAlMjAlM0N0ZCUyMGNsYXNzJTNEJTIydGcteXc0bCUyMiUzRTU1NCUzQyUyRnRkJTNFJTBBJTIwJTIwJTIwJTIwJTNDdGQlMjBjbGFzcyUzRCUyMnRnLXl3NGwlMjIlM0UyJTIweCUyMDI0MCUzQ2JyJTNFJTNDJTJGdGQlM0UlMEElMjAlMjAlMjAlMjAlM0N0ZCUyMGNsYXNzJTNEJTIydGcteXc0bCUyMiUzRXBvamVkeW5jemElMjBzenluYSUyMDUwJTIweCUyMDEwJTIwbW0lMkMlMjBNMTIlM0NiciUzRSUzQyUyRnRkJTNFJTBBJTIwJTIwJTIwJTIwJTNDdGQlMjBjbGFzcyUzRCUyMnRnLXl3NGwlMjIlM0U4MDAlMjB4JTIwMTAwMCUyMHglMjA1NTAlM0NiciUzRSUzQyUyRnRkJTNFJTBBJTIwJTIwJTIwJTIwJTNDdGQlMjBjbGFzcyUzRCUyMnRnLXl3NGwlMjIlM0U4NSUzQyUyRnRkJTNFJTBBJTIwJTIwJTNDJTJGdHIlM0UlMEElMjAlMjAlM0N0ciUzRSUwQSUyMCUyMCUyMCUyMCUzQ3RkJTIwY2xhc3MlM0QlMjJ0Zy15dzRsJTIyJTNFMTAwMCUzQyUyRnRkJTNFJTBBJTIwJTIwJTIwJTIwJTNDdGQlMjBjbGFzcyUzRCUyMnRnLXl3NGwlMjIlM0U2OTIlM0MlMkZ0ZCUzRSUwQSUyMCUyMCUyMCUyMCUzQ3RkJTIwY2xhc3MlM0QlMjJ0Zy15dzRsJTIyJTNFMiUyMHglMjAyNDAlM0NiciUzRSUzQyUyRnRkJTNFJTBBJTIwJTIwJTIwJTIwJTNDdGQlMjBjbGFzcyUzRCUyMnRnLXl3NGwlMjIlM0Vwb2plZHluY3phJTIwc3p5bmElMjA1MCUyMHglMjAxMCUyMG1tJTJDJTIwTTEyJTNDYnIlM0UlM0MlMkZ0ZCUzRSUwQSUyMCUyMCUyMCUyMCUzQ3RkJTIwY2xhc3MlM0QlMjJ0Zy15dzRsJTIyJTNFODAwJTIweCUyMDE2MDAlMjB4JTIwNjAwJTNDYnIlM0UlM0MlMkZ0ZCUzRSUwQSUyMCUyMCUyMCUyMCUzQ3RkJTIwY2xhc3MlM0QlMjJ0Zy15dzRsJTIyJTNFMTgwJTNDJTJGdGQlM0UlMEElMjAlMjAlM0MlMkZ0ciUzRSUwQSUyMCUyMCUzQ3RyJTNFJTBBJTIwJTIwJTIwJTIwJTNDdGQlMjBjbGFzcyUzRCUyMnRnLXl3NGwlMjIlM0UxMjUwJTNDJTJGdGQlM0UlMEElMjAlMjAlMjAlMjAlM0N0ZCUyMGNsYXNzJTNEJTIydGcteXc0bCUyMiUzRTg2NSUzQyUyRnRkJTNFJTBBJTIwJTIwJTIwJTIwJTNDdGQlMjBjbGFzcyUzRCUyMnRnLXl3NGwlMjIlM0U0JTIweCUyMDE1MCUzQ2JyJTNFJTNDJTJGdGQlM0UlMEElMjAlMjAlMjAlMjAlM0N0ZCUyMGNsYXNzJTNEJTIydGcteXc0bCUyMiUzRXBvamVkeW5jemElMjBzenluYSUyMDYwJTIweCUyMDEwJTIwbW0lMkMlMjBNMTIlM0NiciUzRSUzQyUyRnRkJTNFJTBBJTIwJTIwJTIwJTIwJTNDdGQlMjBjbGFzcyUzRCUyMnRnLXl3NGwlMjIlM0U4MDAlMjB4JTIwMTYwMCUyMHglMjA2MDAlM0NiciUzRSUzQyUyRnRkJTNFJTBBJTIwJTIwJTIwJTIwJTNDdGQlMjBjbGFzcyUzRCUyMnRnLXl3NGwlMjIlM0UyMTAlM0MlMkZ0ZCUzRSUwQSUyMCUyMCUzQyUyRnRyJTNFJTBBJTIwJTIwJTNDdHIlM0UlMEElMjAlMjAlMjAlMjAlM0N0ZCUyMGNsYXNzJTNEJTIydGcteXc0bCUyMiUzRTE2MDAlM0MlMkZ0ZCUzRSUwQSUyMCUyMCUyMCUyMCUzQ3RkJTIwY2xhc3MlM0QlMjJ0Zy15dzRsJTIyJTNFMTEwNyUzQyUyRnRkJTNFJTBBJTIwJTIwJTIwJTIwJTNDdGQlMjBjbGFzcyUzRCUyMnRnLXl3NGwlMjIlM0U0JTIweCUyMDE4NSUzQ2JyJTNFJTNDJTJGdGQlM0UlMEElMjAlMjAlMjAlMjAlM0N0ZCUyMGNsYXNzJTNEJTIydGcteXc0bCUyMiUzRVBvZHclQzMlQjNqbmElMjBzenluYSUyMDUwJTIweCUyMDEwJTIwbW0lMkMlMjBNMTIlM0NiciUzRSUzQyUyRnRkJTNFJTBBJTIwJTIwJTIwJTIwJTNDdGQlMjBjbGFzcyUzRCUyMnRnLXl3NGwlMjIlM0UxMDAwJTIweCUyMDE4MDAlMjB4JTIwODAwJTNDYnIlM0UlM0MlMkZ0ZCUzRSUwQSUyMCUyMCUyMCUyMCUzQ3RkJTIwY2xhc3MlM0QlMjJ0Zy15dzRsJTIyJTNFMzQwJTNDJTJGdGQlM0UlMEElMjAlMjAlM0MlMkZ0ciUzRSUwQSUyMCUyMCUzQ3RyJTNFJTBBJTIwJTIwJTIwJTIwJTNDdGQlMjBjbGFzcyUzRCUyMnRnLXl3NGwlMjIlM0UyMDAwJTNDYnIlM0UlM0MlMkZ0ZCUzRSUwQSUyMCUyMCUyMCUyMCUzQ3RkJTIwY2xhc3MlM0QlMjJ0Zy15dzRsJTIyJTNFMTM4NCUzQyUyRnRkJTNFJTBBJTIwJTIwJTIwJTIwJTNDdGQlMjBjbGFzcyUzRCUyMnRnLXl3NGwlMjIlM0U0JTIweCUyMDI0MCUzQ2JyJTNFJTNDJTJGdGQlM0UlMEElMjAlMjAlMjAlMjAlM0N0ZCUyMGNsYXNzJTNEJTIydGcteXc0bCUyMiUzRVBvZHclQzMlQjNqbmElMjBzenluYSUyMDgwJTIweCUyMDEwJTIwbW0lMkMlMjBNMTIlM0NiciUzRSUzQyUyRnRkJTNFJTBBJTIwJTIwJTIwJTIwJTNDdGQlMjBjbGFzcyUzRCUyMnRnLXl3NGwlMjIlM0UxMDAwJTIweCUyMDIwMDAlMjB4JTIwODAwJTNDYnIlM0UlM0MlMkZ0ZCUzRSUwQSUyMCUyMCUyMCUyMCUzQ3RkJTIwY2xhc3MlM0QlMjJ0Zy15dzRsJTIyJTNFMzYwJTNDJTJGdGQlM0UlMEElMjAlMjAlM0MlMkZ0ciUzRSUwQSUyMCUyMCUzQ3RyJTNFJTBBJTIwJTIwJTIwJTIwJTNDdGQlMjBjbGFzcyUzRCUyMnRnLXl3NGwlMjIlM0UyNTAwJTNDJTJGdGQlM0UlMEElMjAlMjAlMjAlMjAlM0N0ZCUyMGNsYXNzJTNEJTIydGcteXc0bCUyMiUzRTE3MzAlM0MlMkZ0ZCUzRSUwQSUyMCUyMCUyMCUyMCUzQ3RkJTIwY2xhc3MlM0QlMjJ0Zy15dzRsJTIyJTNFOCUyMHglMjAyNDAlM0NiciUzRSUzQyUyRnRkJTNFJTBBJTIwJTIwJTIwJTIwJTNDdGQlMjBjbGFzcyUzRCUyMnRnLXl3NGwlMjIlM0VQb2R3JUMzJUIzam5hJTIwc3p5bmElMjAxMDAlMjB4JTIwMTAlMjBtbSUyQyUyMG0xMiUzQ2JyJTNFJTNDJTJGdGQlM0UlMEElMjAlMjAlMjAlMjAlM0N0ZCUyMGNsYXNzJTNEJTIydGcteXc0bCUyMiUzRTEwMDAlMjB4JTIwMjAwMCUyMHglMjA4MDAlM0NiciUzRSUzQyUyRnRkJTNFJTBBJTIwJTIwJTIwJTIwJTNDdGQlMjBjbGFzcyUzRCUyMnRnLXl3NGwlMjIlM0UzNzAlM0MlMkZ0ZCUzRSUwQSUyMCUyMCUzQyUyRnRyJTNFJTBBJTIwJTIwJTNDdHIlM0UlMEElMjAlMjAlMjAlMjAlM0N0ZCUyMGNsYXNzJTNEJTIydGcteXc0bCUyMiUzRTMyMDAlM0MlMkZ0ZCUzRSUwQSUyMCUyMCUyMCUyMCUzQ3RkJTIwY2xhc3MlM0QlMjJ0Zy15dzRsJTIyJTNFMjIxNCUzQyUyRnRkJTNFJTBBJTIwJTIwJTIwJTIwJTNDdGQlMjBjbGFzcyUzRCUyMnRnLXl3NGwlMjIlM0U4JTIweCUyMDI0MCUzQ2JyJTNFJTNDJTJGdGQlM0UlMEElMjAlMjAlMjAlMjAlM0N0ZCUyMGNsYXNzJTNEJTIydGcteXc0bCUyMiUzRVBvdHIlQzMlQjNqbmElMjBzenluYSUyMDEwMCUyMHglMjAxMCUyQyUyME0xMiUzQ2JyJTNFJTNDJTJGdGQlM0UlMEElMjAlMjAlMjAlMjAlM0N0ZCUyMGNsYXNzJTNEJTIydGcteXc0bCUyMiUzRTEwMDAlMjB4JTIwMjAwMCUyMCUyMDgwMCUzQ2JyJTNFJTNDJTJGdGQlM0UlMEElMjAlMjAlMjAlMjAlM0N0ZCUyMGNsYXNzJTNEJTIydGcteXc0bCUyMiUzRTQyMCUzQyUyRnRkJTNFJTBBJTIwJTIwJTNDJTJGdHIlM0UlMEElM0MlMkZ0YWJsZSUzRSUwQSUwQQ==[\/vc_raw_html][vc_column_text]Zadaniem <strong>automatycznego prze\u0142\u0105czania rezerwy (SZR)<\/strong> jest prze\u0142\u0105czenie zasilania podstawowego na zasilanie rezerwowe, w przypadku zaniku lub drastycznego obni\u017cenia napi\u0119cia w zasilaniu podstawowym. <strong>Uk\u0142ad SZR<\/strong>, czyli <strong>Samoczynne Za\u0142\u0105czanie Rezerwy<\/strong> ma na celu utrzymanie niezawodno\u015bci dostaw energii elektrycznej. Uk\u0142ad SZR jest cz\u0119\u015bci\u0105 systemu automatycznej regulacji napi\u0119cia i cz\u0119stotliwo\u015bci w sieci elektrycznej. Pozwala on na zapewnienie ci\u0105g\u0142o\u015bci dostaw pr\u0105du, gdy wyst\u0105pi awaria zasilania. W przypadku awarii, uk\u0142ady SZR automatycznie prze\u0142\u0105cza si\u0119 na inne \u017ar\u00f3d\u0142o alternatywne np. agregator pr\u0105dotw\u00f3rczy.[\/vc_column_text][\/vc_column][\/vc_row]<\/p>\n","protected":false},"excerpt":{"rendered":"<p>[vc_row type=&#8221;container&#8221;][vc_column][vc_row_inner][vc_column_inner][vc_custom_heading text=&#8221;Uk\u0142ady SZR (Samoczynego Za\u0142\u0105czania Rezerwy)&#8221; google_fonts=&#8221;font_family:Open%20Sans%3A300%2C300italic%2Cregular%2Citalic%2C600%2C600italic%2C700%2C700italic%2C800%2C800italic|font_style:400%20regular%3A400%3Anormal&#8221;][\/vc_column_inner][\/vc_row_inner][vc_column_text]Kompletny uk\u0142ad zasilania awaryjnego to poza niezawodnym agregatem pr\u0105dotw\u00f3rczym &#8211; sprawny, w\u0142a\u015bciwie dobrany i skonfigurowany uk\u0142ad prze\u0142\u0105czania rezerwy SZR[\/vc_column_text][vc_column_text]W zale\u017cno\u015bci od\u00a0 rodzaju paneli sterowania jaki posiada agregat pr\u0105dotw\u00f3rczy GETOR&#x2122; dost\u0119pne s\u0105 dwa typoszeregi uk\u0142ad\u00f3w SZR: Uk\u0142ady SZR typu ATS-E przeznaczone do wsp\u00f3\u0142pracy z agregatami wyposa\u017conymi w sterowniki typu [&hellip;]<\/p>\n","protected":false},"author":3,"featured_media":0,"parent":71053,"menu_order":12,"comment_status":"closed","ping_status":"closed","template":"","meta":[],"acf":[],"yoast_head":"<!-- This site is optimized with the Yoast SEO plugin v18.2 - https:\/\/yoast.com\/wordpress\/plugins\/seo\/ -->\n<title>Uk\u0142ady SZR (Samoczynnego Za\u0142\u0105czania Rezerwy) - EPS System<\/title>\n<meta name=\"robots\" content=\"index, follow, max-snippet:-1, max-image-preview:large, max-video-preview:-1\" \/>\n<link rel=\"canonical\" href=\"https:\/\/epssystem.pl\/nowa-oferta\/agregaty-pradotworcze\/uklady-szr-samoczynego-zalaczania-rezerwy\/\" \/>\n<meta property=\"og:locale\" content=\"uk_UA\" \/>\n<meta property=\"og:type\" content=\"article\" \/>\n<meta property=\"og:title\" content=\"Uk\u0142ady SZR (Samoczynnego Za\u0142\u0105czania Rezerwy) - EPS System\" \/>\n<meta property=\"og:description\" content=\"[vc_row type=&#8221;container&#8221;][vc_column][vc_row_inner][vc_column_inner][vc_custom_heading text=&#8221;Uk\u0142ady SZR (Samoczynego Za\u0142\u0105czania Rezerwy)&#8221; google_fonts=&#8221;font_family:Open%20Sans%3A300%2C300italic%2Cregular%2Citalic%2C600%2C600italic%2C700%2C700italic%2C800%2C800italic|font_style:400%20regular%3A400%3Anormal&#8221;][\/vc_column_inner][\/vc_row_inner][vc_column_text]Kompletny uk\u0142ad zasilania awaryjnego to poza niezawodnym agregatem pr\u0105dotw\u00f3rczym &#8211; sprawny, w\u0142a\u015bciwie dobrany i skonfigurowany uk\u0142ad prze\u0142\u0105czania rezerwy SZR[\/vc_column_text][vc_column_text]W zale\u017cno\u015bci od\u00a0 rodzaju paneli sterowania jaki posiada agregat pr\u0105dotw\u00f3rczy GETOR&#x2122; dost\u0119pne s\u0105 dwa typoszeregi uk\u0142ad\u00f3w SZR: Uk\u0142ady SZR typu ATS-E przeznaczone do wsp\u00f3\u0142pracy z agregatami wyposa\u017conymi w sterowniki typu [&hellip;]\" \/>\n<meta property=\"og:url\" content=\"https:\/\/epssystem.pl\/nowa-oferta\/agregaty-pradotworcze\/uklady-szr-samoczynego-zalaczania-rezerwy\/\" \/>\n<meta property=\"og:site_name\" content=\"EPS System\" \/>\n<meta property=\"article:modified_time\" content=\"2022-11-16T08:29:23+00:00\" \/>\n<meta name=\"twitter:card\" content=\"summary\" \/>\n<meta name=\"twitter:label1\" content=\"Est. reading time\" \/>\n\t<meta name=\"twitter:data1\" content=\"2 minutes\" \/>\n<script type=\"application\/ld+json\" class=\"yoast-schema-graph\">{\"@context\":\"https:\/\/schema.org\",\"@graph\":[{\"@type\":\"WebSite\",\"@id\":\"https:\/\/epssystem.pl\/#website\",\"url\":\"https:\/\/epssystem.pl\/\",\"name\":\"EPS System\",\"description\":\"Polski producent system\u00f3w zasilania gwarantowanego\",\"potentialAction\":[{\"@type\":\"SearchAction\",\"target\":{\"@type\":\"EntryPoint\",\"urlTemplate\":\"https:\/\/epssystem.pl\/?s={search_term_string}\"},\"query-input\":\"required name=search_term_string\"}],\"inLanguage\":\"uk\"},{\"@type\":\"WebPage\",\"@id\":\"https:\/\/epssystem.pl\/nowa-oferta\/agregaty-pradotworcze\/uklady-szr-samoczynego-zalaczania-rezerwy\/#webpage\",\"url\":\"https:\/\/epssystem.pl\/nowa-oferta\/agregaty-pradotworcze\/uklady-szr-samoczynego-zalaczania-rezerwy\/\",\"name\":\"Uk\u0142ady SZR (Samoczynnego Za\u0142\u0105czania Rezerwy) - EPS System\",\"isPartOf\":{\"@id\":\"https:\/\/epssystem.pl\/#website\"},\"datePublished\":\"2017-03-03T12:01:20+00:00\",\"dateModified\":\"2022-11-16T08:29:23+00:00\",\"breadcrumb\":{\"@id\":\"https:\/\/epssystem.pl\/nowa-oferta\/agregaty-pradotworcze\/uklady-szr-samoczynego-zalaczania-rezerwy\/#breadcrumb\"},\"inLanguage\":\"uk\",\"potentialAction\":[{\"@type\":\"ReadAction\",\"target\":[\"https:\/\/epssystem.pl\/nowa-oferta\/agregaty-pradotworcze\/uklady-szr-samoczynego-zalaczania-rezerwy\/\"]}]},{\"@type\":\"BreadcrumbList\",\"@id\":\"https:\/\/epssystem.pl\/nowa-oferta\/agregaty-pradotworcze\/uklady-szr-samoczynego-zalaczania-rezerwy\/#breadcrumb\",\"itemListElement\":[{\"@type\":\"ListItem\",\"position\":1,\"name\":\"Strona g\u0142\u00f3wna\",\"item\":\"https:\/\/epssystem.pl\/\"},{\"@type\":\"ListItem\",\"position\":2,\"name\":\"Oferta\",\"item\":\"https:\/\/epssystem.pl\/nowa-oferta\/\"},{\"@type\":\"ListItem\",\"position\":3,\"name\":\"Agregaty pr\u0105dotw\u00f3rcze\",\"item\":\"https:\/\/epssystem.pl\/nowa-oferta\/agregaty-pradotworcze\/\"},{\"@type\":\"ListItem\",\"position\":4,\"name\":\"Uk\u0142ady SZR (Samoczynnego Za\u0142\u0105czania Rezerwy)\"}]}]}<\/script>\n<!-- \/ Yoast SEO plugin. -->","yoast_head_json":{"title":"Uk\u0142ady SZR (Samoczynnego Za\u0142\u0105czania Rezerwy) - EPS System","robots":{"index":"index","follow":"follow","max-snippet":"max-snippet:-1","max-image-preview":"max-image-preview:large","max-video-preview":"max-video-preview:-1"},"canonical":"https:\/\/epssystem.pl\/nowa-oferta\/agregaty-pradotworcze\/uklady-szr-samoczynego-zalaczania-rezerwy\/","og_locale":"uk_UA","og_type":"article","og_title":"Uk\u0142ady SZR (Samoczynnego Za\u0142\u0105czania Rezerwy) - EPS System","og_description":"[vc_row type=&#8221;container&#8221;][vc_column][vc_row_inner][vc_column_inner][vc_custom_heading text=&#8221;Uk\u0142ady SZR (Samoczynego Za\u0142\u0105czania Rezerwy)&#8221; google_fonts=&#8221;font_family:Open%20Sans%3A300%2C300italic%2Cregular%2Citalic%2C600%2C600italic%2C700%2C700italic%2C800%2C800italic|font_style:400%20regular%3A400%3Anormal&#8221;][\/vc_column_inner][\/vc_row_inner][vc_column_text]Kompletny uk\u0142ad zasilania awaryjnego to poza niezawodnym agregatem pr\u0105dotw\u00f3rczym &#8211; sprawny, w\u0142a\u015bciwie dobrany i skonfigurowany uk\u0142ad prze\u0142\u0105czania rezerwy SZR[\/vc_column_text][vc_column_text]W zale\u017cno\u015bci od\u00a0 rodzaju paneli sterowania jaki posiada agregat pr\u0105dotw\u00f3rczy GETOR&#x2122; dost\u0119pne s\u0105 dwa typoszeregi uk\u0142ad\u00f3w SZR: Uk\u0142ady SZR typu ATS-E przeznaczone do wsp\u00f3\u0142pracy z agregatami wyposa\u017conymi w sterowniki typu [&hellip;]","og_url":"https:\/\/epssystem.pl\/nowa-oferta\/agregaty-pradotworcze\/uklady-szr-samoczynego-zalaczania-rezerwy\/","og_site_name":"EPS System","article_modified_time":"2022-11-16T08:29:23+00:00","twitter_card":"summary","twitter_misc":{"Est. reading time":"2 minutes"},"schema":{"@context":"https:\/\/schema.org","@graph":[{"@type":"WebSite","@id":"https:\/\/epssystem.pl\/#website","url":"https:\/\/epssystem.pl\/","name":"EPS System","description":"Polski producent system\u00f3w zasilania gwarantowanego","potentialAction":[{"@type":"SearchAction","target":{"@type":"EntryPoint","urlTemplate":"https:\/\/epssystem.pl\/?s={search_term_string}"},"query-input":"required name=search_term_string"}],"inLanguage":"uk"},{"@type":"WebPage","@id":"https:\/\/epssystem.pl\/nowa-oferta\/agregaty-pradotworcze\/uklady-szr-samoczynego-zalaczania-rezerwy\/#webpage","url":"https:\/\/epssystem.pl\/nowa-oferta\/agregaty-pradotworcze\/uklady-szr-samoczynego-zalaczania-rezerwy\/","name":"Uk\u0142ady SZR (Samoczynnego Za\u0142\u0105czania Rezerwy) - EPS System","isPartOf":{"@id":"https:\/\/epssystem.pl\/#website"},"datePublished":"2017-03-03T12:01:20+00:00","dateModified":"2022-11-16T08:29:23+00:00","breadcrumb":{"@id":"https:\/\/epssystem.pl\/nowa-oferta\/agregaty-pradotworcze\/uklady-szr-samoczynego-zalaczania-rezerwy\/#breadcrumb"},"inLanguage":"uk","potentialAction":[{"@type":"ReadAction","target":["https:\/\/epssystem.pl\/nowa-oferta\/agregaty-pradotworcze\/uklady-szr-samoczynego-zalaczania-rezerwy\/"]}]},{"@type":"BreadcrumbList","@id":"https:\/\/epssystem.pl\/nowa-oferta\/agregaty-pradotworcze\/uklady-szr-samoczynego-zalaczania-rezerwy\/#breadcrumb","itemListElement":[{"@type":"ListItem","position":1,"name":"Strona g\u0142\u00f3wna","item":"https:\/\/epssystem.pl\/"},{"@type":"ListItem","position":2,"name":"Oferta","item":"https:\/\/epssystem.pl\/nowa-oferta\/"},{"@type":"ListItem","position":3,"name":"Agregaty pr\u0105dotw\u00f3rcze","item":"https:\/\/epssystem.pl\/nowa-oferta\/agregaty-pradotworcze\/"},{"@type":"ListItem","position":4,"name":"Uk\u0142ady SZR (Samoczynnego Za\u0142\u0105czania Rezerwy)"}]}]}},"_links":{"self":[{"href":"https:\/\/epssystem.pl\/uk\/wp-json\/wp\/v2\/pages\/72657"}],"collection":[{"href":"https:\/\/epssystem.pl\/uk\/wp-json\/wp\/v2\/pages"}],"about":[{"href":"https:\/\/epssystem.pl\/uk\/wp-json\/wp\/v2\/types\/page"}],"author":[{"embeddable":true,"href":"https:\/\/epssystem.pl\/uk\/wp-json\/wp\/v2\/users\/3"}],"replies":[{"embeddable":true,"href":"https:\/\/epssystem.pl\/uk\/wp-json\/wp\/v2\/comments?post=72657"}],"version-history":[{"count":7,"href":"https:\/\/epssystem.pl\/uk\/wp-json\/wp\/v2\/pages\/72657\/revisions"}],"predecessor-version":[{"id":73980,"href":"https:\/\/epssystem.pl\/uk\/wp-json\/wp\/v2\/pages\/72657\/revisions\/73980"}],"up":[{"embeddable":true,"href":"https:\/\/epssystem.pl\/uk\/wp-json\/wp\/v2\/pages\/71053"}],"wp:attachment":[{"href":"https:\/\/epssystem.pl\/uk\/wp-json\/wp\/v2\/media?parent=72657"}],"curies":[{"name":"wp","href":"https:\/\/api.w.org\/{rel}","templated":true}]}}