{"id":72834,"date":"2018-03-13T12:28:37","date_gmt":"2018-03-13T12:28:37","guid":{"rendered":"https:\/\/epssystem.pl\/?page_id=72834"},"modified":"2020-11-20T07:49:17","modified_gmt":"2020-11-20T07:49:17","slug":"inzynier-elektryk-projektant","status":"publish","type":"page","link":"https:\/\/epssystem.pl\/uk\/o-firmie-eps-system\/kariera\/inzynier-elektryk-projektant\/","title":{"rendered":"IN\u017bYNIER &#8211; ELEKTRYK \/ PROJEKTANT"},"content":{"rendered":"<p><strong>Obowi\u0105zki:<\/strong><\/p>\n<p>\u2022 testowanie i uruchamianie rozwi\u0105za\u0144 technicznych w zakresie elektryki i elektroniki agregatu pr\u0105dotw\u00f3rczego<br \/>\u2022 \u015bcis\u0142a wsp\u00f3\u0142praca z dzia\u0142em konstrukcyjnym w zakresie prowadzonych rozwi\u0105za\u0144<br \/>\u2022 optymalizacja proces\u00f3w w zakresie projektowania, diagnostyki oraz monta\u017cu urz\u0105dze\u0144 produkowanych i sprzedawanych<br \/>\u2022 wsparcie techniczne produkcji przy wdra\u017caniu nowych rozwi\u0105za\u0144<br \/>\u2022 koordynowanie prac zespo\u0142u specjalist\u00f3w produkuj\u0105cych, testuj\u0105cych i uruchamiaj\u0105cych nowe produkty w przedsi\u0119biorstwie<br \/>\u2022 tworzenie instrukcji oraz dokumentacji technicznej<\/p>\n<p><strong>Oczekujemy:<\/strong><\/p>\n<p>\u2022 wykszta\u0142cenia technicznego z zakresu elektryki, elektroniki, automatyki lub mechatroniki<br \/>\u2022 do\u015bwiadczenia zawodowego w bran\u017cy produkcyjnej (preferowana motoryzacyjna, elektryczna)<br \/>\u2022 uprawnienia SEP do 1kV \/E i D\/<br \/>\u2022 bardzo dobrej znajomo\u015bci rysunku technicznego (czytanie schemat\u00f3w elektrycznych)<br \/>\u2022 samodzielnego, kooperatywnego i komunikatywnego stylu pracy<br \/>\u2022 gotowo\u015bci do ci\u0105g\u0142ego poszerzania wiedzy<br \/>\u2022 j\u0119zyk angielski techniczny b\u0119dzie dodatkowym atutem<br \/>\u2022 gotowo\u015bci do wyjazd\u00f3w krajowych i zagranicznych zwi\u0105zanych z rozruchem urz\u0105dze\u0144<\/p>\n<p><strong>Oferujemy:<\/strong><\/p>\n<p>\u2022 prac\u0119 w stabilnej firmie<br \/>\u2022 zatrudnienie w oparciu o umow\u0119 o prac\u0119<br \/>\u2022 atrakcyjne wynagrodzenie<br \/>\u2022 rozw\u00f3j zawodowy i podnoszenie kwalifikacji<\/p>\n","protected":false},"excerpt":{"rendered":"<p>Obowi\u0105zki: \u2022 testowanie i uruchamianie rozwi\u0105za\u0144 technicznych w zakresie elektryki i elektroniki agregatu pr\u0105dotw\u00f3rczego\u2022 \u015bcis\u0142a wsp\u00f3\u0142praca z dzia\u0142em konstrukcyjnym w zakresie prowadzonych rozwi\u0105za\u0144\u2022 optymalizacja proces\u00f3w w zakresie projektowania, diagnostyki oraz monta\u017cu urz\u0105dze\u0144 produkowanych i sprzedawanych\u2022 wsparcie techniczne produkcji przy wdra\u017caniu nowych rozwi\u0105za\u0144\u2022 koordynowanie prac zespo\u0142u specjalist\u00f3w produkuj\u0105cych, testuj\u0105cych i uruchamiaj\u0105cych nowe produkty w przedsi\u0119biorstwie\u2022 tworzenie [&hellip;]<\/p>\n","protected":false},"author":3,"featured_media":0,"parent":71328,"menu_order":0,"comment_status":"closed","ping_status":"closed","template":"","meta":[],"acf":[],"yoast_head":"<!-- This site is optimized with the Yoast SEO plugin v18.2 - https:\/\/yoast.com\/wordpress\/plugins\/seo\/ -->\n<title>IN\u017bYNIER - ELEKTRYK \/ PROJEKTANT - EPS System<\/title>\n<meta name=\"robots\" content=\"index, follow, max-snippet:-1, max-image-preview:large, max-video-preview:-1\" \/>\n<link rel=\"canonical\" href=\"https:\/\/epssystem.pl\/o-firmie-eps-system\/kariera\/inzynier-elektryk-projektant\/\" \/>\n<meta property=\"og:locale\" content=\"uk_UA\" \/>\n<meta property=\"og:type\" content=\"article\" \/>\n<meta property=\"og:title\" content=\"IN\u017bYNIER - ELEKTRYK \/ PROJEKTANT - EPS System\" \/>\n<meta property=\"og:description\" content=\"Obowi\u0105zki: \u2022 testowanie i uruchamianie rozwi\u0105za\u0144 technicznych w zakresie elektryki i elektroniki agregatu pr\u0105dotw\u00f3rczego\u2022 \u015bcis\u0142a wsp\u00f3\u0142praca z dzia\u0142em konstrukcyjnym w zakresie prowadzonych rozwi\u0105za\u0144\u2022 optymalizacja proces\u00f3w w zakresie projektowania, diagnostyki oraz monta\u017cu urz\u0105dze\u0144 produkowanych i sprzedawanych\u2022 wsparcie techniczne produkcji przy wdra\u017caniu nowych rozwi\u0105za\u0144\u2022 koordynowanie prac zespo\u0142u specjalist\u00f3w produkuj\u0105cych, testuj\u0105cych i uruchamiaj\u0105cych nowe produkty w przedsi\u0119biorstwie\u2022 tworzenie [&hellip;]\" \/>\n<meta property=\"og:url\" content=\"https:\/\/epssystem.pl\/o-firmie-eps-system\/kariera\/inzynier-elektryk-projektant\/\" \/>\n<meta property=\"og:site_name\" content=\"EPS System\" \/>\n<meta property=\"article:modified_time\" content=\"2020-11-20T07:49:17+00:00\" \/>\n<meta name=\"twitter:card\" content=\"summary\" \/>\n<meta name=\"twitter:label1\" content=\"Est. reading time\" \/>\n\t<meta name=\"twitter:data1\" content=\"1 minute\" \/>\n<script type=\"application\/ld+json\" class=\"yoast-schema-graph\">{\"@context\":\"https:\/\/schema.org\",\"@graph\":[{\"@type\":\"WebSite\",\"@id\":\"https:\/\/epssystem.pl\/#website\",\"url\":\"https:\/\/epssystem.pl\/\",\"name\":\"EPS System\",\"description\":\"Polski producent system\u00f3w zasilania gwarantowanego\",\"potentialAction\":[{\"@type\":\"SearchAction\",\"target\":{\"@type\":\"EntryPoint\",\"urlTemplate\":\"https:\/\/epssystem.pl\/?s={search_term_string}\"},\"query-input\":\"required name=search_term_string\"}],\"inLanguage\":\"uk\"},{\"@type\":\"WebPage\",\"@id\":\"https:\/\/epssystem.pl\/o-firmie-eps-system\/kariera\/inzynier-elektryk-projektant\/#webpage\",\"url\":\"https:\/\/epssystem.pl\/o-firmie-eps-system\/kariera\/inzynier-elektryk-projektant\/\",\"name\":\"IN\u017bYNIER - ELEKTRYK \/ PROJEKTANT - EPS System\",\"isPartOf\":{\"@id\":\"https:\/\/epssystem.pl\/#website\"},\"datePublished\":\"2018-03-13T12:28:37+00:00\",\"dateModified\":\"2020-11-20T07:49:17+00:00\",\"breadcrumb\":{\"@id\":\"https:\/\/epssystem.pl\/o-firmie-eps-system\/kariera\/inzynier-elektryk-projektant\/#breadcrumb\"},\"inLanguage\":\"uk\",\"potentialAction\":[{\"@type\":\"ReadAction\",\"target\":[\"https:\/\/epssystem.pl\/o-firmie-eps-system\/kariera\/inzynier-elektryk-projektant\/\"]}]},{\"@type\":\"BreadcrumbList\",\"@id\":\"https:\/\/epssystem.pl\/o-firmie-eps-system\/kariera\/inzynier-elektryk-projektant\/#breadcrumb\",\"itemListElement\":[{\"@type\":\"ListItem\",\"position\":1,\"name\":\"Strona g\u0142\u00f3wna\",\"item\":\"https:\/\/epssystem.pl\/\"},{\"@type\":\"ListItem\",\"position\":2,\"name\":\"O firmie\",\"item\":\"https:\/\/epssystem.pl\/o-firmie-eps-system\/\"},{\"@type\":\"ListItem\",\"position\":3,\"name\":\"Kariera\",\"item\":\"https:\/\/epssystem.pl\/o-firmie-eps-system\/kariera\/\"},{\"@type\":\"ListItem\",\"position\":4,\"name\":\"IN\u017bYNIER - ELEKTRYK \/ PROJEKTANT\"}]}]}<\/script>\n<!-- \/ Yoast SEO plugin. -->","yoast_head_json":{"title":"IN\u017bYNIER - ELEKTRYK \/ PROJEKTANT - EPS System","robots":{"index":"index","follow":"follow","max-snippet":"max-snippet:-1","max-image-preview":"max-image-preview:large","max-video-preview":"max-video-preview:-1"},"canonical":"https:\/\/epssystem.pl\/o-firmie-eps-system\/kariera\/inzynier-elektryk-projektant\/","og_locale":"uk_UA","og_type":"article","og_title":"IN\u017bYNIER - ELEKTRYK \/ PROJEKTANT - EPS System","og_description":"Obowi\u0105zki: \u2022 testowanie i uruchamianie rozwi\u0105za\u0144 technicznych w zakresie elektryki i elektroniki agregatu pr\u0105dotw\u00f3rczego\u2022 \u015bcis\u0142a wsp\u00f3\u0142praca z dzia\u0142em konstrukcyjnym w zakresie prowadzonych rozwi\u0105za\u0144\u2022 optymalizacja proces\u00f3w w zakresie projektowania, diagnostyki oraz monta\u017cu urz\u0105dze\u0144 produkowanych i sprzedawanych\u2022 wsparcie techniczne produkcji przy wdra\u017caniu nowych rozwi\u0105za\u0144\u2022 koordynowanie prac zespo\u0142u specjalist\u00f3w produkuj\u0105cych, testuj\u0105cych i uruchamiaj\u0105cych nowe produkty w przedsi\u0119biorstwie\u2022 tworzenie [&hellip;]","og_url":"https:\/\/epssystem.pl\/o-firmie-eps-system\/kariera\/inzynier-elektryk-projektant\/","og_site_name":"EPS System","article_modified_time":"2020-11-20T07:49:17+00:00","twitter_card":"summary","twitter_misc":{"Est. reading time":"1 minute"},"schema":{"@context":"https:\/\/schema.org","@graph":[{"@type":"WebSite","@id":"https:\/\/epssystem.pl\/#website","url":"https:\/\/epssystem.pl\/","name":"EPS System","description":"Polski producent system\u00f3w zasilania gwarantowanego","potentialAction":[{"@type":"SearchAction","target":{"@type":"EntryPoint","urlTemplate":"https:\/\/epssystem.pl\/?s={search_term_string}"},"query-input":"required name=search_term_string"}],"inLanguage":"uk"},{"@type":"WebPage","@id":"https:\/\/epssystem.pl\/o-firmie-eps-system\/kariera\/inzynier-elektryk-projektant\/#webpage","url":"https:\/\/epssystem.pl\/o-firmie-eps-system\/kariera\/inzynier-elektryk-projektant\/","name":"IN\u017bYNIER - ELEKTRYK \/ PROJEKTANT - EPS System","isPartOf":{"@id":"https:\/\/epssystem.pl\/#website"},"datePublished":"2018-03-13T12:28:37+00:00","dateModified":"2020-11-20T07:49:17+00:00","breadcrumb":{"@id":"https:\/\/epssystem.pl\/o-firmie-eps-system\/kariera\/inzynier-elektryk-projektant\/#breadcrumb"},"inLanguage":"uk","potentialAction":[{"@type":"ReadAction","target":["https:\/\/epssystem.pl\/o-firmie-eps-system\/kariera\/inzynier-elektryk-projektant\/"]}]},{"@type":"BreadcrumbList","@id":"https:\/\/epssystem.pl\/o-firmie-eps-system\/kariera\/inzynier-elektryk-projektant\/#breadcrumb","itemListElement":[{"@type":"ListItem","position":1,"name":"Strona g\u0142\u00f3wna","item":"https:\/\/epssystem.pl\/"},{"@type":"ListItem","position":2,"name":"O firmie","item":"https:\/\/epssystem.pl\/o-firmie-eps-system\/"},{"@type":"ListItem","position":3,"name":"Kariera","item":"https:\/\/epssystem.pl\/o-firmie-eps-system\/kariera\/"},{"@type":"ListItem","position":4,"name":"IN\u017bYNIER - ELEKTRYK \/ PROJEKTANT"}]}]}},"_links":{"self":[{"href":"https:\/\/epssystem.pl\/uk\/wp-json\/wp\/v2\/pages\/72834"}],"collection":[{"href":"https:\/\/epssystem.pl\/uk\/wp-json\/wp\/v2\/pages"}],"about":[{"href":"https:\/\/epssystem.pl\/uk\/wp-json\/wp\/v2\/types\/page"}],"author":[{"embeddable":true,"href":"https:\/\/epssystem.pl\/uk\/wp-json\/wp\/v2\/users\/3"}],"replies":[{"embeddable":true,"href":"https:\/\/epssystem.pl\/uk\/wp-json\/wp\/v2\/comments?post=72834"}],"version-history":[{"count":1,"href":"https:\/\/epssystem.pl\/uk\/wp-json\/wp\/v2\/pages\/72834\/revisions"}],"predecessor-version":[{"id":73507,"href":"https:\/\/epssystem.pl\/uk\/wp-json\/wp\/v2\/pages\/72834\/revisions\/73507"}],"up":[{"embeddable":true,"href":"https:\/\/epssystem.pl\/uk\/wp-json\/wp\/v2\/pages\/71328"}],"wp:attachment":[{"href":"https:\/\/epssystem.pl\/uk\/wp-json\/wp\/v2\/media?parent=72834"}],"curies":[{"name":"wp","href":"https:\/\/api.w.org\/{rel}","templated":true}]}}