{"id":72836,"date":"2018-03-13T12:31:29","date_gmt":"2018-03-13T12:31:29","guid":{"rendered":"https:\/\/epssystem.pl\/?page_id=72836"},"modified":"2020-11-20T07:54:58","modified_gmt":"2020-11-20T07:54:58","slug":"serwisant-elektronik-oraz-elektryk","status":"publish","type":"page","link":"https:\/\/epssystem.pl\/uk\/o-firmie-eps-system\/kariera\/serwisant-elektronik-oraz-elektryk\/","title":{"rendered":"MECHANIK MASZYN I URZ\u0104DZE\u0143"},"content":{"rendered":"<p><strong>Obowi\u0105zki:<\/strong><\/p>\n<p>\u2022 przegl\u0105d i serwis UPS, baterii akumulator\u00f3w, agregat\u00f3w pr\u0105dotw\u00f3rczych<br \/>\u2022 naprawa u zamawiaj\u0105cego i na terenie firmy sprz\u0119tu serwisowanego<br \/>\u2022 rozruch i monta\u017c produkt\u00f3w produkowanych i sprzedawanych<br \/>\u2022 modernizacja osprz\u0119tu i modu\u0142\u00f3w uk\u0142ad\u00f3w elektroniki<br \/>\u2022 wykonywanie pomiar\u00f3w i okre\u015blanie potrzeb klienta przez wizje na obiektach<\/p>\n<p><strong>Oczekujemy:<\/strong><\/p>\n<p>\u2022 wykszta\u0142cenia technicznego z zakresu elektryki, elektroniki, automatyki<br \/>\u2022 uprawnienia SEP do 1kV \/E i D\/<br \/>\u2022 wiedze z zakresu energoelektroniki, instalacji elektrycznych, zabezpiecze\u0144<br \/>\u2022 umiej\u0119tno\u015b\u0107 pos\u0142ugiwania si\u0119 dokumentacj\u0105 techniczn\u0105<br \/>\u2022 samodzielnego i komunikatywnego stylu pracy<br \/>\u2022 gotowo\u015bci do ci\u0105g\u0142ego poszerzania wiedzy<br \/>\u2022 umiej\u0119tno\u015bci pos\u0142ugiwania si\u0119 narz\u0119dziami do pomiar\u00f3w wielko\u015bci elektrycznych<br \/>\u2022 do\u015bwiadczenie pracy w brygadach monta\u017cowych na budowach<\/p>\n<p><strong>Oferujemy:<\/strong><\/p>\n<p>\u2022 prac\u0119 stabilnej firmie<br \/>\u2022 zatrudnienie w oparciu o umow\u0119 o prac\u0119<br \/>\u2022 atrakcyjne wynagrodzenie<br \/>\u2022 rozw\u00f3j zawodowy i podnoszenie kwalifikacji<br \/>\u2022 niezb\u0119dne narz\u0119dzia pracy<\/p>\n","protected":false},"excerpt":{"rendered":"<p>Obowi\u0105zki: \u2022 przegl\u0105d i serwis UPS, baterii akumulator\u00f3w, agregat\u00f3w pr\u0105dotw\u00f3rczych\u2022 naprawa u zamawiaj\u0105cego i na terenie firmy sprz\u0119tu serwisowanego\u2022 rozruch i monta\u017c produkt\u00f3w produkowanych i sprzedawanych\u2022 modernizacja osprz\u0119tu i modu\u0142\u00f3w uk\u0142ad\u00f3w elektroniki\u2022 wykonywanie pomiar\u00f3w i okre\u015blanie potrzeb klienta przez wizje na obiektach Oczekujemy: \u2022 wykszta\u0142cenia technicznego z zakresu elektryki, elektroniki, automatyki\u2022 uprawnienia SEP do 1kV [&hellip;]<\/p>\n","protected":false},"author":3,"featured_media":0,"parent":71328,"menu_order":0,"comment_status":"closed","ping_status":"closed","template":"","meta":[],"acf":[],"yoast_head":"<!-- This site is optimized with the Yoast SEO plugin v18.2 - https:\/\/yoast.com\/wordpress\/plugins\/seo\/ -->\n<title>MECHANIK MASZYN I URZ\u0104DZE\u0143 - EPS System<\/title>\n<meta name=\"robots\" content=\"index, follow, max-snippet:-1, max-image-preview:large, max-video-preview:-1\" \/>\n<link rel=\"canonical\" href=\"https:\/\/epssystem.pl\/o-firmie-eps-system\/kariera\/serwisant-elektronik-oraz-elektryk\/\" \/>\n<meta property=\"og:locale\" content=\"uk_UA\" \/>\n<meta property=\"og:type\" content=\"article\" \/>\n<meta property=\"og:title\" content=\"MECHANIK MASZYN I URZ\u0104DZE\u0143 - EPS System\" \/>\n<meta property=\"og:description\" content=\"Obowi\u0105zki: \u2022 przegl\u0105d i serwis UPS, baterii akumulator\u00f3w, agregat\u00f3w pr\u0105dotw\u00f3rczych\u2022 naprawa u zamawiaj\u0105cego i na terenie firmy sprz\u0119tu serwisowanego\u2022 rozruch i monta\u017c produkt\u00f3w produkowanych i sprzedawanych\u2022 modernizacja osprz\u0119tu i modu\u0142\u00f3w uk\u0142ad\u00f3w elektroniki\u2022 wykonywanie pomiar\u00f3w i okre\u015blanie potrzeb klienta przez wizje na obiektach Oczekujemy: \u2022 wykszta\u0142cenia technicznego z zakresu elektryki, elektroniki, automatyki\u2022 uprawnienia SEP do 1kV [&hellip;]\" \/>\n<meta property=\"og:url\" content=\"https:\/\/epssystem.pl\/o-firmie-eps-system\/kariera\/serwisant-elektronik-oraz-elektryk\/\" \/>\n<meta property=\"og:site_name\" content=\"EPS System\" \/>\n<meta property=\"article:modified_time\" content=\"2020-11-20T07:54:58+00:00\" \/>\n<meta name=\"twitter:card\" content=\"summary\" \/>\n<meta name=\"twitter:label1\" content=\"Est. reading time\" \/>\n\t<meta name=\"twitter:data1\" content=\"1 minute\" \/>\n<script type=\"application\/ld+json\" class=\"yoast-schema-graph\">{\"@context\":\"https:\/\/schema.org\",\"@graph\":[{\"@type\":\"WebSite\",\"@id\":\"https:\/\/epssystem.pl\/#website\",\"url\":\"https:\/\/epssystem.pl\/\",\"name\":\"EPS System\",\"description\":\"Polski producent system\u00f3w zasilania gwarantowanego\",\"potentialAction\":[{\"@type\":\"SearchAction\",\"target\":{\"@type\":\"EntryPoint\",\"urlTemplate\":\"https:\/\/epssystem.pl\/?s={search_term_string}\"},\"query-input\":\"required name=search_term_string\"}],\"inLanguage\":\"uk\"},{\"@type\":\"WebPage\",\"@id\":\"https:\/\/epssystem.pl\/o-firmie-eps-system\/kariera\/serwisant-elektronik-oraz-elektryk\/#webpage\",\"url\":\"https:\/\/epssystem.pl\/o-firmie-eps-system\/kariera\/serwisant-elektronik-oraz-elektryk\/\",\"name\":\"MECHANIK MASZYN I URZ\u0104DZE\u0143 - EPS System\",\"isPartOf\":{\"@id\":\"https:\/\/epssystem.pl\/#website\"},\"datePublished\":\"2018-03-13T12:31:29+00:00\",\"dateModified\":\"2020-11-20T07:54:58+00:00\",\"breadcrumb\":{\"@id\":\"https:\/\/epssystem.pl\/o-firmie-eps-system\/kariera\/serwisant-elektronik-oraz-elektryk\/#breadcrumb\"},\"inLanguage\":\"uk\",\"potentialAction\":[{\"@type\":\"ReadAction\",\"target\":[\"https:\/\/epssystem.pl\/o-firmie-eps-system\/kariera\/serwisant-elektronik-oraz-elektryk\/\"]}]},{\"@type\":\"BreadcrumbList\",\"@id\":\"https:\/\/epssystem.pl\/o-firmie-eps-system\/kariera\/serwisant-elektronik-oraz-elektryk\/#breadcrumb\",\"itemListElement\":[{\"@type\":\"ListItem\",\"position\":1,\"name\":\"Strona g\u0142\u00f3wna\",\"item\":\"https:\/\/epssystem.pl\/\"},{\"@type\":\"ListItem\",\"position\":2,\"name\":\"O firmie\",\"item\":\"https:\/\/epssystem.pl\/o-firmie-eps-system\/\"},{\"@type\":\"ListItem\",\"position\":3,\"name\":\"Kariera\",\"item\":\"https:\/\/epssystem.pl\/o-firmie-eps-system\/kariera\/\"},{\"@type\":\"ListItem\",\"position\":4,\"name\":\"MECHANIK MASZYN I URZ\u0104DZE\u0143\"}]}]}<\/script>\n<!-- \/ Yoast SEO plugin. -->","yoast_head_json":{"title":"MECHANIK MASZYN I URZ\u0104DZE\u0143 - EPS System","robots":{"index":"index","follow":"follow","max-snippet":"max-snippet:-1","max-image-preview":"max-image-preview:large","max-video-preview":"max-video-preview:-1"},"canonical":"https:\/\/epssystem.pl\/o-firmie-eps-system\/kariera\/serwisant-elektronik-oraz-elektryk\/","og_locale":"uk_UA","og_type":"article","og_title":"MECHANIK MASZYN I URZ\u0104DZE\u0143 - EPS System","og_description":"Obowi\u0105zki: \u2022 przegl\u0105d i serwis UPS, baterii akumulator\u00f3w, agregat\u00f3w pr\u0105dotw\u00f3rczych\u2022 naprawa u zamawiaj\u0105cego i na terenie firmy sprz\u0119tu serwisowanego\u2022 rozruch i monta\u017c produkt\u00f3w produkowanych i sprzedawanych\u2022 modernizacja osprz\u0119tu i modu\u0142\u00f3w uk\u0142ad\u00f3w elektroniki\u2022 wykonywanie pomiar\u00f3w i okre\u015blanie potrzeb klienta przez wizje na obiektach Oczekujemy: \u2022 wykszta\u0142cenia technicznego z zakresu elektryki, elektroniki, automatyki\u2022 uprawnienia SEP do 1kV [&hellip;]","og_url":"https:\/\/epssystem.pl\/o-firmie-eps-system\/kariera\/serwisant-elektronik-oraz-elektryk\/","og_site_name":"EPS System","article_modified_time":"2020-11-20T07:54:58+00:00","twitter_card":"summary","twitter_misc":{"Est. reading time":"1 minute"},"schema":{"@context":"https:\/\/schema.org","@graph":[{"@type":"WebSite","@id":"https:\/\/epssystem.pl\/#website","url":"https:\/\/epssystem.pl\/","name":"EPS System","description":"Polski producent system\u00f3w zasilania gwarantowanego","potentialAction":[{"@type":"SearchAction","target":{"@type":"EntryPoint","urlTemplate":"https:\/\/epssystem.pl\/?s={search_term_string}"},"query-input":"required name=search_term_string"}],"inLanguage":"uk"},{"@type":"WebPage","@id":"https:\/\/epssystem.pl\/o-firmie-eps-system\/kariera\/serwisant-elektronik-oraz-elektryk\/#webpage","url":"https:\/\/epssystem.pl\/o-firmie-eps-system\/kariera\/serwisant-elektronik-oraz-elektryk\/","name":"MECHANIK MASZYN I URZ\u0104DZE\u0143 - EPS System","isPartOf":{"@id":"https:\/\/epssystem.pl\/#website"},"datePublished":"2018-03-13T12:31:29+00:00","dateModified":"2020-11-20T07:54:58+00:00","breadcrumb":{"@id":"https:\/\/epssystem.pl\/o-firmie-eps-system\/kariera\/serwisant-elektronik-oraz-elektryk\/#breadcrumb"},"inLanguage":"uk","potentialAction":[{"@type":"ReadAction","target":["https:\/\/epssystem.pl\/o-firmie-eps-system\/kariera\/serwisant-elektronik-oraz-elektryk\/"]}]},{"@type":"BreadcrumbList","@id":"https:\/\/epssystem.pl\/o-firmie-eps-system\/kariera\/serwisant-elektronik-oraz-elektryk\/#breadcrumb","itemListElement":[{"@type":"ListItem","position":1,"name":"Strona g\u0142\u00f3wna","item":"https:\/\/epssystem.pl\/"},{"@type":"ListItem","position":2,"name":"O firmie","item":"https:\/\/epssystem.pl\/o-firmie-eps-system\/"},{"@type":"ListItem","position":3,"name":"Kariera","item":"https:\/\/epssystem.pl\/o-firmie-eps-system\/kariera\/"},{"@type":"ListItem","position":4,"name":"MECHANIK MASZYN I URZ\u0104DZE\u0143"}]}]}},"_links":{"self":[{"href":"https:\/\/epssystem.pl\/uk\/wp-json\/wp\/v2\/pages\/72836"}],"collection":[{"href":"https:\/\/epssystem.pl\/uk\/wp-json\/wp\/v2\/pages"}],"about":[{"href":"https:\/\/epssystem.pl\/uk\/wp-json\/wp\/v2\/types\/page"}],"author":[{"embeddable":true,"href":"https:\/\/epssystem.pl\/uk\/wp-json\/wp\/v2\/users\/3"}],"replies":[{"embeddable":true,"href":"https:\/\/epssystem.pl\/uk\/wp-json\/wp\/v2\/comments?post=72836"}],"version-history":[{"count":4,"href":"https:\/\/epssystem.pl\/uk\/wp-json\/wp\/v2\/pages\/72836\/revisions"}],"predecessor-version":[{"id":73511,"href":"https:\/\/epssystem.pl\/uk\/wp-json\/wp\/v2\/pages\/72836\/revisions\/73511"}],"up":[{"embeddable":true,"href":"https:\/\/epssystem.pl\/uk\/wp-json\/wp\/v2\/pages\/71328"}],"wp:attachment":[{"href":"https:\/\/epssystem.pl\/uk\/wp-json\/wp\/v2\/media?parent=72836"}],"curies":[{"name":"wp","href":"https:\/\/api.w.org\/{rel}","templated":true}]}}