{"id":72854,"date":"2018-03-13T13:15:59","date_gmt":"2018-03-13T13:15:59","guid":{"rendered":"https:\/\/epssystem.pl\/?page_id=72854"},"modified":"2020-11-20T07:42:05","modified_gmt":"2020-11-20T07:42:05","slug":"inzynier-sprzedazy","status":"publish","type":"page","link":"https:\/\/epssystem.pl\/uk\/o-firmie-eps-system\/kariera\/inzynier-sprzedazy\/","title":{"rendered":"IN\u017bYNIER SPRZEDA\u017bY"},"content":{"rendered":"<p><span style=\"text-decoration: underline;\">Miejsce Pracy Trzebinia \/ Ma\u0142opolska<\/span><\/p>\n<p><strong>Obowi\u0105zki:<\/strong><\/p>\n<p>\u2022 aktywna sprzeda\u017c urz\u0105dze\u0144 i rozwi\u0105za\u0144 zasilania awaryjnego (agregaty pr\u0105dotw\u00f3rcze, zasilacze UPS)<br \/>\u2022 utrzymywanie i budowanie relacji z klientami<br \/>\u2022 pozyskiwanie nowych klient\u00f3w<br \/>\u2022 wsp\u00f3\u0142praca z biurami projektowymi, inwestorami i firmami wykonawczymi<br \/>\u2022 prowadzanie negocjacji handlowych<\/p>\n<p><strong>Oczekujemy:<\/strong><\/p>\n<p>\u2022 wykszta\u0142cenie minimum \u015brednie o profilu elektrycznym<br \/>\u2022 do\u015bwiadczenie w sprzeda\u017cy produkt\u00f3w lub us\u0142ug technicznych<br \/>\u2022 znajomo\u015b\u0107 zagadnie\u0144 zwi\u0105zanych z zasilaniem awaryjnym b\u0119dzie dodatkowym atutem<br \/>\u2022 samodzielno\u015b\u0107 i dobra organizacja pracy<br \/>\u2022 determinacja w dzia\u0142aniu i orientacja na wynik<br \/>\u2022 wysoko rozwini\u0119te umiej\u0119tno\u015bci interpersonalne<br \/>\u2022 gotowo\u015b\u0107 do odbywania podr\u00f3\u017cy s\u0142u\u017cbowych<br \/>\u2022 dobra znajomo\u015b\u0107 obs\u0142ugi komputera<br \/>\u2022 prawo jazdy kat. B<br \/>\u2022 znajomo\u015b\u0107 j\u0119zyka angielskiego b\u0119dzie dodatkowym atutem<\/p>\n<p><strong>Oferujemy:<\/strong><\/p>\n<p>\u2022 prac\u0119 w firmie o ugruntowanej pozycji na rynku i wysokiej dynamice rozwoju<br \/>\u2022 prac\u0119 w dynamicznym zespole zorientowanym na sukces<br \/>\u2022 mi\u0142\u0105 atmosfer\u0119 pracy<br \/>\u2022 niezb\u0119dne narz\u0119dzia pracy oraz wsparcie merytoryczne<br \/>\u2022 atrakcyjne wynagrodzenie uzale\u017cnione od wynik\u00f3w<\/p>\n","protected":false},"excerpt":{"rendered":"<p>Miejsce Pracy Trzebinia \/ Ma\u0142opolska Obowi\u0105zki: \u2022 aktywna sprzeda\u017c urz\u0105dze\u0144 i rozwi\u0105za\u0144 zasilania awaryjnego (agregaty pr\u0105dotw\u00f3rcze, zasilacze UPS)\u2022 utrzymywanie i budowanie relacji z klientami\u2022 pozyskiwanie nowych klient\u00f3w\u2022 wsp\u00f3\u0142praca z biurami projektowymi, inwestorami i firmami wykonawczymi\u2022 prowadzanie negocjacji handlowych Oczekujemy: \u2022 wykszta\u0142cenie minimum \u015brednie o profilu elektrycznym\u2022 do\u015bwiadczenie w sprzeda\u017cy produkt\u00f3w lub us\u0142ug technicznych\u2022 znajomo\u015b\u0107 zagadnie\u0144 [&hellip;]<\/p>\n","protected":false},"author":3,"featured_media":0,"parent":71328,"menu_order":0,"comment_status":"closed","ping_status":"closed","template":"","meta":[],"acf":[],"yoast_head":"<!-- This site is optimized with the Yoast SEO plugin v18.2 - https:\/\/yoast.com\/wordpress\/plugins\/seo\/ -->\n<title>IN\u017bYNIER SPRZEDA\u017bY - EPS System<\/title>\n<meta name=\"robots\" content=\"index, follow, max-snippet:-1, max-image-preview:large, max-video-preview:-1\" \/>\n<link rel=\"canonical\" href=\"https:\/\/epssystem.pl\/o-firmie-eps-system\/kariera\/inzynier-sprzedazy\/\" \/>\n<meta property=\"og:locale\" content=\"uk_UA\" \/>\n<meta property=\"og:type\" content=\"article\" \/>\n<meta property=\"og:title\" content=\"IN\u017bYNIER SPRZEDA\u017bY - EPS System\" \/>\n<meta property=\"og:description\" content=\"Miejsce Pracy Trzebinia \/ Ma\u0142opolska Obowi\u0105zki: \u2022 aktywna sprzeda\u017c urz\u0105dze\u0144 i rozwi\u0105za\u0144 zasilania awaryjnego (agregaty pr\u0105dotw\u00f3rcze, zasilacze UPS)\u2022 utrzymywanie i budowanie relacji z klientami\u2022 pozyskiwanie nowych klient\u00f3w\u2022 wsp\u00f3\u0142praca z biurami projektowymi, inwestorami i firmami wykonawczymi\u2022 prowadzanie negocjacji handlowych Oczekujemy: \u2022 wykszta\u0142cenie minimum \u015brednie o profilu elektrycznym\u2022 do\u015bwiadczenie w sprzeda\u017cy produkt\u00f3w lub us\u0142ug technicznych\u2022 znajomo\u015b\u0107 zagadnie\u0144 [&hellip;]\" \/>\n<meta property=\"og:url\" content=\"https:\/\/epssystem.pl\/o-firmie-eps-system\/kariera\/inzynier-sprzedazy\/\" \/>\n<meta property=\"og:site_name\" content=\"EPS System\" \/>\n<meta property=\"article:modified_time\" content=\"2020-11-20T07:42:05+00:00\" \/>\n<meta name=\"twitter:card\" content=\"summary\" \/>\n<meta name=\"twitter:label1\" content=\"Est. reading time\" \/>\n\t<meta name=\"twitter:data1\" content=\"1 minute\" \/>\n<script type=\"application\/ld+json\" class=\"yoast-schema-graph\">{\"@context\":\"https:\/\/schema.org\",\"@graph\":[{\"@type\":\"WebSite\",\"@id\":\"https:\/\/epssystem.pl\/#website\",\"url\":\"https:\/\/epssystem.pl\/\",\"name\":\"EPS System\",\"description\":\"Polski producent system\u00f3w zasilania gwarantowanego\",\"potentialAction\":[{\"@type\":\"SearchAction\",\"target\":{\"@type\":\"EntryPoint\",\"urlTemplate\":\"https:\/\/epssystem.pl\/?s={search_term_string}\"},\"query-input\":\"required name=search_term_string\"}],\"inLanguage\":\"uk\"},{\"@type\":\"WebPage\",\"@id\":\"https:\/\/epssystem.pl\/o-firmie-eps-system\/kariera\/inzynier-sprzedazy\/#webpage\",\"url\":\"https:\/\/epssystem.pl\/o-firmie-eps-system\/kariera\/inzynier-sprzedazy\/\",\"name\":\"IN\u017bYNIER SPRZEDA\u017bY - EPS System\",\"isPartOf\":{\"@id\":\"https:\/\/epssystem.pl\/#website\"},\"datePublished\":\"2018-03-13T13:15:59+00:00\",\"dateModified\":\"2020-11-20T07:42:05+00:00\",\"breadcrumb\":{\"@id\":\"https:\/\/epssystem.pl\/o-firmie-eps-system\/kariera\/inzynier-sprzedazy\/#breadcrumb\"},\"inLanguage\":\"uk\",\"potentialAction\":[{\"@type\":\"ReadAction\",\"target\":[\"https:\/\/epssystem.pl\/o-firmie-eps-system\/kariera\/inzynier-sprzedazy\/\"]}]},{\"@type\":\"BreadcrumbList\",\"@id\":\"https:\/\/epssystem.pl\/o-firmie-eps-system\/kariera\/inzynier-sprzedazy\/#breadcrumb\",\"itemListElement\":[{\"@type\":\"ListItem\",\"position\":1,\"name\":\"Strona g\u0142\u00f3wna\",\"item\":\"https:\/\/epssystem.pl\/\"},{\"@type\":\"ListItem\",\"position\":2,\"name\":\"O firmie\",\"item\":\"https:\/\/epssystem.pl\/o-firmie-eps-system\/\"},{\"@type\":\"ListItem\",\"position\":3,\"name\":\"Kariera\",\"item\":\"https:\/\/epssystem.pl\/o-firmie-eps-system\/kariera\/\"},{\"@type\":\"ListItem\",\"position\":4,\"name\":\"IN\u017bYNIER SPRZEDA\u017bY\"}]}]}<\/script>\n<!-- \/ Yoast SEO plugin. -->","yoast_head_json":{"title":"IN\u017bYNIER SPRZEDA\u017bY - EPS System","robots":{"index":"index","follow":"follow","max-snippet":"max-snippet:-1","max-image-preview":"max-image-preview:large","max-video-preview":"max-video-preview:-1"},"canonical":"https:\/\/epssystem.pl\/o-firmie-eps-system\/kariera\/inzynier-sprzedazy\/","og_locale":"uk_UA","og_type":"article","og_title":"IN\u017bYNIER SPRZEDA\u017bY - EPS System","og_description":"Miejsce Pracy Trzebinia \/ Ma\u0142opolska Obowi\u0105zki: \u2022 aktywna sprzeda\u017c urz\u0105dze\u0144 i rozwi\u0105za\u0144 zasilania awaryjnego (agregaty pr\u0105dotw\u00f3rcze, zasilacze UPS)\u2022 utrzymywanie i budowanie relacji z klientami\u2022 pozyskiwanie nowych klient\u00f3w\u2022 wsp\u00f3\u0142praca z biurami projektowymi, inwestorami i firmami wykonawczymi\u2022 prowadzanie negocjacji handlowych Oczekujemy: \u2022 wykszta\u0142cenie minimum \u015brednie o profilu elektrycznym\u2022 do\u015bwiadczenie w sprzeda\u017cy produkt\u00f3w lub us\u0142ug technicznych\u2022 znajomo\u015b\u0107 zagadnie\u0144 [&hellip;]","og_url":"https:\/\/epssystem.pl\/o-firmie-eps-system\/kariera\/inzynier-sprzedazy\/","og_site_name":"EPS System","article_modified_time":"2020-11-20T07:42:05+00:00","twitter_card":"summary","twitter_misc":{"Est. reading time":"1 minute"},"schema":{"@context":"https:\/\/schema.org","@graph":[{"@type":"WebSite","@id":"https:\/\/epssystem.pl\/#website","url":"https:\/\/epssystem.pl\/","name":"EPS System","description":"Polski producent system\u00f3w zasilania gwarantowanego","potentialAction":[{"@type":"SearchAction","target":{"@type":"EntryPoint","urlTemplate":"https:\/\/epssystem.pl\/?s={search_term_string}"},"query-input":"required name=search_term_string"}],"inLanguage":"uk"},{"@type":"WebPage","@id":"https:\/\/epssystem.pl\/o-firmie-eps-system\/kariera\/inzynier-sprzedazy\/#webpage","url":"https:\/\/epssystem.pl\/o-firmie-eps-system\/kariera\/inzynier-sprzedazy\/","name":"IN\u017bYNIER SPRZEDA\u017bY - EPS System","isPartOf":{"@id":"https:\/\/epssystem.pl\/#website"},"datePublished":"2018-03-13T13:15:59+00:00","dateModified":"2020-11-20T07:42:05+00:00","breadcrumb":{"@id":"https:\/\/epssystem.pl\/o-firmie-eps-system\/kariera\/inzynier-sprzedazy\/#breadcrumb"},"inLanguage":"uk","potentialAction":[{"@type":"ReadAction","target":["https:\/\/epssystem.pl\/o-firmie-eps-system\/kariera\/inzynier-sprzedazy\/"]}]},{"@type":"BreadcrumbList","@id":"https:\/\/epssystem.pl\/o-firmie-eps-system\/kariera\/inzynier-sprzedazy\/#breadcrumb","itemListElement":[{"@type":"ListItem","position":1,"name":"Strona g\u0142\u00f3wna","item":"https:\/\/epssystem.pl\/"},{"@type":"ListItem","position":2,"name":"O firmie","item":"https:\/\/epssystem.pl\/o-firmie-eps-system\/"},{"@type":"ListItem","position":3,"name":"Kariera","item":"https:\/\/epssystem.pl\/o-firmie-eps-system\/kariera\/"},{"@type":"ListItem","position":4,"name":"IN\u017bYNIER SPRZEDA\u017bY"}]}]}},"_links":{"self":[{"href":"https:\/\/epssystem.pl\/uk\/wp-json\/wp\/v2\/pages\/72854"}],"collection":[{"href":"https:\/\/epssystem.pl\/uk\/wp-json\/wp\/v2\/pages"}],"about":[{"href":"https:\/\/epssystem.pl\/uk\/wp-json\/wp\/v2\/types\/page"}],"author":[{"embeddable":true,"href":"https:\/\/epssystem.pl\/uk\/wp-json\/wp\/v2\/users\/3"}],"replies":[{"embeddable":true,"href":"https:\/\/epssystem.pl\/uk\/wp-json\/wp\/v2\/comments?post=72854"}],"version-history":[{"count":4,"href":"https:\/\/epssystem.pl\/uk\/wp-json\/wp\/v2\/pages\/72854\/revisions"}],"predecessor-version":[{"id":73505,"href":"https:\/\/epssystem.pl\/uk\/wp-json\/wp\/v2\/pages\/72854\/revisions\/73505"}],"up":[{"embeddable":true,"href":"https:\/\/epssystem.pl\/uk\/wp-json\/wp\/v2\/pages\/71328"}],"wp:attachment":[{"href":"https:\/\/epssystem.pl\/uk\/wp-json\/wp\/v2\/media?parent=72854"}],"curies":[{"name":"wp","href":"https:\/\/api.w.org\/{rel}","templated":true}]}}