{"id":72856,"date":"2018-03-13T13:18:11","date_gmt":"2018-03-13T13:18:11","guid":{"rendered":"https:\/\/epssystem.pl\/?page_id=72856"},"modified":"2020-11-20T07:43:54","modified_gmt":"2020-11-20T07:43:54","slug":"konstruktor-mechanik","status":"publish","type":"page","link":"https:\/\/epssystem.pl\/uk\/o-firmie-eps-system\/kariera\/konstruktor-mechanik\/","title":{"rendered":"KONSTRUKTOR &#8211; MECHANIK"},"content":{"rendered":"<p><strong>Obowi\u0105zki:<\/strong><\/p>\n<p>\u2022 projektowanie nowych wyrob\u00f3w<br \/>\u2022 przygotowanie dokumentacji aktualnie produkowanych wyrob\u00f3w<br \/>\u2022 poszukiwanie nowych rozwi\u0105za\u0144 konstrukcyjnych i technologicznych pozwalaj\u0105cych na obni\u017cenie koszt\u00f3w produkcji oraz podwy\u017cszenie jako\u015bci<br \/>\u2022 wsparcie dzia\u0142u handlowego w zakresie spe\u0142nienia wymaga\u0144 technicznych<\/p>\n<p><strong>Oczekujemy:<\/strong><\/p>\n<p>\u2022 wykszta\u0142cenia wy\u017cszego technicznego kierunek mechanika i budowa maszyn<br \/>\u2022 umiej\u0119tno\u015bci obs\u0142ugi pakietu SolidWorks (arkusze blach, konstrukcje spawane)<br \/>\u2022 umiej\u0119tno\u015bci przygotowania rysunk\u00f3w technicznych<br \/>\u2022 znajomo\u015b\u0107 pakietu office<br \/>\u2022 znajomo\u015bci zagadnie\u0144 zwi\u0105zanych z silnikami spalinowymi, pr\u0105dnicami<br \/>\u2022 umiej\u0119tno\u015bci pracy w grupie<br \/>\u2022 j\u0119zyk angielski techniczny<\/p>\n<p><strong>Oferujemy:<\/strong><\/p>\n<p>\u2022 prac\u0119 w stabilnej firmie<br \/>\u2022 udzia\u0142 w ciekawych projektach<br \/>\u2022 prac\u0119 w zespole zaanga\u017cowanych projektant\u00f3w<br \/>\u2022 zatrudnienie w oparciu o umow\u0119 o prac\u0119<br \/>\u2022 atrakcyjne wynagrodzenie<br \/>\u2022 rozw\u00f3j zawodowy i podnoszenie kwalifikacji<\/p>\n","protected":false},"excerpt":{"rendered":"<p>Obowi\u0105zki: \u2022 projektowanie nowych wyrob\u00f3w\u2022 przygotowanie dokumentacji aktualnie produkowanych wyrob\u00f3w\u2022 poszukiwanie nowych rozwi\u0105za\u0144 konstrukcyjnych i technologicznych pozwalaj\u0105cych na obni\u017cenie koszt\u00f3w produkcji oraz podwy\u017cszenie jako\u015bci\u2022 wsparcie dzia\u0142u handlowego w zakresie spe\u0142nienia wymaga\u0144 technicznych Oczekujemy: \u2022 wykszta\u0142cenia wy\u017cszego technicznego kierunek mechanika i budowa maszyn\u2022 umiej\u0119tno\u015bci obs\u0142ugi pakietu SolidWorks (arkusze blach, konstrukcje spawane)\u2022 umiej\u0119tno\u015bci przygotowania rysunk\u00f3w technicznych\u2022 znajomo\u015b\u0107 [&hellip;]<\/p>\n","protected":false},"author":3,"featured_media":0,"parent":71328,"menu_order":0,"comment_status":"closed","ping_status":"closed","template":"","meta":[],"acf":[],"yoast_head":"<!-- This site is optimized with the Yoast SEO plugin v18.2 - https:\/\/yoast.com\/wordpress\/plugins\/seo\/ -->\n<title>KONSTRUKTOR - MECHANIK - EPS System<\/title>\n<meta name=\"robots\" content=\"index, follow, max-snippet:-1, max-image-preview:large, max-video-preview:-1\" \/>\n<link rel=\"canonical\" href=\"https:\/\/epssystem.pl\/o-firmie-eps-system\/kariera\/konstruktor-mechanik\/\" \/>\n<meta property=\"og:locale\" content=\"uk_UA\" \/>\n<meta property=\"og:type\" content=\"article\" \/>\n<meta property=\"og:title\" content=\"KONSTRUKTOR - MECHANIK - EPS System\" \/>\n<meta property=\"og:description\" content=\"Obowi\u0105zki: \u2022 projektowanie nowych wyrob\u00f3w\u2022 przygotowanie dokumentacji aktualnie produkowanych wyrob\u00f3w\u2022 poszukiwanie nowych rozwi\u0105za\u0144 konstrukcyjnych i technologicznych pozwalaj\u0105cych na obni\u017cenie koszt\u00f3w produkcji oraz podwy\u017cszenie jako\u015bci\u2022 wsparcie dzia\u0142u handlowego w zakresie spe\u0142nienia wymaga\u0144 technicznych Oczekujemy: \u2022 wykszta\u0142cenia wy\u017cszego technicznego kierunek mechanika i budowa maszyn\u2022 umiej\u0119tno\u015bci obs\u0142ugi pakietu SolidWorks (arkusze blach, konstrukcje spawane)\u2022 umiej\u0119tno\u015bci przygotowania rysunk\u00f3w technicznych\u2022 znajomo\u015b\u0107 [&hellip;]\" \/>\n<meta property=\"og:url\" content=\"https:\/\/epssystem.pl\/o-firmie-eps-system\/kariera\/konstruktor-mechanik\/\" \/>\n<meta property=\"og:site_name\" content=\"EPS System\" \/>\n<meta property=\"article:modified_time\" content=\"2020-11-20T07:43:54+00:00\" \/>\n<meta name=\"twitter:card\" content=\"summary\" \/>\n<meta name=\"twitter:label1\" content=\"Est. reading time\" \/>\n\t<meta name=\"twitter:data1\" content=\"1 minute\" \/>\n<script type=\"application\/ld+json\" class=\"yoast-schema-graph\">{\"@context\":\"https:\/\/schema.org\",\"@graph\":[{\"@type\":\"WebSite\",\"@id\":\"https:\/\/epssystem.pl\/#website\",\"url\":\"https:\/\/epssystem.pl\/\",\"name\":\"EPS System\",\"description\":\"Polski producent system\u00f3w zasilania gwarantowanego\",\"potentialAction\":[{\"@type\":\"SearchAction\",\"target\":{\"@type\":\"EntryPoint\",\"urlTemplate\":\"https:\/\/epssystem.pl\/?s={search_term_string}\"},\"query-input\":\"required name=search_term_string\"}],\"inLanguage\":\"uk\"},{\"@type\":\"WebPage\",\"@id\":\"https:\/\/epssystem.pl\/o-firmie-eps-system\/kariera\/konstruktor-mechanik\/#webpage\",\"url\":\"https:\/\/epssystem.pl\/o-firmie-eps-system\/kariera\/konstruktor-mechanik\/\",\"name\":\"KONSTRUKTOR - MECHANIK - EPS System\",\"isPartOf\":{\"@id\":\"https:\/\/epssystem.pl\/#website\"},\"datePublished\":\"2018-03-13T13:18:11+00:00\",\"dateModified\":\"2020-11-20T07:43:54+00:00\",\"breadcrumb\":{\"@id\":\"https:\/\/epssystem.pl\/o-firmie-eps-system\/kariera\/konstruktor-mechanik\/#breadcrumb\"},\"inLanguage\":\"uk\",\"potentialAction\":[{\"@type\":\"ReadAction\",\"target\":[\"https:\/\/epssystem.pl\/o-firmie-eps-system\/kariera\/konstruktor-mechanik\/\"]}]},{\"@type\":\"BreadcrumbList\",\"@id\":\"https:\/\/epssystem.pl\/o-firmie-eps-system\/kariera\/konstruktor-mechanik\/#breadcrumb\",\"itemListElement\":[{\"@type\":\"ListItem\",\"position\":1,\"name\":\"Strona g\u0142\u00f3wna\",\"item\":\"https:\/\/epssystem.pl\/\"},{\"@type\":\"ListItem\",\"position\":2,\"name\":\"O firmie\",\"item\":\"https:\/\/epssystem.pl\/o-firmie-eps-system\/\"},{\"@type\":\"ListItem\",\"position\":3,\"name\":\"Kariera\",\"item\":\"https:\/\/epssystem.pl\/o-firmie-eps-system\/kariera\/\"},{\"@type\":\"ListItem\",\"position\":4,\"name\":\"KONSTRUKTOR - MECHANIK\"}]}]}<\/script>\n<!-- \/ Yoast SEO plugin. -->","yoast_head_json":{"title":"KONSTRUKTOR - MECHANIK - EPS System","robots":{"index":"index","follow":"follow","max-snippet":"max-snippet:-1","max-image-preview":"max-image-preview:large","max-video-preview":"max-video-preview:-1"},"canonical":"https:\/\/epssystem.pl\/o-firmie-eps-system\/kariera\/konstruktor-mechanik\/","og_locale":"uk_UA","og_type":"article","og_title":"KONSTRUKTOR - MECHANIK - EPS System","og_description":"Obowi\u0105zki: \u2022 projektowanie nowych wyrob\u00f3w\u2022 przygotowanie dokumentacji aktualnie produkowanych wyrob\u00f3w\u2022 poszukiwanie nowych rozwi\u0105za\u0144 konstrukcyjnych i technologicznych pozwalaj\u0105cych na obni\u017cenie koszt\u00f3w produkcji oraz podwy\u017cszenie jako\u015bci\u2022 wsparcie dzia\u0142u handlowego w zakresie spe\u0142nienia wymaga\u0144 technicznych Oczekujemy: \u2022 wykszta\u0142cenia wy\u017cszego technicznego kierunek mechanika i budowa maszyn\u2022 umiej\u0119tno\u015bci obs\u0142ugi pakietu SolidWorks (arkusze blach, konstrukcje spawane)\u2022 umiej\u0119tno\u015bci przygotowania rysunk\u00f3w technicznych\u2022 znajomo\u015b\u0107 [&hellip;]","og_url":"https:\/\/epssystem.pl\/o-firmie-eps-system\/kariera\/konstruktor-mechanik\/","og_site_name":"EPS System","article_modified_time":"2020-11-20T07:43:54+00:00","twitter_card":"summary","twitter_misc":{"Est. reading time":"1 minute"},"schema":{"@context":"https:\/\/schema.org","@graph":[{"@type":"WebSite","@id":"https:\/\/epssystem.pl\/#website","url":"https:\/\/epssystem.pl\/","name":"EPS System","description":"Polski producent system\u00f3w zasilania gwarantowanego","potentialAction":[{"@type":"SearchAction","target":{"@type":"EntryPoint","urlTemplate":"https:\/\/epssystem.pl\/?s={search_term_string}"},"query-input":"required name=search_term_string"}],"inLanguage":"uk"},{"@type":"WebPage","@id":"https:\/\/epssystem.pl\/o-firmie-eps-system\/kariera\/konstruktor-mechanik\/#webpage","url":"https:\/\/epssystem.pl\/o-firmie-eps-system\/kariera\/konstruktor-mechanik\/","name":"KONSTRUKTOR - MECHANIK - EPS System","isPartOf":{"@id":"https:\/\/epssystem.pl\/#website"},"datePublished":"2018-03-13T13:18:11+00:00","dateModified":"2020-11-20T07:43:54+00:00","breadcrumb":{"@id":"https:\/\/epssystem.pl\/o-firmie-eps-system\/kariera\/konstruktor-mechanik\/#breadcrumb"},"inLanguage":"uk","potentialAction":[{"@type":"ReadAction","target":["https:\/\/epssystem.pl\/o-firmie-eps-system\/kariera\/konstruktor-mechanik\/"]}]},{"@type":"BreadcrumbList","@id":"https:\/\/epssystem.pl\/o-firmie-eps-system\/kariera\/konstruktor-mechanik\/#breadcrumb","itemListElement":[{"@type":"ListItem","position":1,"name":"Strona g\u0142\u00f3wna","item":"https:\/\/epssystem.pl\/"},{"@type":"ListItem","position":2,"name":"O firmie","item":"https:\/\/epssystem.pl\/o-firmie-eps-system\/"},{"@type":"ListItem","position":3,"name":"Kariera","item":"https:\/\/epssystem.pl\/o-firmie-eps-system\/kariera\/"},{"@type":"ListItem","position":4,"name":"KONSTRUKTOR - MECHANIK"}]}]}},"_links":{"self":[{"href":"https:\/\/epssystem.pl\/uk\/wp-json\/wp\/v2\/pages\/72856"}],"collection":[{"href":"https:\/\/epssystem.pl\/uk\/wp-json\/wp\/v2\/pages"}],"about":[{"href":"https:\/\/epssystem.pl\/uk\/wp-json\/wp\/v2\/types\/page"}],"author":[{"embeddable":true,"href":"https:\/\/epssystem.pl\/uk\/wp-json\/wp\/v2\/users\/3"}],"replies":[{"embeddable":true,"href":"https:\/\/epssystem.pl\/uk\/wp-json\/wp\/v2\/comments?post=72856"}],"version-history":[{"count":1,"href":"https:\/\/epssystem.pl\/uk\/wp-json\/wp\/v2\/pages\/72856\/revisions"}],"predecessor-version":[{"id":73506,"href":"https:\/\/epssystem.pl\/uk\/wp-json\/wp\/v2\/pages\/72856\/revisions\/73506"}],"up":[{"embeddable":true,"href":"https:\/\/epssystem.pl\/uk\/wp-json\/wp\/v2\/pages\/71328"}],"wp:attachment":[{"href":"https:\/\/epssystem.pl\/uk\/wp-json\/wp\/v2\/media?parent=72856"}],"curies":[{"name":"wp","href":"https:\/\/api.w.org\/{rel}","templated":true}]}}