{"id":72863,"date":"2018-03-13T13:25:43","date_gmt":"2018-03-13T13:25:43","guid":{"rendered":"https:\/\/epssystem.pl\/?page_id=72863"},"modified":"2020-11-20T07:56:46","modified_gmt":"2020-11-20T07:56:46","slug":"slusarz-spawacz","status":"publish","type":"page","link":"https:\/\/epssystem.pl\/uk\/o-firmie-eps-system\/kariera\/slusarz-spawacz\/","title":{"rendered":"\u015aLUSARZ &#8211; SPAWACZ"},"content":{"rendered":"<p><strong>Obowi\u0105zki:<\/strong><\/p>\n<p>\u2022 wykonywanie prac \u015blusarskich i spawalniczych zwi\u0105zanych z produkcj\u0105, serwisem i monta\u017cem agregat\u00f3w pr\u0105dotw\u00f3rczych i zasilaczy UPS<br \/>\u2022 dobieranie materia\u0142\u00f3w do spawania, przygotowywanie powierzchni, element\u00f3w i cz\u0119\u015bci do spawania<br \/>\u2022 monta\u017c silnik\u00f3w, pr\u0105dnic, agregat\u00f3w pr\u0105dotw\u00f3rczych, zbiornik\u00f3w, ram, obud\u00f3w oraz innego niezb\u0119dnego osprz\u0119tu zgodnie z potrzebami produkcji<br \/>\u2022 wykonywanie prac monta\u017cowych przy monta\u017cu urz\u0105dze\u0144 i osprz\u0119tu u klienta<\/p>\n<p><strong>Oczekujemy:<\/strong><\/p>\n<p>\u2022 wykszta\u0142cenia technicznego<br \/>\u2022 do\u015bwiadczenia zawodowego na stanowisku \u015blusarskim i przy monta\u017cu maszyn i urz\u0105dze\u0144<br \/>\u2022 umiej\u0119tno\u015bci spawania metod\u0105 MIG\/MAG<br \/>\u2022 dobra znajomo\u015b\u0107 rysunku technicznego<br \/>\u2022 dobra organizacja pracy w\u0142asnej oraz umiej\u0119tno\u015b\u0107 pracy w zespole<\/p>\n<p><strong>Oferujemy:<\/strong><\/p>\n<p>\u2022 prac\u0119 w stabilnej firmie<br \/>\u2022 zatrudnienie w oparciu o umow\u0119 o prac\u0119<br \/>\u2022 atrakcyjne wynagrodzenie<br \/>\u2022 rozw\u00f3j zawodowy i podnoszenie kwalifikacji<\/p>\n","protected":false},"excerpt":{"rendered":"<p>Obowi\u0105zki: \u2022 wykonywanie prac \u015blusarskich i spawalniczych zwi\u0105zanych z produkcj\u0105, serwisem i monta\u017cem agregat\u00f3w pr\u0105dotw\u00f3rczych i zasilaczy UPS\u2022 dobieranie materia\u0142\u00f3w do spawania, przygotowywanie powierzchni, element\u00f3w i cz\u0119\u015bci do spawania\u2022 monta\u017c silnik\u00f3w, pr\u0105dnic, agregat\u00f3w pr\u0105dotw\u00f3rczych, zbiornik\u00f3w, ram, obud\u00f3w oraz innego niezb\u0119dnego osprz\u0119tu zgodnie z potrzebami produkcji\u2022 wykonywanie prac monta\u017cowych przy monta\u017cu urz\u0105dze\u0144 i osprz\u0119tu u klienta [&hellip;]<\/p>\n","protected":false},"author":3,"featured_media":0,"parent":71328,"menu_order":2,"comment_status":"closed","ping_status":"closed","template":"","meta":[],"acf":[],"yoast_head":"<!-- This site is optimized with the Yoast SEO plugin v18.2 - https:\/\/yoast.com\/wordpress\/plugins\/seo\/ -->\n<title>\u015aLUSARZ - SPAWACZ - EPS System<\/title>\n<meta name=\"robots\" content=\"index, follow, max-snippet:-1, max-image-preview:large, max-video-preview:-1\" \/>\n<link rel=\"canonical\" href=\"https:\/\/epssystem.pl\/o-firmie-eps-system\/kariera\/slusarz-spawacz\/\" \/>\n<meta property=\"og:locale\" content=\"uk_UA\" \/>\n<meta property=\"og:type\" content=\"article\" \/>\n<meta property=\"og:title\" content=\"\u015aLUSARZ - SPAWACZ - EPS System\" \/>\n<meta property=\"og:description\" content=\"Obowi\u0105zki: \u2022 wykonywanie prac \u015blusarskich i spawalniczych zwi\u0105zanych z produkcj\u0105, serwisem i monta\u017cem agregat\u00f3w pr\u0105dotw\u00f3rczych i zasilaczy UPS\u2022 dobieranie materia\u0142\u00f3w do spawania, przygotowywanie powierzchni, element\u00f3w i cz\u0119\u015bci do spawania\u2022 monta\u017c silnik\u00f3w, pr\u0105dnic, agregat\u00f3w pr\u0105dotw\u00f3rczych, zbiornik\u00f3w, ram, obud\u00f3w oraz innego niezb\u0119dnego osprz\u0119tu zgodnie z potrzebami produkcji\u2022 wykonywanie prac monta\u017cowych przy monta\u017cu urz\u0105dze\u0144 i osprz\u0119tu u klienta [&hellip;]\" \/>\n<meta property=\"og:url\" content=\"https:\/\/epssystem.pl\/o-firmie-eps-system\/kariera\/slusarz-spawacz\/\" \/>\n<meta property=\"og:site_name\" content=\"EPS System\" \/>\n<meta property=\"article:modified_time\" content=\"2020-11-20T07:56:46+00:00\" \/>\n<meta name=\"twitter:card\" content=\"summary\" \/>\n<meta name=\"twitter:label1\" content=\"Est. reading time\" \/>\n\t<meta name=\"twitter:data1\" content=\"1 minute\" \/>\n<script type=\"application\/ld+json\" class=\"yoast-schema-graph\">{\"@context\":\"https:\/\/schema.org\",\"@graph\":[{\"@type\":\"WebSite\",\"@id\":\"https:\/\/epssystem.pl\/#website\",\"url\":\"https:\/\/epssystem.pl\/\",\"name\":\"EPS System\",\"description\":\"Polski producent system\u00f3w zasilania gwarantowanego\",\"potentialAction\":[{\"@type\":\"SearchAction\",\"target\":{\"@type\":\"EntryPoint\",\"urlTemplate\":\"https:\/\/epssystem.pl\/?s={search_term_string}\"},\"query-input\":\"required name=search_term_string\"}],\"inLanguage\":\"uk\"},{\"@type\":\"WebPage\",\"@id\":\"https:\/\/epssystem.pl\/o-firmie-eps-system\/kariera\/slusarz-spawacz\/#webpage\",\"url\":\"https:\/\/epssystem.pl\/o-firmie-eps-system\/kariera\/slusarz-spawacz\/\",\"name\":\"\u015aLUSARZ - SPAWACZ - EPS System\",\"isPartOf\":{\"@id\":\"https:\/\/epssystem.pl\/#website\"},\"datePublished\":\"2018-03-13T13:25:43+00:00\",\"dateModified\":\"2020-11-20T07:56:46+00:00\",\"breadcrumb\":{\"@id\":\"https:\/\/epssystem.pl\/o-firmie-eps-system\/kariera\/slusarz-spawacz\/#breadcrumb\"},\"inLanguage\":\"uk\",\"potentialAction\":[{\"@type\":\"ReadAction\",\"target\":[\"https:\/\/epssystem.pl\/o-firmie-eps-system\/kariera\/slusarz-spawacz\/\"]}]},{\"@type\":\"BreadcrumbList\",\"@id\":\"https:\/\/epssystem.pl\/o-firmie-eps-system\/kariera\/slusarz-spawacz\/#breadcrumb\",\"itemListElement\":[{\"@type\":\"ListItem\",\"position\":1,\"name\":\"Strona g\u0142\u00f3wna\",\"item\":\"https:\/\/epssystem.pl\/\"},{\"@type\":\"ListItem\",\"position\":2,\"name\":\"O firmie\",\"item\":\"https:\/\/epssystem.pl\/o-firmie-eps-system\/\"},{\"@type\":\"ListItem\",\"position\":3,\"name\":\"Kariera\",\"item\":\"https:\/\/epssystem.pl\/o-firmie-eps-system\/kariera\/\"},{\"@type\":\"ListItem\",\"position\":4,\"name\":\"\u015aLUSARZ - SPAWACZ\"}]}]}<\/script>\n<!-- \/ Yoast SEO plugin. -->","yoast_head_json":{"title":"\u015aLUSARZ - SPAWACZ - EPS System","robots":{"index":"index","follow":"follow","max-snippet":"max-snippet:-1","max-image-preview":"max-image-preview:large","max-video-preview":"max-video-preview:-1"},"canonical":"https:\/\/epssystem.pl\/o-firmie-eps-system\/kariera\/slusarz-spawacz\/","og_locale":"uk_UA","og_type":"article","og_title":"\u015aLUSARZ - SPAWACZ - EPS System","og_description":"Obowi\u0105zki: \u2022 wykonywanie prac \u015blusarskich i spawalniczych zwi\u0105zanych z produkcj\u0105, serwisem i monta\u017cem agregat\u00f3w pr\u0105dotw\u00f3rczych i zasilaczy UPS\u2022 dobieranie materia\u0142\u00f3w do spawania, przygotowywanie powierzchni, element\u00f3w i cz\u0119\u015bci do spawania\u2022 monta\u017c silnik\u00f3w, pr\u0105dnic, agregat\u00f3w pr\u0105dotw\u00f3rczych, zbiornik\u00f3w, ram, obud\u00f3w oraz innego niezb\u0119dnego osprz\u0119tu zgodnie z potrzebami produkcji\u2022 wykonywanie prac monta\u017cowych przy monta\u017cu urz\u0105dze\u0144 i osprz\u0119tu u klienta [&hellip;]","og_url":"https:\/\/epssystem.pl\/o-firmie-eps-system\/kariera\/slusarz-spawacz\/","og_site_name":"EPS System","article_modified_time":"2020-11-20T07:56:46+00:00","twitter_card":"summary","twitter_misc":{"Est. reading time":"1 minute"},"schema":{"@context":"https:\/\/schema.org","@graph":[{"@type":"WebSite","@id":"https:\/\/epssystem.pl\/#website","url":"https:\/\/epssystem.pl\/","name":"EPS System","description":"Polski producent system\u00f3w zasilania gwarantowanego","potentialAction":[{"@type":"SearchAction","target":{"@type":"EntryPoint","urlTemplate":"https:\/\/epssystem.pl\/?s={search_term_string}"},"query-input":"required name=search_term_string"}],"inLanguage":"uk"},{"@type":"WebPage","@id":"https:\/\/epssystem.pl\/o-firmie-eps-system\/kariera\/slusarz-spawacz\/#webpage","url":"https:\/\/epssystem.pl\/o-firmie-eps-system\/kariera\/slusarz-spawacz\/","name":"\u015aLUSARZ - SPAWACZ - EPS System","isPartOf":{"@id":"https:\/\/epssystem.pl\/#website"},"datePublished":"2018-03-13T13:25:43+00:00","dateModified":"2020-11-20T07:56:46+00:00","breadcrumb":{"@id":"https:\/\/epssystem.pl\/o-firmie-eps-system\/kariera\/slusarz-spawacz\/#breadcrumb"},"inLanguage":"uk","potentialAction":[{"@type":"ReadAction","target":["https:\/\/epssystem.pl\/o-firmie-eps-system\/kariera\/slusarz-spawacz\/"]}]},{"@type":"BreadcrumbList","@id":"https:\/\/epssystem.pl\/o-firmie-eps-system\/kariera\/slusarz-spawacz\/#breadcrumb","itemListElement":[{"@type":"ListItem","position":1,"name":"Strona g\u0142\u00f3wna","item":"https:\/\/epssystem.pl\/"},{"@type":"ListItem","position":2,"name":"O firmie","item":"https:\/\/epssystem.pl\/o-firmie-eps-system\/"},{"@type":"ListItem","position":3,"name":"Kariera","item":"https:\/\/epssystem.pl\/o-firmie-eps-system\/kariera\/"},{"@type":"ListItem","position":4,"name":"\u015aLUSARZ - SPAWACZ"}]}]}},"_links":{"self":[{"href":"https:\/\/epssystem.pl\/uk\/wp-json\/wp\/v2\/pages\/72863"}],"collection":[{"href":"https:\/\/epssystem.pl\/uk\/wp-json\/wp\/v2\/pages"}],"about":[{"href":"https:\/\/epssystem.pl\/uk\/wp-json\/wp\/v2\/types\/page"}],"author":[{"embeddable":true,"href":"https:\/\/epssystem.pl\/uk\/wp-json\/wp\/v2\/users\/3"}],"replies":[{"embeddable":true,"href":"https:\/\/epssystem.pl\/uk\/wp-json\/wp\/v2\/comments?post=72863"}],"version-history":[{"count":1,"href":"https:\/\/epssystem.pl\/uk\/wp-json\/wp\/v2\/pages\/72863\/revisions"}],"predecessor-version":[{"id":73512,"href":"https:\/\/epssystem.pl\/uk\/wp-json\/wp\/v2\/pages\/72863\/revisions\/73512"}],"up":[{"embeddable":true,"href":"https:\/\/epssystem.pl\/uk\/wp-json\/wp\/v2\/pages\/71328"}],"wp:attachment":[{"href":"https:\/\/epssystem.pl\/uk\/wp-json\/wp\/v2\/media?parent=72863"}],"curies":[{"name":"wp","href":"https:\/\/api.w.org\/{rel}","templated":true}]}}